{"id":509,"date":"2025-05-28T07:37:57","date_gmt":"2025-05-28T07:37:57","guid":{"rendered":"https:\/\/www.lebeipackaging.com\/?post_type=product&#038;p=509"},"modified":"2025-05-28T08:00:16","modified_gmt":"2025-05-28T08:00:16","slug":"kraft-stand-up-pouches-wholesale","status":"publish","type":"product","link":"https:\/\/www.lebeipackaging.com\/es\/product\/kraft-stand-up-pouches-wholesale\/","title":{"rendered":"Bolsas Kraft Blancas de Alta Calidad al por Mayor"},"content":{"rendered":"<h2 class=\"wp-block-heading\">Caracter\u00edsticas de las Bolsas Kraft Stand Up al por mayor<\/h2>\n\n\n\n<div class=\"wp-block-columns is-layout-flex wp-container-core-columns-is-layout-9d6595d7 wp-block-columns-is-layout-flex\">\n<div class=\"wp-block-column is-layout-flow wp-block-column-is-layout-flow\">\n<p><strong>Respetuoso con el medio ambiente y reutilizable<\/strong><br>Al utilizar material de papel kraft reciclable y respetuoso con el medio ambiente, favorece la reutilizaci\u00f3n, reduce los residuos de envases y se ajusta al concepto de desarrollo sostenible.<\/p>\n\n\n\n<p><strong>Admite personalizaci\u00f3n<\/strong><br>El tama\u00f1o, el patr\u00f3n de impresi\u00f3n y el logotipo de la marca pueden personalizarse seg\u00fan las necesidades del cliente para crear envases exclusivos y mejorar el reconocimiento de la marca.<\/p>\n\n\n\n<p><strong>M\u00faltiples certificaciones acreditadas<\/strong><br>El producto ha superado m\u00faltiples certificaciones de envasado alimentario como BRC, ISO, QS, HACCP, etc., lo que garantiza una calidad estable, seguridad y fiabilidad, y es apto para la exportaci\u00f3n.<\/p>\n\n\n\n<p><strong>Aplicaci\u00f3n multiescenario<\/strong><br>La estructura es duradera y est\u00e1 equipada con una cremallera sellada, que es adecuada para una variedad de envases de alimentos como frutos secos, aperitivos, comida para beb\u00e9s, comida para mascotas, etc.<\/p>\n\n\n\n<p><strong>Entrega r\u00e1pida, MOQ flexible<\/strong><br>El plazo de entrega es tan r\u00e1pido como 7-15 d\u00edas, apoyando MOQ flexible, satisfacer las necesidades de adquisici\u00f3n de los clientes de diferentes tama\u00f1os, y adecuado para pedidos a granel.<\/p>\n\n\n\n<p><strong>Garant\u00eda de seguridad alimentaria<\/strong><br>La bolsa de envasado cumple las normas de seguridad en contacto con alimentos para garantizar que el contenido no se contamine durante el almacenamiento y el transporte, y proteger la salud de los consumidores.<\/p>\n<\/div>\n\n\n\n<div class=\"wp-block-column is-layout-flow wp-block-column-is-layout-flow\">\n<figure class=\"wp-block-image size-full\"><img decoding=\"async\" width=\"640\" height=\"640\" src=\"https:\/\/www.lebeipackaging.com\/wp-content\/uploads\/2025\/05\/White-Kraft-Stand-Up-Pouches-Wholesale1.webp\" alt=\"Bolsas Kraft Blancas al por mayor1\" class=\"wp-image-510\" srcset=\"https:\/\/www.lebeipackaging.com\/wp-content\/uploads\/2025\/05\/White-Kraft-Stand-Up-Pouches-Wholesale1.webp 640w, https:\/\/www.lebeipackaging.com\/wp-content\/uploads\/2025\/05\/White-Kraft-Stand-Up-Pouches-Wholesale1-300x300.webp 300w, https:\/\/www.lebeipackaging.com\/wp-content\/uploads\/2025\/05\/White-Kraft-Stand-Up-Pouches-Wholesale1-150x150.webp 150w, https:\/\/www.lebeipackaging.com\/wp-content\/uploads\/2025\/05\/White-Kraft-Stand-Up-Pouches-Wholesale1-600x600.webp 600w, https:\/\/www.lebeipackaging.com\/wp-content\/uploads\/2025\/05\/White-Kraft-Stand-Up-Pouches-Wholesale1-100x100.webp 100w\" sizes=\"(max-width: 640px) 100vw, 640px\" \/><\/figure>\n<\/div>\n<\/div>","protected":false},"excerpt":{"rendered":"<p>Las bolsas stand up kraft al por mayor ofrecen una soluci\u00f3n de envasado limpia y ecol\u00f3gica fabricada con papel kraft blanco de primera calidad, ideal para alimentos, aperitivos y productos de venta al por menor. P\u00f3ngase en contacto con nosotros para obtener un presupuesto personalizado y muestras gratuitas.<\/p>\n<table style=\"border-collapse: collapse; width: 534px; height: 439px;\" border=\"0\" width=\"293\" cellspacing=\"0\" cellpadding=\"0\">\n<tbody>\n<tr style=\"height: 17.00pt;\">\n<td class=\"et2\" style=\"height: 17.00pt; width: 102.45pt;\" width=\"102\" height=\"17\">Fabricante<\/td>\n<td class=\"et2\" style=\"width: 190.80pt;\" width=\"190\">Lebei<\/td>\n<\/tr>\n<tr style=\"height: 35.00pt;\">\n<td class=\"et2\" style=\"height: 35.00pt; width: 102.45pt;\" width=\"102\" height=\"35\">Tipos de bolsas<\/td>\n<td class=\"et3\" style=\"width: 190.80pt;\" width=\"190\">Bolsa de papel kraft\/bolsa con cremallera<\/td>\n<\/tr>\n<tr style=\"height: 35.00pt;\">\n<td class=\"et2\" style=\"height: 35.00pt; width: 102.45pt;\" width=\"102\" height=\"35\">Material<\/td>\n<td class=\"et3\" style=\"width: 190.80pt;\" width=\"190\">Papel kraft\/PLA o personalizado<\/td>\n<\/tr>\n<tr style=\"height: 35.00pt;\">\n<td class=\"et2\" style=\"height: 35.00pt; width: 102.45pt;\" width=\"102\" height=\"35\">Reportaje especial<\/td>\n<td class=\"et3\" style=\"width: 190.80pt;\" width=\"190\">A prueba de humedad, cremallera superior, muesca de desgarro, parte inferior de pie<\/td>\n<\/tr>\n<tr style=\"height: 35.00pt;\">\n<td class=\"et2\" style=\"height: 35.00pt; width: 102.45pt;\" width=\"102\" height=\"35\">Manipulaci\u00f3n de superficies<\/td>\n<td class=\"et3\" style=\"width: 190.80pt;\" width=\"190\">Impresi\u00f3n en huecograbado<\/td>\n<\/tr>\n<tr style=\"height: 35.00pt;\">\n<td class=\"et2\" style=\"height: 35.00pt; width: 102.45pt;\" width=\"102\" height=\"35\">Color<\/td>\n<td class=\"et3\" style=\"width: 190.80pt;\" width=\"190\">Blanco (personalizable)<\/td>\n<\/tr>\n<tr style=\"height: 35.00pt;\">\n<td class=\"et2\" style=\"height: 35.00pt; width: 102.45pt;\" width=\"102\" height=\"35\">Utilizaci\u00f3n<\/td>\n<td class=\"et3\" style=\"width: 190.80pt;\" width=\"190\">Aperitivos, envases de frutos secos, etc.<\/td>\n<\/tr>\n<tr style=\"height: 35.00pt;\">\n<td class=\"et2\" style=\"height: 35.00pt; width: 102.45pt;\" width=\"102\" height=\"35\">MOQ<\/td>\n<td class=\"et3\" style=\"width: 190.80pt;\" width=\"190\">Bolsa personalizada: 10.000 unidades (recomendamos m\u00e1s de 30.000 para un mejor precio)<\/td>\n<\/tr>\n<tr style=\"height: 35.00pt;\">\n<td class=\"et2\" style=\"height: 35.00pt; width: 102.45pt;\" width=\"102\" height=\"35\">Pedido a medida<\/td>\n<td class=\"et3\" style=\"width: 190.80pt;\" width=\"190\">Aceptamos OEM y ODM, Muestras gratuitas<\/td>\n<\/tr>\n<\/tbody>\n<\/table>","protected":false},"featured_media":510,"comment_status":"closed","ping_status":"closed","template":"","meta":{"_acf_changed":false},"application":[26],"product_brand":[],"product_cat":[41],"product_tag":[],"class_list":{"0":"post-509","1":"product","2":"type-product","3":"status-publish","4":"has-post-thumbnail","6":"application-custom-nuts-packaging","7":"product_cat-stand-up-pouch-manufacturer","9":"first","10":"instock","11":"shipping-taxable","12":"product-type-simple"},"acf":[],"_links":{"self":[{"href":"https:\/\/www.lebeipackaging.com\/es\/wp-json\/wp\/v2\/product\/509","targetHints":{"allow":["GET"]}}],"collection":[{"href":"https:\/\/www.lebeipackaging.com\/es\/wp-json\/wp\/v2\/product"}],"about":[{"href":"https:\/\/www.lebeipackaging.com\/es\/wp-json\/wp\/v2\/types\/product"}],"replies":[{"embeddable":true,"href":"https:\/\/www.lebeipackaging.com\/es\/wp-json\/wp\/v2\/comments?post=509"}],"wp:featuredmedia":[{"embeddable":true,"href":"https:\/\/www.lebeipackaging.com\/es\/wp-json\/wp\/v2\/media\/510"}],"wp:attachment":[{"href":"https:\/\/www.lebeipackaging.com\/es\/wp-json\/wp\/v2\/media?parent=509"}],"wp:term":[{"taxonomy":"application","embeddable":true,"href":"https:\/\/www.lebeipackaging.com\/es\/wp-json\/wp\/v2\/application?post=509"},{"taxonomy":"product_brand","embeddable":true,"href":"https:\/\/www.lebeipackaging.com\/es\/wp-json\/wp\/v2\/product_brand?post=509"},{"taxonomy":"product_cat","embeddable":true,"href":"https:\/\/www.lebeipackaging.com\/es\/wp-json\/wp\/v2\/product_cat?post=509"},{"taxonomy":"product_tag","embeddable":true,"href":"https:\/\/www.lebeipackaging.com\/es\/wp-json\/wp\/v2\/product_tag?post=509"}],"curies":[{"name":"wp","href":"https:\/\/api.w.org\/{rel}","templated":true}]}}