{"id":1210,"date":"2025-06-02T02:22:38","date_gmt":"2025-06-02T02:22:38","guid":{"rendered":"https:\/\/www.lebeipackaging.com\/?post_type=product&#038;p=1210"},"modified":"2025-06-02T02:38:10","modified_gmt":"2025-06-02T02:38:10","slug":"bulk-colorful-stand-up-pouches","status":"publish","type":"product","link":"https:\/\/www.lebeipackaging.com\/fr\/product\/bulk-colorful-stand-up-pouches\/","title":{"rendered":"Bulk Colorful Stand Up Pouches in Stock with Window for Snack (en vrac, pochettes color\u00e9es avec fen\u00eatre pour snacks)"},"content":{"rendered":"<h2 class=\"wp-block-heading\">Caract\u00e9ristiques des pochettes color\u00e9es en vrac<\/h2>\n\n\n\n<div class=\"wp-block-columns is-layout-flex wp-container-core-columns-is-layout-9d6595d7 wp-block-columns-is-layout-flex\">\n<div class=\"wp-block-column is-layout-flow wp-block-column-is-layout-flow\">\n<p><strong>Options de couleurs attrayantes<\/strong><br>Une large gamme de couleurs vives est disponible pour am\u00e9liorer l'attrait de vos produits en rayon.<\/p>\n\n\n\n<p><strong>Conception pratique de l'appareil en position debout<\/strong><br>Le fond plat permet au sac de se tenir debout pour une meilleure pr\u00e9sentation du produit, de maximiser l'espace en rayon et de se ranger efficacement sur l'\u00e9tag\u00e8re.<\/p>\n\n\n\n<p><strong>Fen\u00eatre transparente pour une bonne visibilit\u00e9 des produits<\/strong><br>La fen\u00eatre transparente int\u00e9gr\u00e9e permet aux clients de voir le produit \u00e0 l'int\u00e9rieur, ce qui renforce la confiance et l'intention d'achat.<\/p>\n\n\n\n<p><strong>S\u00e9curit\u00e9 alimentaire<\/strong><br>Fabriqu\u00e9 \u00e0 partir de mat\u00e9riaux s\u00fbrs de premi\u00e8re qualit\u00e9, il est parfait pour les chips, les noix, les bonbons, les fruits secs et bien d'autres choses encore.<\/p>\n\n\n\n<p><strong>Durable et refermable<\/strong><br>La construction robuste avec fermeture \u00e0 glissi\u00e8re refermable maintient le contenu frais et s\u00fbr m\u00eame apr\u00e8s ouverture.<\/p>\n\n\n\n<p><strong>Disponible en stock pour une exp\u00e9dition imm\u00e9diate<\/strong><br>Pas besoin d'attendre la personnalisation, ces sacs sont disponibles en vrac et exp\u00e9di\u00e9s rapidement pour r\u00e9pondre aux besoins d'emballage urgents.<\/p>\n<\/div>\n\n\n\n<div class=\"wp-block-column is-layout-flow wp-block-column-is-layout-flow\">\n<div class=\"wp-block-columns is-layout-flex wp-container-core-columns-is-layout-9d6595d7 wp-block-columns-is-layout-flex\">\n<div class=\"wp-block-column is-layout-flow wp-block-column-is-layout-flow\">\n<figure class=\"wp-block-image size-full\"><img decoding=\"async\" width=\"994\" height=\"994\" src=\"https:\/\/www.lebeipackaging.com\/wp-content\/uploads\/2025\/06\/Bulk-Colorful-Stand-Up-Pouches-in-Stock2.webp\" alt=\"Pochettes color\u00e9es en vrac en stock2\" class=\"wp-image-1212\" srcset=\"https:\/\/www.lebeipackaging.com\/wp-content\/uploads\/2025\/06\/Bulk-Colorful-Stand-Up-Pouches-in-Stock2.webp 994w, https:\/\/www.lebeipackaging.com\/wp-content\/uploads\/2025\/06\/Bulk-Colorful-Stand-Up-Pouches-in-Stock2-300x300.webp 300w, https:\/\/www.lebeipackaging.com\/wp-content\/uploads\/2025\/06\/Bulk-Colorful-Stand-Up-Pouches-in-Stock2-150x150.webp 150w, https:\/\/www.lebeipackaging.com\/wp-content\/uploads\/2025\/06\/Bulk-Colorful-Stand-Up-Pouches-in-Stock2-768x768.webp 768w, https:\/\/www.lebeipackaging.com\/wp-content\/uploads\/2025\/06\/Bulk-Colorful-Stand-Up-Pouches-in-Stock2-600x600.webp 600w, https:\/\/www.lebeipackaging.com\/wp-content\/uploads\/2025\/06\/Bulk-Colorful-Stand-Up-Pouches-in-Stock2-100x100.webp 100w\" sizes=\"(max-width: 994px) 100vw, 994px\" \/><\/figure>\n<\/div>\n<\/div>\n<\/div>\n<\/div>\n\n\n\n<div class=\"wp-block-columns is-layout-flex wp-container-core-columns-is-layout-9d6595d7 wp-block-columns-is-layout-flex\">\n<div class=\"wp-block-column is-layout-flow wp-block-column-is-layout-flow\">\n<h2 class=\"wp-block-heading\">Taille du produit<br><\/h2>\n\n\n\n<figure class=\"wp-block-table\"><table class=\"has-fixed-layout\"><tbody><tr><td>Taille<br>(cm)<\/td><td>Emballage (pcs\/fardeau)<\/td><td>Emballage (pcs\/ctn)<\/td><td>Poids<br>(kg\/ctn)<\/td><td>Taille du lot<br>(cm)<\/td><\/tr><tr><td>10*15+3cm*2<\/td><td>100<\/td><td>8000<\/td><td>27.70&nbsp;<\/td><td>48*40*34<\/td><\/tr><tr><td>12*20+4cm*2<\/td><td>100<\/td><td>5500<\/td><td>31.10&nbsp;<\/td><td>48*40*31<\/td><\/tr><tr><td>14*20+4cm*2<\/td><td>100<\/td><td>4600<\/td><td>30.00&nbsp;<\/td><td>48*40*31<\/td><\/tr><tr><td>15*22+4cm*2<\/td><td>100<\/td><td>4000<\/td><td>29.70&nbsp;<\/td><td>48*40*34<\/td><\/tr><tr><td>16*24+4cm*2<\/td><td>100<\/td><td>3600<\/td><td>30.52&nbsp;<\/td><td>48*40*34<\/td><\/tr><tr><td>18*26+4cm*2<\/td><td>100<\/td><td>3000<\/td><td>30.35&nbsp;<\/td><td>48*40*34<\/td><\/tr><tr><td>20*30+5cm*2<\/td><td>100<\/td><td>2400<\/td><td>31.10&nbsp;<\/td><td>48*40*34<\/td><\/tr><\/tbody><\/table><\/figure>\n<\/div>\n<\/div>","protected":false},"excerpt":{"rendered":"<article class=\"text-token-text-primary w-full\" dir=\"auto\" data-testid=\"conversation-turn-2\" data-scroll-anchor=\"true\">\n<div class=\"text-base my-auto mx-auto py-5 [--thread-content-margin:--spacing(4)] @[37rem]:[--thread-content-margin:--spacing(6)] @[72rem]:[--thread-content-margin:--spacing(16)] px-(--thread-content-margin)\">\n<div class=\"[--thread-content-max-width:32rem] @[34rem]:[--thread-content-max-width:40rem] @[64rem]:[--thread-content-max-width:48rem] mx-auto flex max-w-(--thread-content-max-width) flex-1 text-base gap-4 md:gap-5 lg:gap-6 group\/turn-messages focus-visible:outline-hidden\" tabindex=\"-1\">\n<div class=\"group\/conversation-turn relative flex w-full min-w-0 flex-col agent-turn\">\n<div class=\"relative flex-col gap-1 md:gap-3\">\n<div class=\"flex max-w-full flex-col grow\">\n<div class=\"min-h-8 text-message relative flex w-full flex-col items-end gap-2 text-start break-words whitespace-normal [.text-message+&amp;]:mt-5\" dir=\"auto\" data-message-author-role=\"assistant\" data-message-id=\"601dc105-1a20-4d41-b026-a096271ed355\" data-message-model-slug=\"gpt-4-1-mini\">\n<div class=\"flex w-full flex-col gap-1 empty:hidden first:pt-[3px]\">\n<div class=\"markdown prose dark:prose-invert w-full break-words light\">\n<article class=\"text-token-text-primary w-full\" dir=\"auto\" data-testid=\"conversation-turn-26\" data-scroll-anchor=\"true\">\n<div class=\"text-base my-auto mx-auto py-5 [--thread-content-margin:--spacing(4)] @[37rem]:[--thread-content-margin:--spacing(6)] @[72rem]:[--thread-content-margin:--spacing(16)] px-(--thread-content-margin)\">\n<div class=\"[--thread-content-max-width:32rem] @[34rem]:[--thread-content-max-width:40rem] @[64rem]:[--thread-content-max-width:48rem] mx-auto flex max-w-(--thread-content-max-width) flex-1 text-base gap-4 md:gap-5 lg:gap-6 group\/turn-messages focus-visible:outline-hidden\" tabindex=\"-1\">\n<div class=\"group\/conversation-turn relative flex w-full min-w-0 flex-col agent-turn\">\n<div class=\"relative flex-col gap-1 md:gap-3\">\n<div class=\"flex max-w-full flex-col grow\">\n<div class=\"min-h-8 text-message relative flex w-full flex-col items-end gap-2 text-start break-words whitespace-normal [.text-message+&amp;]:mt-5\" dir=\"auto\" data-message-author-role=\"assistant\" data-message-id=\"d05c8187-775a-4e42-8061-4ac971d5f547\" data-message-model-slug=\"gpt-4-1-mini\">\n<div class=\"flex w-full flex-col gap-1 empty:hidden first:pt-[3px]\">\n<div class=\"markdown prose dark:prose-invert w-full break-words light\">\n<p data-start=\"0\" data-end=\"257\" data-is-last-node=\"\" data-is-only-node=\"\">Bulk colorful stand up pouches with clear windows are perfect for snack packaging\u2014vibrant, practical, and ready to ship. Great for showcasing products like nuts, candy, or dried fruit. Contact us today to discuss your wholesale needs or place an order.<\/p>\n<\/div>\n<\/div>\n<\/div>\n<\/div>\n<\/div>\n<\/div>\n<\/div>\n<\/div>\n<\/article>\n<\/div>\n<\/div>\n<\/div>\n<\/div>\n<\/div>\n<\/div>\n<\/div>\n<\/div>\n<\/article>\n<table style=\"border-collapse: collapse; width: 518px; height: 318px;\" border=\"0\" width=\"293\" cellspacing=\"0\" cellpadding=\"0\">\n<tbody>\n<tr style=\"height: 17.00pt;\">\n<td class=\"et2\" style=\"height: 17.00pt; width: 102.45pt;\" width=\"102\" height=\"17\">Manufacturer<\/td>\n<td class=\"et2\" style=\"width: 190.80pt;\" width=\"190\">Lebei<\/td>\n<\/tr>\n<tr style=\"height: 17.00pt;\">\n<td class=\"et2\" style=\"height: 17.00pt; width: 102.45pt;\" width=\"102\" height=\"17\">Pouch Types<\/td>\n<td class=\"et3\" style=\"width: 190.80pt;\" width=\"190\">Colorful Stand Up Pouches<\/td>\n<\/tr>\n<tr style=\"height: 17.00pt;\">\n<td class=\"et2\" style=\"height: 17.00pt; width: 102.45pt;\" width=\"102\" height=\"17\">Material<\/td>\n<td class=\"et3\" style=\"width: 190.80pt;\" width=\"190\">Mopp\/VMPET\/CPP<\/td>\n<\/tr>\n<tr style=\"height: 17.00pt;\">\n<td class=\"et2\" style=\"height: 17.00pt; width: 102.45pt;\" width=\"102\" height=\"17\">Sealing\u00a0<\/td>\n<td class=\"et3\" style=\"width: 190.80pt;\" width=\"190\">Zipper Top\u00a0<\/td>\n<\/tr>\n<tr style=\"height: 17.00pt;\">\n<td class=\"et2\" style=\"height: 17.00pt; width: 102.45pt;\" width=\"102\" height=\"17\">Surface Handling<\/td>\n<td class=\"et3\" style=\"width: 190.80pt;\" width=\"190\">Gravure Printing<\/td>\n<\/tr>\n<tr style=\"height: 17.00pt;\">\n<td class=\"et2\" style=\"height: 17.00pt; width: 102.45pt;\" width=\"102\" height=\"17\">Advantage<\/td>\n<td class=\"et3\" style=\"width: 190.80pt;\" width=\"190\">Moisture Proof<\/td>\n<\/tr>\n<tr style=\"height: 17.00pt;\">\n<td class=\"et2\" style=\"height: 17.00pt; width: 102.45pt;\" width=\"102\" height=\"17\">Usage<\/td>\n<td class=\"et3\" style=\"width: 190.80pt;\" width=\"190\">Food or Snack Packaging<\/td>\n<\/tr>\n<tr style=\"height: 34.00pt;\">\n<td class=\"et2\" style=\"height: 34.00pt; width: 102.45pt;\" width=\"102\" height=\"34\">MOQ<\/td>\n<td class=\"et3\" style=\"width: 190.80pt;\" width=\"190\">Mix Items, Total 5000 Pieces<\/td>\n<\/tr>\n<tr style=\"height: 34.00pt;\">\n<td class=\"et2\" style=\"height: 34.00pt; width: 102.45pt;\" width=\"102\" height=\"34\">Sample<\/td>\n<td class=\"et3\" style=\"width: 190.80pt;\" width=\"190\">1-2 Days (Free)<\/td>\n<\/tr>\n<\/tbody>\n<\/table>\n","protected":false},"featured_media":1211,"comment_status":"closed","ping_status":"closed","template":"","meta":{"_acf_changed":false},"application":[],"product_brand":[],"product_cat":[50],"product_tag":[47],"class_list":{"0":"post-1210","1":"product","2":"type-product","3":"status-publish","4":"has-post-thumbnail","6":"product_cat-ready-to-ship-pouches","7":"product_tag-colored-stand-up-pouches","9":"first","10":"instock","11":"shipping-taxable","12":"product-type-simple"},"acf":[],"_links":{"self":[{"href":"https:\/\/www.lebeipackaging.com\/fr\/wp-json\/wp\/v2\/product\/1210","targetHints":{"allow":["GET"]}}],"collection":[{"href":"https:\/\/www.lebeipackaging.com\/fr\/wp-json\/wp\/v2\/product"}],"about":[{"href":"https:\/\/www.lebeipackaging.com\/fr\/wp-json\/wp\/v2\/types\/product"}],"replies":[{"embeddable":true,"href":"https:\/\/www.lebeipackaging.com\/fr\/wp-json\/wp\/v2\/comments?post=1210"}],"wp:featuredmedia":[{"embeddable":true,"href":"https:\/\/www.lebeipackaging.com\/fr\/wp-json\/wp\/v2\/media\/1211"}],"wp:attachment":[{"href":"https:\/\/www.lebeipackaging.com\/fr\/wp-json\/wp\/v2\/media?parent=1210"}],"wp:term":[{"taxonomy":"application","embeddable":true,"href":"https:\/\/www.lebeipackaging.com\/fr\/wp-json\/wp\/v2\/application?post=1210"},{"taxonomy":"product_brand","embeddable":true,"href":"https:\/\/www.lebeipackaging.com\/fr\/wp-json\/wp\/v2\/product_brand?post=1210"},{"taxonomy":"product_cat","embeddable":true,"href":"https:\/\/www.lebeipackaging.com\/fr\/wp-json\/wp\/v2\/product_cat?post=1210"},{"taxonomy":"product_tag","embeddable":true,"href":"https:\/\/www.lebeipackaging.com\/fr\/wp-json\/wp\/v2\/product_tag?post=1210"}],"curies":[{"name":"wp","href":"https:\/\/api.w.org\/{rel}","templated":true}]}}