{"id":1226,"date":"2025-06-02T07:54:54","date_gmt":"2025-06-02T07:54:54","guid":{"rendered":"https:\/\/www.lebeipackaging.com\/?post_type=product&#038;p=1226"},"modified":"2025-06-02T08:07:58","modified_gmt":"2025-06-02T08:07:58","slug":"spout-pouch-wholesale-with-handle","status":"publish","type":"product","link":"https:\/\/www.lebeipackaging.com\/fr\/product\/spout-pouch-wholesale-with-handle\/","title":{"rendered":"Pochette \u00e0 bec en gros avec poign\u00e9e pour l'emballage de liquides et de haricots"},"content":{"rendered":"<h2 class=\"wp-block-heading\">Caract\u00e9ristiques de Spout Pouch Wholesale<\/h2>\n\n\n\n<div class=\"wp-block-columns is-layout-flex wp-container-core-columns-is-layout-9d6595d7 wp-block-columns-is-layout-flex\">\n<div class=\"wp-block-column is-layout-flow wp-block-column-is-layout-flow\">\n<p><strong>Poign\u00e9e pour faciliter le transport et le versement<\/strong><br>La poign\u00e9e stable int\u00e9gr\u00e9e permet une manipulation ais\u00e9e par les utilisateurs domestiques et industriels, am\u00e9liorant ainsi la commodit\u00e9 d'utilisation, en particulier pour les liquides de grand volume ou les haricots en vrac.<\/p>\n\n\n\n<p><strong>Structure de la buse \u00e9tanche<\/strong><br>\u00c9quip\u00e9 d'un embout \u00e0 vis de haute qualit\u00e9, il est tr\u00e8s \u00e9tanche et \u00e9vite efficacement les fuites et la contamination pendant le transport ou le stockage.<\/p>\n\n\n\n<p><strong>Fortes propri\u00e9t\u00e9s de barri\u00e8re<\/strong><br>L'utilisation de mat\u00e9riaux \u00e0 haute barri\u00e8re tels que le PET\/NY\/PE emp\u00eache efficacement l'humidit\u00e9 et l'oxydation, garantissant ainsi la fra\u00eecheur et la dur\u00e9e de conservation du contenu.<\/p>\n\n\n\n<p><strong>Conception stand-up<\/strong><br>La structure autoportante est facile \u00e0 pr\u00e9senter et \u00e0 mettre en valeur, am\u00e9liore l'attrait des rayons et contribue \u00e0 am\u00e9liorer les performances de vente des terminaux.<\/p>\n\n\n\n<p><strong>Mat\u00e9riaux \u00e9cologiques et recyclables<\/strong><br>La version optionnelle du mat\u00e9riau respectueux de l'environnement est facile \u00e0 recycler et aide les entreprises \u00e0 mettre en \u0153uvre des strat\u00e9gies d'emballage \u00e9cologiques.<\/p>\n<\/div>\n\n\n\n<div class=\"wp-block-column is-layout-flow wp-block-column-is-layout-flow\">\n<div class=\"wp-block-columns is-layout-flex wp-container-core-columns-is-layout-9d6595d7 wp-block-columns-is-layout-flex\">\n<div class=\"wp-block-column is-layout-flow wp-block-column-is-layout-flow\">\n<figure class=\"wp-block-image size-full\"><img decoding=\"async\" width=\"998\" height=\"998\" src=\"https:\/\/www.lebeipackaging.com\/wp-content\/uploads\/2025\/06\/Spout-Pouch-Wholesale-with-Handle-for-Liquid-and-Bean-Packaging2.webp\" alt=\"Pochette \u00e0 bec en gros avec poign\u00e9e pour l&#039;emballage de liquides et de haricots2\" class=\"wp-image-1228\" srcset=\"https:\/\/www.lebeipackaging.com\/wp-content\/uploads\/2025\/06\/Spout-Pouch-Wholesale-with-Handle-for-Liquid-and-Bean-Packaging2.webp 998w, https:\/\/www.lebeipackaging.com\/wp-content\/uploads\/2025\/06\/Spout-Pouch-Wholesale-with-Handle-for-Liquid-and-Bean-Packaging2-300x300.webp 300w, https:\/\/www.lebeipackaging.com\/wp-content\/uploads\/2025\/06\/Spout-Pouch-Wholesale-with-Handle-for-Liquid-and-Bean-Packaging2-150x150.webp 150w, https:\/\/www.lebeipackaging.com\/wp-content\/uploads\/2025\/06\/Spout-Pouch-Wholesale-with-Handle-for-Liquid-and-Bean-Packaging2-768x768.webp 768w, https:\/\/www.lebeipackaging.com\/wp-content\/uploads\/2025\/06\/Spout-Pouch-Wholesale-with-Handle-for-Liquid-and-Bean-Packaging2-600x600.webp 600w, https:\/\/www.lebeipackaging.com\/wp-content\/uploads\/2025\/06\/Spout-Pouch-Wholesale-with-Handle-for-Liquid-and-Bean-Packaging2-100x100.webp 100w\" sizes=\"(max-width: 998px) 100vw, 998px\" \/><\/figure>\n<\/div>\n<\/div>\n<\/div>\n<\/div>\n\n\n\n<div class=\"wp-block-columns is-layout-flex wp-container-core-columns-is-layout-9d6595d7 wp-block-columns-is-layout-flex\">\n<div class=\"wp-block-column is-layout-flow wp-block-column-is-layout-flow\">\n<h2 class=\"wp-block-heading\">Taille du produit<br><\/h2>\n\n\n\n<figure class=\"wp-block-table\"><table class=\"has-fixed-layout\"><tbody><tr><td>Taille<br>(cm)<\/td><td>Emballage (pcs\/fardeau)<\/td><td>Emballage (pcs\/ctn)<\/td><td>Poids<br>(kg\/ctn)<\/td><td>Taille du lot<br>(cm)<\/td><\/tr><tr><td>1L:18*26+4.5cm*2<br>120mic Diam\u00e8tre du bec : 22mm&nbsp;<\/td><td>50<\/td><td>600<\/td><td>14.10&nbsp;<\/td><td>63*45*40<\/td><\/tr><tr><td>1,5L : 20*28+5,5cm*2<br>120mic Diam\u00e8tre du bec : 22mm&nbsp;<\/td><td>50<\/td><td>500<\/td><td>15.50&nbsp;<\/td><td>63*45*40<\/td><\/tr><tr><td>2L : 23*30+6cm*2<br>180mic Diam\u00e8tre du bec : 22mm&nbsp;<\/td><td>50<\/td><td>400<\/td><td>18.00&nbsp;<\/td><td>63*45*40<\/td><\/tr><tr><td>3L : 26*31+6,5cm*2<br>180mic<br>Diam\u00e8tre du bec : 22mm&nbsp;<\/td><td>50<\/td><td>400<\/td><td>20.00&nbsp;<\/td><td>63*45*40<\/td><\/tr><tr><td>3L : 26*31+6,5cm*2<br>180mic<br>Diam\u00e8tre du bec : 33 mm&nbsp;<\/td><td>50<\/td><td>250<\/td><td>14.50&nbsp;<\/td><td>63*45*40<\/td><\/tr><tr><td>5L:31*35+6.5cm*2<br>180mic Diam\u00e8tre du bec : 33mm&nbsp;<\/td><td>50<\/td><td>200<\/td><td>13.80&nbsp;<\/td><td>63*45*40<\/td><\/tr><\/tbody><\/table><\/figure>\n\n\n\n<p><br><\/p>\n<\/div>\n<\/div>","protected":false},"excerpt":{"rendered":"<article class=\"text-token-text-primary w-full\" dir=\"auto\" data-testid=\"conversation-turn-2\" data-scroll-anchor=\"true\">\n<div class=\"text-base my-auto mx-auto py-5 [--thread-content-margin:--spacing(4)] @[37rem]:[--thread-content-margin:--spacing(6)] @[72rem]:[--thread-content-margin:--spacing(16)] px-(--thread-content-margin)\">\n<div class=\"[--thread-content-max-width:32rem] @[34rem]:[--thread-content-max-width:40rem] @[64rem]:[--thread-content-max-width:48rem] mx-auto flex max-w-(--thread-content-max-width) flex-1 text-base gap-4 md:gap-5 lg:gap-6 group\/turn-messages focus-visible:outline-hidden\" tabindex=\"-1\">\n<div class=\"group\/conversation-turn relative flex w-full min-w-0 flex-col agent-turn\">\n<div class=\"relative flex-col gap-1 md:gap-3\">\n<div class=\"flex max-w-full flex-col grow\">\n<div class=\"min-h-8 text-message relative flex w-full flex-col items-end gap-2 text-start break-words whitespace-normal [.text-message+&amp;]:mt-5\" dir=\"auto\" data-message-author-role=\"assistant\" data-message-id=\"601dc105-1a20-4d41-b026-a096271ed355\" data-message-model-slug=\"gpt-4-1-mini\">\n<div class=\"flex w-full flex-col gap-1 empty:hidden first:pt-[3px]\">\n<div class=\"markdown prose dark:prose-invert w-full break-words light\">\n<article class=\"text-token-text-primary w-full\" dir=\"auto\" data-testid=\"conversation-turn-26\" data-scroll-anchor=\"true\">\n<div class=\"text-base my-auto mx-auto py-5 [--thread-content-margin:--spacing(4)] @[37rem]:[--thread-content-margin:--spacing(6)] @[72rem]:[--thread-content-margin:--spacing(16)] px-(--thread-content-margin)\">\n<div class=\"[--thread-content-max-width:32rem] @[34rem]:[--thread-content-max-width:40rem] @[64rem]:[--thread-content-max-width:48rem] mx-auto flex max-w-(--thread-content-max-width) flex-1 text-base gap-4 md:gap-5 lg:gap-6 group\/turn-messages focus-visible:outline-hidden\" tabindex=\"-1\">\n<div class=\"group\/conversation-turn relative flex w-full min-w-0 flex-col agent-turn\">\n<div class=\"relative flex-col gap-1 md:gap-3\">\n<div class=\"flex max-w-full flex-col grow\">\n<div class=\"min-h-8 text-message relative flex w-full flex-col items-end gap-2 text-start break-words whitespace-normal [.text-message+&amp;]:mt-5\" dir=\"auto\" data-message-author-role=\"assistant\" data-message-id=\"d05c8187-775a-4e42-8061-4ac971d5f547\" data-message-model-slug=\"gpt-4-1-mini\">\n<div class=\"flex w-full flex-col gap-1 empty:hidden first:pt-[3px]\">\n<div class=\"markdown prose dark:prose-invert w-full break-words light\">\n<p data-start=\"27\" data-end=\"277\">Spout pouch wholesale with handle for liquid and bean packaging, designed for convenient carrying, secure sealing, and efficient storage. Ideal for juices, oils, sauces, and dry goods, with food-grade materials and eco-friendly options available.<\/p>\n<\/div>\n<\/div>\n<\/div>\n<\/div>\n<\/div>\n<\/div>\n<\/div>\n<\/div>\n<\/article>\n<\/div>\n<\/div>\n<\/div>\n<\/div>\n<\/div>\n<\/div>\n<\/div>\n<\/div>\n<\/article>\n<table style=\"border-collapse: collapse; width: 518px; height: 318px;\" border=\"0\" width=\"293\" cellspacing=\"0\" cellpadding=\"0\">\n<tbody>\n<tr style=\"height: 17.00pt;\">\n<td class=\"et2\" style=\"height: 17.00pt; width: 102.45pt;\" width=\"102\" height=\"17\">Manufacturer<\/td>\n<td class=\"et2\" style=\"width: 190.80pt;\" width=\"190\">Lebei<\/td>\n<\/tr>\n<tr style=\"height: 17.00pt;\">\n<td class=\"et2\" style=\"height: 17.00pt; width: 102.45pt;\" width=\"102\" height=\"17\">Pouch Types<\/td>\n<td class=\"et3\" style=\"width: 190.80pt;\" width=\"190\">Spout Pouch<\/td>\n<\/tr>\n<tr style=\"height: 17.00pt;\">\n<td class=\"et2\" style=\"height: 17.00pt; width: 102.45pt;\" width=\"102\" height=\"17\">Material<\/td>\n<td class=\"et3\" style=\"width: 190.80pt;\" width=\"190\">PET\/NY\/PE<\/td>\n<\/tr>\n<tr style=\"height: 17.00pt;\">\n<td class=\"et2\" style=\"height: 17.00pt; width: 102.45pt;\" width=\"102\" height=\"17\">Color<\/td>\n<td class=\"et3\" style=\"width: 190.80pt;\" width=\"190\">Transparent<\/td>\n<\/tr>\n<tr style=\"height: 17.00pt;\">\n<td class=\"et2\" style=\"height: 17.00pt; width: 102.45pt;\" width=\"102\" height=\"17\">Feature<\/td>\n<td class=\"et3\" style=\"width: 190.80pt;\" width=\"190\">Moisture Proof<\/td>\n<\/tr>\n<tr style=\"height: 17.00pt;\">\n<td class=\"et2\" style=\"height: 17.00pt; width: 102.45pt;\" width=\"102\" height=\"17\">Thickness(one side)<\/td>\n<td class=\"et3\" style=\"width: 190.80pt;\" width=\"190\">120mic\/180mic<\/td>\n<\/tr>\n<tr style=\"height: 17.00pt;\">\n<td class=\"et2\" style=\"height: 17.00pt; width: 102.45pt;\" width=\"102\" height=\"17\">Usage<\/td>\n<td class=\"et3\" style=\"width: 190.80pt;\" width=\"190\">Liquid and Bean Packaging<\/td>\n<\/tr>\n<tr style=\"height: 34.00pt;\">\n<td class=\"et2\" style=\"height: 34.00pt; width: 102.45pt;\" width=\"102\" height=\"34\">MOQ<\/td>\n<td class=\"et3\" style=\"width: 190.80pt;\" width=\"190\">Mix Items, Total 5000 Pieces<\/td>\n<\/tr>\n<tr style=\"height: 34.00pt;\">\n<td class=\"et2\" style=\"height: 34.00pt; width: 102.45pt;\" width=\"102\" height=\"34\">Sample<\/td>\n<td class=\"et3\" style=\"width: 190.80pt;\" width=\"190\">1-2 Days (Free)<\/td>\n<\/tr>\n<\/tbody>\n<\/table>\n","protected":false},"featured_media":1227,"comment_status":"closed","ping_status":"closed","template":"","meta":{"_acf_changed":false},"application":[],"product_brand":[],"product_cat":[50],"product_tag":[44],"class_list":{"0":"post-1226","1":"product","2":"type-product","3":"status-publish","4":"has-post-thumbnail","6":"product_cat-ready-to-ship-pouches","7":"product_tag-spout-pouch","9":"first","10":"instock","11":"shipping-taxable","12":"product-type-simple"},"acf":[],"_links":{"self":[{"href":"https:\/\/www.lebeipackaging.com\/fr\/wp-json\/wp\/v2\/product\/1226","targetHints":{"allow":["GET"]}}],"collection":[{"href":"https:\/\/www.lebeipackaging.com\/fr\/wp-json\/wp\/v2\/product"}],"about":[{"href":"https:\/\/www.lebeipackaging.com\/fr\/wp-json\/wp\/v2\/types\/product"}],"replies":[{"embeddable":true,"href":"https:\/\/www.lebeipackaging.com\/fr\/wp-json\/wp\/v2\/comments?post=1226"}],"wp:featuredmedia":[{"embeddable":true,"href":"https:\/\/www.lebeipackaging.com\/fr\/wp-json\/wp\/v2\/media\/1227"}],"wp:attachment":[{"href":"https:\/\/www.lebeipackaging.com\/fr\/wp-json\/wp\/v2\/media?parent=1226"}],"wp:term":[{"taxonomy":"application","embeddable":true,"href":"https:\/\/www.lebeipackaging.com\/fr\/wp-json\/wp\/v2\/application?post=1226"},{"taxonomy":"product_brand","embeddable":true,"href":"https:\/\/www.lebeipackaging.com\/fr\/wp-json\/wp\/v2\/product_brand?post=1226"},{"taxonomy":"product_cat","embeddable":true,"href":"https:\/\/www.lebeipackaging.com\/fr\/wp-json\/wp\/v2\/product_cat?post=1226"},{"taxonomy":"product_tag","embeddable":true,"href":"https:\/\/www.lebeipackaging.com\/fr\/wp-json\/wp\/v2\/product_tag?post=1226"}],"curies":[{"name":"wp","href":"https:\/\/api.w.org\/{rel}","templated":true}]}}