{"id":1644,"date":"2025-07-04T08:13:46","date_gmt":"2025-07-04T08:13:46","guid":{"rendered":"https:\/\/www.lebeipackaging.com\/?post_type=product&#038;p=1644"},"modified":"2025-07-04T08:27:11","modified_gmt":"2025-07-04T08:27:11","slug":"wholesale-flat-bottom-brown-kraft-paper-pouches","status":"publish","type":"product","link":"https:\/\/www.lebeipackaging.com\/fr\/product\/wholesale-flat-bottom-brown-kraft-paper-pouches\/","title":{"rendered":"Pochettes en papier kraft brun \u00e0 fond plat (vente en gros)"},"content":{"rendered":"<h2 class=\"wp-block-heading\">Caract\u00e9ristiques des pochettes en papier kraft brun \u00e0 fond plat pour la vente en gros<\/h2>\n\n\n\n<div class=\"wp-block-columns is-layout-flex wp-container-core-columns-is-layout-9d6595d7 wp-block-columns-is-layout-flex\">\n<div class=\"wp-block-column is-layout-flow wp-block-column-is-layout-flow\">\n<p><strong>Conception stable \u00e0 fond plat<\/strong><br>Le fond plat \u00e0 soufflets se tient debout en toute s\u00e9curit\u00e9 sur les \u00e9tag\u00e8res - id\u00e9al pour maximiser la visibilit\u00e9 du produit en magasin et faciliter le remplissage lors de l'emballage.<\/p>\n\n\n\n<p><strong>Look naturel et respectueux de l'environnement<\/strong><br>Fabriqu\u00e9es en papier kraft brun, ces pochettes ont un aspect naturel et \u00e9cologique qui s\u00e9duit les marques et les consommateurs soucieux de l'environnement.<\/p>\n\n\n\n<p><strong>Barri\u00e8re multicouche pour la fra\u00eecheur<\/strong><br>Dot\u00e9s d'un rev\u00eatement int\u00e9rieur de qualit\u00e9 sup\u00e9rieure (PET\/PE ou couche d'aluminium en option), ils bloquent l'humidit\u00e9, l'oxyg\u00e8ne et la lumi\u00e8re, prot\u00e9geant ainsi la fra\u00eecheur et la saveur des produits.<\/p>\n\n\n\n<p><strong>Options personnalisables<\/strong><br>Ils sont disponibles en diff\u00e9rentes tailles et peuvent \u00eatre imprim\u00e9s sur mesure, avec des fen\u00eatres transparentes, des encoches de d\u00e9chirement et des fermetures \u00e0 glissi\u00e8re pour r\u00e9pondre \u00e0 vos besoins en mati\u00e8re d'emballage.<\/p>\n\n\n\n<p><strong>Alimentaire et thermoscellable<\/strong><br>Sans danger pour le contact direct avec les aliments et compatible avec les machines \u00e0 thermosceller - parfait pour le caf\u00e9, les aliments pour animaux, les c\u00e9r\u00e9ales, les snacks, les poudres et bien plus encore.<\/p>\n<\/div>\n\n\n\n<div class=\"wp-block-column is-layout-flow wp-block-column-is-layout-flow\">\n<div class=\"wp-block-columns is-layout-flex wp-container-core-columns-is-layout-9d6595d7 wp-block-columns-is-layout-flex\">\n<div class=\"wp-block-column is-layout-flow wp-block-column-is-layout-flow\">\n<figure class=\"wp-block-image size-full\"><img decoding=\"async\" width=\"1024\" height=\"1024\" src=\"https:\/\/www.lebeipackaging.com\/wp-content\/uploads\/2025\/07\/Wholesale-Flat-Bottom-Brown-Kraft-Paper-Pouches2.jpg\" alt=\"Pochettes en papier kraft brun \u00e0 fond plat en gros2\" class=\"wp-image-1645\" srcset=\"https:\/\/www.lebeipackaging.com\/wp-content\/uploads\/2025\/07\/Wholesale-Flat-Bottom-Brown-Kraft-Paper-Pouches2.jpg 1024w, https:\/\/www.lebeipackaging.com\/wp-content\/uploads\/2025\/07\/Wholesale-Flat-Bottom-Brown-Kraft-Paper-Pouches2-300x300.jpg 300w, https:\/\/www.lebeipackaging.com\/wp-content\/uploads\/2025\/07\/Wholesale-Flat-Bottom-Brown-Kraft-Paper-Pouches2-150x150.jpg 150w, https:\/\/www.lebeipackaging.com\/wp-content\/uploads\/2025\/07\/Wholesale-Flat-Bottom-Brown-Kraft-Paper-Pouches2-768x768.jpg 768w, https:\/\/www.lebeipackaging.com\/wp-content\/uploads\/2025\/07\/Wholesale-Flat-Bottom-Brown-Kraft-Paper-Pouches2-12x12.jpg 12w, https:\/\/www.lebeipackaging.com\/wp-content\/uploads\/2025\/07\/Wholesale-Flat-Bottom-Brown-Kraft-Paper-Pouches2-600x600.jpg 600w, https:\/\/www.lebeipackaging.com\/wp-content\/uploads\/2025\/07\/Wholesale-Flat-Bottom-Brown-Kraft-Paper-Pouches2-100x100.jpg 100w\" sizes=\"(max-width: 1024px) 100vw, 1024px\" \/><\/figure>\n<\/div>\n<\/div>\n<\/div>\n<\/div>\n\n\n\n<div class=\"wp-block-columns is-layout-flex wp-container-core-columns-is-layout-9d6595d7 wp-block-columns-is-layout-flex\">\n<div class=\"wp-block-column is-layout-flow wp-block-column-is-layout-flow\">\n<h2 class=\"wp-block-heading\">Taille du produit<\/h2>\n\n\n\n<figure class=\"wp-block-table\"><table class=\"has-fixed-layout\"><tbody><tr><td>Taille<br>(cm)<\/td><td>Emballage (pcs\/fardeau)<\/td><td>Emballage (pcs\/ctn)<\/td><td>Poids<br>(kg\/ctn)<\/td><td>Taille du lot<br>(cm)<\/td><\/tr><tr><td>10*20+3cm*2<\/td><td>50<\/td><td>2800<\/td><td>23.60&nbsp;<\/td><td>52*38*30<\/td><\/tr><tr><td>12*22+3cm*2<\/td><td>50<\/td><td>2000<\/td><td>24.00&nbsp;<\/td><td>49*40*30<\/td><\/tr><tr><td>14*24+3cm*2<\/td><td>50<\/td><td>2000<\/td><td>29.00&nbsp;<\/td><td>57*35*35<\/td><\/tr><tr><td>16*26+4cm*2<\/td><td>50<\/td><td>1400<\/td><td>26.35&nbsp;<\/td><td>49*40*35<\/td><\/tr><tr><td>18*28+4cm*2<\/td><td>50<\/td><td>1200<\/td><td>26.45&nbsp;<\/td><td>&nbsp;55*40*35<\/td><\/tr><tr><td>20*30+4cm*2<\/td><td>50<\/td><td>1200<\/td><td>30.40&nbsp;<\/td><td>&nbsp;61*43*30<\/td><\/tr><\/tbody><\/table><\/figure>\n<\/div>\n<\/div>\n\n\n\n<p><\/p>","protected":false},"excerpt":{"rendered":"<article class=\"text-token-text-primary w-full\" dir=\"auto\" data-testid=\"conversation-turn-2\" data-scroll-anchor=\"true\">\n<div class=\"text-base my-auto mx-auto py-5 [--thread-content-margin:--spacing(4)] @[37rem]:[--thread-content-margin:--spacing(6)] @[72rem]:[--thread-content-margin:--spacing(16)] px-(--thread-content-margin)\">\n<div class=\"[--thread-content-max-width:32rem] @[34rem]:[--thread-content-max-width:40rem] @[64rem]:[--thread-content-max-width:48rem] mx-auto flex max-w-(--thread-content-max-width) flex-1 text-base gap-4 md:gap-5 lg:gap-6 group\/turn-messages focus-visible:outline-hidden\" tabindex=\"-1\">\n<div class=\"group\/conversation-turn relative flex w-full min-w-0 flex-col agent-turn\">\n<div class=\"relative flex-col gap-1 md:gap-3\">\n<div class=\"flex max-w-full flex-col grow\">\n<div class=\"min-h-8 text-message relative flex w-full flex-col items-end gap-2 text-start break-words whitespace-normal [.text-message+&amp;]:mt-5\" dir=\"auto\" data-message-author-role=\"assistant\" data-message-id=\"601dc105-1a20-4d41-b026-a096271ed355\" data-message-model-slug=\"gpt-4-1-mini\">\n<div class=\"flex w-full flex-col gap-1 empty:hidden first:pt-[3px]\">\n<div class=\"markdown prose dark:prose-invert w-full break-words light\">\n<article class=\"text-token-text-primary w-full\" dir=\"auto\" data-testid=\"conversation-turn-26\" data-scroll-anchor=\"true\">\n<div class=\"text-base my-auto mx-auto py-5 [--thread-content-margin:--spacing(4)] @[37rem]:[--thread-content-margin:--spacing(6)] @[72rem]:[--thread-content-margin:--spacing(16)] px-(--thread-content-margin)\">\n<div class=\"[--thread-content-max-width:32rem] @[34rem]:[--thread-content-max-width:40rem] @[64rem]:[--thread-content-max-width:48rem] mx-auto flex max-w-(--thread-content-max-width) flex-1 text-base gap-4 md:gap-5 lg:gap-6 group\/turn-messages focus-visible:outline-hidden\" tabindex=\"-1\">\n<div class=\"group\/conversation-turn relative flex w-full min-w-0 flex-col agent-turn\">\n<div class=\"relative flex-col gap-1 md:gap-3\">\n<div class=\"flex max-w-full flex-col grow\">\n<div class=\"min-h-8 text-message relative flex w-full flex-col items-end gap-2 text-start break-words whitespace-normal [.text-message+&amp;]:mt-5\" dir=\"auto\" data-message-author-role=\"assistant\" data-message-id=\"d05c8187-775a-4e42-8061-4ac971d5f547\" data-message-model-slug=\"gpt-4-1-mini\">\n<div class=\"flex w-full flex-col gap-1 empty:hidden first:pt-[3px]\">\n<div class=\"markdown prose dark:prose-invert w-full break-words light\">\n<p data-start=\"113\" data-end=\"393\">Wholesale flat bottom brown kraft paper pouches offer a sturdy structure and eco-friendly appeal, ideal for packaging coffee, tea, snacks, and dry goods. Made from food-safe materials with customizable options including zippers, clear windows, and heat-sealing compatibility, they\u2019re perfect for retail-ready presentation and freshness retention.<\/p>\n<\/div>\n<\/div>\n<\/div>\n<\/div>\n<\/div>\n<\/div>\n<\/div>\n<\/div>\n<\/article>\n<\/div>\n<\/div>\n<\/div>\n<\/div>\n<\/div>\n<\/div>\n<\/div>\n<\/div>\n<\/article>\n<table style=\"border-collapse: collapse; width: 518px; height: 318px;\" border=\"0\" width=\"293\" cellspacing=\"0\" cellpadding=\"0\">\n<tbody>\n<tr style=\"height: 17.00pt;\">\n<td class=\"et2\" style=\"height: 17.00pt; width: 102.45pt;\" width=\"102\" height=\"17\">Manufacturer<\/td>\n<td class=\"et2\" style=\"width: 190.80pt;\" width=\"190\">Lebei<\/td>\n<\/tr>\n<tr style=\"height: 17.00pt;\">\n<td class=\"et2\" style=\"height: 17.00pt; width: 102.45pt;\" width=\"102\" height=\"17\">Pouch Types<\/td>\n<td class=\"et3\" style=\"width: 190.80pt;\" width=\"190\">Kraft Paper Flat Bottom Pouch<\/td>\n<\/tr>\n<tr style=\"height: 17.00pt;\">\n<td class=\"et2\" style=\"height: 17.00pt; width: 102.45pt;\" width=\"102\" height=\"17\">Material<\/td>\n<td class=\"et3\" style=\"width: 190.80pt;\" width=\"190\">Mopp\/kraft paper\/PET\/PE<\/td>\n<\/tr>\n<tr style=\"height: 17.00pt;\">\n<td class=\"et2\" style=\"height: 17.00pt; width: 102.45pt;\" width=\"102\" height=\"17\">Sealing &amp; Handle<\/td>\n<td class=\"et3\" style=\"width: 190.80pt;\" width=\"190\">Zipper Top<\/td>\n<\/tr>\n<tr style=\"height: 17.00pt;\">\n<td class=\"et2\" style=\"height: 17.00pt; width: 102.45pt;\" width=\"102\" height=\"17\">Surface Handling<\/td>\n<td class=\"et3\" style=\"width: 190.80pt;\" width=\"190\">Gravure Printing<\/td>\n<\/tr>\n<tr style=\"height: 17.00pt;\">\n<td class=\"et2\" style=\"height: 17.00pt; width: 102.45pt;\" width=\"102\" height=\"17\">Advantage<\/td>\n<td class=\"et3\" style=\"width: 190.80pt;\" width=\"190\">Moisture Proof<\/td>\n<\/tr>\n<tr style=\"height: 17.00pt;\">\n<td class=\"et2\" style=\"height: 17.00pt; width: 102.45pt;\" width=\"102\" height=\"17\">Usage<\/td>\n<td class=\"et3\" style=\"width: 190.80pt;\" width=\"190\">Food or Snack Packaging<\/td>\n<\/tr>\n<tr style=\"height: 34.00pt;\">\n<td class=\"et2\" style=\"height: 34.00pt; width: 102.45pt;\" width=\"102\" height=\"34\">MOQ<\/td>\n<td class=\"et3\" style=\"width: 190.80pt;\" width=\"190\">Mix Items, Total 5000 Pieces<\/td>\n<\/tr>\n<tr style=\"height: 34.00pt;\">\n<td class=\"et2\" style=\"height: 34.00pt; width: 102.45pt;\" width=\"102\" height=\"34\">Sample<\/td>\n<td class=\"et3\" style=\"width: 190.80pt;\" width=\"190\">1-2 Days (Free)<\/td>\n<\/tr>\n<\/tbody>\n<\/table>\n","protected":false},"featured_media":1645,"comment_status":"closed","ping_status":"closed","template":"","meta":{"_acf_changed":false},"application":[],"product_brand":[],"product_cat":[50],"product_tag":[42],"class_list":{"0":"post-1644","1":"product","2":"type-product","3":"status-publish","4":"has-post-thumbnail","6":"product_cat-ready-to-ship-pouches","7":"product_tag-kraft-paper-pouch","9":"first","10":"instock","11":"shipping-taxable","12":"product-type-simple"},"acf":[],"_links":{"self":[{"href":"https:\/\/www.lebeipackaging.com\/fr\/wp-json\/wp\/v2\/product\/1644","targetHints":{"allow":["GET"]}}],"collection":[{"href":"https:\/\/www.lebeipackaging.com\/fr\/wp-json\/wp\/v2\/product"}],"about":[{"href":"https:\/\/www.lebeipackaging.com\/fr\/wp-json\/wp\/v2\/types\/product"}],"replies":[{"embeddable":true,"href":"https:\/\/www.lebeipackaging.com\/fr\/wp-json\/wp\/v2\/comments?post=1644"}],"wp:featuredmedia":[{"embeddable":true,"href":"https:\/\/www.lebeipackaging.com\/fr\/wp-json\/wp\/v2\/media\/1645"}],"wp:attachment":[{"href":"https:\/\/www.lebeipackaging.com\/fr\/wp-json\/wp\/v2\/media?parent=1644"}],"wp:term":[{"taxonomy":"application","embeddable":true,"href":"https:\/\/www.lebeipackaging.com\/fr\/wp-json\/wp\/v2\/application?post=1644"},{"taxonomy":"product_brand","embeddable":true,"href":"https:\/\/www.lebeipackaging.com\/fr\/wp-json\/wp\/v2\/product_brand?post=1644"},{"taxonomy":"product_cat","embeddable":true,"href":"https:\/\/www.lebeipackaging.com\/fr\/wp-json\/wp\/v2\/product_cat?post=1644"},{"taxonomy":"product_tag","embeddable":true,"href":"https:\/\/www.lebeipackaging.com\/fr\/wp-json\/wp\/v2\/product_tag?post=1644"}],"curies":[{"name":"wp","href":"https:\/\/api.w.org\/{rel}","templated":true}]}}