{"id":1654,"date":"2025-07-04T09:11:56","date_gmt":"2025-07-04T09:11:56","guid":{"rendered":"https:\/\/www.lebeipackaging.com\/?post_type=product&#038;p=1654"},"modified":"2025-07-04T09:45:16","modified_gmt":"2025-07-04T09:45:16","slug":"wholesale-resealable-coffee-bag-packaging-with-zipper","status":"publish","type":"product","link":"https:\/\/www.lebeipackaging.com\/fr\/product\/wholesale-resealable-coffee-bag-packaging-with-zipper\/","title":{"rendered":"Emballage en gros de sacs de caf\u00e9 refermables avec fermeture \u00e0 glissi\u00e8re"},"content":{"rendered":"<h2 class=\"wp-block-heading\">Caract\u00e9ristiques de l'emballage en gros de sacs \u00e0 caf\u00e9 refermables<\/h2>\n\n\n\n<div class=\"wp-block-columns is-layout-flex wp-container-core-columns-is-layout-9d6595d7 wp-block-columns-is-layout-flex\">\n<div class=\"wp-block-column is-layout-flow wp-block-column-is-layout-flow\">\n<p><strong>Couleurs vives et attrayantes<\/strong><br>Am\u00e9liorez l'attrait du rayon et attirez instantan\u00e9ment l'attention du client, parfait pour la pr\u00e9sentation au d\u00e9tail.<\/p>\n\n\n\n<p><strong>Construction en plastique multicouche durable<\/strong><br>Fournit une solide barri\u00e8re de protection contre l'humidit\u00e9, l'oxyg\u00e8ne et la lumi\u00e8re pour pr\u00e9server la fra\u00eecheur.<\/p>\n\n\n\n<p><strong>Fermeture \u00e0 glissi\u00e8re pratique et refermable<\/strong><br>Permet des ouvertures et fermetures r\u00e9p\u00e9t\u00e9es tout en pr\u00e9servant l'int\u00e9grit\u00e9 du produit.<\/p>\n\n\n\n<p><strong>Utilisation polyvalente pour le caf\u00e9, le th\u00e9 et les en-cas<\/strong><br>Convient \u00e0 divers produits alimentaires secs, y compris le caf\u00e9 moulu, le th\u00e9 en vrac, etc.<\/p>\n\n\n\n<p><strong>En stock pour une exp\u00e9dition rapide<\/strong><br>Mod\u00e8les pr\u00eats \u00e0 l'emploi dans des d\u00e9lais courts, parfaits pour les besoins urgents de la vente en gros ou de la promotion.<\/p>\n<\/div>\n\n\n\n<div class=\"wp-block-column is-layout-flow wp-block-column-is-layout-flow\">\n<div class=\"wp-block-columns is-layout-flex wp-container-core-columns-is-layout-9d6595d7 wp-block-columns-is-layout-flex\">\n<div class=\"wp-block-column is-layout-flow wp-block-column-is-layout-flow\">\n<figure class=\"wp-block-image size-full\"><img decoding=\"async\" width=\"906\" height=\"906\" src=\"https:\/\/www.lebeipackaging.com\/wp-content\/uploads\/2025\/07\/Wholesale-Resealable-Coffee-Bag-Packaging2.webp\" alt=\"Emballage en gros de sacs de caf\u00e9 refermables2\" class=\"wp-image-1655\" srcset=\"https:\/\/www.lebeipackaging.com\/wp-content\/uploads\/2025\/07\/Wholesale-Resealable-Coffee-Bag-Packaging2.webp 906w, https:\/\/www.lebeipackaging.com\/wp-content\/uploads\/2025\/07\/Wholesale-Resealable-Coffee-Bag-Packaging2-300x300.webp 300w, https:\/\/www.lebeipackaging.com\/wp-content\/uploads\/2025\/07\/Wholesale-Resealable-Coffee-Bag-Packaging2-150x150.webp 150w, https:\/\/www.lebeipackaging.com\/wp-content\/uploads\/2025\/07\/Wholesale-Resealable-Coffee-Bag-Packaging2-768x768.webp 768w, https:\/\/www.lebeipackaging.com\/wp-content\/uploads\/2025\/07\/Wholesale-Resealable-Coffee-Bag-Packaging2-12x12.webp 12w, https:\/\/www.lebeipackaging.com\/wp-content\/uploads\/2025\/07\/Wholesale-Resealable-Coffee-Bag-Packaging2-600x600.webp 600w, https:\/\/www.lebeipackaging.com\/wp-content\/uploads\/2025\/07\/Wholesale-Resealable-Coffee-Bag-Packaging2-100x100.webp 100w\" sizes=\"(max-width: 906px) 100vw, 906px\" \/><\/figure>\n<\/div>\n<\/div>\n<\/div>\n<\/div>\n\n\n\n<div class=\"wp-block-columns is-layout-flex wp-container-core-columns-is-layout-9d6595d7 wp-block-columns-is-layout-flex\">\n<div class=\"wp-block-column is-layout-flow wp-block-column-is-layout-flow\">\n<h2 class=\"wp-block-heading\">Taille du produit<br><\/h2>\n\n\n\n<figure class=\"wp-block-table\"><table class=\"has-fixed-layout\"><tbody><tr><td>Num\u00e9ro d'article<\/td><td>Taille<br>(cm)<\/td><td>Emballage (pcs\/fardeau)<\/td><td>Emballage (pcs\/ctn)<\/td><td>Poids<br>(kg\/ctn)<\/td><td>Taille du lot<br>(cm)<\/td><\/tr><tr><td rowspan=\"5\">LB-030A<br>Poche scell\u00e9e sur 8 c\u00f4t\u00e9s avec fermeture \u00e0 glissi\u00e8re d'un c\u00f4t\u00e9, sans valve<\/td><td>13*20+7cm<\/td><td>50<\/td><td>1200<\/td><td>17.80&nbsp;<\/td><td>55*35*31<\/td><\/tr><tr><td>13,5*26+7cm<\/td><td>50<\/td><td>1200<\/td><td>22.40&nbsp;<\/td><td>56*41*31<\/td><\/tr><tr><td>15*32.5+10cm<\/td><td>50<\/td><td>900<\/td><td>24.90&nbsp;<\/td><td>48*40*34<\/td><\/tr><tr><td>20*36.5+10cm<\/td><td>50<\/td><td>700<\/td><td>25.00&nbsp;<\/td><td>48*40*34<\/td><\/tr><tr><td>25*40.5+11cm<\/td><td>50<\/td><td>700<\/td><td>28.00&nbsp;<\/td><td>55*35*31<\/td><\/tr><tr><td rowspan=\"5\">LB-030B<br>Poche \u00e0 8 soudures lat\u00e9rales avec fermeture \u00e0 glissi\u00e8re d'un c\u00f4t\u00e9, avec valve<\/td><td>13*20+7cm<\/td><td>50<\/td><td>1600<\/td><td>23.00&nbsp;<\/td><td>55*35*31<\/td><\/tr><tr><td>13,5*26+7cm<\/td><td>50<\/td><td>1600<\/td><td>29.10&nbsp;<\/td><td>56*41*31<\/td><\/tr><tr><td>15*32.5+10cm<\/td><td>50<\/td><td>1200<\/td><td>30.25&nbsp;<\/td><td>48*40*34<\/td><\/tr><tr><td>20*36.5+10cm<\/td><td>50<\/td><td>900<\/td><td>30.00&nbsp;<\/td><td>48*40*34<\/td><\/tr><tr><td>25*40.5+11cm<\/td><td>50<\/td><td>700<\/td><td>30.00&nbsp;<\/td><td>48*40*41<\/td><\/tr><\/tbody><\/table><\/figure>\n<\/div>\n<\/div>\n\n\n\n<p><\/p>","protected":false},"excerpt":{"rendered":"<article class=\"text-token-text-primary w-full\" dir=\"auto\" data-testid=\"conversation-turn-2\" data-scroll-anchor=\"true\">\n<div class=\"text-base my-auto mx-auto py-5 [--thread-content-margin:--spacing(4)] @[37rem]:[--thread-content-margin:--spacing(6)] @[72rem]:[--thread-content-margin:--spacing(16)] px-(--thread-content-margin)\">\n<div class=\"[--thread-content-max-width:32rem] @[34rem]:[--thread-content-max-width:40rem] @[64rem]:[--thread-content-max-width:48rem] mx-auto flex max-w-(--thread-content-max-width) flex-1 text-base gap-4 md:gap-5 lg:gap-6 group\/turn-messages focus-visible:outline-hidden\" tabindex=\"-1\">\n<div class=\"group\/conversation-turn relative flex w-full min-w-0 flex-col agent-turn\">\n<div class=\"relative flex-col gap-1 md:gap-3\">\n<div class=\"flex max-w-full flex-col grow\">\n<div class=\"min-h-8 text-message relative flex w-full flex-col items-end gap-2 text-start break-words whitespace-normal [.text-message+&amp;]:mt-5\" dir=\"auto\" data-message-author-role=\"assistant\" data-message-id=\"601dc105-1a20-4d41-b026-a096271ed355\" data-message-model-slug=\"gpt-4-1-mini\">\n<div class=\"flex w-full flex-col gap-1 empty:hidden first:pt-[3px]\">\n<div class=\"markdown prose dark:prose-invert w-full break-words light\">\n<article class=\"text-token-text-primary w-full\" dir=\"auto\" data-testid=\"conversation-turn-26\" data-scroll-anchor=\"true\">\n<div class=\"text-base my-auto mx-auto py-5 [--thread-content-margin:--spacing(4)] @[37rem]:[--thread-content-margin:--spacing(6)] @[72rem]:[--thread-content-margin:--spacing(16)] px-(--thread-content-margin)\">\n<div class=\"[--thread-content-max-width:32rem] @[34rem]:[--thread-content-max-width:40rem] @[64rem]:[--thread-content-max-width:48rem] mx-auto flex max-w-(--thread-content-max-width) flex-1 text-base gap-4 md:gap-5 lg:gap-6 group\/turn-messages focus-visible:outline-hidden\" tabindex=\"-1\">\n<div class=\"group\/conversation-turn relative flex w-full min-w-0 flex-col agent-turn\">\n<div class=\"relative flex-col gap-1 md:gap-3\">\n<div class=\"flex max-w-full flex-col grow\">\n<div class=\"min-h-8 text-message relative flex w-full flex-col items-end gap-2 text-start break-words whitespace-normal [.text-message+&amp;]:mt-5\" dir=\"auto\" data-message-author-role=\"assistant\" data-message-id=\"d05c8187-775a-4e42-8061-4ac971d5f547\" data-message-model-slug=\"gpt-4-1-mini\">\n<div class=\"flex w-full flex-col gap-1 empty:hidden first:pt-[3px]\">\n<div class=\"markdown prose dark:prose-invert w-full break-words light\">\n<p data-start=\"0\" data-end=\"257\" data-is-last-node=\"\" data-is-only-node=\"\">Wholesale resealable coffee bag packaging with a zipper offers a convenient and reliable solution for preserving coffee freshness while enhancing shelf presentation. Designed with a secure zip-lock and high-barrier materials, these bags are ideal for both retail and bulk coffee packaging.<\/p>\n<\/div>\n<\/div>\n<\/div>\n<\/div>\n<\/div>\n<\/div>\n<\/div>\n<\/div>\n<\/article>\n<\/div>\n<\/div>\n<\/div>\n<\/div>\n<\/div>\n<\/div>\n<\/div>\n<\/div>\n<\/article>\n<table style=\"border-collapse: collapse; width: 518px; height: 318px;\" border=\"0\" width=\"293\" cellspacing=\"0\" cellpadding=\"0\">\n<tbody>\n<tr style=\"height: 17.00pt;\">\n<td class=\"et2\" style=\"height: 17.00pt; width: 102.45pt;\" width=\"102\" height=\"17\">Manufacturer<\/td>\n<td class=\"et2\" style=\"width: 190.80pt;\" width=\"190\">Lebei<\/td>\n<\/tr>\n<tr style=\"height: 17.00pt;\">\n<td class=\"et2\" style=\"height: 17.00pt; width: 102.45pt;\" width=\"102\" height=\"17\">Pouch Types<\/td>\n<td class=\"et3\" style=\"width: 190.80pt;\" width=\"190\">8 Side Seal Pouch<\/td>\n<\/tr>\n<tr style=\"height: 17.00pt;\">\n<td class=\"et2\" style=\"height: 17.00pt; width: 102.45pt;\" width=\"102\" height=\"17\">Material<\/td>\n<td class=\"et3\" style=\"width: 190.80pt;\" width=\"190\">Mopp\/Vmpet\/Pe<\/td>\n<\/tr>\n<tr style=\"height: 17.00pt;\">\n<td class=\"et2\" style=\"height: 17.00pt; width: 102.45pt;\" width=\"102\" height=\"17\">Sealing\u00a0<\/td>\n<td class=\"et3\" style=\"width: 190.80pt;\" width=\"190\">Zipper Top and Valve<\/td>\n<\/tr>\n<tr style=\"height: 17.00pt;\">\n<td class=\"et2\" style=\"height: 17.00pt; width: 102.45pt;\" width=\"102\" height=\"17\">Surface Handling<\/td>\n<td class=\"et3\" style=\"width: 190.80pt;\" width=\"190\">Gravure Printing<\/td>\n<\/tr>\n<tr style=\"height: 17.00pt;\">\n<td class=\"et2\" style=\"height: 17.00pt; width: 102.45pt;\" width=\"102\" height=\"17\">Advantage<\/td>\n<td class=\"et3\" style=\"width: 190.80pt;\" width=\"190\">Moisture Proof<\/td>\n<\/tr>\n<tr style=\"height: 17.00pt;\">\n<td class=\"et2\" style=\"height: 17.00pt; width: 102.45pt;\" width=\"102\" height=\"17\">Usage<\/td>\n<td class=\"et3\" style=\"width: 190.80pt;\" width=\"190\">Coffee Packaging<\/td>\n<\/tr>\n<tr style=\"height: 34.00pt;\">\n<td class=\"et2\" style=\"height: 34.00pt; width: 102.45pt;\" width=\"102\" height=\"34\">MOQ<\/td>\n<td class=\"et3\" style=\"width: 190.80pt;\" width=\"190\">Mix Items, Total 5000 Pieces<\/td>\n<\/tr>\n<tr style=\"height: 34.00pt;\">\n<td class=\"et2\" style=\"height: 34.00pt; width: 102.45pt;\" width=\"102\" height=\"34\">Sample<\/td>\n<td class=\"et3\" style=\"width: 190.80pt;\" width=\"190\">1-2 Days (Free)<\/td>\n<\/tr>\n<\/tbody>\n<\/table>\n","protected":false},"featured_media":1656,"comment_status":"closed","ping_status":"closed","template":"","meta":{"_acf_changed":false},"application":[],"product_brand":[],"product_cat":[50],"product_tag":[46],"class_list":{"0":"post-1654","1":"product","2":"type-product","3":"status-publish","4":"has-post-thumbnail","6":"product_cat-ready-to-ship-pouches","7":"product_tag-coffee-pouch","9":"first","10":"instock","11":"shipping-taxable","12":"product-type-simple"},"acf":[],"_links":{"self":[{"href":"https:\/\/www.lebeipackaging.com\/fr\/wp-json\/wp\/v2\/product\/1654","targetHints":{"allow":["GET"]}}],"collection":[{"href":"https:\/\/www.lebeipackaging.com\/fr\/wp-json\/wp\/v2\/product"}],"about":[{"href":"https:\/\/www.lebeipackaging.com\/fr\/wp-json\/wp\/v2\/types\/product"}],"replies":[{"embeddable":true,"href":"https:\/\/www.lebeipackaging.com\/fr\/wp-json\/wp\/v2\/comments?post=1654"}],"wp:featuredmedia":[{"embeddable":true,"href":"https:\/\/www.lebeipackaging.com\/fr\/wp-json\/wp\/v2\/media\/1656"}],"wp:attachment":[{"href":"https:\/\/www.lebeipackaging.com\/fr\/wp-json\/wp\/v2\/media?parent=1654"}],"wp:term":[{"taxonomy":"application","embeddable":true,"href":"https:\/\/www.lebeipackaging.com\/fr\/wp-json\/wp\/v2\/application?post=1654"},{"taxonomy":"product_brand","embeddable":true,"href":"https:\/\/www.lebeipackaging.com\/fr\/wp-json\/wp\/v2\/product_brand?post=1654"},{"taxonomy":"product_cat","embeddable":true,"href":"https:\/\/www.lebeipackaging.com\/fr\/wp-json\/wp\/v2\/product_cat?post=1654"},{"taxonomy":"product_tag","embeddable":true,"href":"https:\/\/www.lebeipackaging.com\/fr\/wp-json\/wp\/v2\/product_tag?post=1654"}],"curies":[{"name":"wp","href":"https:\/\/api.w.org\/{rel}","templated":true}]}}