{"id":1662,"date":"2025-07-04T09:52:06","date_gmt":"2025-07-04T09:52:06","guid":{"rendered":"https:\/\/www.lebeipackaging.com\/?post_type=product&#038;p=1662"},"modified":"2025-07-04T10:04:51","modified_gmt":"2025-07-04T10:04:51","slug":"wholesale-in-stock-coffee-packaging-bags-in-various-colors","status":"publish","type":"product","link":"https:\/\/www.lebeipackaging.com\/fr\/product\/wholesale-in-stock-coffee-packaging-bags-in-various-colors\/","title":{"rendered":"Sacs d'emballage pour caf\u00e9 en gros et en stock dans diff\u00e9rentes couleurs"},"content":{"rendered":"<h2 class=\"wp-block-heading\">Caract\u00e9ristiques des sacs d'emballage de caf\u00e9 en gros et en stock<\/h2>\n\n\n\n<div class=\"wp-block-columns is-layout-flex wp-container-core-columns-is-layout-9d6595d7 wp-block-columns-is-layout-flex\">\n<div class=\"wp-block-column is-layout-flow wp-block-column-is-layout-flow\">\n<p><strong>Riche choix de couleurs<\/strong><br>Fournir une vari\u00e9t\u00e9 de couleurs \u00e0 la mode pour r\u00e9pondre aux besoins d'emballage des diff\u00e9rentes marques. aider les produits \u00e0 attirer plus facilement l'attention des consommateurs dans les rayons.<\/p>\n\n\n\n<p><strong>En stock, livraison rapide<\/strong><br>Les sacs de couleur normale sont en stock et permettent d'acheter de petites quantit\u00e9s. Ils conviennent aux marques de caf\u00e9 ou aux vendeurs en ligne qui ont des besoins urgents en mati\u00e8re d'emballage.<\/p>\n\n\n\n<p><strong>Mat\u00e9riau de qualit\u00e9 alimentaire<br>Adopter un <\/strong>Mat\u00e9riau \u00e0 haute barri\u00e8re pour pr\u00e9venir efficacement l'humidit\u00e9 et l'oxydation. Garantit la qualit\u00e9 du caf\u00e9 ou du th\u00e9 pendant le transport et le stockage.<\/p>\n\n\n\n<p><strong>Fermeture \u00e0 glissi\u00e8re<\/strong><br>La fermeture \u00e0 glissi\u00e8re permet aux consommateurs de l'ouvrir et de la fermer plusieurs fois. Il am\u00e9liore l'exp\u00e9rience de l'utilisateur et contribue \u00e0 augmenter le taux de r\u00e9achat.<\/p>\n\n\n\n<p><strong>Soutien \u00e0 l'\u00e9tiquetage et \u00e0 la personnalisation<br><\/strong>Le corps du sac est plat et lisse, ce qui est pratique pour l'\u00e9tiquetage ult\u00e9rieur ou l'impression de petits lots. Il convient aux marques en phase de d\u00e9marrage pour tester les ventes ou les r\u00e9actions du march\u00e9.<\/p>\n<\/div>\n\n\n\n<div class=\"wp-block-column is-layout-flow wp-block-column-is-layout-flow\">\n<div class=\"wp-block-columns is-layout-flex wp-container-core-columns-is-layout-9d6595d7 wp-block-columns-is-layout-flex\">\n<div class=\"wp-block-column is-layout-flow wp-block-column-is-layout-flow\">\n<figure class=\"wp-block-image size-full\"><img decoding=\"async\" width=\"996\" height=\"996\" src=\"https:\/\/www.lebeipackaging.com\/wp-content\/uploads\/2025\/07\/Wholesale-In-Stock-Coffee-Packaging-Bags1.webp\" alt=\"Sacs d&#039;emballage pour caf\u00e9 en gros et en stock1\" class=\"wp-image-1663\" srcset=\"https:\/\/www.lebeipackaging.com\/wp-content\/uploads\/2025\/07\/Wholesale-In-Stock-Coffee-Packaging-Bags1.webp 996w, https:\/\/www.lebeipackaging.com\/wp-content\/uploads\/2025\/07\/Wholesale-In-Stock-Coffee-Packaging-Bags1-300x300.webp 300w, https:\/\/www.lebeipackaging.com\/wp-content\/uploads\/2025\/07\/Wholesale-In-Stock-Coffee-Packaging-Bags1-150x150.webp 150w, https:\/\/www.lebeipackaging.com\/wp-content\/uploads\/2025\/07\/Wholesale-In-Stock-Coffee-Packaging-Bags1-768x768.webp 768w, https:\/\/www.lebeipackaging.com\/wp-content\/uploads\/2025\/07\/Wholesale-In-Stock-Coffee-Packaging-Bags1-12x12.webp 12w, https:\/\/www.lebeipackaging.com\/wp-content\/uploads\/2025\/07\/Wholesale-In-Stock-Coffee-Packaging-Bags1-600x600.webp 600w, https:\/\/www.lebeipackaging.com\/wp-content\/uploads\/2025\/07\/Wholesale-In-Stock-Coffee-Packaging-Bags1-100x100.webp 100w\" sizes=\"(max-width: 996px) 100vw, 996px\" \/><\/figure>\n<\/div>\n<\/div>\n<\/div>\n<\/div>\n\n\n\n<div class=\"wp-block-columns is-layout-flex wp-container-core-columns-is-layout-9d6595d7 wp-block-columns-is-layout-flex\">\n<div class=\"wp-block-column is-layout-flow wp-block-column-is-layout-flow\">\n<h2 class=\"wp-block-heading\">Taille du produit<br><\/h2>\n\n\n\n<figure class=\"wp-block-table\"><table class=\"has-fixed-layout\"><tbody><tr><td>Description<\/td><td>Taille<br>(cm)<\/td><td>Emballage (pcs\/fardeau)<\/td><td>Emballage (pcs\/ctn)<\/td><td>Poids<br>(kg\/ctn)<\/td><td>Taille du lot<br>(cm)<\/td><\/tr><tr><td rowspan=\"4\">Poche \u00e0 8 soudures lat\u00e9rales avec fermeture \u00e0 glissi\u00e8re d'un c\u00f4t\u00e9, avec valve\u00a0 <\/td><td>13.5\u00d714.5+8<\/td><td>50<\/td><td>1600<\/td><td>22.40&nbsp;<\/td><td>56*41*31<\/td><\/tr><tr><td>15.5\u00d716.5+8<\/td><td>50<\/td><td>1200<\/td><td>20.00&nbsp;<\/td><td>49*40*35<\/td><\/tr><tr><td>19.5\u00d720.5+8<\/td><td>50<\/td><td>900<\/td><td>21.40&nbsp;<\/td><td>49*40*38<\/td><\/tr><tr><td>23*24+10<\/td><td>50<\/td><td>700<\/td><td>22.20&nbsp;<\/td><td>49*40*35<\/td><\/tr><tr><td rowspan=\"4\">Poche \u00e0 8 soudures lat\u00e9rales avec fermeture \u00e0 glissi\u00e8re d'un c\u00f4t\u00e9, sans valve\u00a0 <\/td><td>13.5\u00d714.5+8<\/td><td>50<\/td><td>2000<\/td><td>26.50&nbsp;<\/td><td>49*40*35<\/td><\/tr><tr><td>15.5\u00d716.5+8<\/td><td>50<\/td><td>1800<\/td><td>28.50&nbsp;<\/td><td>49*40*35<\/td><\/tr><tr><td>19.5\u00d720.5+8<\/td><td>50<\/td><td>1200<\/td><td>27.20&nbsp;<\/td><td>49*40*35<\/td><\/tr><tr><td>23*24+10<\/td><td>50<\/td><td>900<\/td><td>28.00&nbsp;<\/td><td>49*40*35<\/td><\/tr><\/tbody><\/table><\/figure>\n<\/div>\n<\/div>\n\n\n\n<p><\/p>","protected":false},"excerpt":{"rendered":"<article class=\"text-token-text-primary w-full\" dir=\"auto\" data-testid=\"conversation-turn-2\" data-scroll-anchor=\"true\">\n<div class=\"text-base my-auto mx-auto py-5 [--thread-content-margin:--spacing(4)] @[37rem]:[--thread-content-margin:--spacing(6)] @[72rem]:[--thread-content-margin:--spacing(16)] px-(--thread-content-margin)\">\n<div class=\"[--thread-content-max-width:32rem] @[34rem]:[--thread-content-max-width:40rem] @[64rem]:[--thread-content-max-width:48rem] mx-auto flex max-w-(--thread-content-max-width) flex-1 text-base gap-4 md:gap-5 lg:gap-6 group\/turn-messages focus-visible:outline-hidden\" tabindex=\"-1\">\n<div class=\"group\/conversation-turn relative flex w-full min-w-0 flex-col agent-turn\">\n<div class=\"relative flex-col gap-1 md:gap-3\">\n<div class=\"flex max-w-full flex-col grow\">\n<div class=\"min-h-8 text-message relative flex w-full flex-col items-end gap-2 text-start break-words whitespace-normal [.text-message+&amp;]:mt-5\" dir=\"auto\" data-message-author-role=\"assistant\" data-message-id=\"601dc105-1a20-4d41-b026-a096271ed355\" data-message-model-slug=\"gpt-4-1-mini\">\n<div class=\"flex w-full flex-col gap-1 empty:hidden first:pt-[3px]\">\n<div class=\"markdown prose dark:prose-invert w-full break-words light\">\n<article class=\"text-token-text-primary w-full\" dir=\"auto\" data-testid=\"conversation-turn-26\" data-scroll-anchor=\"true\">\n<div class=\"text-base my-auto mx-auto py-5 [--thread-content-margin:--spacing(4)] @[37rem]:[--thread-content-margin:--spacing(6)] @[72rem]:[--thread-content-margin:--spacing(16)] px-(--thread-content-margin)\">\n<div class=\"[--thread-content-max-width:32rem] @[34rem]:[--thread-content-max-width:40rem] @[64rem]:[--thread-content-max-width:48rem] mx-auto flex max-w-(--thread-content-max-width) flex-1 text-base gap-4 md:gap-5 lg:gap-6 group\/turn-messages focus-visible:outline-hidden\" tabindex=\"-1\">\n<div class=\"group\/conversation-turn relative flex w-full min-w-0 flex-col agent-turn\">\n<div class=\"relative flex-col gap-1 md:gap-3\">\n<div class=\"flex max-w-full flex-col grow\">\n<div class=\"min-h-8 text-message relative flex w-full flex-col items-end gap-2 text-start break-words whitespace-normal [.text-message+&amp;]:mt-5\" dir=\"auto\" data-message-author-role=\"assistant\" data-message-id=\"d05c8187-775a-4e42-8061-4ac971d5f547\" data-message-model-slug=\"gpt-4-1-mini\">\n<div class=\"flex w-full flex-col gap-1 empty:hidden first:pt-[3px]\">\n<div class=\"markdown prose dark:prose-invert w-full break-words light\">\n<p data-start=\"0\" data-end=\"257\" data-is-last-node=\"\" data-is-only-node=\"\">Wholesale in stock coffee packaging bags in various colors are designed to enhance shelf appeal and preserve product freshness. Made from food-grade materials with resealable zippers, these pouches offer a practical and eye-catching solution for coffee and tea storage<\/p>\n<\/div>\n<\/div>\n<\/div>\n<\/div>\n<\/div>\n<\/div>\n<\/div>\n<\/div>\n<\/article>\n<\/div>\n<\/div>\n<\/div>\n<\/div>\n<\/div>\n<\/div>\n<\/div>\n<\/div>\n<\/article>\n<table style=\"border-collapse: collapse; width: 518px; height: 318px;\" border=\"0\" width=\"293\" cellspacing=\"0\" cellpadding=\"0\">\n<tbody>\n<tr style=\"height: 17.00pt;\">\n<td class=\"et2\" style=\"height: 17.00pt; width: 102.45pt;\" width=\"102\" height=\"17\">Manufacturer<\/td>\n<td class=\"et2\" style=\"width: 190.80pt;\" width=\"190\">Lebei<\/td>\n<\/tr>\n<tr style=\"height: 17.00pt;\">\n<td class=\"et2\" style=\"height: 17.00pt; width: 102.45pt;\" width=\"102\" height=\"17\">Pouch Types<\/td>\n<td class=\"et3\" style=\"width: 190.80pt;\" width=\"190\">8 Side Seal Pouch<\/td>\n<\/tr>\n<tr style=\"height: 17.00pt;\">\n<td class=\"et2\" style=\"height: 17.00pt; width: 102.45pt;\" width=\"102\" height=\"17\">Material<\/td>\n<td class=\"et3\" style=\"width: 190.80pt;\" width=\"190\">Kraft item material: Kraft paper\/VMPET\/PE <br \/>other color:MOPP+VMPET+PE<\/td>\n<\/tr>\n<tr style=\"height: 17.00pt;\">\n<td class=\"et2\" style=\"height: 17.00pt; width: 102.45pt;\" width=\"102\" height=\"17\">Sealing\u00a0<\/td>\n<td class=\"et3\" style=\"width: 190.80pt;\" width=\"190\">Zipper Top and Valve<\/td>\n<\/tr>\n<tr style=\"height: 17.00pt;\">\n<td class=\"et2\" style=\"height: 17.00pt; width: 102.45pt;\" width=\"102\" height=\"17\">Surface Handling<\/td>\n<td class=\"et3\" style=\"width: 190.80pt;\" width=\"190\">Gravure Printing<\/td>\n<\/tr>\n<tr style=\"height: 17.00pt;\">\n<td class=\"et2\" style=\"height: 17.00pt; width: 102.45pt;\" width=\"102\" height=\"17\">Advantage<\/td>\n<td class=\"et3\" style=\"width: 190.80pt;\" width=\"190\">Moisture Proof<\/td>\n<\/tr>\n<tr style=\"height: 17.00pt;\">\n<td class=\"et2\" style=\"height: 17.00pt; width: 102.45pt;\" width=\"102\" height=\"17\">Usage<\/td>\n<td class=\"et3\" style=\"width: 190.80pt;\" width=\"190\">Coffee Packaging<\/td>\n<\/tr>\n<tr style=\"height: 34.00pt;\">\n<td class=\"et2\" style=\"height: 34.00pt; width: 102.45pt;\" width=\"102\" height=\"34\">MOQ<\/td>\n<td class=\"et3\" style=\"width: 190.80pt;\" width=\"190\">Mix Items, Total 5000 Pieces<\/td>\n<\/tr>\n<tr style=\"height: 34.00pt;\">\n<td class=\"et2\" style=\"height: 34.00pt; width: 102.45pt;\" width=\"102\" height=\"34\">Sample<\/td>\n<td class=\"et3\" style=\"width: 190.80pt;\" width=\"190\">1-2 Days (Free)<\/td>\n<\/tr>\n<\/tbody>\n<\/table>\n","protected":false},"featured_media":1663,"comment_status":"closed","ping_status":"closed","template":"","meta":{"_acf_changed":false},"application":[],"product_brand":[],"product_cat":[50],"product_tag":[46],"class_list":{"0":"post-1662","1":"product","2":"type-product","3":"status-publish","4":"has-post-thumbnail","6":"product_cat-ready-to-ship-pouches","7":"product_tag-coffee-pouch","9":"first","10":"instock","11":"shipping-taxable","12":"product-type-simple"},"acf":[],"_links":{"self":[{"href":"https:\/\/www.lebeipackaging.com\/fr\/wp-json\/wp\/v2\/product\/1662","targetHints":{"allow":["GET"]}}],"collection":[{"href":"https:\/\/www.lebeipackaging.com\/fr\/wp-json\/wp\/v2\/product"}],"about":[{"href":"https:\/\/www.lebeipackaging.com\/fr\/wp-json\/wp\/v2\/types\/product"}],"replies":[{"embeddable":true,"href":"https:\/\/www.lebeipackaging.com\/fr\/wp-json\/wp\/v2\/comments?post=1662"}],"wp:featuredmedia":[{"embeddable":true,"href":"https:\/\/www.lebeipackaging.com\/fr\/wp-json\/wp\/v2\/media\/1663"}],"wp:attachment":[{"href":"https:\/\/www.lebeipackaging.com\/fr\/wp-json\/wp\/v2\/media?parent=1662"}],"wp:term":[{"taxonomy":"application","embeddable":true,"href":"https:\/\/www.lebeipackaging.com\/fr\/wp-json\/wp\/v2\/application?post=1662"},{"taxonomy":"product_brand","embeddable":true,"href":"https:\/\/www.lebeipackaging.com\/fr\/wp-json\/wp\/v2\/product_brand?post=1662"},{"taxonomy":"product_cat","embeddable":true,"href":"https:\/\/www.lebeipackaging.com\/fr\/wp-json\/wp\/v2\/product_cat?post=1662"},{"taxonomy":"product_tag","embeddable":true,"href":"https:\/\/www.lebeipackaging.com\/fr\/wp-json\/wp\/v2\/product_tag?post=1662"}],"curies":[{"name":"wp","href":"https:\/\/api.w.org\/{rel}","templated":true}]}}