{"id":1689,"date":"2025-07-18T01:25:11","date_gmt":"2025-07-18T01:25:11","guid":{"rendered":"https:\/\/www.lebeipackaging.com\/?post_type=product&#038;p=1689"},"modified":"2025-07-18T02:06:45","modified_gmt":"2025-07-18T02:06:45","slug":"wholesale-coffee-bags-with-valve-in-stock-in-various-colors","status":"publish","type":"product","link":"https:\/\/www.lebeipackaging.com\/fr\/product\/wholesale-coffee-bags-with-valve-in-stock-in-various-colors\/","title":{"rendered":"Sacs \u00e0 caf\u00e9 en gros avec valve en stock dans diff\u00e9rentes couleurs"},"content":{"rendered":"<h2 class=\"wp-block-heading\">Caract\u00e9ristiques des sacs de caf\u00e9 en gros avec valve<\/h2>\n\n\n\n<div class=\"wp-block-columns is-layout-flex wp-container-core-columns-is-layout-9d6595d7 wp-block-columns-is-layout-flex\">\n<div class=\"wp-block-column is-layout-flow wp-block-column-is-layout-flow\">\n<p><strong>Disponible en stock, exp\u00e9di\u00e9 imm\u00e9diatement : <\/strong>Disponible en stock, livraison rapide, pas besoin d'attendre longtemps une production personnalis\u00e9e, ce qui vous permet de r\u00e9pondre rapidement \u00e0 la demande du march\u00e9.<\/p>\n\n\n\n<p><strong>La forme en U permet d'ouvrir facilement le sac : <\/strong>Gr\u00e2ce \u00e0 la forme en U de la d\u00e9chirure, les utilisateurs peuvent facilement d\u00e9chirer le sac, ce qui est pratique et rapide, sans n\u00e9cessiter d'outils suppl\u00e9mentaires, et am\u00e9liore l'exp\u00e9rience du consommateur.<\/p>\n\n\n\n<p><strong>Valve int\u00e9gr\u00e9e pour conserver la fra\u00eecheur du caf\u00e9 : <\/strong>\u00c9quip\u00e9 d'une valve unidirectionnelle pour assurer l'\u00e9vacuation du gaz carbonique contenu dans le sac, emp\u00eacher l'air de p\u00e9n\u00e9trer, aider \u00e0 maintenir la fra\u00eecheur et la saveur du caf\u00e9, et prolonger la dur\u00e9e de conservation.<\/p>\n\n\n\n<p><strong>Conception thermoscell\u00e9e, scellage s\u00fbr : <\/strong>Il peut \u00eatre scell\u00e9 \u00e0 chaud pour garantir que le sac est bien scell\u00e9, \u00e9tanche \u00e0 l'air et \u00e0 l'eau, adapt\u00e9 au stockage \u00e0 long terme des produits \u00e0 base de caf\u00e9, et qu'il pr\u00e9serve l'int\u00e9grit\u00e9 de l'emballage.<\/p>\n\n\n\n<p><strong>Disponible dans une vari\u00e9t\u00e9 de tailles et de capacit\u00e9s : <\/strong>Les sachets de caf\u00e9 pr\u00eats \u00e0 l'emploi sont disponibles dans une vari\u00e9t\u00e9 de tailles et de capacit\u00e9s standard afin de r\u00e9pondre aux besoins des diff\u00e9rents grossistes, d\u00e9taillants ou marques de caf\u00e9. Que vous ayez besoin de petits ou de grands paquets, vous trouverez les sp\u00e9cifications ad\u00e9quates.<\/p>\n\n\n\n<p><strong>Mat\u00e9riaux respectueux de l'environnement, conformes aux normes environnementales : <\/strong>Fabriqu\u00e9s \u00e0 partir de mat\u00e9riaux respectueux de l'environnement, conformes aux exigences du d\u00e9veloppement durable, ils aident les marques \u00e0 montrer leur souci de la protection de l'environnement et \u00e0 s'adapter \u00e0 la demande du march\u00e9 pour des produits respectueux de l'environnement.<\/p>\n<\/div>\n\n\n\n<div class=\"wp-block-column is-layout-flow wp-block-column-is-layout-flow\">\n<div class=\"wp-block-columns is-layout-flex wp-container-core-columns-is-layout-9d6595d7 wp-block-columns-is-layout-flex\">\n<div class=\"wp-block-column is-layout-flow wp-block-column-is-layout-flow\">\n<figure class=\"wp-block-image size-full\"><img decoding=\"async\" width=\"842\" height=\"842\" src=\"https:\/\/www.lebeipackaging.com\/wp-content\/uploads\/2025\/07\/wholesale-coffee-bags-with-valve-3.webp\" alt=\"sacs \u00e0 caf\u00e9 avec valve 3\" class=\"wp-image-1691\" srcset=\"https:\/\/www.lebeipackaging.com\/wp-content\/uploads\/2025\/07\/wholesale-coffee-bags-with-valve-3.webp 842w, https:\/\/www.lebeipackaging.com\/wp-content\/uploads\/2025\/07\/wholesale-coffee-bags-with-valve-3-300x300.webp 300w, https:\/\/www.lebeipackaging.com\/wp-content\/uploads\/2025\/07\/wholesale-coffee-bags-with-valve-3-150x150.webp 150w, https:\/\/www.lebeipackaging.com\/wp-content\/uploads\/2025\/07\/wholesale-coffee-bags-with-valve-3-768x768.webp 768w, https:\/\/www.lebeipackaging.com\/wp-content\/uploads\/2025\/07\/wholesale-coffee-bags-with-valve-3-12x12.webp 12w, https:\/\/www.lebeipackaging.com\/wp-content\/uploads\/2025\/07\/wholesale-coffee-bags-with-valve-3-600x600.webp 600w, https:\/\/www.lebeipackaging.com\/wp-content\/uploads\/2025\/07\/wholesale-coffee-bags-with-valve-3-100x100.webp 100w\" sizes=\"(max-width: 842px) 100vw, 842px\" \/><\/figure>\n<\/div>\n<\/div>\n<\/div>\n<\/div>\n\n\n\n<div class=\"wp-block-columns is-layout-flex wp-container-core-columns-is-layout-9d6595d7 wp-block-columns-is-layout-flex\">\n<div class=\"wp-block-column is-layout-flow wp-block-column-is-layout-flow\">\n<h2 class=\"wp-block-heading\">Taille du produit<br><\/h2>\n\n\n\n<figure class=\"wp-block-table\"><table class=\"has-fixed-layout\"><tbody><tr><td>Description<\/td><td>Taille<br>(cm)<\/td><td>Emballage (pcs\/fardeau)<\/td><td>Emballage (pcs\/ctn)<\/td><td>Poids<br>(kg\/ctn)<\/td><td>Taille du lot<br>(cm)<\/td><\/tr><tr><td rowspan=\"3\">avec valve&nbsp;&nbsp;<\/td><td>9*27+5(250g)<\/td><td>50<\/td><td>1500<\/td><td>18.30&nbsp;<\/td><td>47*45*35<\/td><\/tr><tr><td>10*34+6(500g)<\/td><td>50<\/td><td>1300<\/td><td>22.00&nbsp;<\/td><td>47*45*35<\/td><\/tr><tr><td>13.5*41+7(1000g)<\/td><td>50<\/td><td>1000<\/td><td>26.00&nbsp;<\/td><td>47*45*35<\/td><\/tr><tr><td rowspan=\"3\">pas de vanne&nbsp;&nbsp;<\/td><td>9*27+5(250g)<\/td><td>50<\/td><td>1800<\/td><td>20.50&nbsp;<\/td><td>43*41*31<\/td><\/tr><tr><td>10*34+6(500g)<\/td><td>50<\/td><td>1400<\/td><td>22.30&nbsp;<\/td><td>43*41*31<\/td><\/tr><tr><td>13.5*41+7(1000g)<\/td><td>50<\/td><td>1100<\/td><td>26.70&nbsp;<\/td><td>43*41*31<\/td><\/tr><\/tbody><\/table><\/figure>\n<\/div>\n<\/div>\n\n\n\n<p><\/p>","protected":false},"excerpt":{"rendered":"<article class=\"text-token-text-primary w-full\" dir=\"auto\" data-testid=\"conversation-turn-2\" data-scroll-anchor=\"true\">\n<div class=\"text-base my-auto mx-auto py-5 [--thread-content-margin:--spacing(4)] @[37rem]:[--thread-content-margin:--spacing(6)] @[72rem]:[--thread-content-margin:--spacing(16)] px-(--thread-content-margin)\">\n<div class=\"[--thread-content-max-width:32rem] @[34rem]:[--thread-content-max-width:40rem] @[64rem]:[--thread-content-max-width:48rem] mx-auto flex max-w-(--thread-content-max-width) flex-1 text-base gap-4 md:gap-5 lg:gap-6 group\/turn-messages focus-visible:outline-hidden\" tabindex=\"-1\">\n<div class=\"group\/conversation-turn relative flex w-full min-w-0 flex-col agent-turn\">\n<div class=\"relative flex-col gap-1 md:gap-3\">\n<div class=\"flex max-w-full flex-col grow\">\n<div class=\"min-h-8 text-message relative flex w-full flex-col items-end gap-2 text-start break-words whitespace-normal [.text-message+&amp;]:mt-5\" dir=\"auto\" data-message-author-role=\"assistant\" data-message-id=\"601dc105-1a20-4d41-b026-a096271ed355\" data-message-model-slug=\"gpt-4-1-mini\">\n<div class=\"flex w-full flex-col gap-1 empty:hidden first:pt-[3px]\">\n<div class=\"markdown prose dark:prose-invert w-full break-words light\">\n<article class=\"text-token-text-primary w-full\" dir=\"auto\" data-testid=\"conversation-turn-26\" data-scroll-anchor=\"true\">\n<div class=\"text-base my-auto mx-auto py-5 [--thread-content-margin:--spacing(4)] @[37rem]:[--thread-content-margin:--spacing(6)] @[72rem]:[--thread-content-margin:--spacing(16)] px-(--thread-content-margin)\">\n<div class=\"[--thread-content-max-width:32rem] @[34rem]:[--thread-content-max-width:40rem] @[64rem]:[--thread-content-max-width:48rem] mx-auto flex max-w-(--thread-content-max-width) flex-1 text-base gap-4 md:gap-5 lg:gap-6 group\/turn-messages focus-visible:outline-hidden\" tabindex=\"-1\">\n<div class=\"group\/conversation-turn relative flex w-full min-w-0 flex-col agent-turn\">\n<div class=\"relative flex-col gap-1 md:gap-3\">\n<div class=\"flex max-w-full flex-col grow\">\n<div class=\"min-h-8 text-message relative flex w-full flex-col items-end gap-2 text-start break-words whitespace-normal [.text-message+&amp;]:mt-5\" dir=\"auto\" data-message-author-role=\"assistant\" data-message-id=\"d05c8187-775a-4e42-8061-4ac971d5f547\" data-message-model-slug=\"gpt-4-1-mini\">\n<div class=\"flex w-full flex-col gap-1 empty:hidden first:pt-[3px]\">\n<div class=\"markdown prose dark:prose-invert w-full break-words light\">\n<p data-start=\"38\" data-end=\"254\" data-is-last-node=\"\" data-is-only-node=\"\">Our high-quality wholesale coffee bags with valve ensure your coffee stays fresh longer. Available in various colors and sizes, they\u2019re perfect for both retail and wholesale, with immediate stock for fast delivery.<\/p>\n<\/div>\n<\/div>\n<\/div>\n<\/div>\n<\/div>\n<\/div>\n<\/div>\n<\/div>\n<\/article>\n<\/div>\n<\/div>\n<\/div>\n<\/div>\n<\/div>\n<\/div>\n<\/div>\n<\/div>\n<\/article>\n<table style=\"border-collapse: collapse; width: 518px; height: 318px;\" border=\"0\" width=\"293\" cellspacing=\"0\" cellpadding=\"0\">\n<tbody>\n<tr style=\"height: 17.00pt;\">\n<td class=\"et2\" style=\"height: 17.00pt; width: 102.45pt;\" width=\"102\" height=\"17\">Manufacturer<\/td>\n<td class=\"et2\" style=\"width: 190.80pt;\" width=\"190\">Lebei<\/td>\n<\/tr>\n<tr style=\"height: 17.00pt;\">\n<td class=\"et2\" style=\"height: 17.00pt; width: 102.45pt;\" width=\"102\" height=\"17\">Bag Type<\/td>\n<td class=\"et3\" style=\"width: 190.80pt;\" width=\"190\">Side guesset coffee bag<\/td>\n<\/tr>\n<tr style=\"height: 17.00pt;\">\n<td class=\"et2\" style=\"height: 17.00pt; width: 102.45pt;\" width=\"102\" height=\"17\">Material<\/td>\n<td class=\"et3\" style=\"width: 190.80pt;\" width=\"190\">Kraft item material: Kraft paper\/Vmpet\/Pe <br \/>other color:MOPP+VMPET+PE<\/td>\n<\/tr>\n<tr style=\"height: 17.00pt;\">\n<td class=\"et2\" style=\"height: 17.00pt; width: 102.45pt;\" width=\"102\" height=\"17\">Sealing\u00a0<\/td>\n<td class=\"et3\" style=\"width: 190.80pt;\" width=\"190\">Valve<\/td>\n<\/tr>\n<tr style=\"height: 17.00pt;\">\n<td class=\"et2\" style=\"height: 17.00pt; width: 102.45pt;\" width=\"102\" height=\"17\">Surface Handling<\/td>\n<td class=\"et3\" style=\"width: 190.80pt;\" width=\"190\">Gravure Printing<\/td>\n<\/tr>\n<tr style=\"height: 17.00pt;\">\n<td class=\"et2\" style=\"height: 17.00pt; width: 102.45pt;\" width=\"102\" height=\"17\">Advantage<\/td>\n<td class=\"et3\" style=\"width: 190.80pt;\" width=\"190\">Moisture Proof<\/td>\n<\/tr>\n<tr style=\"height: 17.00pt;\">\n<td class=\"et2\" style=\"height: 17.00pt; width: 102.45pt;\" width=\"102\" height=\"17\">Usage<\/td>\n<td class=\"et3\" style=\"width: 190.80pt;\" width=\"190\">Coffee Packaging<\/td>\n<\/tr>\n<tr style=\"height: 34.00pt;\">\n<td class=\"et2\" style=\"height: 34.00pt; width: 102.45pt;\" width=\"102\" height=\"34\">MOQ<\/td>\n<td class=\"et3\" style=\"width: 190.80pt;\" width=\"190\">Mix Items, Total 5000 Pieces<\/td>\n<\/tr>\n<tr style=\"height: 34.00pt;\">\n<td class=\"et2\" style=\"height: 34.00pt; width: 102.45pt;\" width=\"102\" height=\"34\">Sample<\/td>\n<td class=\"et3\" style=\"width: 190.80pt;\" width=\"190\">1-2 Days (Free)<\/td>\n<\/tr>\n<\/tbody>\n<\/table>\n<p>&nbsp;<\/p>\n","protected":false},"featured_media":1690,"comment_status":"closed","ping_status":"closed","template":"","meta":{"_acf_changed":false},"application":[],"product_brand":[],"product_cat":[50],"product_tag":[46],"class_list":{"0":"post-1689","1":"product","2":"type-product","3":"status-publish","4":"has-post-thumbnail","6":"product_cat-ready-to-ship-pouches","7":"product_tag-coffee-pouch","9":"first","10":"instock","11":"shipping-taxable","12":"product-type-simple"},"acf":[],"_links":{"self":[{"href":"https:\/\/www.lebeipackaging.com\/fr\/wp-json\/wp\/v2\/product\/1689","targetHints":{"allow":["GET"]}}],"collection":[{"href":"https:\/\/www.lebeipackaging.com\/fr\/wp-json\/wp\/v2\/product"}],"about":[{"href":"https:\/\/www.lebeipackaging.com\/fr\/wp-json\/wp\/v2\/types\/product"}],"replies":[{"embeddable":true,"href":"https:\/\/www.lebeipackaging.com\/fr\/wp-json\/wp\/v2\/comments?post=1689"}],"wp:featuredmedia":[{"embeddable":true,"href":"https:\/\/www.lebeipackaging.com\/fr\/wp-json\/wp\/v2\/media\/1690"}],"wp:attachment":[{"href":"https:\/\/www.lebeipackaging.com\/fr\/wp-json\/wp\/v2\/media?parent=1689"}],"wp:term":[{"taxonomy":"application","embeddable":true,"href":"https:\/\/www.lebeipackaging.com\/fr\/wp-json\/wp\/v2\/application?post=1689"},{"taxonomy":"product_brand","embeddable":true,"href":"https:\/\/www.lebeipackaging.com\/fr\/wp-json\/wp\/v2\/product_brand?post=1689"},{"taxonomy":"product_cat","embeddable":true,"href":"https:\/\/www.lebeipackaging.com\/fr\/wp-json\/wp\/v2\/product_cat?post=1689"},{"taxonomy":"product_tag","embeddable":true,"href":"https:\/\/www.lebeipackaging.com\/fr\/wp-json\/wp\/v2\/product_tag?post=1689"}],"curies":[{"name":"wp","href":"https:\/\/api.w.org\/{rel}","templated":true}]}}