{"id":1695,"date":"2025-07-18T08:13:24","date_gmt":"2025-07-18T08:13:24","guid":{"rendered":"https:\/\/www.lebeipackaging.com\/?post_type=product&#038;p=1695"},"modified":"2025-07-18T08:24:20","modified_gmt":"2025-07-18T08:24:20","slug":"custom-stand-up-pouch-bags-for-food-packaging-with-zipper","status":"publish","type":"product","link":"https:\/\/www.lebeipackaging.com\/fr\/product\/custom-stand-up-pouch-bags-for-food-packaging-with-zipper\/","title":{"rendered":"Sacs \u00e0 fermeture \u00e9clair personnalis\u00e9s pour l'emballage de produits alimentaires"},"content":{"rendered":"<h2 class=\"wp-block-heading\">Caract\u00e9ristiques des sacs \u00e0 dos personnalis\u00e9s<\/h2>\n\n\n\n<div class=\"wp-block-columns is-layout-flex wp-container-core-columns-is-layout-9d6595d7 wp-block-columns-is-layout-flex\">\n<div class=\"wp-block-column is-layout-flow wp-block-column-is-layout-flow\">\n<p><strong>Fermeture \u00e0 glissi\u00e8re pratique<\/strong>: La fermeture \u00e0 glissi\u00e8re int\u00e9gr\u00e9e permet de refermer facilement l'emballage, ce qui garantit que vos aliments restent frais et prot\u00e9g\u00e9s de l'air, de l'humidit\u00e9 et des contaminants apr\u00e8s l'ouverture de l'emballage.<\/p>\n\n\n\n<p><strong>Conception personnalisable<\/strong>: Les sachets \u00e0 fond plat peuvent \u00eatre enti\u00e8rement personnalis\u00e9s avec le logo, les couleurs et les graphiques de votre marque, offrant ainsi un aspect professionnel et attrayant qui renforce la pr\u00e9sence en rayon et attire les clients.<\/p>\n\n\n\n<p><strong>Durable et \u00e9tanche<\/strong>: Fabriqu\u00e9es \u00e0 partir de mat\u00e9riaux multicouches de haute qualit\u00e9, ces pochettes offrent une excellente r\u00e9sistance et sont \u00e9tanches, ce qui les rend parfaites pour les liquides, les en-cas ou les aliments secs.<\/p>\n\n\n\n<p><strong>Une conception peu encombrante<\/strong>: Ces sachets sont id\u00e9aux pour maximiser l'espace en rayon, car ils tiennent debout sans n\u00e9cessiter d'emballage ou de conteneur suppl\u00e9mentaire.<\/p>\n\n\n\n<p><strong>Options \u00e9cologiques<\/strong>: Disponibles en mat\u00e9riaux biod\u00e9gradables, recyclables ou compostables, ces sachets constituent une solution d'emballage respectueuse de l'environnement et r\u00e9pondent \u00e0 la demande croissante de produits durables.<\/p>\n\n\n\n<p><strong>L\u00e9ger et \u00e9conomique<\/strong>: La conception de la pochette est l\u00e9g\u00e8re mais robuste, ce qui permet de r\u00e9duire les frais d'exp\u00e9dition et d'offrir une solution \u00e9conomique sans compromis sur la qualit\u00e9 ou la protection.<br><\/p>\n<\/div>\n\n\n\n<div class=\"wp-block-column is-layout-flow wp-block-column-is-layout-flow\">\n<figure class=\"wp-block-image size-full\"><img decoding=\"async\" width=\"640\" height=\"640\" src=\"https:\/\/www.lebeipackaging.com\/wp-content\/uploads\/2025\/07\/Custom-Stand-Up-Pouch-Bags2.webp\" alt=\"Sacs \u00e0 dos personnalis\u00e9s2\" class=\"wp-image-1697\" srcset=\"https:\/\/www.lebeipackaging.com\/wp-content\/uploads\/2025\/07\/Custom-Stand-Up-Pouch-Bags2.webp 640w, https:\/\/www.lebeipackaging.com\/wp-content\/uploads\/2025\/07\/Custom-Stand-Up-Pouch-Bags2-300x300.webp 300w, https:\/\/www.lebeipackaging.com\/wp-content\/uploads\/2025\/07\/Custom-Stand-Up-Pouch-Bags2-150x150.webp 150w, https:\/\/www.lebeipackaging.com\/wp-content\/uploads\/2025\/07\/Custom-Stand-Up-Pouch-Bags2-12x12.webp 12w, https:\/\/www.lebeipackaging.com\/wp-content\/uploads\/2025\/07\/Custom-Stand-Up-Pouch-Bags2-600x600.webp 600w, https:\/\/www.lebeipackaging.com\/wp-content\/uploads\/2025\/07\/Custom-Stand-Up-Pouch-Bags2-100x100.webp 100w\" sizes=\"(max-width: 640px) 100vw, 640px\" \/><\/figure>\n<\/div>\n<\/div>","protected":false},"excerpt":{"rendered":"<p>Les sachets stand up personnalis\u00e9s offrent des fermetures \u00e0 glissi\u00e8re s\u00fbres et des designs personnalisables, parfaits pour conserver la fra\u00eecheur des aliments et mettre en valeur votre marque. Id\u00e9ales pour les snacks et les liquides, ces pochettes respectueuses de l'environnement offrent un \u00e9quilibre entre commodit\u00e9 et durabilit\u00e9.<\/p>\n<table style=\"border-collapse: collapse; width: 534px; height: 439px;\" border=\"0\" width=\"293\" cellspacing=\"0\" cellpadding=\"0\">\n<tbody>\n<tr style=\"height: 17.00pt;\">\n<td class=\"et2\" style=\"height: 17.00pt; width: 102.45pt;\" width=\"102\" height=\"17\">Fabricant<\/td>\n<td class=\"et2\" style=\"width: 190.80pt;\" width=\"190\">Lebei<\/td>\n<\/tr>\n<tr style=\"height: 35.00pt;\">\n<td class=\"et2\" style=\"height: 35.00pt; width: 102.45pt;\" width=\"102\" height=\"35\">Types de pochettes<\/td>\n<td class=\"et3\" style=\"width: 190.80pt;\" width=\"190\">Stand Up Pouch<\/td>\n<\/tr>\n<tr style=\"height: 35.00pt;\">\n<td class=\"et2\" style=\"height: 35.00pt; width: 102.45pt;\" width=\"102\" height=\"35\">Mat\u00e9riau<\/td>\n<td class=\"et3\" style=\"width: 190.80pt;\" width=\"190\">Bopp mat\/ papier kraft\/PET\/PE ou personnalis\u00e9<\/td>\n<\/tr>\n<tr style=\"height: 35.00pt;\">\n<td class=\"et2\" style=\"height: 35.00pt; width: 102.45pt;\" width=\"102\" height=\"35\">Dossier sp\u00e9cial<\/td>\n<td class=\"et3\" style=\"width: 190.80pt;\" width=\"190\">Imperm\u00e9able \u00e0 l'humidit\u00e9, fermeture \u00e0 glissi\u00e8re sur le dessus, encoche de d\u00e9chirure, fond debout<\/td>\n<\/tr>\n<tr style=\"height: 35.00pt;\">\n<td class=\"et2\" style=\"height: 35.00pt; width: 102.45pt;\" width=\"102\" height=\"35\">Manipulation de surface<\/td>\n<td class=\"et3\" style=\"width: 190.80pt;\" width=\"190\">Impression en h\u00e9liogravure<\/td>\n<\/tr>\n<tr style=\"height: 35.00pt;\">\n<td class=\"et2\" style=\"height: 35.00pt; width: 102.45pt;\" width=\"102\" height=\"35\">Couleur<\/td>\n<td class=\"et3\" style=\"width: 190.80pt;\" width=\"190\">Rouge \/Violet (personnalisable)<\/td>\n<\/tr>\n<tr style=\"height: 35.00pt;\">\n<td class=\"et2\" style=\"height: 35.00pt; width: 102.45pt;\" width=\"102\" height=\"35\">Utilisation<\/td>\n<td class=\"et3\" style=\"width: 190.80pt;\" width=\"190\">\u00a0des en-cas, des noix, etc.<\/td>\n<\/tr>\n<tr style=\"height: 35.00pt;\">\n<td class=\"et2\" style=\"height: 35.00pt; width: 102.45pt;\" width=\"102\" height=\"35\">MOQ<\/td>\n<td class=\"et3\" style=\"width: 190.80pt;\" width=\"190\">Pochette personnalis\u00e9e : 10 000 pi\u00e8ces (recommander 30 000+ pour un meilleur prix)<\/td>\n<\/tr>\n<tr style=\"height: 35.00pt;\">\n<td class=\"et2\" style=\"height: 35.00pt; width: 102.45pt;\" width=\"102\" height=\"35\">Commande personnalis\u00e9e<\/td>\n<td class=\"et3\" style=\"width: 190.80pt;\" width=\"190\">Acceptation de l'OEM et de l'ODM, prise en charge de l'\u00e9chantillonnage gratuit<\/td>\n<\/tr>\n<\/tbody>\n<\/table>","protected":false},"featured_media":1696,"comment_status":"closed","ping_status":"closed","template":"","meta":{"_acf_changed":false},"application":[],"product_brand":[],"product_cat":[41],"product_tag":[],"class_list":{"0":"post-1695","1":"product","2":"type-product","3":"status-publish","4":"has-post-thumbnail","6":"product_cat-stand-up-pouch-manufacturer","8":"first","9":"instock","10":"shipping-taxable","11":"product-type-simple"},"acf":[],"_links":{"self":[{"href":"https:\/\/www.lebeipackaging.com\/fr\/wp-json\/wp\/v2\/product\/1695","targetHints":{"allow":["GET"]}}],"collection":[{"href":"https:\/\/www.lebeipackaging.com\/fr\/wp-json\/wp\/v2\/product"}],"about":[{"href":"https:\/\/www.lebeipackaging.com\/fr\/wp-json\/wp\/v2\/types\/product"}],"replies":[{"embeddable":true,"href":"https:\/\/www.lebeipackaging.com\/fr\/wp-json\/wp\/v2\/comments?post=1695"}],"wp:featuredmedia":[{"embeddable":true,"href":"https:\/\/www.lebeipackaging.com\/fr\/wp-json\/wp\/v2\/media\/1696"}],"wp:attachment":[{"href":"https:\/\/www.lebeipackaging.com\/fr\/wp-json\/wp\/v2\/media?parent=1695"}],"wp:term":[{"taxonomy":"application","embeddable":true,"href":"https:\/\/www.lebeipackaging.com\/fr\/wp-json\/wp\/v2\/application?post=1695"},{"taxonomy":"product_brand","embeddable":true,"href":"https:\/\/www.lebeipackaging.com\/fr\/wp-json\/wp\/v2\/product_brand?post=1695"},{"taxonomy":"product_cat","embeddable":true,"href":"https:\/\/www.lebeipackaging.com\/fr\/wp-json\/wp\/v2\/product_cat?post=1695"},{"taxonomy":"product_tag","embeddable":true,"href":"https:\/\/www.lebeipackaging.com\/fr\/wp-json\/wp\/v2\/product_tag?post=1695"}],"curies":[{"name":"wp","href":"https:\/\/api.w.org\/{rel}","templated":true}]}}