{"id":1734,"date":"2025-07-18T09:56:08","date_gmt":"2025-07-18T09:56:08","guid":{"rendered":"https:\/\/www.lebeipackaging.com\/?post_type=product&#038;p=1734"},"modified":"2025-07-18T10:16:37","modified_gmt":"2025-07-18T10:16:37","slug":"custom-printed-stand-up-pouch-fruit-packaging-bags","status":"publish","type":"product","link":"https:\/\/www.lebeipackaging.com\/fr\/product\/custom-printed-stand-up-pouch-fruit-packaging-bags\/","title":{"rendered":"Sacs d'emballage de fruits avec pochette debout imprim\u00e9e sur mesure"},"content":{"rendered":"<h2 class=\"wp-block-heading\">Caract\u00e9ristiques de la pochette imprim\u00e9e<\/h2>\n\n\n\n<div class=\"wp-block-columns is-layout-flex wp-container-core-columns-is-layout-9d6595d7 wp-block-columns-is-layout-flex\">\n<div class=\"wp-block-column is-layout-flow wp-block-column-is-layout-flow\">\n<p><strong>Impression personnalis\u00e9e<\/strong><br>Fournir des options d'impression personnalis\u00e9es compl\u00e8tes afin d'aider les marques \u00e0 afficher des effets visuels uniques et \u00e0 renforcer leur comp\u00e9titivit\u00e9 sur le march\u00e9.<\/p>\n\n\n\n<p><strong>Mat\u00e9riaux de haute qualit\u00e9<\/strong><br>Utiliser des mat\u00e9riaux de haute qualit\u00e9 et s\u00fbrs pour les aliments afin de prot\u00e9ger efficacement la fra\u00eecheur et la valeur nutritive des fruits et de prolonger leur dur\u00e9e de conservation.<\/p>\n\n\n\n<p><strong>Stockage et pr\u00e9sentation pratiques<\/strong><br>La conception verticale permet au sac d'emballage de tenir debout tout seul, ce qui \u00e9conomise de l'espace, et il est plus attrayant dans les rayons, ce qui augmente l'exposition de la marque.<\/p>\n\n\n\n<p><strong>Excellentes performances en mati\u00e8re d'\u00e9tanch\u00e9it\u00e9 et de r\u00e9sistance \u00e0 l'humidit\u00e9<\/strong><br>Une technologie de scellage unique et une conception r\u00e9sistante \u00e0 l'humidit\u00e9 pr\u00e9servent la fra\u00eecheur et la saveur originale des fruits et emp\u00eachent l'environnement ext\u00e9rieur d'affecter la qualit\u00e9 du produit.<\/p>\n\n\n\n<p><strong>Respectueux de l'environnement et durable<\/strong><br>Utiliser des mat\u00e9riaux respectueux de l'environnement, conform\u00e9ment au concept de d\u00e9veloppement durable, et r\u00e9duire la pression environnementale exerc\u00e9e par les emballages plastiques traditionnels.<\/p>\n\n\n\n<p><strong>Application multifonctionnelle<\/strong><br>Convient \u00e0 l'emballage de divers fruits et l\u00e9gumes, tels que les fruits coup\u00e9s, les fruits secs, les fruits lyophilis\u00e9s, etc., pour r\u00e9pondre aux diff\u00e9rents besoins du march\u00e9.<\/p>\n<\/div>\n\n\n\n<div class=\"wp-block-column is-layout-flow wp-block-column-is-layout-flow\">\n<figure class=\"wp-block-image size-full\"><img decoding=\"async\" width=\"640\" height=\"640\" src=\"https:\/\/www.lebeipackaging.com\/wp-content\/uploads\/2025\/07\/Custom-Printed-Stand-Up-Pouch-Fruit-Packaging-Bags13.webp\" alt=\"Sacs d&#039;emballage pour fruits imprim\u00e9s sur mesure13\" class=\"wp-image-1737\" srcset=\"https:\/\/www.lebeipackaging.com\/wp-content\/uploads\/2025\/07\/Custom-Printed-Stand-Up-Pouch-Fruit-Packaging-Bags13.webp 640w, https:\/\/www.lebeipackaging.com\/wp-content\/uploads\/2025\/07\/Custom-Printed-Stand-Up-Pouch-Fruit-Packaging-Bags13-300x300.webp 300w, https:\/\/www.lebeipackaging.com\/wp-content\/uploads\/2025\/07\/Custom-Printed-Stand-Up-Pouch-Fruit-Packaging-Bags13-150x150.webp 150w, https:\/\/www.lebeipackaging.com\/wp-content\/uploads\/2025\/07\/Custom-Printed-Stand-Up-Pouch-Fruit-Packaging-Bags13-12x12.webp 12w, https:\/\/www.lebeipackaging.com\/wp-content\/uploads\/2025\/07\/Custom-Printed-Stand-Up-Pouch-Fruit-Packaging-Bags13-600x600.webp 600w, https:\/\/www.lebeipackaging.com\/wp-content\/uploads\/2025\/07\/Custom-Printed-Stand-Up-Pouch-Fruit-Packaging-Bags13-100x100.webp 100w\" sizes=\"(max-width: 640px) 100vw, 640px\" \/><\/figure>\n<\/div>\n<\/div>\n\n\n\n<p><\/p>","protected":false},"excerpt":{"rendered":"<div class=\"text-base my-auto mx-auto pb-10 [--thread-content-margin:--spacing(4)] @[37rem]:[--thread-content-margin:--spacing(6)] @[72rem]:[--thread-content-margin:--spacing(16)] px-(--thread-content-margin)\">\n<div class=\"[--thread-content-max-width:32rem] @[34rem]:[--thread-content-max-width:40rem] @[64rem]:[--thread-content-max-width:48rem] mx-auto flex max-w-(--thread-content-max-width) flex-1 text-base gap-4 md:gap-5 lg:gap-6 group\/turn-messages focus-visible:outline-hidden\" tabindex=\"-1\">\n<div class=\"group\/conversation-turn relative flex w-full min-w-0 flex-col agent-turn\">\n<div class=\"relative flex-col gap-1 md:gap-3\">\n<div class=\"flex max-w-full flex-col grow\">\n<div class=\"min-h-8 text-message relative flex w-full flex-col items-end gap-2 text-start break-words whitespace-normal [.text-message+&amp;]:mt-5\" dir=\"auto\" data-message-author-role=\"assistant\" data-message-id=\"bdab5292-55e1-4cb2-b5b6-c67e6b0f6f11\" data-message-model-slug=\"gpt-4o\">\n<div class=\"flex w-full flex-col gap-1 empty:hidden first:pt-[3px]\">\n<div class=\"markdown prose dark:prose-invert w-full break-words light\">\n<p data-start=\"0\" data-end=\"222\" data-is-last-node=\"\" data-is-only-node=\"\">Custom printed stand up pouch fruit packaging bags offer customizable branding with a space-saving, stand-up design. These pouches keep fruits fresh and protected, providing a sleek and eco-friendly packaging solution.<\/p>\n<\/div>\n<\/div>\n<\/div>\n<\/div>\n<\/div>\n<\/div>\n<\/div>\n<\/div>\n<table style=\"border-collapse: collapse; width: 534px; height: 439px;\" border=\"0\" width=\"293\" cellspacing=\"0\" cellpadding=\"0\">\n<tbody>\n<tr style=\"height: 17.00pt;\">\n<td class=\"et2\" style=\"height: 17.00pt; width: 102.45pt;\" width=\"102\" height=\"17\">Manufacturer<\/td>\n<td class=\"et2\" style=\"width: 190.80pt;\" width=\"190\">Lebei<\/td>\n<\/tr>\n<tr style=\"height: 35.00pt;\">\n<td class=\"et2\" style=\"height: 35.00pt; width: 102.45pt;\" width=\"102\" height=\"35\">Pouch Types<\/td>\n<td class=\"et3\" style=\"width: 190.80pt;\" width=\"190\">Stand Up Pouch<\/td>\n<\/tr>\n<tr style=\"height: 35.00pt;\">\n<td class=\"et2\" style=\"height: 35.00pt; width: 102.45pt;\" width=\"102\" height=\"35\">Material<\/td>\n<td class=\"et3\" style=\"width: 190.80pt;\" width=\"190\">Matt Bopp\/PET\/PE or customized<\/td>\n<\/tr>\n<tr style=\"height: 35.00pt;\">\n<td class=\"et2\" style=\"height: 35.00pt; width: 102.45pt;\" width=\"102\" height=\"35\">Special Feature<\/td>\n<td class=\"et3\" style=\"width: 190.80pt;\" width=\"190\">Moisture Proof, Zipper Top, Tear Notch, Stand Up Bottom<\/td>\n<\/tr>\n<tr style=\"height: 35.00pt;\">\n<td class=\"et2\" style=\"height: 35.00pt; width: 102.45pt;\" width=\"102\" height=\"35\">Surface Handling<\/td>\n<td class=\"et3\" style=\"width: 190.80pt;\" width=\"190\">Gravure Printing<\/td>\n<\/tr>\n<tr style=\"height: 35.00pt;\">\n<td class=\"et2\" style=\"height: 35.00pt; width: 102.45pt;\" width=\"102\" height=\"35\">Color<\/td>\n<td class=\"et3\" style=\"width: 190.80pt;\" width=\"190\">\bCustomizable<\/td>\n<\/tr>\n<tr style=\"height: 35.00pt;\">\n<td class=\"et2\" style=\"height: 35.00pt; width: 102.45pt;\" width=\"102\" height=\"35\">Usage<\/td>\n<td class=\"et3\" style=\"width: 190.80pt;\" width=\"190\">Fruit, Dried Fruit<\/td>\n<\/tr>\n<tr style=\"height: 35.00pt;\">\n<td class=\"et2\" style=\"height: 35.00pt; width: 102.45pt;\" width=\"102\" height=\"35\">MOQ<\/td>\n<td class=\"et3\" style=\"width: 190.80pt;\" width=\"190\">Customized Pouch: 10,000 pcs (Recommend 30,000+ for better price)<\/td>\n<\/tr>\n<tr style=\"height: 35.00pt;\">\n<td class=\"et2\" style=\"height: 35.00pt; width: 102.45pt;\" width=\"102\" height=\"35\">Custom Order<\/td>\n<td class=\"et3\" style=\"width: 190.80pt;\" width=\"190\">Accept OEM &amp; ODM, Support Free Sample<\/td>\n<\/tr>\n<\/tbody>\n<\/table>\n","protected":false},"featured_media":1735,"comment_status":"closed","ping_status":"closed","template":"","meta":{"_acf_changed":false},"application":[],"product_brand":[],"product_cat":[41],"product_tag":[],"class_list":{"0":"post-1734","1":"product","2":"type-product","3":"status-publish","4":"has-post-thumbnail","6":"product_cat-stand-up-pouch-manufacturer","8":"first","9":"instock","10":"shipping-taxable","11":"product-type-simple"},"acf":[],"_links":{"self":[{"href":"https:\/\/www.lebeipackaging.com\/fr\/wp-json\/wp\/v2\/product\/1734","targetHints":{"allow":["GET"]}}],"collection":[{"href":"https:\/\/www.lebeipackaging.com\/fr\/wp-json\/wp\/v2\/product"}],"about":[{"href":"https:\/\/www.lebeipackaging.com\/fr\/wp-json\/wp\/v2\/types\/product"}],"replies":[{"embeddable":true,"href":"https:\/\/www.lebeipackaging.com\/fr\/wp-json\/wp\/v2\/comments?post=1734"}],"wp:featuredmedia":[{"embeddable":true,"href":"https:\/\/www.lebeipackaging.com\/fr\/wp-json\/wp\/v2\/media\/1735"}],"wp:attachment":[{"href":"https:\/\/www.lebeipackaging.com\/fr\/wp-json\/wp\/v2\/media?parent=1734"}],"wp:term":[{"taxonomy":"application","embeddable":true,"href":"https:\/\/www.lebeipackaging.com\/fr\/wp-json\/wp\/v2\/application?post=1734"},{"taxonomy":"product_brand","embeddable":true,"href":"https:\/\/www.lebeipackaging.com\/fr\/wp-json\/wp\/v2\/product_brand?post=1734"},{"taxonomy":"product_cat","embeddable":true,"href":"https:\/\/www.lebeipackaging.com\/fr\/wp-json\/wp\/v2\/product_cat?post=1734"},{"taxonomy":"product_tag","embeddable":true,"href":"https:\/\/www.lebeipackaging.com\/fr\/wp-json\/wp\/v2\/product_tag?post=1734"}],"curies":[{"name":"wp","href":"https:\/\/api.w.org\/{rel}","templated":true}]}}