{"id":1754,"date":"2025-08-01T08:21:41","date_gmt":"2025-08-01T08:21:41","guid":{"rendered":"https:\/\/www.lebeipackaging.com\/?post_type=product&#038;p=1754"},"modified":"2025-08-01T08:33:00","modified_gmt":"2025-08-01T08:33:00","slug":"custom-printed-stand-up-pouches-food-grade-packaging-bag","status":"publish","type":"product","link":"https:\/\/www.lebeipackaging.com\/fr\/product\/custom-printed-stand-up-pouches-food-grade-packaging-bag\/","title":{"rendered":"Pochettes imprim\u00e9es sur mesure pour l'emballage de produits alimentaires"},"content":{"rendered":"<h2 class=\"wp-block-heading\">Caract\u00e9ristiques des pochettes imprim\u00e9es sur mesure<\/h2>\n\n\n\n<div class=\"wp-block-columns is-layout-flex wp-container-core-columns-is-layout-9d6595d7 wp-block-columns-is-layout-flex\">\n<div class=\"wp-block-column is-layout-flow wp-block-column-is-layout-flow\">\n<p><strong>Qualit\u00e9 alimentaire<\/strong>\uff1a Fabriqu\u00e9 \u00e0 partir de mat\u00e9riaux de premi\u00e8re qualit\u00e9 et s\u00fbrs pour les aliments, il garantit la fra\u00eecheur et la protection de vos produits.<\/p>\n\n\n\n<p><strong>Impression personnalisable<\/strong>\uff1a Options de conception enti\u00e8rement personnalisables pour les marques, les logos et les graphiques uniques afin que votre emballage se d\u00e9marque.<\/p>\n\n\n\n<p><strong>Durable et protecteur<\/strong>\uff1a Les pochettes \u00e0 fond plat sont solides, r\u00e9sistantes \u00e0 la d\u00e9chirure et offrent une protection sup\u00e9rieure contre l'humidit\u00e9, l'air et la lumi\u00e8re.<\/p>\n\n\n\n<p><strong>Conception pratique de l'appareil en position debout<\/strong>\uff1a Con\u00e7u pour se tenir debout afin de faciliter le stockage, la pr\u00e9sentation et l'utilisation, et d'optimiser l'espace sur l'\u00e9tag\u00e8re.<\/p>\n\n\n\n<p><strong>Options \u00e9cologiques<\/strong> \uff1a Disponible dans des mat\u00e9riaux recyclables et respectueux de l'environnement, offrant une solution d'emballage durable.<\/p>\n\n\n\n<p><strong>Utilisation polyvalente<\/strong>\uff1a Parfait pour une large gamme de produits, y compris les snacks, le caf\u00e9, les \u00e9pices, et plus encore, avec une fermeture s\u00e9curis\u00e9e pour maintenir la fra\u00eecheur.<br><\/p>\n<\/div>\n\n\n\n<div class=\"wp-block-column is-layout-flow wp-block-column-is-layout-flow\">\n<figure class=\"wp-block-image size-full\"><img decoding=\"async\" width=\"640\" height=\"640\" src=\"https:\/\/www.lebeipackaging.com\/wp-content\/uploads\/2025\/08\/Custom-Printed-Stand-Up-Pouches3.webp\" alt=\"Pochettes imprim\u00e9es personnalis\u00e9es3\" class=\"wp-image-1757\" srcset=\"https:\/\/www.lebeipackaging.com\/wp-content\/uploads\/2025\/08\/Custom-Printed-Stand-Up-Pouches3.webp 640w, https:\/\/www.lebeipackaging.com\/wp-content\/uploads\/2025\/08\/Custom-Printed-Stand-Up-Pouches3-300x300.webp 300w, https:\/\/www.lebeipackaging.com\/wp-content\/uploads\/2025\/08\/Custom-Printed-Stand-Up-Pouches3-150x150.webp 150w, https:\/\/www.lebeipackaging.com\/wp-content\/uploads\/2025\/08\/Custom-Printed-Stand-Up-Pouches3-12x12.webp 12w, https:\/\/www.lebeipackaging.com\/wp-content\/uploads\/2025\/08\/Custom-Printed-Stand-Up-Pouches3-600x600.webp 600w, https:\/\/www.lebeipackaging.com\/wp-content\/uploads\/2025\/08\/Custom-Printed-Stand-Up-Pouches3-100x100.webp 100w\" sizes=\"(max-width: 640px) 100vw, 640px\" \/><\/figure>\n<\/div>\n<\/div>","protected":false},"excerpt":{"rendered":"<p>Pochettes imprim\u00e9es personnalis\u00e9es - sacs d'emballage de qualit\u00e9 alimentaire, durables et personnalisables. Id\u00e9ales pour les snacks, le caf\u00e9 et bien d'autres choses encore, ces pochettes se tiennent debout pour faciliter le stockage et la pr\u00e9sentation.<\/p>\n<table style=\"border-collapse: collapse; width: 534px; height: 439px;\" border=\"0\" width=\"293\" cellspacing=\"0\" cellpadding=\"0\">\n<tbody>\n<tr style=\"height: 17.00pt;\">\n<td class=\"et2\" style=\"height: 17.00pt; width: 102.45pt;\" width=\"102\" height=\"17\">Fabricant<\/td>\n<td class=\"et2\" style=\"width: 190.80pt;\" width=\"190\">Lebei<\/td>\n<\/tr>\n<tr style=\"height: 35.00pt;\">\n<td class=\"et2\" style=\"height: 35.00pt; width: 102.45pt;\" width=\"102\" height=\"35\">Types de pochettes<\/td>\n<td class=\"et3\" style=\"width: 190.80pt;\" width=\"190\">Stand Up Pouch<\/td>\n<\/tr>\n<tr style=\"height: 35.00pt;\">\n<td class=\"et2\" style=\"height: 35.00pt; width: 102.45pt;\" width=\"102\" height=\"35\">Mat\u00e9riau<\/td>\n<td class=\"et3\" style=\"width: 190.80pt;\" width=\"190\">Bopp mat\/ papier kraft\/PET\/PE ou personnalis\u00e9<\/td>\n<\/tr>\n<tr style=\"height: 35.00pt;\">\n<td class=\"et2\" style=\"height: 35.00pt; width: 102.45pt;\" width=\"102\" height=\"35\">Dossier sp\u00e9cial<\/td>\n<td class=\"et3\" style=\"width: 190.80pt;\" width=\"190\">Imperm\u00e9able \u00e0 l'humidit\u00e9, fermeture \u00e0 glissi\u00e8re sur le dessus, encoche de d\u00e9chirure, fond debout<\/td>\n<\/tr>\n<tr style=\"height: 35.00pt;\">\n<td class=\"et2\" style=\"height: 35.00pt; width: 102.45pt;\" width=\"102\" height=\"35\">Manipulation de surface<\/td>\n<td class=\"et3\" style=\"width: 190.80pt;\" width=\"190\">Impression en h\u00e9liogravure<\/td>\n<\/tr>\n<tr style=\"height: 35.00pt;\">\n<td class=\"et2\" style=\"height: 35.00pt; width: 102.45pt;\" width=\"102\" height=\"35\">Couleur<\/td>\n<td class=\"et3\" style=\"width: 190.80pt;\" width=\"190\">Bleu (personnalisable)<\/td>\n<\/tr>\n<tr style=\"height: 35.00pt;\">\n<td class=\"et2\" style=\"height: 35.00pt; width: 102.45pt;\" width=\"102\" height=\"35\">Utilisation<\/td>\n<td class=\"et3\" style=\"width: 190.80pt;\" width=\"190\">\u00a0des en-cas, des noix, etc.<\/td>\n<\/tr>\n<tr style=\"height: 35.00pt;\">\n<td class=\"et2\" style=\"height: 35.00pt; width: 102.45pt;\" width=\"102\" height=\"35\">MOQ<\/td>\n<td class=\"et3\" style=\"width: 190.80pt;\" width=\"190\">Pochette personnalis\u00e9e : 10 000 pi\u00e8ces (recommander 30 000+ pour un meilleur prix)<\/td>\n<\/tr>\n<tr style=\"height: 35.00pt;\">\n<td class=\"et2\" style=\"height: 35.00pt; width: 102.45pt;\" width=\"102\" height=\"35\">Commande personnalis\u00e9e<\/td>\n<td class=\"et3\" style=\"width: 190.80pt;\" width=\"190\">Acceptation de l'OEM et de l'ODM, prise en charge de l'\u00e9chantillonnage gratuit<\/td>\n<\/tr>\n<\/tbody>\n<\/table>","protected":false},"featured_media":1755,"comment_status":"closed","ping_status":"closed","template":"","meta":{"_acf_changed":false},"application":[],"product_brand":[],"product_cat":[41],"product_tag":[],"class_list":{"0":"post-1754","1":"product","2":"type-product","3":"status-publish","4":"has-post-thumbnail","6":"product_cat-stand-up-pouch-manufacturer","8":"first","9":"instock","10":"shipping-taxable","11":"product-type-simple"},"acf":[],"_links":{"self":[{"href":"https:\/\/www.lebeipackaging.com\/fr\/wp-json\/wp\/v2\/product\/1754","targetHints":{"allow":["GET"]}}],"collection":[{"href":"https:\/\/www.lebeipackaging.com\/fr\/wp-json\/wp\/v2\/product"}],"about":[{"href":"https:\/\/www.lebeipackaging.com\/fr\/wp-json\/wp\/v2\/types\/product"}],"replies":[{"embeddable":true,"href":"https:\/\/www.lebeipackaging.com\/fr\/wp-json\/wp\/v2\/comments?post=1754"}],"wp:featuredmedia":[{"embeddable":true,"href":"https:\/\/www.lebeipackaging.com\/fr\/wp-json\/wp\/v2\/media\/1755"}],"wp:attachment":[{"href":"https:\/\/www.lebeipackaging.com\/fr\/wp-json\/wp\/v2\/media?parent=1754"}],"wp:term":[{"taxonomy":"application","embeddable":true,"href":"https:\/\/www.lebeipackaging.com\/fr\/wp-json\/wp\/v2\/application?post=1754"},{"taxonomy":"product_brand","embeddable":true,"href":"https:\/\/www.lebeipackaging.com\/fr\/wp-json\/wp\/v2\/product_brand?post=1754"},{"taxonomy":"product_cat","embeddable":true,"href":"https:\/\/www.lebeipackaging.com\/fr\/wp-json\/wp\/v2\/product_cat?post=1754"},{"taxonomy":"product_tag","embeddable":true,"href":"https:\/\/www.lebeipackaging.com\/fr\/wp-json\/wp\/v2\/product_tag?post=1754"}],"curies":[{"name":"wp","href":"https:\/\/api.w.org\/{rel}","templated":true}]}}