{"id":1779,"date":"2025-08-01T09:13:27","date_gmt":"2025-08-01T09:13:27","guid":{"rendered":"https:\/\/www.lebeipackaging.com\/?post_type=product&#038;p=1779"},"modified":"2025-08-01T09:26:31","modified_gmt":"2025-08-01T09:26:31","slug":"custom-stand-up-pouch-kraft-paper-bag-with-window","status":"publish","type":"product","link":"https:\/\/www.lebeipackaging.com\/fr\/product\/custom-stand-up-pouch-kraft-paper-bag-with-window\/","title":{"rendered":"Sac en papier kraft avec fen\u00eatre pour Stand up Pouch personnalis\u00e9"},"content":{"rendered":"<h2 class=\"wp-block-heading\">Caract\u00e9ristiques du sac en papier kraft Custom Stand up Pouch <\/h2>\n\n\n\n<div class=\"wp-block-columns is-layout-flex wp-container-core-columns-is-layout-9d6595d7 wp-block-columns-is-layout-flex\">\n<div class=\"wp-block-column is-layout-flow wp-block-column-is-layout-flow\">\n<p><strong>Papier kraft \u00e9cologique<\/strong> - Fabriqu\u00e9 \u00e0 partir de papier kraft durable et recyclable, il constitue une option d'emballage respectueuse de l'environnement.<\/p>\n\n\n\n<p><strong>Fen\u00eatre transparente pour une meilleure visibilit\u00e9<\/strong> - La fen\u00eatre transparente permet aux clients de voir le contenu, ce qui renforce l'attrait du produit et la confiance.<\/p>\n\n\n\n<p><strong>Durable et sans danger pour les aliments<\/strong> - Fabriqu\u00e9 \u00e0 partir de mat\u00e9riaux de haute qualit\u00e9, de type alimentaire, pour garantir la fra\u00eecheur et la s\u00e9curit\u00e9 de vos produits.<\/p>\n\n\n\n<p><strong>Conception de stand-up<\/strong> - La conception de la pochette qui tient debout lui conf\u00e8re une grande stabilit\u00e9, ce qui permet de la pr\u00e9senter et de la ranger facilement sur les \u00e9tag\u00e8res.<\/p>\n\n\n\n<p><strong>Marque personnalisable<\/strong> - Enti\u00e8rement personnalisable pour les logos, les \u00e9tiquettes et les graphiques, il est facile de mettre en valeur votre marque et d'attirer l'attention.<\/p>\n\n\n\n<p><strong>Fermeture herm\u00e9tique<\/strong> - Le couvercle refermable permet de conserver la fra\u00eecheur de vos produits, ce qui est pratique et prolonge la dur\u00e9e de conservation.<br><\/p>\n<\/div>\n\n\n\n<div class=\"wp-block-column is-layout-flow wp-block-column-is-layout-flow\">\n<figure class=\"wp-block-image size-full\"><img decoding=\"async\" width=\"640\" height=\"640\" src=\"https:\/\/www.lebeipackaging.com\/wp-content\/uploads\/2025\/08\/Custom-Stand-up-Pouch-Kraft-Paper-Bag-with-Window4.webp\" alt=\"Sac en papier kraft avec fen\u00eatre4\" class=\"wp-image-1783\" srcset=\"https:\/\/www.lebeipackaging.com\/wp-content\/uploads\/2025\/08\/Custom-Stand-up-Pouch-Kraft-Paper-Bag-with-Window4.webp 640w, https:\/\/www.lebeipackaging.com\/wp-content\/uploads\/2025\/08\/Custom-Stand-up-Pouch-Kraft-Paper-Bag-with-Window4-300x300.webp 300w, https:\/\/www.lebeipackaging.com\/wp-content\/uploads\/2025\/08\/Custom-Stand-up-Pouch-Kraft-Paper-Bag-with-Window4-150x150.webp 150w, https:\/\/www.lebeipackaging.com\/wp-content\/uploads\/2025\/08\/Custom-Stand-up-Pouch-Kraft-Paper-Bag-with-Window4-12x12.webp 12w, https:\/\/www.lebeipackaging.com\/wp-content\/uploads\/2025\/08\/Custom-Stand-up-Pouch-Kraft-Paper-Bag-with-Window4-600x600.webp 600w, https:\/\/www.lebeipackaging.com\/wp-content\/uploads\/2025\/08\/Custom-Stand-up-Pouch-Kraft-Paper-Bag-with-Window4-100x100.webp 100w\" sizes=\"(max-width: 640px) 100vw, 640px\" \/><\/figure>\n<\/div>\n<\/div>","protected":false},"excerpt":{"rendered":"<p>Sac en papier kraft avec fen\u00eatre - Emballage \u00e9cologique et durable avec une fen\u00eatre transparente pour une meilleure visibilit\u00e9 du produit. Fabriqu\u00e9 en papier kraft de haute qualit\u00e9, ce sachet refermable est parfait pour les produits alimentaires tels que les snacks, les noix et autres. Personnalisable avec le design de votre marque, il est \u00e0 la fois fonctionnel et attrayant.<\/p>\n<table style=\"border-collapse: collapse; width: 534px; height: 439px;\" border=\"0\" width=\"293\" cellspacing=\"0\" cellpadding=\"0\">\n<tbody>\n<tr style=\"height: 17.00pt;\">\n<td class=\"et2\" style=\"height: 17.00pt; width: 102.45pt;\" width=\"102\" height=\"17\">Fabricant<\/td>\n<td class=\"et2\" style=\"width: 190.80pt;\" width=\"190\">Lebei<\/td>\n<\/tr>\n<tr style=\"height: 35.00pt;\">\n<td class=\"et2\" style=\"height: 35.00pt; width: 102.45pt;\" width=\"102\" height=\"35\">Types de pochettes<\/td>\n<td class=\"et3\" style=\"width: 190.80pt;\" width=\"190\">Stand Up Pouch<\/td>\n<\/tr>\n<tr style=\"height: 35.00pt;\">\n<td class=\"et2\" style=\"height: 35.00pt; width: 102.45pt;\" width=\"102\" height=\"35\">Mat\u00e9riau<\/td>\n<td class=\"et3\" style=\"width: 190.80pt;\" width=\"190\">Bopp mat\/ papier kraft\/PET\/PE ou personnalis\u00e9<\/td>\n<\/tr>\n<tr style=\"height: 35.00pt;\">\n<td class=\"et2\" style=\"height: 35.00pt; width: 102.45pt;\" width=\"102\" height=\"35\">Dossier sp\u00e9cial<\/td>\n<td class=\"et3\" style=\"width: 190.80pt;\" width=\"190\">Imperm\u00e9able \u00e0 l'humidit\u00e9, fermeture \u00e0 glissi\u00e8re sur le dessus, encoche de d\u00e9chirure, fond debout<\/td>\n<\/tr>\n<tr style=\"height: 35.00pt;\">\n<td class=\"et2\" style=\"height: 35.00pt; width: 102.45pt;\" width=\"102\" height=\"35\">Manipulation de surface<\/td>\n<td class=\"et3\" style=\"width: 190.80pt;\" width=\"190\">Impression en h\u00e9liogravure<\/td>\n<\/tr>\n<tr style=\"height: 35.00pt;\">\n<td class=\"et2\" style=\"height: 35.00pt; width: 102.45pt;\" width=\"102\" height=\"35\">Couleur<\/td>\n<td class=\"et3\" style=\"width: 190.80pt;\" width=\"190\">Or\/Noir (personnalisable)<\/td>\n<\/tr>\n<tr style=\"height: 35.00pt;\">\n<td class=\"et2\" style=\"height: 35.00pt; width: 102.45pt;\" width=\"102\" height=\"35\">Utilisation<\/td>\n<td class=\"et3\" style=\"width: 190.80pt;\" width=\"190\">aliments noix th\u00e9 caf\u00e9 riz bonbons emballage<\/td>\n<\/tr>\n<tr style=\"height: 35.00pt;\">\n<td class=\"et2\" style=\"height: 35.00pt; width: 102.45pt;\" width=\"102\" height=\"35\">MOQ<\/td>\n<td class=\"et3\" style=\"width: 190.80pt;\" width=\"190\">Pochette personnalis\u00e9e : 10 000 pi\u00e8ces (recommander 30 000+ pour un meilleur prix)<\/td>\n<\/tr>\n<tr style=\"height: 35.00pt;\">\n<td class=\"et2\" style=\"height: 35.00pt; width: 102.45pt;\" width=\"102\" height=\"35\">Commande personnalis\u00e9e<\/td>\n<td class=\"et3\" style=\"width: 190.80pt;\" width=\"190\">Acceptation de l'OEM et de l'ODM, prise en charge de l'\u00e9chantillonnage gratuit<\/td>\n<\/tr>\n<\/tbody>\n<\/table>","protected":false},"featured_media":1780,"comment_status":"closed","ping_status":"closed","template":"","meta":{"_acf_changed":false},"application":[],"product_brand":[],"product_cat":[41],"product_tag":[],"class_list":{"0":"post-1779","1":"product","2":"type-product","3":"status-publish","4":"has-post-thumbnail","6":"product_cat-stand-up-pouch-manufacturer","8":"first","9":"instock","10":"shipping-taxable","11":"product-type-simple"},"acf":[],"_links":{"self":[{"href":"https:\/\/www.lebeipackaging.com\/fr\/wp-json\/wp\/v2\/product\/1779","targetHints":{"allow":["GET"]}}],"collection":[{"href":"https:\/\/www.lebeipackaging.com\/fr\/wp-json\/wp\/v2\/product"}],"about":[{"href":"https:\/\/www.lebeipackaging.com\/fr\/wp-json\/wp\/v2\/types\/product"}],"replies":[{"embeddable":true,"href":"https:\/\/www.lebeipackaging.com\/fr\/wp-json\/wp\/v2\/comments?post=1779"}],"wp:featuredmedia":[{"embeddable":true,"href":"https:\/\/www.lebeipackaging.com\/fr\/wp-json\/wp\/v2\/media\/1780"}],"wp:attachment":[{"href":"https:\/\/www.lebeipackaging.com\/fr\/wp-json\/wp\/v2\/media?parent=1779"}],"wp:term":[{"taxonomy":"application","embeddable":true,"href":"https:\/\/www.lebeipackaging.com\/fr\/wp-json\/wp\/v2\/application?post=1779"},{"taxonomy":"product_brand","embeddable":true,"href":"https:\/\/www.lebeipackaging.com\/fr\/wp-json\/wp\/v2\/product_brand?post=1779"},{"taxonomy":"product_cat","embeddable":true,"href":"https:\/\/www.lebeipackaging.com\/fr\/wp-json\/wp\/v2\/product_cat?post=1779"},{"taxonomy":"product_tag","embeddable":true,"href":"https:\/\/www.lebeipackaging.com\/fr\/wp-json\/wp\/v2\/product_tag?post=1779"}],"curies":[{"name":"wp","href":"https:\/\/api.w.org\/{rel}","templated":true}]}}