{"id":1787,"date":"2025-08-01T09:48:32","date_gmt":"2025-08-01T09:48:32","guid":{"rendered":"https:\/\/www.lebeipackaging.com\/?post_type=product&#038;p=1787"},"modified":"2025-08-01T09:54:32","modified_gmt":"2025-08-01T09:54:32","slug":"custom-printing-stand-up-pouches-for-food","status":"publish","type":"product","link":"https:\/\/www.lebeipackaging.com\/fr\/product\/custom-printing-stand-up-pouches-for-food\/","title":{"rendered":"Impression personnalis\u00e9e de sachets pour aliments"},"content":{"rendered":"<h2 class=\"wp-block-heading\">Caract\u00e9ristiques de l'impression personnalis\u00e9e des pochettes de rangement<\/h2>\n\n\n\n<div class=\"wp-block-columns is-layout-flex wp-container-core-columns-is-layout-9d6595d7 wp-block-columns-is-layout-flex\">\n<div class=\"wp-block-column is-layout-flow wp-block-column-is-layout-flow\">\n<p><strong>Options d'impression personnalis\u00e9e<\/strong> - Enti\u00e8rement personnalisable avec le logo, le design et les graphiques de votre marque pour am\u00e9liorer la visibilit\u00e9 et attirer les clients.<\/p>\n\n\n\n<p><strong>Mat\u00e9riel de s\u00e9curit\u00e9 alimentaire<\/strong> - Fabriqu\u00e9 \u00e0 partir de mat\u00e9riaux de haute qualit\u00e9, de qualit\u00e9 alimentaire, pour garantir la s\u00e9curit\u00e9 et la fra\u00eecheur de vos produits.<\/p>\n\n\n\n<p><strong>Conception de stand-up<\/strong> - La fonction \"stand-up\" pratique assure la stabilit\u00e9, ce qui facilite le stockage et la pr\u00e9sentation sur les \u00e9tag\u00e8res ou les comptoirs.<\/p>\n\n\n\n<p><strong>Fermeture herm\u00e9tique<\/strong> - Le couvercle refermable pr\u00e9serve la fra\u00eecheur et prolonge la dur\u00e9e de conservation, ce qui est tr\u00e8s pratique pour les consommateurs.<\/p>\n\n\n\n<p><strong>Durable et flexible<\/strong> - L\u00e9g\u00e8res mais durables, les pochettes sont r\u00e9sistantes \u00e0 la d\u00e9chirure et offrent une protection solide contre l'humidit\u00e9 et les contaminants.<\/p>\n\n\n\n<p><strong>Options \u00e9cologiques<\/strong> - Disponibles dans des mat\u00e9riaux durables et recyclables, ils constituent un choix d'emballage respectueux de l'environnement.<\/p>\n\n\n\n<p><br><\/p>\n<\/div>\n\n\n\n<div class=\"wp-block-column is-layout-flow wp-block-column-is-layout-flow\">\n<figure class=\"wp-block-image size-full\"><img decoding=\"async\" width=\"1000\" height=\"1000\" src=\"https:\/\/www.lebeipackaging.com\/wp-content\/uploads\/2025\/08\/Custom-Printing-Stand-up-Pouches2.webp\" alt=\"Impression personnalis\u00e9e des pochettes de rangement2\" class=\"wp-image-1789\" srcset=\"https:\/\/www.lebeipackaging.com\/wp-content\/uploads\/2025\/08\/Custom-Printing-Stand-up-Pouches2.webp 1000w, https:\/\/www.lebeipackaging.com\/wp-content\/uploads\/2025\/08\/Custom-Printing-Stand-up-Pouches2-300x300.webp 300w, https:\/\/www.lebeipackaging.com\/wp-content\/uploads\/2025\/08\/Custom-Printing-Stand-up-Pouches2-150x150.webp 150w, https:\/\/www.lebeipackaging.com\/wp-content\/uploads\/2025\/08\/Custom-Printing-Stand-up-Pouches2-768x768.webp 768w, https:\/\/www.lebeipackaging.com\/wp-content\/uploads\/2025\/08\/Custom-Printing-Stand-up-Pouches2-12x12.webp 12w, https:\/\/www.lebeipackaging.com\/wp-content\/uploads\/2025\/08\/Custom-Printing-Stand-up-Pouches2-600x600.webp 600w, https:\/\/www.lebeipackaging.com\/wp-content\/uploads\/2025\/08\/Custom-Printing-Stand-up-Pouches2-100x100.webp 100w\" sizes=\"(max-width: 1000px) 100vw, 1000px\" \/><\/figure>\n<\/div>\n<\/div>\n\n\n\n<p><\/p>","protected":false},"excerpt":{"rendered":"<p>Sachets alimentaires \u00e0 impression personnalis\u00e9e - Sachets alimentaires personnalisables avec un design vertical et un couvercle refermable, parfaits pour les snacks et autres produits alimentaires. \u00c9cologiques et durables.<\/p>\n<table style=\"border-collapse: collapse; width: 534px; height: 439px;\" border=\"0\" width=\"293\" cellspacing=\"0\" cellpadding=\"0\">\n<tbody>\n<tr style=\"height: 17.00pt;\">\n<td class=\"et2\" style=\"height: 17.00pt; width: 102.45pt;\" width=\"102\" height=\"17\">Fabricant<\/td>\n<td class=\"et2\" style=\"width: 190.80pt;\" width=\"190\">Lebei<\/td>\n<\/tr>\n<tr style=\"height: 35.00pt;\">\n<td class=\"et2\" style=\"height: 35.00pt; width: 102.45pt;\" width=\"102\" height=\"35\">Types de pochettes<\/td>\n<td class=\"et3\" style=\"width: 190.80pt;\" width=\"190\">Stand Up Pouch<\/td>\n<\/tr>\n<tr style=\"height: 35.00pt;\">\n<td class=\"et2\" style=\"height: 35.00pt; width: 102.45pt;\" width=\"102\" height=\"35\">Mat\u00e9riau<\/td>\n<td class=\"et3\" style=\"width: 190.80pt;\" width=\"190\">MOPP\/VMPET\/CPP ou sur mesure<\/td>\n<\/tr>\n<tr style=\"height: 35.00pt;\">\n<td class=\"et2\" style=\"height: 35.00pt; width: 102.45pt;\" width=\"102\" height=\"35\">Dossier sp\u00e9cial<\/td>\n<td class=\"et3\" style=\"width: 190.80pt;\" width=\"190\">Imperm\u00e9able \u00e0 l'humidit\u00e9, fermeture \u00e0 glissi\u00e8re sur le dessus, encoche de d\u00e9chirure, fond debout<\/td>\n<\/tr>\n<tr style=\"height: 35.00pt;\">\n<td class=\"et2\" style=\"height: 35.00pt; width: 102.45pt;\" width=\"102\" height=\"35\">Manipulation de surface<\/td>\n<td class=\"et3\" style=\"width: 190.80pt;\" width=\"190\">Impression en h\u00e9liogravure<\/td>\n<\/tr>\n<tr style=\"height: 35.00pt;\">\n<td class=\"et2\" style=\"height: 35.00pt; width: 102.45pt;\" width=\"102\" height=\"35\">Couleur<\/td>\n<td class=\"et3\" style=\"width: 190.80pt;\" width=\"190\">Marron (personnalisable)<\/td>\n<\/tr>\n<tr style=\"height: 35.00pt;\">\n<td class=\"et2\" style=\"height: 35.00pt; width: 102.45pt;\" width=\"102\" height=\"35\">Utilisation<\/td>\n<td class=\"et3\" style=\"width: 190.80pt;\" width=\"190\">aliments noix th\u00e9 caf\u00e9 riz bonbons emballage<\/td>\n<\/tr>\n<tr style=\"height: 35.00pt;\">\n<td class=\"et2\" style=\"height: 35.00pt; width: 102.45pt;\" width=\"102\" height=\"35\">MOQ<\/td>\n<td class=\"et3\" style=\"width: 190.80pt;\" width=\"190\">Pochette personnalis\u00e9e : 10 000 pi\u00e8ces (recommander 30 000+ pour un meilleur prix)<\/td>\n<\/tr>\n<tr style=\"height: 35.00pt;\">\n<td class=\"et2\" style=\"height: 35.00pt; width: 102.45pt;\" width=\"102\" height=\"35\">Commande personnalis\u00e9e<\/td>\n<td class=\"et3\" style=\"width: 190.80pt;\" width=\"190\">Acceptation de l'OEM et de l'ODM, prise en charge de l'\u00e9chantillonnage gratuit<\/td>\n<\/tr>\n<\/tbody>\n<\/table>","protected":false},"featured_media":1790,"comment_status":"closed","ping_status":"closed","template":"","meta":{"_acf_changed":false},"application":[],"product_brand":[],"product_cat":[41],"product_tag":[],"class_list":{"0":"post-1787","1":"product","2":"type-product","3":"status-publish","4":"has-post-thumbnail","6":"product_cat-stand-up-pouch-manufacturer","8":"first","9":"instock","10":"shipping-taxable","11":"product-type-simple"},"acf":[],"_links":{"self":[{"href":"https:\/\/www.lebeipackaging.com\/fr\/wp-json\/wp\/v2\/product\/1787","targetHints":{"allow":["GET"]}}],"collection":[{"href":"https:\/\/www.lebeipackaging.com\/fr\/wp-json\/wp\/v2\/product"}],"about":[{"href":"https:\/\/www.lebeipackaging.com\/fr\/wp-json\/wp\/v2\/types\/product"}],"replies":[{"embeddable":true,"href":"https:\/\/www.lebeipackaging.com\/fr\/wp-json\/wp\/v2\/comments?post=1787"}],"wp:featuredmedia":[{"embeddable":true,"href":"https:\/\/www.lebeipackaging.com\/fr\/wp-json\/wp\/v2\/media\/1790"}],"wp:attachment":[{"href":"https:\/\/www.lebeipackaging.com\/fr\/wp-json\/wp\/v2\/media?parent=1787"}],"wp:term":[{"taxonomy":"application","embeddable":true,"href":"https:\/\/www.lebeipackaging.com\/fr\/wp-json\/wp\/v2\/application?post=1787"},{"taxonomy":"product_brand","embeddable":true,"href":"https:\/\/www.lebeipackaging.com\/fr\/wp-json\/wp\/v2\/product_brand?post=1787"},{"taxonomy":"product_cat","embeddable":true,"href":"https:\/\/www.lebeipackaging.com\/fr\/wp-json\/wp\/v2\/product_cat?post=1787"},{"taxonomy":"product_tag","embeddable":true,"href":"https:\/\/www.lebeipackaging.com\/fr\/wp-json\/wp\/v2\/product_tag?post=1787"}],"curies":[{"name":"wp","href":"https:\/\/api.w.org\/{rel}","templated":true}]}}