{"id":1792,"date":"2025-08-01T10:00:57","date_gmt":"2025-08-01T10:00:57","guid":{"rendered":"https:\/\/www.lebeipackaging.com\/?post_type=product&#038;p=1792"},"modified":"2025-08-01T10:07:59","modified_gmt":"2025-08-01T10:07:59","slug":"custom-tea-packaging-zippered-classic-style","status":"publish","type":"product","link":"https:\/\/www.lebeipackaging.com\/fr\/product\/custom-tea-packaging-zippered-classic-style\/","title":{"rendered":"Emballage de th\u00e9 personnalis\u00e9 avec fermeture \u00e0 glissi\u00e8re style classique"},"content":{"rendered":"<h2 class=\"wp-block-heading\">Caract\u00e9ristiques de l'emballage de th\u00e9 sur mesure<\/h2>\n\n\n\n<div class=\"wp-block-columns is-layout-flex wp-container-core-columns-is-layout-9d6595d7 wp-block-columns-is-layout-flex\">\n<div class=\"wp-block-column is-layout-flow wp-block-column-is-layout-flow\">\n<p><strong>Conception classique<\/strong> - Un design \u00e9l\u00e9gant et intemporel qui met en valeur la qualit\u00e9 sup\u00e9rieure de votre marque de th\u00e9.<\/p>\n\n\n\n<p><strong>Fermeture \u00e0 glissi\u00e8re<\/strong> - La fermeture \u00e0 glissi\u00e8re facilite l'ouverture et la refermeture, ce qui permet de conserver la fra\u00eecheur et l'ar\u00f4me du th\u00e9.<\/p>\n\n\n\n<p><strong>Mat\u00e9riel de s\u00e9curit\u00e9 alimentaire<\/strong> - Fabriqu\u00e9 \u00e0 partir de mat\u00e9riaux de haute qualit\u00e9, de type alimentaire, qui garantissent la s\u00e9curit\u00e9 et la qualit\u00e9 de votre th\u00e9.<\/p>\n\n\n\n<p><strong>Marque personnalisable<\/strong> - Enti\u00e8rement personnalisable pour les logos, les \u00e9tiquettes et les dessins, il est facile de mettre en valeur votre marque.<\/p>\n\n\n\n<p><strong>R\u00e9sistant \u00e0 l'humidit\u00e9<\/strong> - Prot\u00e8ge le th\u00e9 de l'humidit\u00e9, de la lumi\u00e8re et de l'air, pr\u00e9servant ainsi sa fra\u00eecheur et sa saveur.<\/p>\n\n\n\n<p><strong>Options \u00e9cologiques<\/strong> - Disponibles en mat\u00e9riaux recyclables, ils constituent une solution d'emballage respectueuse de l'environnement.<\/p>\n\n\n\n<p><\/p>\n\n\n\n<p><br><\/p>\n<\/div>\n\n\n\n<div class=\"wp-block-column is-layout-flow wp-block-column-is-layout-flow\">\n<figure class=\"wp-block-image size-full\"><img decoding=\"async\" width=\"994\" height=\"994\" src=\"https:\/\/www.lebeipackaging.com\/wp-content\/uploads\/2025\/08\/Custom-Tea-Packaging1.webp\" alt=\"Emballage de th\u00e9 personnalis\u00e91\" class=\"wp-image-1793\" srcset=\"https:\/\/www.lebeipackaging.com\/wp-content\/uploads\/2025\/08\/Custom-Tea-Packaging1.webp 994w, https:\/\/www.lebeipackaging.com\/wp-content\/uploads\/2025\/08\/Custom-Tea-Packaging1-300x300.webp 300w, https:\/\/www.lebeipackaging.com\/wp-content\/uploads\/2025\/08\/Custom-Tea-Packaging1-150x150.webp 150w, https:\/\/www.lebeipackaging.com\/wp-content\/uploads\/2025\/08\/Custom-Tea-Packaging1-768x768.webp 768w, https:\/\/www.lebeipackaging.com\/wp-content\/uploads\/2025\/08\/Custom-Tea-Packaging1-12x12.webp 12w, https:\/\/www.lebeipackaging.com\/wp-content\/uploads\/2025\/08\/Custom-Tea-Packaging1-600x600.webp 600w, https:\/\/www.lebeipackaging.com\/wp-content\/uploads\/2025\/08\/Custom-Tea-Packaging1-100x100.webp 100w\" sizes=\"(max-width: 994px) 100vw, 994px\" \/><\/figure>\n<\/div>\n<\/div>\n\n\n\n<p><\/p>","protected":false},"excerpt":{"rendered":"<p>Emballage de th\u00e9 personnalis\u00e9 avec fermeture \u00e0 glissi\u00e8re de style classique - Emballage de qualit\u00e9 sup\u00e9rieure personnalisable avec fermeture \u00e0 glissi\u00e8re s\u00e9curis\u00e9e pour conserver la fra\u00eecheur du th\u00e9. Fabriqu\u00e9 \u00e0 partir de mat\u00e9riaux s\u00fbrs pour les aliments et r\u00e9sistants \u00e0 l'humidit\u00e9, ce design classique garantit la durabilit\u00e9 tout en mettant \u00e9l\u00e9gamment en valeur votre marque.<\/p>\n<table style=\"border-collapse: collapse; width: 534px; height: 439px;\" border=\"0\" width=\"293\" cellspacing=\"0\" cellpadding=\"0\">\n<tbody>\n<tr style=\"height: 17.00pt;\">\n<td class=\"et2\" style=\"height: 17.00pt; width: 102.45pt;\" width=\"102\" height=\"17\">Fabricant<\/td>\n<td class=\"et2\" style=\"width: 190.80pt;\" width=\"190\">Lebei<\/td>\n<\/tr>\n<tr style=\"height: 35.00pt;\">\n<td class=\"et2\" style=\"height: 35.00pt; width: 102.45pt;\" width=\"102\" height=\"35\">Types de pochettes<\/td>\n<td class=\"et3\" style=\"width: 190.80pt;\" width=\"190\">Stand Up Pouch<\/td>\n<\/tr>\n<tr style=\"height: 35.00pt;\">\n<td class=\"et2\" style=\"height: 35.00pt; width: 102.45pt;\" width=\"102\" height=\"35\">Mat\u00e9riau<\/td>\n<td class=\"et3\" style=\"width: 190.80pt;\" width=\"190\">Matt Bopp\/Papier kraft\/VMPET\/CPP<\/td>\n<\/tr>\n<tr style=\"height: 35.00pt;\">\n<td class=\"et2\" style=\"height: 35.00pt; width: 102.45pt;\" width=\"102\" height=\"35\">Dossier sp\u00e9cial<\/td>\n<td class=\"et3\" style=\"width: 190.80pt;\" width=\"190\">Imperm\u00e9able \u00e0 l'humidit\u00e9, fermeture \u00e0 glissi\u00e8re sur le dessus, encoche de d\u00e9chirure, fond debout<\/td>\n<\/tr>\n<tr style=\"height: 35.00pt;\">\n<td class=\"et2\" style=\"height: 35.00pt; width: 102.45pt;\" width=\"102\" height=\"35\">Manipulation de surface<\/td>\n<td class=\"et3\" style=\"width: 190.80pt;\" width=\"190\">Impression en h\u00e9liogravure<\/td>\n<\/tr>\n<tr style=\"height: 35.00pt;\">\n<td class=\"et2\" style=\"height: 35.00pt; width: 102.45pt;\" width=\"102\" height=\"35\">Couleur<\/td>\n<td class=\"et3\" style=\"width: 190.80pt;\" width=\"190\">Vert (personnalisable)<\/td>\n<\/tr>\n<tr style=\"height: 35.00pt;\">\n<td class=\"et2\" style=\"height: 35.00pt; width: 102.45pt;\" width=\"102\" height=\"35\">Utilisation<\/td>\n<td class=\"et3\" style=\"width: 190.80pt;\" width=\"190\">emballage du th\u00e9<\/td>\n<\/tr>\n<tr style=\"height: 35.00pt;\">\n<td class=\"et2\" style=\"height: 35.00pt; width: 102.45pt;\" width=\"102\" height=\"35\">MOQ<\/td>\n<td class=\"et3\" style=\"width: 190.80pt;\" width=\"190\">Pochette personnalis\u00e9e : 10 000 pi\u00e8ces (recommander 30 000+ pour un meilleur prix)<\/td>\n<\/tr>\n<tr style=\"height: 35.00pt;\">\n<td class=\"et2\" style=\"height: 35.00pt; width: 102.45pt;\" width=\"102\" height=\"35\">Commande personnalis\u00e9e<\/td>\n<td class=\"et3\" style=\"width: 190.80pt;\" width=\"190\">Acceptation de l'OEM et de l'ODM, prise en charge de l'\u00e9chantillonnage gratuit<\/td>\n<\/tr>\n<\/tbody>\n<\/table>","protected":false},"featured_media":1794,"comment_status":"closed","ping_status":"closed","template":"","meta":{"_acf_changed":false},"application":[],"product_brand":[],"product_cat":[41],"product_tag":[],"class_list":{"0":"post-1792","1":"product","2":"type-product","3":"status-publish","4":"has-post-thumbnail","6":"product_cat-stand-up-pouch-manufacturer","8":"first","9":"instock","10":"shipping-taxable","11":"product-type-simple"},"acf":[],"_links":{"self":[{"href":"https:\/\/www.lebeipackaging.com\/fr\/wp-json\/wp\/v2\/product\/1792","targetHints":{"allow":["GET"]}}],"collection":[{"href":"https:\/\/www.lebeipackaging.com\/fr\/wp-json\/wp\/v2\/product"}],"about":[{"href":"https:\/\/www.lebeipackaging.com\/fr\/wp-json\/wp\/v2\/types\/product"}],"replies":[{"embeddable":true,"href":"https:\/\/www.lebeipackaging.com\/fr\/wp-json\/wp\/v2\/comments?post=1792"}],"wp:featuredmedia":[{"embeddable":true,"href":"https:\/\/www.lebeipackaging.com\/fr\/wp-json\/wp\/v2\/media\/1794"}],"wp:attachment":[{"href":"https:\/\/www.lebeipackaging.com\/fr\/wp-json\/wp\/v2\/media?parent=1792"}],"wp:term":[{"taxonomy":"application","embeddable":true,"href":"https:\/\/www.lebeipackaging.com\/fr\/wp-json\/wp\/v2\/application?post=1792"},{"taxonomy":"product_brand","embeddable":true,"href":"https:\/\/www.lebeipackaging.com\/fr\/wp-json\/wp\/v2\/product_brand?post=1792"},{"taxonomy":"product_cat","embeddable":true,"href":"https:\/\/www.lebeipackaging.com\/fr\/wp-json\/wp\/v2\/product_cat?post=1792"},{"taxonomy":"product_tag","embeddable":true,"href":"https:\/\/www.lebeipackaging.com\/fr\/wp-json\/wp\/v2\/product_tag?post=1792"}],"curies":[{"name":"wp","href":"https:\/\/api.w.org\/{rel}","templated":true}]}}