{"id":1811,"date":"2025-08-15T01:19:31","date_gmt":"2025-08-15T01:19:31","guid":{"rendered":"https:\/\/www.lebeipackaging.com\/?post_type=product&#038;p=1811"},"modified":"2025-08-15T01:38:55","modified_gmt":"2025-08-15T01:38:55","slug":"custom-coffee-bag-printing-low-minimum-order","status":"publish","type":"product","link":"https:\/\/www.lebeipackaging.com\/fr\/product\/custom-coffee-bag-printing-low-minimum-order\/","title":{"rendered":"Impression de sacs de caf\u00e9 personnalis\u00e9s Commande minimale faible"},"content":{"rendered":"<h2 class=\"wp-block-heading\">Caract\u00e9ristiques de l'impression de sacs de caf\u00e9 personnalis\u00e9s Commande minimale faible<\/h2>\n\n\n\n<p><strong>1. Commande minimale peu \u00e9lev\u00e9e :<\/strong> Id\u00e9al pour les petites marques de caf\u00e9 ou les start-ups, il vous permet de commander de petits lots sans co\u00fbts initiaux \u00e9lev\u00e9s, ce qui facilite l'essai de nouveaux m\u00e9langes ou de nouvelles conceptions.<br><strong>2. Impression personnalis\u00e9e :<\/strong> Les options d'impression en quadrichromie vous permettent de mettre en valeur l'identit\u00e9 unique de votre marque, de cr\u00e9er des designs accrocheurs et d'augmenter l'impact en rayon pour attirer davantage de clients.<br><strong>3. Feuille d'aluminium \u00e0 huit faces :<\/strong> La feuille d'aluminium de qualit\u00e9 sup\u00e9rieure bloque efficacement la lumi\u00e8re, l'air et l'humidit\u00e9, pr\u00e9servant ainsi l'ar\u00f4me, la saveur et la fra\u00eecheur de vos grains de caf\u00e9 pendant plus longtemps.<br><strong>4. Fermeture \u00e0 glissi\u00e8re sur le c\u00f4t\u00e9 :<\/strong> La fermeture \u00e0 glissi\u00e8re pratique et refermable facilite l'ouverture et la fermeture, conserve les grains de caf\u00e9 frais apr\u00e8s chaque utilisation et \u00e9limine le besoin de clips ou de r\u00e9cipients suppl\u00e9mentaires.<br><strong>5. Sac \u00e0 fond plat :<\/strong> La conception robuste du stand-up offre une excellente stabilit\u00e9 en rayon, am\u00e9liore la pr\u00e9sentation des produits et maximise l'efficacit\u00e9 du stockage \u00e0 la maison et dans les pr\u00e9sentoirs de vente au d\u00e9tail.<br><strong>6. R\u00e9utilisable et scell\u00e9 \u00e0 chaud :<\/strong> La construction durable et \u00e9cologique permet de multiples utilisations, tandis que le thermoscellage garantit une barri\u00e8re herm\u00e9tique, prolongeant la dur\u00e9e de conservation des grains de caf\u00e9 et pr\u00e9servant leur qualit\u00e9.<\/p>\n\n\n\n<div class=\"wp-block-columns is-layout-flex wp-container-core-columns-is-layout-9d6595d7 wp-block-columns-is-layout-flex\">\n<div class=\"wp-block-column is-layout-flow wp-block-column-is-layout-flow\">\n<figure class=\"wp-block-image size-full\"><img decoding=\"async\" width=\"992\" height=\"1004\" src=\"https:\/\/www.lebeipackaging.com\/wp-content\/uploads\/2025\/08\/Custom-Coffee-Bag-Printing-Low-Minimum-Order2.webp\" alt=\"Impression de sacs de caf\u00e9 personnalis\u00e9s Commande minimale faible2\" class=\"wp-image-1814\" srcset=\"https:\/\/www.lebeipackaging.com\/wp-content\/uploads\/2025\/08\/Custom-Coffee-Bag-Printing-Low-Minimum-Order2.webp 992w, https:\/\/www.lebeipackaging.com\/wp-content\/uploads\/2025\/08\/Custom-Coffee-Bag-Printing-Low-Minimum-Order2-296x300.webp 296w, https:\/\/www.lebeipackaging.com\/wp-content\/uploads\/2025\/08\/Custom-Coffee-Bag-Printing-Low-Minimum-Order2-768x777.webp 768w, https:\/\/www.lebeipackaging.com\/wp-content\/uploads\/2025\/08\/Custom-Coffee-Bag-Printing-Low-Minimum-Order2-12x12.webp 12w, https:\/\/www.lebeipackaging.com\/wp-content\/uploads\/2025\/08\/Custom-Coffee-Bag-Printing-Low-Minimum-Order2-600x607.webp 600w, https:\/\/www.lebeipackaging.com\/wp-content\/uploads\/2025\/08\/Custom-Coffee-Bag-Printing-Low-Minimum-Order2-100x100.webp 100w\" sizes=\"(max-width: 992px) 100vw, 992px\" \/><\/figure>\n\n\n\n<h2 class=\"wp-block-heading\"><strong>Fond plat<\/strong><\/h2>\n\n\n\n<p><strong><br><\/strong><\/p>\n<\/div>\n\n\n\n<div class=\"wp-block-column is-layout-flow wp-block-column-is-layout-flow\">\n<figure class=\"wp-block-image size-full\"><img decoding=\"async\" width=\"990\" height=\"990\" src=\"https:\/\/www.lebeipackaging.com\/wp-content\/uploads\/2025\/08\/Custom-Coffee-Bag-Printing-Low-Minimum-Order4.jpg\" alt=\"Impression de sacs de caf\u00e9 personnalis\u00e9s Commande minimale faible4\" class=\"wp-image-1815\" srcset=\"https:\/\/www.lebeipackaging.com\/wp-content\/uploads\/2025\/08\/Custom-Coffee-Bag-Printing-Low-Minimum-Order4.jpg 990w, https:\/\/www.lebeipackaging.com\/wp-content\/uploads\/2025\/08\/Custom-Coffee-Bag-Printing-Low-Minimum-Order4-300x300.jpg 300w, https:\/\/www.lebeipackaging.com\/wp-content\/uploads\/2025\/08\/Custom-Coffee-Bag-Printing-Low-Minimum-Order4-150x150.jpg 150w, https:\/\/www.lebeipackaging.com\/wp-content\/uploads\/2025\/08\/Custom-Coffee-Bag-Printing-Low-Minimum-Order4-768x768.jpg 768w, https:\/\/www.lebeipackaging.com\/wp-content\/uploads\/2025\/08\/Custom-Coffee-Bag-Printing-Low-Minimum-Order4-12x12.jpg 12w, https:\/\/www.lebeipackaging.com\/wp-content\/uploads\/2025\/08\/Custom-Coffee-Bag-Printing-Low-Minimum-Order4-600x600.jpg 600w, https:\/\/www.lebeipackaging.com\/wp-content\/uploads\/2025\/08\/Custom-Coffee-Bag-Printing-Low-Minimum-Order4-100x100.jpg 100w\" sizes=\"(max-width: 990px) 100vw, 990px\" \/><\/figure>\n\n\n\n<h2 class=\"wp-block-heading\"><strong><strong><strong>Fermeture \u00e0 glissi\u00e8re facile \u00e0 d\u00e9chirer<\/strong><\/strong><br><\/strong><\/h2>\n<\/div>\n<\/div>","protected":false},"excerpt":{"rendered":"<article class=\"text-token-text-primary w-full\" dir=\"auto\" data-testid=\"conversation-turn-2\" data-scroll-anchor=\"true\">\n<div class=\"text-base my-auto mx-auto py-5 [--thread-content-margin:--spacing(4)] @[37rem]:[--thread-content-margin:--spacing(6)] @[72rem]:[--thread-content-margin:--spacing(16)] px-(--thread-content-margin)\">\n<div class=\"[--thread-content-max-width:32rem] @[34rem]:[--thread-content-max-width:40rem] @[64rem]:[--thread-content-max-width:48rem] mx-auto flex max-w-(--thread-content-max-width) flex-1 text-base gap-4 md:gap-5 lg:gap-6 group\/turn-messages focus-visible:outline-hidden\" tabindex=\"-1\">\n<div class=\"group\/conversation-turn relative flex w-full min-w-0 flex-col agent-turn\">\n<div class=\"relative flex-col gap-1 md:gap-3\">\n<div class=\"flex max-w-full flex-col grow\">\n<div class=\"min-h-8 text-message relative flex w-full flex-col items-end gap-2 text-start break-words whitespace-normal [.text-message+&amp;]:mt-5\" dir=\"auto\" data-message-author-role=\"assistant\" data-message-id=\"601dc105-1a20-4d41-b026-a096271ed355\" data-message-model-slug=\"gpt-4-1-mini\">\n<div class=\"flex w-full flex-col gap-1 empty:hidden first:pt-[3px]\">\n<div class=\"markdown prose dark:prose-invert w-full break-words light\">\n<article class=\"text-token-text-primary w-full\" dir=\"auto\" data-testid=\"conversation-turn-26\" data-scroll-anchor=\"true\">\n<div class=\"text-base my-auto mx-auto py-5 [--thread-content-margin:--spacing(4)] @[37rem]:[--thread-content-margin:--spacing(6)] @[72rem]:[--thread-content-margin:--spacing(16)] px-(--thread-content-margin)\">\n<div class=\"[--thread-content-max-width:32rem] @[34rem]:[--thread-content-max-width:40rem] @[64rem]:[--thread-content-max-width:48rem] mx-auto flex max-w-(--thread-content-max-width) flex-1 text-base gap-4 md:gap-5 lg:gap-6 group\/turn-messages focus-visible:outline-hidden\" tabindex=\"-1\">\n<div class=\"group\/conversation-turn relative flex w-full min-w-0 flex-col agent-turn\">\n<div class=\"relative flex-col gap-1 md:gap-3\">\n<div class=\"flex max-w-full flex-col grow\">\n<div class=\"min-h-8 text-message relative flex w-full flex-col items-end gap-2 text-start break-words whitespace-normal [.text-message+&amp;]:mt-5\" dir=\"auto\" data-message-author-role=\"assistant\" data-message-id=\"d05c8187-775a-4e42-8061-4ac971d5f547\" data-message-model-slug=\"gpt-4-1-mini\">\n<div class=\"flex w-full flex-col gap-1 empty:hidden first:pt-[3px]\">\n<div class=\"markdown prose dark:prose-invert w-full break-words light\">\n<p data-start=\"0\" data-end=\"257\" data-is-last-node=\"\" data-is-only-node=\"\">Custom coffee bag printing with low minimum order, high-quality customizable coffee bags with low minimum order, featuring resealable side zipper, flat bottom design, and durable aluminium foil material to keep your coffee fresh.<\/p>\n<\/div>\n<\/div>\n<\/div>\n<\/div>\n<\/div>\n<\/div>\n<\/div>\n<\/div>\n<\/article>\n<\/div>\n<\/div>\n<\/div>\n<\/div>\n<\/div>\n<\/div>\n<\/div>\n<\/div>\n<\/article>\n<table style=\"border-collapse: collapse; width: 518px; height: 318px;\" border=\"0\" width=\"293\" cellspacing=\"0\" cellpadding=\"0\">\n<tbody>\n<tr style=\"height: 17.00pt;\">\n<td class=\"et2\" style=\"height: 17.00pt; width: 102.45pt;\" width=\"102\" height=\"17\">Manufacturer<\/td>\n<td class=\"et2\" style=\"width: 190.80pt;\" width=\"190\">Lebei<\/td>\n<\/tr>\n<tr style=\"height: 17.00pt;\">\n<td class=\"et2\" style=\"height: 17.00pt; width: 102.45pt;\" width=\"102\" height=\"17\">Pouch Types<\/td>\n<td class=\"et3\" style=\"width: 190.80pt;\" width=\"190\">Flat Bottom Pouch<\/td>\n<\/tr>\n<tr style=\"height: 17.00pt;\">\n<td class=\"et2\" style=\"height: 17.00pt; width: 102.45pt;\" width=\"102\" height=\"17\">Material<\/td>\n<td class=\"et3\" style=\"width: 190.80pt;\" width=\"190\">PET\/VMPET\/PE or customized<\/td>\n<\/tr>\n<tr style=\"height: 17.00pt;\">\n<td class=\"et2\" style=\"height: 17.00pt; width: 102.45pt;\" width=\"102\" height=\"17\">Logo<\/td>\n<td class=\"et3\" style=\"width: 190.80pt;\" width=\"190\">Accept customized Logo<\/td>\n<\/tr>\n<tr style=\"height: 17.00pt;\">\n<td class=\"et2\" style=\"height: 17.00pt; width: 102.45pt;\" width=\"102\" height=\"17\">Surface Handling<\/td>\n<td class=\"et3\" style=\"width: 190.80pt;\" width=\"190\">Gravure printing<\/td>\n<\/tr>\n<tr style=\"height: 17.00pt;\">\n<td class=\"et2\" style=\"height: 17.00pt; width: 102.45pt;\" width=\"102\" height=\"17\">Advantage<\/td>\n<td class=\"et3\" style=\"width: 190.80pt;\" width=\"190\">Moisture proof<\/td>\n<\/tr>\n<tr style=\"height: 17.00pt;\">\n<td class=\"et2\" style=\"height: 17.00pt; width: 102.45pt;\" width=\"102\" height=\"17\">Usage<\/td>\n<td class=\"et3\" style=\"width: 190.80pt;\" width=\"190\">Coffee Packaging Bag<\/td>\n<\/tr>\n<tr style=\"height: 34.00pt;\">\n<td class=\"et2\" style=\"height: 34.00pt; width: 102.45pt;\" width=\"102\" height=\"34\">MOQ<\/td>\n<td class=\"et3\" style=\"width: 190.80pt;\" width=\"190\">Customized Pouch: 10,000 pcs (Recommend 30,000+ for better price)<\/td>\n<\/tr>\n<tr style=\"height: 34.00pt;\">\n<td class=\"et2\" style=\"height: 34.00pt; width: 102.45pt;\" width=\"102\" height=\"34\">Custom Order<\/td>\n<td class=\"et3\" style=\"width: 190.80pt;\" width=\"190\">Accept OEM &amp; ODM, Support Free Sample<\/td>\n<\/tr>\n<\/tbody>\n<\/table>\n","protected":false},"featured_media":1812,"comment_status":"closed","ping_status":"closed","template":"","meta":{"_acf_changed":false},"application":[20],"product_brand":[],"product_cat":[40],"product_tag":[],"class_list":{"0":"post-1811","1":"product","2":"type-product","3":"status-publish","4":"has-post-thumbnail","6":"application-custom-coffee-packaging-bag","7":"product_cat-custom-flat-bottom-pouch","9":"first","10":"instock","11":"shipping-taxable","12":"product-type-simple"},"acf":[],"_links":{"self":[{"href":"https:\/\/www.lebeipackaging.com\/fr\/wp-json\/wp\/v2\/product\/1811","targetHints":{"allow":["GET"]}}],"collection":[{"href":"https:\/\/www.lebeipackaging.com\/fr\/wp-json\/wp\/v2\/product"}],"about":[{"href":"https:\/\/www.lebeipackaging.com\/fr\/wp-json\/wp\/v2\/types\/product"}],"replies":[{"embeddable":true,"href":"https:\/\/www.lebeipackaging.com\/fr\/wp-json\/wp\/v2\/comments?post=1811"}],"wp:featuredmedia":[{"embeddable":true,"href":"https:\/\/www.lebeipackaging.com\/fr\/wp-json\/wp\/v2\/media\/1812"}],"wp:attachment":[{"href":"https:\/\/www.lebeipackaging.com\/fr\/wp-json\/wp\/v2\/media?parent=1811"}],"wp:term":[{"taxonomy":"application","embeddable":true,"href":"https:\/\/www.lebeipackaging.com\/fr\/wp-json\/wp\/v2\/application?post=1811"},{"taxonomy":"product_brand","embeddable":true,"href":"https:\/\/www.lebeipackaging.com\/fr\/wp-json\/wp\/v2\/product_brand?post=1811"},{"taxonomy":"product_cat","embeddable":true,"href":"https:\/\/www.lebeipackaging.com\/fr\/wp-json\/wp\/v2\/product_cat?post=1811"},{"taxonomy":"product_tag","embeddable":true,"href":"https:\/\/www.lebeipackaging.com\/fr\/wp-json\/wp\/v2\/product_tag?post=1811"}],"curies":[{"name":"wp","href":"https:\/\/api.w.org\/{rel}","templated":true}]}}