{"id":1834,"date":"2025-08-15T03:42:58","date_gmt":"2025-08-15T03:42:58","guid":{"rendered":"https:\/\/www.lebeipackaging.com\/?post_type=product&#038;p=1834"},"modified":"2025-08-15T03:52:22","modified_gmt":"2025-08-15T03:52:22","slug":"china-side-gusset-bags-custom-for-coffee-packaging","status":"publish","type":"product","link":"https:\/\/www.lebeipackaging.com\/fr\/product\/china-side-gusset-bags-custom-for-coffee-packaging\/","title":{"rendered":"Chine Sacs \u00e0 soufflets lat\u00e9raux personnalis\u00e9s pour l'emballage du caf\u00e9"},"content":{"rendered":"<h2 class=\"wp-block-heading\">Caract\u00e9ristiques des sacs \u00e0 soufflets lat\u00e9raux chinois<\/h2>\n\n\n\n<p><strong>Marque personnalisable<\/strong>: Surface enti\u00e8rement imprimable pour mettre en valeur votre logo, votre design et les informations relatives \u00e0 votre produit pour un meilleur impact en rayon.<\/p>\n\n\n\n<p><strong>Fra\u00eecheur optimis\u00e9e<\/strong>: Compatible avec les valves de d\u00e9gazage pour pr\u00e9server l'ar\u00f4me et la saveur du caf\u00e9 en lib\u00e9rant l'exc\u00e8s de gaz sans laisser entrer l'air.<\/p>\n\n\n\n<p><strong>Conception \u00e0 haute capacit\u00e9<\/strong>: La structure \u00e0 soufflets lat\u00e9raux permet de remplir des volumes plus importants tout en conservant une forme compacte pour faciliter le stockage et la pr\u00e9sentation.<\/p>\n\n\n\n<p><strong>Options de mat\u00e9riaux durables<\/strong>: Disponibles en lamin\u00e9s multicouches et en structures de feuilles pour prot\u00e9ger de l'humidit\u00e9, de la lumi\u00e8re et de l'oxyg\u00e8ne.<\/p>\n\n\n\n<p><strong>Remplissage et scellement faciles<\/strong>: Con\u00e7us pour \u00eatre scell\u00e9s \u00e0 chaud, ils garantissent une fermeture s\u00fbre pour le transport et une dur\u00e9e de conservation prolong\u00e9e des produits.<\/p>\n\n\n\n<p><strong>Pr\u00e9sentation professionnelle<\/strong>: Les panneaux plats et les plis nets du soufflet cr\u00e9ent un aspect propre et de qualit\u00e9, id\u00e9al pour les march\u00e9s de d\u00e9tail et de gros.<\/p>\n\n\n\n<div class=\"wp-block-columns is-layout-flex wp-container-core-columns-is-layout-9d6595d7 wp-block-columns-is-layout-flex\">\n<div class=\"wp-block-column is-layout-flow wp-block-column-is-layout-flow\">\n<figure class=\"wp-block-image size-full\"><img decoding=\"async\" width=\"968\" height=\"968\" src=\"https:\/\/www.lebeipackaging.com\/wp-content\/uploads\/2025\/08\/China-Side-Gusset-Bags-Custom-For-Coffee-Packaging1.webp\" alt=\"Chine Sacs \u00e0 soufflets lat\u00e9raux personnalis\u00e9s pour l&#039;emballage du caf\u00e91\" class=\"wp-image-1835\" srcset=\"https:\/\/www.lebeipackaging.com\/wp-content\/uploads\/2025\/08\/China-Side-Gusset-Bags-Custom-For-Coffee-Packaging1.webp 968w, https:\/\/www.lebeipackaging.com\/wp-content\/uploads\/2025\/08\/China-Side-Gusset-Bags-Custom-For-Coffee-Packaging1-300x300.webp 300w, https:\/\/www.lebeipackaging.com\/wp-content\/uploads\/2025\/08\/China-Side-Gusset-Bags-Custom-For-Coffee-Packaging1-150x150.webp 150w, https:\/\/www.lebeipackaging.com\/wp-content\/uploads\/2025\/08\/China-Side-Gusset-Bags-Custom-For-Coffee-Packaging1-768x768.webp 768w, https:\/\/www.lebeipackaging.com\/wp-content\/uploads\/2025\/08\/China-Side-Gusset-Bags-Custom-For-Coffee-Packaging1-12x12.webp 12w, https:\/\/www.lebeipackaging.com\/wp-content\/uploads\/2025\/08\/China-Side-Gusset-Bags-Custom-For-Coffee-Packaging1-600x600.webp 600w, https:\/\/www.lebeipackaging.com\/wp-content\/uploads\/2025\/08\/China-Side-Gusset-Bags-Custom-For-Coffee-Packaging1-100x100.webp 100w\" sizes=\"(max-width: 968px) 100vw, 968px\" \/><\/figure>\n\n\n\n<h2 class=\"wp-block-heading\"><\/h2>\n<\/div>\n\n\n\n<div class=\"wp-block-column is-layout-flow wp-block-column-is-layout-flow\">\n<figure class=\"wp-block-image size-full\"><img decoding=\"async\" width=\"988\" height=\"988\" src=\"https:\/\/www.lebeipackaging.com\/wp-content\/uploads\/2025\/08\/China-Side-Gusset-Bags-Custom-For-Coffee-Packaging2.webp\" alt=\"Chine Sacs \u00e0 soufflets lat\u00e9raux personnalis\u00e9s pour l&#039;emballage du caf\u00e92\" class=\"wp-image-1836\" srcset=\"https:\/\/www.lebeipackaging.com\/wp-content\/uploads\/2025\/08\/China-Side-Gusset-Bags-Custom-For-Coffee-Packaging2.webp 988w, https:\/\/www.lebeipackaging.com\/wp-content\/uploads\/2025\/08\/China-Side-Gusset-Bags-Custom-For-Coffee-Packaging2-300x300.webp 300w, https:\/\/www.lebeipackaging.com\/wp-content\/uploads\/2025\/08\/China-Side-Gusset-Bags-Custom-For-Coffee-Packaging2-150x150.webp 150w, https:\/\/www.lebeipackaging.com\/wp-content\/uploads\/2025\/08\/China-Side-Gusset-Bags-Custom-For-Coffee-Packaging2-768x768.webp 768w, https:\/\/www.lebeipackaging.com\/wp-content\/uploads\/2025\/08\/China-Side-Gusset-Bags-Custom-For-Coffee-Packaging2-12x12.webp 12w, https:\/\/www.lebeipackaging.com\/wp-content\/uploads\/2025\/08\/China-Side-Gusset-Bags-Custom-For-Coffee-Packaging2-600x600.webp 600w, https:\/\/www.lebeipackaging.com\/wp-content\/uploads\/2025\/08\/China-Side-Gusset-Bags-Custom-For-Coffee-Packaging2-100x100.webp 100w\" sizes=\"(max-width: 988px) 100vw, 988px\" \/><\/figure>\n\n\n\n<h2 class=\"wp-block-heading\"><strong><br><\/strong><\/h2>\n<\/div>\n<\/div>","protected":false},"excerpt":{"rendered":"<article class=\"text-token-text-primary w-full\" dir=\"auto\" data-testid=\"conversation-turn-2\" data-scroll-anchor=\"true\">\n<div class=\"text-base my-auto mx-auto py-5 [--thread-content-margin:--spacing(4)] @[37rem]:[--thread-content-margin:--spacing(6)] @[72rem]:[--thread-content-margin:--spacing(16)] px-(--thread-content-margin)\">\n<div class=\"[--thread-content-max-width:32rem] @[34rem]:[--thread-content-max-width:40rem] @[64rem]:[--thread-content-max-width:48rem] mx-auto flex max-w-(--thread-content-max-width) flex-1 text-base gap-4 md:gap-5 lg:gap-6 group\/turn-messages focus-visible:outline-hidden\" tabindex=\"-1\">\n<div class=\"group\/conversation-turn relative flex w-full min-w-0 flex-col agent-turn\">\n<div class=\"relative flex-col gap-1 md:gap-3\">\n<div class=\"flex max-w-full flex-col grow\">\n<div class=\"min-h-8 text-message relative flex w-full flex-col items-end gap-2 text-start break-words whitespace-normal [.text-message+&amp;]:mt-5\" dir=\"auto\" data-message-author-role=\"assistant\" data-message-id=\"601dc105-1a20-4d41-b026-a096271ed355\" data-message-model-slug=\"gpt-4-1-mini\">\n<div class=\"flex w-full flex-col gap-1 empty:hidden first:pt-[3px]\">\n<div class=\"markdown prose dark:prose-invert w-full break-words light\">\n<p data-start=\"0\" data-end=\"282\" data-is-last-node=\"\" data-is-only-node=\"\">China side gusset bags custom for coffee packaging offer durable, high-capacity storage with excellent freshness protection, customizable printing, and a premium look ideal for retail or wholesale coffee products.<\/p>\n<\/div>\n<\/div>\n<\/div>\n<\/div>\n<\/div>\n<\/div>\n<\/div>\n<\/div>\n<\/article>\n<table style=\"border-collapse: collapse; width: 518px; height: 318px;\" border=\"0\" width=\"293\" cellspacing=\"0\" cellpadding=\"0\">\n<tbody>\n<tr style=\"height: 17.00pt;\">\n<td class=\"et2\" style=\"height: 17.00pt; width: 102.45pt;\" width=\"102\" height=\"17\">Manufacturer<\/td>\n<td class=\"et2\" style=\"width: 190.80pt;\" width=\"190\">Lebei<\/td>\n<\/tr>\n<tr style=\"height: 17.00pt;\">\n<td class=\"et2\" style=\"height: 17.00pt; width: 102.45pt;\" width=\"102\" height=\"17\">Pouch Types<\/td>\n<td class=\"et3\" style=\"width: 190.80pt;\" width=\"190\">Side Gusset Bag<\/td>\n<\/tr>\n<tr style=\"height: 17.00pt;\">\n<td class=\"et2\" style=\"height: 17.00pt; width: 102.45pt;\" width=\"102\" height=\"17\">Material<\/td>\n<td class=\"et3\" style=\"width: 190.80pt;\" width=\"190\">MOPP\/VMPET\/PE or customized<\/td>\n<\/tr>\n<tr style=\"height: 17.00pt;\">\n<td class=\"et2\" style=\"height: 17.00pt; width: 102.45pt;\" width=\"102\" height=\"17\">Sealing &amp; Handle<\/td>\n<td class=\"et3\" style=\"width: 190.80pt;\" width=\"190\">Heat Seal<\/td>\n<\/tr>\n<tr style=\"height: 17.00pt;\">\n<td class=\"et2\" style=\"height: 17.00pt; width: 102.45pt;\" width=\"102\" height=\"17\">Surface Handling<\/td>\n<td class=\"et3\" style=\"width: 190.80pt;\" width=\"190\">Gravure printing<\/td>\n<\/tr>\n<tr style=\"height: 17.00pt;\">\n<td class=\"et2\" style=\"height: 17.00pt; width: 102.45pt;\" width=\"102\" height=\"17\">Color<\/td>\n<td class=\"et3\" style=\"width: 190.80pt;\" width=\"190\">White(Customizable)<\/td>\n<\/tr>\n<tr style=\"height: 17.00pt;\">\n<td class=\"et2\" style=\"height: 17.00pt; width: 102.45pt;\" width=\"102\" height=\"17\">Usage<\/td>\n<td class=\"et3\" style=\"width: 190.80pt;\" width=\"190\">Coffee Packaging Bags\u00a0<\/td>\n<\/tr>\n<tr style=\"height: 34.00pt;\">\n<td class=\"et2\" style=\"height: 34.00pt; width: 102.45pt;\" width=\"102\" height=\"34\">MOQ<\/td>\n<td class=\"et3\" style=\"width: 190.80pt;\" width=\"190\">Customized Pouch: 10,000 pcs (Recommend 30,000+ for better price)<\/td>\n<\/tr>\n<tr style=\"height: 34.00pt;\">\n<td class=\"et2\" style=\"height: 34.00pt; width: 102.45pt;\" width=\"102\" height=\"34\">Custom Order<\/td>\n<td class=\"et3\" style=\"width: 190.80pt;\" width=\"190\">Accept OEM &amp; ODM, Support Free Sample<\/td>\n<\/tr>\n<\/tbody>\n<\/table>\n","protected":false},"featured_media":1837,"comment_status":"closed","ping_status":"closed","template":"","meta":{"_acf_changed":false},"application":[20],"product_brand":[],"product_cat":[38],"product_tag":[],"class_list":{"0":"post-1834","1":"product","2":"type-product","3":"status-publish","4":"has-post-thumbnail","6":"application-custom-coffee-packaging-bag","7":"product_cat-custom-side-gusset-bag","9":"first","10":"instock","11":"shipping-taxable","12":"product-type-simple"},"acf":[],"_links":{"self":[{"href":"https:\/\/www.lebeipackaging.com\/fr\/wp-json\/wp\/v2\/product\/1834","targetHints":{"allow":["GET"]}}],"collection":[{"href":"https:\/\/www.lebeipackaging.com\/fr\/wp-json\/wp\/v2\/product"}],"about":[{"href":"https:\/\/www.lebeipackaging.com\/fr\/wp-json\/wp\/v2\/types\/product"}],"replies":[{"embeddable":true,"href":"https:\/\/www.lebeipackaging.com\/fr\/wp-json\/wp\/v2\/comments?post=1834"}],"wp:featuredmedia":[{"embeddable":true,"href":"https:\/\/www.lebeipackaging.com\/fr\/wp-json\/wp\/v2\/media\/1837"}],"wp:attachment":[{"href":"https:\/\/www.lebeipackaging.com\/fr\/wp-json\/wp\/v2\/media?parent=1834"}],"wp:term":[{"taxonomy":"application","embeddable":true,"href":"https:\/\/www.lebeipackaging.com\/fr\/wp-json\/wp\/v2\/application?post=1834"},{"taxonomy":"product_brand","embeddable":true,"href":"https:\/\/www.lebeipackaging.com\/fr\/wp-json\/wp\/v2\/product_brand?post=1834"},{"taxonomy":"product_cat","embeddable":true,"href":"https:\/\/www.lebeipackaging.com\/fr\/wp-json\/wp\/v2\/product_cat?post=1834"},{"taxonomy":"product_tag","embeddable":true,"href":"https:\/\/www.lebeipackaging.com\/fr\/wp-json\/wp\/v2\/product_tag?post=1834"}],"curies":[{"name":"wp","href":"https:\/\/api.w.org\/{rel}","templated":true}]}}