{"id":2021,"date":"2025-09-12T02:54:32","date_gmt":"2025-09-12T02:54:32","guid":{"rendered":"https:\/\/www.lebeipackaging.com\/?post_type=product&#038;p=2021"},"modified":"2025-09-12T02:54:57","modified_gmt":"2025-09-12T02:54:57","slug":"wholesale-3-side-seal-pouch-with-zipper-matte-transparent","status":"publish","type":"product","link":"https:\/\/www.lebeipackaging.com\/fr\/product\/wholesale-3-side-seal-pouch-with-zipper-matte-transparent\/","title":{"rendered":"Wholesale 3-side Seal Pouch With Zipper Matte &amp; Transparent"},"content":{"rendered":"<h2 class=\"wp-block-heading\">Caract\u00e9ristiques de la pochette \u00e0 sceller 3 c\u00f4t\u00e9s en gros<\/h2>\n\n\n\n<div class=\"wp-block-columns is-layout-flex wp-container-core-columns-is-layout-9d6595d7 wp-block-columns-is-layout-flex\">\n<div class=\"wp-block-column is-layout-flow wp-block-column-is-layout-flow\">\n<p><strong>Emballage de gros pr\u00eat \u00e0 exp\u00e9dier<\/strong><br>Disponible en vrac avec des tailles et des finitions standard, cette pochette est parfaite pour les entreprises qui ont besoin d'un emballage fiable et de haute qualit\u00e9 sans les d\u00e9lais et les co\u00fbts d'un emballage sur mesure.<\/p>\n\n\n\n<p><strong>Trois c\u00f4t\u00e9s<\/strong> \u00e9tanch\u00e9it\u00e9, bonne performance d'\u00e9tanch\u00e9it\u00e9<br>Gr\u00e2ce \u00e0 la technologie de thermoscellage sur trois c\u00f4t\u00e9s, le joint est \u00e9tanche et ferme, isolant efficacement l'air et l'humidit\u00e9, et conservant les aliments frais pendant longtemps.<\/p>\n\n\n\n<p><strong>Transparent et mat \u00e0 double aspect<\/strong><br>Il associe une fen\u00eatre transparente pour une vision instantan\u00e9e du produit \u00e0 une finition mate pour un aspect sophistiqu\u00e9 et moderne. Il renforce la confiance des clients et sert de marqueur visuel, m\u00eame sans impression.<\/p>\n\n\n\n<p><strong>Fermeture \u00e0 glissi\u00e8re r\u00e9utilisable<\/strong><br>Fermeture \u00e0 glissi\u00e8re pratique, ouverture et fermeture multiples, garantissant que les aliments sont secs et frais, et r\u00e9duisant les d\u00e9chets.<\/p>\n\n\n\n<p><strong>Mat\u00e9riaux de s\u00e9curit\u00e9 de qualit\u00e9 alimentaire<br><\/strong>S\u00e9lectionner des mat\u00e9riaux respectueux de l'environnement qui r\u00e9pondent aux normes de s\u00e9curit\u00e9 alimentaire, sans odeur ni pollution, afin de garantir la sant\u00e9 et la s\u00e9curit\u00e9 des aliments.<\/p>\n\n\n\n<p><strong>Compact pour de nombreuses applications<\/strong><br>Parfait pour emballer le caf\u00e9, le th\u00e9, les friandises pour animaux, les snacks, les aliments secs, les poudres, etc. Parfait pour divers secteurs tels que l'alimentation, la sant\u00e9 et la vente au d\u00e9tail de produits de style de vie.<\/p>\n<\/div>\n\n\n\n<div class=\"wp-block-column is-layout-flow wp-block-column-is-layout-flow\">\n<figure class=\"wp-block-image size-full\"><img decoding=\"async\" width=\"750\" height=\"750\" src=\"https:\/\/www.lebeipackaging.com\/wp-content\/uploads\/2025\/09\/Wholesale-3-side-Seal-Pouch-With-Zipper-Matte-Transparent-5.webp\" alt=\"Grossiste Pochette scell\u00e9e \u00e0 3 c\u00f4t\u00e9s avec fermeture \u00e9clair-Matte-Transparent-5\" class=\"wp-image-2026\" srcset=\"https:\/\/www.lebeipackaging.com\/wp-content\/uploads\/2025\/09\/Wholesale-3-side-Seal-Pouch-With-Zipper-Matte-Transparent-5.webp 750w, https:\/\/www.lebeipackaging.com\/wp-content\/uploads\/2025\/09\/Wholesale-3-side-Seal-Pouch-With-Zipper-Matte-Transparent-5-300x300.webp 300w, https:\/\/www.lebeipackaging.com\/wp-content\/uploads\/2025\/09\/Wholesale-3-side-Seal-Pouch-With-Zipper-Matte-Transparent-5-150x150.webp 150w, https:\/\/www.lebeipackaging.com\/wp-content\/uploads\/2025\/09\/Wholesale-3-side-Seal-Pouch-With-Zipper-Matte-Transparent-5-12x12.webp 12w, https:\/\/www.lebeipackaging.com\/wp-content\/uploads\/2025\/09\/Wholesale-3-side-Seal-Pouch-With-Zipper-Matte-Transparent-5-600x600.webp 600w, https:\/\/www.lebeipackaging.com\/wp-content\/uploads\/2025\/09\/Wholesale-3-side-Seal-Pouch-With-Zipper-Matte-Transparent-5-100x100.webp 100w\" sizes=\"(max-width: 750px) 100vw, 750px\" \/><\/figure>\n<\/div>\n<\/div>\n\n\n\n<h2 class=\"wp-block-heading\">Taille du produit<\/h2>\n\n\n\n<figure class=\"wp-block-table\"><table class=\"has-fixed-layout\"><tbody><tr><td>Taille<br>(cm)<\/td><td>Emballage (pcs\/fardeau)<\/td><td>Emballage (pcs\/ctn)<\/td><td>Poids<br>(kg\/ctn)<\/td><td>Taille du lot<br>(cm)<\/td><\/tr><tr><td>8*12<\/td><td>100&nbsp;<\/td><td>13000<\/td><td>32.20&nbsp;<\/td><td>48*40*34<\/td><\/tr><tr><td>9*15<\/td><td>100&nbsp;<\/td><td>10000<\/td><td>33.00&nbsp;<\/td><td>48*40*34<\/td><\/tr><tr><td>10*15<\/td><td>100&nbsp;<\/td><td>10000<\/td><td>33.11&nbsp;<\/td><td>48*40*34<\/td><\/tr><tr><td>11*17<\/td><td>100&nbsp;<\/td><td>8000<\/td><td>31.40&nbsp;<\/td><td>48*40*34<\/td><\/tr><tr><td>12*18<\/td><td>100&nbsp;<\/td><td>6500<\/td><td>29.00&nbsp;<\/td><td>48*40*34<\/td><\/tr><tr><td>14*20<\/td><td>100&nbsp;<\/td><td>6000<\/td><td>35.20&nbsp;<\/td><td>48*40*34<\/td><\/tr><tr><td>15*22<\/td><td>100&nbsp;<\/td><td>5500<\/td><td>38.40&nbsp;<\/td><td>48*40*34<\/td><\/tr><tr><td>16*24<\/td><td>100&nbsp;<\/td><td>4500<\/td><td>36.10&nbsp;<\/td><td>48*40*34<\/td><\/tr><tr><td>18*26<\/td><td>100&nbsp;<\/td><td>3500<\/td><td>32.50&nbsp;<\/td><td>48*40*34<\/td><\/tr><tr><td>20*30<\/td><td>100&nbsp;<\/td><td>3500<\/td><td>42.50&nbsp;<\/td><td>48*40*34<\/td><\/tr><\/tbody><\/table><\/figure>\n\n\n\n<p><\/p>","protected":false},"excerpt":{"rendered":"<article class=\"text-token-text-primary w-full\" dir=\"auto\" data-testid=\"conversation-turn-2\" data-scroll-anchor=\"true\">\n<div class=\"text-base my-auto mx-auto py-5 [--thread-content-margin:--spacing(4)] @[37rem]:[--thread-content-margin:--spacing(6)] @[72rem]:[--thread-content-margin:--spacing(16)] px-(--thread-content-margin)\">\n<div class=\"[--thread-content-max-width:32rem] @[34rem]:[--thread-content-max-width:40rem] @[64rem]:[--thread-content-max-width:48rem] mx-auto flex max-w-(--thread-content-max-width) flex-1 text-base gap-4 md:gap-5 lg:gap-6 group\/turn-messages focus-visible:outline-hidden\">\n<div class=\"group\/conversation-turn relative flex w-full min-w-0 flex-col agent-turn\">\n<div class=\"relative flex-col gap-1 md:gap-3\">\n<div class=\"flex max-w-full flex-col grow\">\n<div class=\"min-h-8 text-message relative flex w-full flex-col items-end gap-2 text-start break-words whitespace-normal [.text-message+&amp;]:mt-5\" dir=\"auto\" data-message-author-role=\"assistant\" data-message-id=\"601dc105-1a20-4d41-b026-a096271ed355\" data-message-model-slug=\"gpt-4-1-mini\">\n<div class=\"flex w-full flex-col gap-1 empty:hidden first:pt-[3px]\">\n<div class=\"markdown prose dark:prose-invert w-full break-words light\">\n<article class=\"text-token-text-primary w-full\" dir=\"auto\" data-testid=\"conversation-turn-26\" data-scroll-anchor=\"true\">\n<div class=\"text-base my-auto mx-auto py-5 [--thread-content-margin:--spacing(4)] @[37rem]:[--thread-content-margin:--spacing(6)] @[72rem]:[--thread-content-margin:--spacing(16)] px-(--thread-content-margin)\">\n<div class=\"[--thread-content-max-width:32rem] @[34rem]:[--thread-content-max-width:40rem] @[64rem]:[--thread-content-max-width:48rem] mx-auto flex max-w-(--thread-content-max-width) flex-1 text-base gap-4 md:gap-5 lg:gap-6 group\/turn-messages focus-visible:outline-hidden\">\n<div class=\"group\/conversation-turn relative flex w-full min-w-0 flex-col agent-turn\">\n<div class=\"relative flex-col gap-1 md:gap-3\">\n<div class=\"flex max-w-full flex-col grow\">\n<div class=\"min-h-8 text-message relative flex w-full flex-col items-end gap-2 text-start break-words whitespace-normal [.text-message+&amp;]:mt-5\" dir=\"auto\" data-message-author-role=\"assistant\" data-message-id=\"d05c8187-775a-4e42-8061-4ac971d5f547\" data-message-model-slug=\"gpt-4-1-mini\">\n<div class=\"flex w-full flex-col gap-1 empty:hidden first:pt-[3px]\">\n<div class=\"markdown prose dark:prose-invert w-full break-words light\">\n<p data-start=\"0\" data-end=\"257\" data-is-last-node=\"\" data-is-only-node=\"\">Wholesale 3-side seal pouch with zipper matte &amp; transparent, Stock 3-side seal pouch matte &amp; transparent bag for food, made from food-grade transparent plastic with a strong three-side seal and easy-to-use reclosable zipper. Perfect for keeping snacks, candy, and small food items fresh, secure, and visible.<\/p>\n<\/div>\n<\/div>\n<\/div>\n<\/div>\n<\/div>\n<\/div>\n<\/div>\n<\/div>\n<\/article>\n<\/div>\n<\/div>\n<\/div>\n<\/div>\n<\/div>\n<\/div>\n<\/div>\n<\/div>\n<\/article>\n<table style=\"border-collapse: collapse; width: 562px; height: 247px;\" border=\"0\" width=\"293\" cellspacing=\"0\" cellpadding=\"0\">\n<tbody>\n<tr style=\"height: 17.00pt;\">\n<td class=\"et2\" style=\"height: 17.00pt; width: 102.45pt;\" width=\"102\" height=\"17\">Manufacturer<\/td>\n<td class=\"et2\" style=\"width: 190.80pt;\" width=\"190\">Lebei<\/td>\n<\/tr>\n<tr style=\"height: 17.00pt;\">\n<td class=\"et2\" style=\"height: 17.00pt; width: 102.45pt;\" width=\"102\" height=\"17\">Pouch Types<\/td>\n<td class=\"et3\" style=\"width: 190.80pt;\" width=\"190\">Three Side Seal Pouch (Matte &amp; Transparent)<\/td>\n<\/tr>\n<tr style=\"height: 17.00pt;\">\n<td class=\"et2\" style=\"height: 17.00pt; width: 102.45pt;\" width=\"102\" height=\"17\">Material<\/td>\n<td class=\"et3\" style=\"width: 190.80pt;\" width=\"190\">MOPP\/PET\/CPP\u00a0 or PET\/CPP<\/td>\n<\/tr>\n<tr style=\"height: 17.00pt;\">\n<td class=\"et2\" style=\"height: 17.00pt; width: 102.45pt;\" width=\"102\" height=\"17\">Thickness<\/td>\n<td class=\"et3\" style=\"width: 190.80pt;\" width=\"190\">80mic<\/td>\n<\/tr>\n<tr style=\"height: 17.00pt;\">\n<td class=\"et2\" style=\"height: 17.00pt; width: 102.45pt;\" width=\"102\" height=\"17\">Sealing &amp; Handle<\/td>\n<td class=\"et3\" style=\"width: 190.80pt;\" width=\"190\">Zipper Top<\/td>\n<\/tr>\n<tr style=\"height: 17.00pt;\">\n<td class=\"et2\" style=\"height: 17.00pt; width: 102.45pt;\" width=\"102\" height=\"17\">Surface Handling<\/td>\n<td class=\"et3\" style=\"width: 190.80pt;\" width=\"190\">Gravure printing<\/td>\n<\/tr>\n<tr style=\"height: 17.00pt;\">\n<td class=\"et2\" style=\"height: 17.00pt; width: 102.45pt;\" width=\"102\" height=\"17\">Usage<\/td>\n<td class=\"et3\" style=\"width: 190.80pt;\" width=\"190\">\n<p>Food Candy Packaging<\/p>\n<\/td>\n<\/tr>\n<tr style=\"height: 34.00pt;\">\n<td class=\"et2\" style=\"height: 34.00pt; width: 102.45pt;\" width=\"102\" height=\"34\">MOQ<\/td>\n<td class=\"et3\" style=\"width: 190.80pt;\" width=\"190\">Mix Items, Total 5000 Pieces<\/td>\n<\/tr>\n<tr style=\"height: 34.00pt;\">\n<td class=\"et2\" style=\"height: 34.00pt; width: 102.45pt;\" width=\"102\" height=\"34\">Sample<\/td>\n<td class=\"et3\" style=\"width: 190.80pt;\" width=\"190\">1-2 Days (Free)<\/td>\n<\/tr>\n<\/tbody>\n<\/table>\n<p><!--more--><\/p>\n","protected":false},"featured_media":2025,"comment_status":"closed","ping_status":"closed","template":"","meta":{"_acf_changed":false},"application":[],"product_brand":[],"product_cat":[50],"product_tag":[49],"class_list":{"0":"post-2021","1":"product","2":"type-product","3":"status-publish","4":"has-post-thumbnail","6":"product_cat-ready-to-ship-pouches","7":"product_tag-transparent-and-matte-pouch","9":"first","10":"instock","11":"shipping-taxable","12":"product-type-simple"},"acf":[],"_links":{"self":[{"href":"https:\/\/www.lebeipackaging.com\/fr\/wp-json\/wp\/v2\/product\/2021","targetHints":{"allow":["GET"]}}],"collection":[{"href":"https:\/\/www.lebeipackaging.com\/fr\/wp-json\/wp\/v2\/product"}],"about":[{"href":"https:\/\/www.lebeipackaging.com\/fr\/wp-json\/wp\/v2\/types\/product"}],"replies":[{"embeddable":true,"href":"https:\/\/www.lebeipackaging.com\/fr\/wp-json\/wp\/v2\/comments?post=2021"}],"wp:featuredmedia":[{"embeddable":true,"href":"https:\/\/www.lebeipackaging.com\/fr\/wp-json\/wp\/v2\/media\/2025"}],"wp:attachment":[{"href":"https:\/\/www.lebeipackaging.com\/fr\/wp-json\/wp\/v2\/media?parent=2021"}],"wp:term":[{"taxonomy":"application","embeddable":true,"href":"https:\/\/www.lebeipackaging.com\/fr\/wp-json\/wp\/v2\/application?post=2021"},{"taxonomy":"product_brand","embeddable":true,"href":"https:\/\/www.lebeipackaging.com\/fr\/wp-json\/wp\/v2\/product_brand?post=2021"},{"taxonomy":"product_cat","embeddable":true,"href":"https:\/\/www.lebeipackaging.com\/fr\/wp-json\/wp\/v2\/product_cat?post=2021"},{"taxonomy":"product_tag","embeddable":true,"href":"https:\/\/www.lebeipackaging.com\/fr\/wp-json\/wp\/v2\/product_tag?post=2021"}],"curies":[{"name":"wp","href":"https:\/\/api.w.org\/{rel}","templated":true}]}}