{"id":2070,"date":"2025-09-12T02:17:09","date_gmt":"2025-09-12T02:17:09","guid":{"rendered":"https:\/\/www.lebeipackaging.com\/?post_type=product&#038;p=2070"},"modified":"2025-09-12T02:18:36","modified_gmt":"2025-09-12T02:18:36","slug":"custom-stand-up-pouches-for-candy-packaging-with-zipper-window","status":"publish","type":"product","link":"https:\/\/www.lebeipackaging.com\/fr\/product\/custom-stand-up-pouches-for-candy-packaging-with-zipper-window\/","title":{"rendered":"Pochettes personnalis\u00e9es pour l'emballage de bonbons avec fermeture \u00e0 glissi\u00e8re et fen\u00eatre"},"content":{"rendered":"<h2 class=\"wp-block-heading\">Caract\u00e9ristiques des sachets sur mesure pour l'emballage des bonbons<\/h2>\n\n\n\n<div class=\"wp-block-columns is-layout-flex wp-container-core-columns-is-layout-9d6595d7 wp-block-columns-is-layout-flex\">\n<div class=\"wp-block-column is-layout-flow wp-block-column-is-layout-flow\">\n<p><strong>Mod\u00e8le refermable<\/strong><br>\u00c9quip\u00e9 d'une fermeture \u00e0 glissi\u00e8re de haute qualit\u00e9, il est facile \u00e0 ouvrir et \u00e0 sceller plusieurs fois, ce qui le rend plus hygi\u00e9nique et plus pratique \u00e0 l'usage et prolonge efficacement la dur\u00e9e de conservation des aliments.<\/p>\n\n\n\n<p><strong><strong>Trou et fen\u00eatre<\/strong><\/strong><br>Facilite l'accrochage des produits et la mise en place des pr\u00e9sentoirs, am\u00e9liorant ainsi la pr\u00e9sentation des produits internes et augmentant leur attrait.<\/p>\n\n\n\n<p><strong>Personnalisation des mat\u00e9riaux de support<\/strong><br>En fonction des diff\u00e9rents besoins en mati\u00e8re d'emballage alimentaire, vous pouvez choisir des combinaisons de mat\u00e9riaux \u00e9pais, r\u00e9sistants \u00e0 l'huile ou respectueux de l'environnement pour r\u00e9pondre aux exigences personnalis\u00e9es de la marque en mati\u00e8re de fonctions et de styles d'emballage.<\/p>\n\n\n\n<p><strong>Conception d'un sac autoportant<\/strong><br>Le fond est \u00e9largi et renforc\u00e9, et la structure autoportante est stable, ce qui est pratique pour la pr\u00e9sentation des produits sur l'\u00e9tag\u00e8re, am\u00e9liorant la beaut\u00e9 de la pr\u00e9sentation des produits et le taux de conversion des ventes.<\/p>\n\n\n\n<p><strong>Normes de s\u00e9curit\u00e9 alimentaire<\/strong><br>Fabriqu\u00e9 \u00e0 partir de mat\u00e9riaux de haute qualit\u00e9, de qualit\u00e9 alimentaire, pour garantir la s\u00e9curit\u00e9 et la fra\u00eecheur de vos produits.<\/p>\n\n\n\n<p><strong>Quantit\u00e9 de commande flexible<\/strong><br>Faible quantit\u00e9 de commande, d\u00e9lai de livraison rapide, possibilit\u00e9 de personnalisation de l'impression et de sp\u00e9cifications diff\u00e9rentes, particuli\u00e8rement adapt\u00e9 aux marques en phase de d\u00e9marrage, au commerce \u00e9lectronique transfrontalier et aux besoins de production d'essai rapide.<br><\/p>\n<\/div>\n\n\n\n<div class=\"wp-block-column is-layout-flow wp-block-column-is-layout-flow\">\n<figure class=\"wp-block-image size-full\"><img decoding=\"async\" width=\"640\" height=\"640\" src=\"https:\/\/www.lebeipackaging.com\/wp-content\/uploads\/2025\/09\/Custom-Stand-Up-Pouches-for-Candy-Packaging-With-Zipper-And-Window-1.webp\" alt=\"Pochettes personnalis\u00e9es pour l&#039;emballage de bonbons avec fermeture \u00e9clair et fen\u00eatre-1\" class=\"wp-image-2071\" srcset=\"https:\/\/www.lebeipackaging.com\/wp-content\/uploads\/2025\/09\/Custom-Stand-Up-Pouches-for-Candy-Packaging-With-Zipper-And-Window-1.webp 640w, https:\/\/www.lebeipackaging.com\/wp-content\/uploads\/2025\/09\/Custom-Stand-Up-Pouches-for-Candy-Packaging-With-Zipper-And-Window-1-300x300.webp 300w, https:\/\/www.lebeipackaging.com\/wp-content\/uploads\/2025\/09\/Custom-Stand-Up-Pouches-for-Candy-Packaging-With-Zipper-And-Window-1-150x150.webp 150w, https:\/\/www.lebeipackaging.com\/wp-content\/uploads\/2025\/09\/Custom-Stand-Up-Pouches-for-Candy-Packaging-With-Zipper-And-Window-1-12x12.webp 12w, https:\/\/www.lebeipackaging.com\/wp-content\/uploads\/2025\/09\/Custom-Stand-Up-Pouches-for-Candy-Packaging-With-Zipper-And-Window-1-600x600.webp 600w, https:\/\/www.lebeipackaging.com\/wp-content\/uploads\/2025\/09\/Custom-Stand-Up-Pouches-for-Candy-Packaging-With-Zipper-And-Window-1-100x100.webp 100w\" sizes=\"(max-width: 640px) 100vw, 640px\" \/><\/figure>\n<\/div>\n<\/div>","protected":false},"excerpt":{"rendered":"<p>Les sachets personnalis\u00e9s pour l'emballage de bonbons avec fermeture \u00e9clair constituent une solution durable, refermable et \u00e9cologique pour le stockage de snacks, de c\u00e9r\u00e9ales et d'autres produits alimentaires. Contactez-nous d\u00e8s aujourd'hui pour personnaliser votre propre pochette et obtenir un devis !<\/p>\n<table style=\"border-collapse: collapse; width: 534px; height: 439px;\" border=\"0\" width=\"293\" cellspacing=\"0\" cellpadding=\"0\">\n<tbody>\n<tr style=\"height: 17.00pt;\">\n<td class=\"et2\" style=\"height: 17.00pt; width: 102.45pt;\" width=\"102\" height=\"17\">Fabricant<\/td>\n<td class=\"et2\" style=\"width: 190.80pt;\" width=\"190\">Lebei<\/td>\n<\/tr>\n<tr style=\"height: 35.00pt;\">\n<td class=\"et2\" style=\"height: 35.00pt; width: 102.45pt;\" width=\"102\" height=\"35\">Types de pochettes<\/td>\n<td class=\"et3\" style=\"width: 190.80pt;\" width=\"190\">Stand Up Pouch<\/td>\n<\/tr>\n<tr style=\"height: 35.00pt;\">\n<td class=\"et2\" style=\"height: 35.00pt; width: 102.45pt;\" width=\"102\" height=\"35\">Mat\u00e9riau<\/td>\n<td class=\"et3\" style=\"width: 190.80pt;\" width=\"190\">MOPP\/ VMPET\/PE ou sur mesure<\/td>\n<\/tr>\n<tr style=\"height: 35.00pt;\">\n<td class=\"et2\" style=\"height: 35.00pt; width: 102.45pt;\" width=\"102\" height=\"35\">Dossier sp\u00e9cial<\/td>\n<td class=\"et3\" style=\"width: 190.80pt;\" width=\"190\">Imperm\u00e9able \u00e0 l'humidit\u00e9, fermeture \u00e0 glissi\u00e8re sur le dessus, encoche de d\u00e9chirure, fond debout<\/td>\n<\/tr>\n<tr style=\"height: 35.00pt;\">\n<td class=\"et2\" style=\"height: 35.00pt; width: 102.45pt;\" width=\"102\" height=\"35\">Manipulation de surface<\/td>\n<td class=\"et3\" style=\"width: 190.80pt;\" width=\"190\">Impression en h\u00e9liogravure<\/td>\n<\/tr>\n<tr style=\"height: 35.00pt;\">\n<td class=\"et2\" style=\"height: 35.00pt; width: 102.45pt;\" width=\"102\" height=\"35\">Couleur<\/td>\n<td class=\"et3\" style=\"width: 190.80pt;\" width=\"190\">Personnalisable<\/td>\n<\/tr>\n<tr style=\"height: 35.00pt;\">\n<td class=\"et2\" style=\"height: 35.00pt; width: 102.45pt;\" width=\"102\" height=\"35\">Utilisation<\/td>\n<td class=\"et3\" style=\"width: 190.80pt;\" width=\"190\">Grains de caf\u00e9, snacks, noix, etc.<\/td>\n<\/tr>\n<tr style=\"height: 35.00pt;\">\n<td class=\"et2\" style=\"height: 35.00pt; width: 102.45pt;\" width=\"102\" height=\"35\">MOQ<\/td>\n<td class=\"et3\" style=\"width: 190.80pt;\" width=\"190\">Pochette personnalis\u00e9e : 10 000 pi\u00e8ces (recommander 30 000+ pour un meilleur prix)<\/td>\n<\/tr>\n<tr style=\"height: 35.00pt;\">\n<td class=\"et2\" style=\"height: 35.00pt; width: 102.45pt;\" width=\"102\" height=\"35\">Commande personnalis\u00e9e<\/td>\n<td class=\"et3\" style=\"width: 190.80pt;\" width=\"190\">Acceptation de l'OEM et de l'ODM, prise en charge de l'\u00e9chantillonnage gratuit<\/td>\n<\/tr>\n<\/tbody>\n<\/table>","protected":false},"featured_media":2073,"comment_status":"closed","ping_status":"closed","template":"","meta":{"_acf_changed":false},"application":[],"product_brand":[],"product_cat":[41],"product_tag":[],"class_list":{"0":"post-2070","1":"product","2":"type-product","3":"status-publish","4":"has-post-thumbnail","6":"product_cat-stand-up-pouch-manufacturer","8":"first","9":"instock","10":"shipping-taxable","11":"product-type-simple"},"acf":[],"_links":{"self":[{"href":"https:\/\/www.lebeipackaging.com\/fr\/wp-json\/wp\/v2\/product\/2070","targetHints":{"allow":["GET"]}}],"collection":[{"href":"https:\/\/www.lebeipackaging.com\/fr\/wp-json\/wp\/v2\/product"}],"about":[{"href":"https:\/\/www.lebeipackaging.com\/fr\/wp-json\/wp\/v2\/types\/product"}],"replies":[{"embeddable":true,"href":"https:\/\/www.lebeipackaging.com\/fr\/wp-json\/wp\/v2\/comments?post=2070"}],"wp:featuredmedia":[{"embeddable":true,"href":"https:\/\/www.lebeipackaging.com\/fr\/wp-json\/wp\/v2\/media\/2073"}],"wp:attachment":[{"href":"https:\/\/www.lebeipackaging.com\/fr\/wp-json\/wp\/v2\/media?parent=2070"}],"wp:term":[{"taxonomy":"application","embeddable":true,"href":"https:\/\/www.lebeipackaging.com\/fr\/wp-json\/wp\/v2\/application?post=2070"},{"taxonomy":"product_brand","embeddable":true,"href":"https:\/\/www.lebeipackaging.com\/fr\/wp-json\/wp\/v2\/product_brand?post=2070"},{"taxonomy":"product_cat","embeddable":true,"href":"https:\/\/www.lebeipackaging.com\/fr\/wp-json\/wp\/v2\/product_cat?post=2070"},{"taxonomy":"product_tag","embeddable":true,"href":"https:\/\/www.lebeipackaging.com\/fr\/wp-json\/wp\/v2\/product_tag?post=2070"}],"curies":[{"name":"wp","href":"https:\/\/api.w.org\/{rel}","templated":true}]}}