{"id":2142,"date":"2025-11-21T09:11:47","date_gmt":"2025-11-21T09:11:47","guid":{"rendered":"https:\/\/www.lebeipackaging.com\/?post_type=product&#038;p=2142"},"modified":"2025-11-21T09:11:52","modified_gmt":"2025-11-21T09:11:52","slug":"wholesale-laser-three-side-sealed-bags-with-zipper","status":"publish","type":"product","link":"https:\/\/www.lebeipackaging.com\/fr\/product\/wholesale-laser-three-side-sealed-bags-with-zipper\/","title":{"rendered":"Wholesale Laser Three-Side sealed Bags with Zipper and Viewing Window (Sacs scell\u00e9s \u00e0 trois c\u00f4t\u00e9s avec fermeture \u00e0 glissi\u00e8re et fen\u00eatre de visualisation)"},"content":{"rendered":"<h2 class=\"wp-block-heading\">Caract\u00e9ristiques des sacs scell\u00e9s en gros \u00e0 trois c\u00f4t\u00e9s au laser<\/h2>\n\n\n\n<div class=\"wp-block-columns is-layout-flex wp-container-core-columns-is-layout-9d6595d7 wp-block-columns-is-layout-flex\">\n<div class=\"wp-block-column is-layout-flow wp-block-column-is-layout-flow\">\n<p><strong>Fen\u00eatre transparente pour une meilleure visibilit\u00e9 des produits<\/strong><br>La fen\u00eatre transparente met clairement en valeur votre produit, ce qui renforce la confiance des consommateurs et stimule les ventes.<\/p>\n\n\n\n<p><strong>Effets visuels accrocheurs <\/strong><br>Les sacs laser pr\u00e9sentent un effet color\u00e9 ou nacr\u00e9 brillant sous la lumi\u00e8re, ce qui peut attirer l'attention des consommateurs et rendre l'emballage plus attrayant.<\/p>\n\n\n\n<p><strong>Convivialit\u00e9 et facilit\u00e9 d'utilisation <\/strong><br>La fermeture \u00e0 glissi\u00e8re refermable permet de conserver la fra\u00eecheur du produit apr\u00e8s ouverture.<\/p>\n\n\n\n<p><strong>S\u00e9curit\u00e9 alimentaire<\/strong><br>Fabriqu\u00e9 \u00e0 partir de mat\u00e9riaux s\u00fbrs de premi\u00e8re qualit\u00e9, il est parfait pour les chips, les noix, les bonbons, les fruits secs et bien d'autres choses encore.<\/p>\n\n\n\n<p><strong>Durable et refermable<\/strong><br>La construction robuste avec fermeture \u00e0 glissi\u00e8re refermable maintient le contenu frais et s\u00fbr m\u00eame apr\u00e8s ouverture.<\/p>\n\n\n\n<p><strong><strong><strong>Disponibilit\u00e9 en vrac, pr\u00eat \u00e0 \u00eatre exp\u00e9di\u00e9<\/strong><\/strong><\/strong><br>Propos\u00e9 en diff\u00e9rentes tailles pour les commandes en gros, avec une exp\u00e9dition rapide - pas de d\u00e9lai d'ex\u00e9cution pour les commandes personnalis\u00e9es.<\/p>\n<\/div>\n\n\n\n<div class=\"wp-block-column is-layout-flow wp-block-column-is-layout-flow\">\n<div class=\"wp-block-columns is-layout-flex wp-container-core-columns-is-layout-9d6595d7 wp-block-columns-is-layout-flex\">\n<div class=\"wp-block-column is-layout-flow wp-block-column-is-layout-flow\">\n<figure class=\"wp-block-image size-full\"><img decoding=\"async\" width=\"640\" height=\"640\" src=\"https:\/\/www.lebeipackaging.com\/wp-content\/uploads\/2025\/09\/Wholesale-Laser-Three-Side-sealed-Bags-with-Zipper-and-Viewing-Window-6.jpg\" alt=\"Vente en gros de sacs \u00e0 trois c\u00f4t\u00e9s scell\u00e9s au laser avec fermeture \u00e0 glissi\u00e8re et fen\u00eatre de visualisation-6\" class=\"wp-image-2148\" srcset=\"https:\/\/www.lebeipackaging.com\/wp-content\/uploads\/2025\/09\/Wholesale-Laser-Three-Side-sealed-Bags-with-Zipper-and-Viewing-Window-6.jpg 640w, https:\/\/www.lebeipackaging.com\/wp-content\/uploads\/2025\/09\/Wholesale-Laser-Three-Side-sealed-Bags-with-Zipper-and-Viewing-Window-6-300x300.jpg 300w, https:\/\/www.lebeipackaging.com\/wp-content\/uploads\/2025\/09\/Wholesale-Laser-Three-Side-sealed-Bags-with-Zipper-and-Viewing-Window-6-150x150.jpg 150w, https:\/\/www.lebeipackaging.com\/wp-content\/uploads\/2025\/09\/Wholesale-Laser-Three-Side-sealed-Bags-with-Zipper-and-Viewing-Window-6-12x12.jpg 12w, https:\/\/www.lebeipackaging.com\/wp-content\/uploads\/2025\/09\/Wholesale-Laser-Three-Side-sealed-Bags-with-Zipper-and-Viewing-Window-6-600x600.jpg 600w, https:\/\/www.lebeipackaging.com\/wp-content\/uploads\/2025\/09\/Wholesale-Laser-Three-Side-sealed-Bags-with-Zipper-and-Viewing-Window-6-100x100.jpg 100w\" sizes=\"(max-width: 640px) 100vw, 640px\" \/><\/figure>\n<\/div>\n<\/div>\n<\/div>\n<\/div>\n\n\n\n<div class=\"wp-block-columns is-layout-flex wp-container-core-columns-is-layout-9d6595d7 wp-block-columns-is-layout-flex\">\n<div class=\"wp-block-column is-layout-flow wp-block-column-is-layout-flow\">\n<h2 class=\"wp-block-heading\">Taille du produit<br><\/h2>\n\n\n\n<figure class=\"wp-block-table\"><table class=\"has-fixed-layout\"><tbody><tr><td>Taille<br>(cm)<\/td><td>Emballage (pcs\/fardeau)<\/td><td>Emballage (pcs\/ctn)<\/td><td>Poids<br>(kg\/ctn)<\/td><td>Taille du lot<br>(cm)<\/td><\/tr><tr><td>9*12cm<\/td><td>100<\/td><td>11000<\/td><td>21.00&nbsp;<\/td><td>48*40*34<\/td><\/tr><tr><td>9*16cm<\/td><td>100<\/td><td>9000<\/td><td>23.00&nbsp;<\/td><td>48*40*34<\/td><\/tr><tr><td>10*18cm<\/td><td>100<\/td><td>7000<\/td><td>28.00&nbsp;<\/td><td>48*40*34<\/td><\/tr><tr><td>10.5*15cm<\/td><td>100<\/td><td>8000<\/td><td>27.00&nbsp;<\/td><td>48*40*34<\/td><\/tr><tr><td>12*18cm<\/td><td>100<\/td><td>6000<\/td><td>29.00&nbsp;<\/td><td>48*40*34<\/td><\/tr><tr><td>12*20cm<\/td><td>100<\/td><td>5000<\/td><td>28.00&nbsp;<\/td><td>48*40*34<\/td><\/tr><tr><td>14*20cm<\/td><td>100<\/td><td>4500<\/td><td>30.00&nbsp;<\/td><td>48*40*34<\/td><\/tr><tr><td>15*22cm<\/td><td>100<\/td><td>4000<\/td><td>24.00&nbsp;<\/td><td>48*40*34<\/td><\/tr><tr><td>16*24cm<\/td><td>100<\/td><td>3000<\/td><td>26.00&nbsp;<\/td><td>48*40*34<\/td><\/tr><tr><td>18*26cm<\/td><td>100<\/td><td>2500<\/td><td>28.00&nbsp;<\/td><td>48*40*34<\/td><\/tr><tr><td>20*30cm<\/td><td>100<\/td><td>2000<\/td><td>28.00&nbsp;<\/td><td>48*40*34<\/td><\/tr><tr><td>24*36cm<\/td><td>100<\/td><td>1500<\/td><td>28.00&nbsp;<\/td><td>48*40*34<\/td><\/tr><tr><td>34*45cm<\/td><td>100<\/td><td>1000<\/td><td>22.00&nbsp;<\/td><td>48*40*34<\/td><\/tr><\/tbody><\/table><\/figure>\n<\/div>\n<\/div>\n\n\n\n<p><\/p>","protected":false},"excerpt":{"rendered":"<article class=\"text-token-text-primary w-full\" dir=\"auto\" data-testid=\"conversation-turn-2\" data-scroll-anchor=\"true\">\n<div class=\"text-base my-auto mx-auto py-5 [--thread-content-margin:--spacing(4)] @[37rem]:[--thread-content-margin:--spacing(6)] @[72rem]:[--thread-content-margin:--spacing(16)] px-(--thread-content-margin)\">\n<div class=\"[--thread-content-max-width:32rem] @[34rem]:[--thread-content-max-width:40rem] @[64rem]:[--thread-content-max-width:48rem] mx-auto flex max-w-(--thread-content-max-width) flex-1 text-base gap-4 md:gap-5 lg:gap-6 group\/turn-messages focus-visible:outline-hidden\">\n<div class=\"group\/conversation-turn relative flex w-full min-w-0 flex-col agent-turn\">\n<div class=\"relative flex-col gap-1 md:gap-3\">\n<div class=\"flex max-w-full flex-col grow\">\n<div class=\"min-h-8 text-message relative flex w-full flex-col items-end gap-2 text-start break-words whitespace-normal [.text-message+&amp;]:mt-5\" dir=\"auto\" data-message-author-role=\"assistant\" data-message-id=\"601dc105-1a20-4d41-b026-a096271ed355\" data-message-model-slug=\"gpt-4-1-mini\">\n<div class=\"flex w-full flex-col gap-1 empty:hidden first:pt-[3px]\">\n<div class=\"markdown prose dark:prose-invert w-full break-words light\">\n<article class=\"text-token-text-primary w-full\" dir=\"auto\" data-testid=\"conversation-turn-26\" data-scroll-anchor=\"true\">\n<div class=\"text-base my-auto mx-auto py-5 [--thread-content-margin:--spacing(4)] @[37rem]:[--thread-content-margin:--spacing(6)] @[72rem]:[--thread-content-margin:--spacing(16)] px-(--thread-content-margin)\">\n<div class=\"[--thread-content-max-width:32rem] @[34rem]:[--thread-content-max-width:40rem] @[64rem]:[--thread-content-max-width:48rem] mx-auto flex max-w-(--thread-content-max-width) flex-1 text-base gap-4 md:gap-5 lg:gap-6 group\/turn-messages focus-visible:outline-hidden\">\n<div class=\"group\/conversation-turn relative flex w-full min-w-0 flex-col agent-turn\">\n<div class=\"relative flex-col gap-1 md:gap-3\">\n<div class=\"flex max-w-full flex-col grow\">\n<div class=\"min-h-8 text-message relative flex w-full flex-col items-end gap-2 text-start break-words whitespace-normal [.text-message+&amp;]:mt-5\" dir=\"auto\" data-message-author-role=\"assistant\" data-message-id=\"d05c8187-775a-4e42-8061-4ac971d5f547\" data-message-model-slug=\"gpt-4-1-mini\">\n<div class=\"flex w-full flex-col gap-1 empty:hidden first:pt-[3px]\">\n<div class=\"markdown prose dark:prose-invert w-full break-words light\">\n<p data-start=\"0\" data-end=\"257\" data-is-last-node=\"\" data-is-only-node=\"\">wholesale laser three-side sealed bags with zipper and viewing window durable, high-barrier design keeps food fresh, with a clear window for easy product display.<\/p>\n<\/div>\n<\/div>\n<\/div>\n<\/div>\n<\/div>\n<\/div>\n<\/div>\n<\/div>\n<\/article>\n<\/div>\n<\/div>\n<\/div>\n<\/div>\n<\/div>\n<\/div>\n<\/div>\n<\/div>\n<\/article>\n<table style=\"border-collapse: collapse; width: 518px; height: 318px;\" border=\"0\" width=\"293\" cellspacing=\"0\" cellpadding=\"0\">\n<tbody>\n<tr style=\"height: 17.00pt;\">\n<td class=\"et2\" style=\"height: 17.00pt; width: 102.45pt;\" width=\"102\" height=\"17\">Manufacturer<\/td>\n<td class=\"et2\" style=\"width: 190.80pt;\" width=\"190\">Lebei<\/td>\n<\/tr>\n<tr style=\"height: 17.00pt;\">\n<td class=\"et2\" style=\"height: 17.00pt; width: 102.45pt;\" width=\"102\" height=\"17\">Pouch Types<\/td>\n<td class=\"et3\" style=\"width: 190.80pt;\" width=\"190\">Aluminum Foil Stand up pouch<\/td>\n<\/tr>\n<tr style=\"height: 17.00pt;\">\n<td class=\"et2\" style=\"height: 17.00pt; width: 102.45pt;\" width=\"102\" height=\"17\">Material<\/td>\n<td class=\"et3\" style=\"width: 190.80pt;\" width=\"190\">PET\/Laser Foil\/CPP<\/td>\n<\/tr>\n<tr style=\"height: 17.00pt;\">\n<td class=\"et2\" style=\"height: 17.00pt; width: 102.45pt;\" width=\"102\" height=\"17\">Sealing\u00a0<\/td>\n<td class=\"et3\" style=\"width: 190.80pt;\" width=\"190\">Zipper Top\u00a0<\/td>\n<\/tr>\n<tr style=\"height: 17.00pt;\">\n<td class=\"et2\" style=\"height: 17.00pt; width: 102.45pt;\" width=\"102\" height=\"17\">Surface Handling<\/td>\n<td class=\"et3\" style=\"width: 190.80pt;\" width=\"190\">Gravure Printing<\/td>\n<\/tr>\n<tr style=\"height: 17.00pt;\">\n<td class=\"et2\" style=\"height: 17.00pt; width: 102.45pt;\" width=\"102\" height=\"17\">Advantage<\/td>\n<td class=\"et3\" style=\"width: 190.80pt;\" width=\"190\">Moisture Proof<\/td>\n<\/tr>\n<tr style=\"height: 17.00pt;\">\n<td class=\"et2\" style=\"height: 17.00pt; width: 102.45pt;\" width=\"102\" height=\"17\">Usage<\/td>\n<td class=\"et3\" style=\"width: 190.80pt;\" width=\"190\">Food or Snack Packaging<\/td>\n<\/tr>\n<tr style=\"height: 34.00pt;\">\n<td class=\"et2\" style=\"height: 34.00pt; width: 102.45pt;\" width=\"102\" height=\"34\">MOQ<\/td>\n<td class=\"et3\" style=\"width: 190.80pt;\" width=\"190\">Mix Items, Total 5000 Pieces<\/td>\n<\/tr>\n<tr style=\"height: 34.00pt;\">\n<td class=\"et2\" style=\"height: 34.00pt; width: 102.45pt;\" width=\"102\" height=\"34\">Sample<\/td>\n<td class=\"et3\" style=\"width: 190.80pt;\" width=\"190\">1-2 Days (Free)<\/td>\n<\/tr>\n<\/tbody>\n<\/table>\n","protected":false},"featured_media":2146,"comment_status":"closed","ping_status":"closed","template":"","meta":{"_acf_changed":false},"application":[],"product_brand":[],"product_cat":[50],"product_tag":[49],"class_list":{"0":"post-2142","1":"product","2":"type-product","3":"status-publish","4":"has-post-thumbnail","6":"product_cat-ready-to-ship-pouches","7":"product_tag-transparent-and-matte-pouch","9":"first","10":"instock","11":"shipping-taxable","12":"product-type-simple"},"acf":[],"_links":{"self":[{"href":"https:\/\/www.lebeipackaging.com\/fr\/wp-json\/wp\/v2\/product\/2142","targetHints":{"allow":["GET"]}}],"collection":[{"href":"https:\/\/www.lebeipackaging.com\/fr\/wp-json\/wp\/v2\/product"}],"about":[{"href":"https:\/\/www.lebeipackaging.com\/fr\/wp-json\/wp\/v2\/types\/product"}],"replies":[{"embeddable":true,"href":"https:\/\/www.lebeipackaging.com\/fr\/wp-json\/wp\/v2\/comments?post=2142"}],"wp:featuredmedia":[{"embeddable":true,"href":"https:\/\/www.lebeipackaging.com\/fr\/wp-json\/wp\/v2\/media\/2146"}],"wp:attachment":[{"href":"https:\/\/www.lebeipackaging.com\/fr\/wp-json\/wp\/v2\/media?parent=2142"}],"wp:term":[{"taxonomy":"application","embeddable":true,"href":"https:\/\/www.lebeipackaging.com\/fr\/wp-json\/wp\/v2\/application?post=2142"},{"taxonomy":"product_brand","embeddable":true,"href":"https:\/\/www.lebeipackaging.com\/fr\/wp-json\/wp\/v2\/product_brand?post=2142"},{"taxonomy":"product_cat","embeddable":true,"href":"https:\/\/www.lebeipackaging.com\/fr\/wp-json\/wp\/v2\/product_cat?post=2142"},{"taxonomy":"product_tag","embeddable":true,"href":"https:\/\/www.lebeipackaging.com\/fr\/wp-json\/wp\/v2\/product_tag?post=2142"}],"curies":[{"name":"wp","href":"https:\/\/api.w.org\/{rel}","templated":true}]}}