{"id":2264,"date":"2025-09-26T03:36:48","date_gmt":"2025-09-26T03:36:48","guid":{"rendered":"https:\/\/www.lebeipackaging.com\/?post_type=product&#038;p=2264"},"modified":"2025-09-26T03:36:54","modified_gmt":"2025-09-26T03:36:54","slug":"wholesale-gold-laser-flat-bottom-pouch-with-zipper","status":"publish","type":"product","link":"https:\/\/www.lebeipackaging.com\/fr\/product\/wholesale-gold-laser-flat-bottom-pouch-with-zipper\/","title":{"rendered":"Pochette \u00e0 fond plat avec fermeture \u00e0 glissi\u00e8re Gold Laser en gros"},"content":{"rendered":"<h2 class=\"wp-block-heading\">Caract\u00e9ristiques de la pochette \u00e0 fond plat en gros avec laser dor\u00e9<\/h2>\n\n\n\n<div class=\"wp-block-columns is-layout-flex wp-container-core-columns-is-layout-9d6595d7 wp-block-columns-is-layout-flex\">\n<div class=\"wp-block-column is-layout-flow wp-block-column-is-layout-flow\">\n<p><strong>Conception \u00e0 fond plat<\/strong> <br>La stabilit\u00e9 de la pochette permet de la pr\u00e9senter et de la ranger facilement, sans qu'elle ne bascule.<\/p>\n\n\n\n<p><strong>Fermeture \u00e0 glissi\u00e8re r\u00e9utilisable<\/strong><br>La fermeture \u00e0 glissi\u00e8re incluse pr\u00e9serve la fra\u00eecheur et la s\u00e9curit\u00e9 du contenu apr\u00e8s ouverture. Elle permet une utilisation r\u00e9p\u00e9t\u00e9e, offrant ainsi une valeur ajout\u00e9e aux consommateurs et r\u00e9duisant les pertes de produits.<\/p>\n\n\n\n<p><strong>Alimentaire et thermoscellable<\/strong><br>Sans danger pour le contact direct avec les aliments et compatible avec les machines \u00e0 thermosceller - parfait pour le caf\u00e9, les aliments pour animaux, les c\u00e9r\u00e9ales, les snacks, les poudres et bien plus encore.<\/p>\n\n\n\n<p><strong>Effets visuels accrocheurs <\/strong><br>Les sacs laser pr\u00e9sentent un effet color\u00e9 ou nacr\u00e9 brillant sous la lumi\u00e8re, ce qui peut attirer l'attention des consommateurs et rendre l'emballage plus attrayant.<\/p>\n\n\n\n<p><strong>Compact pour de nombreuses applications<\/strong><br>Parfait pour emballer le caf\u00e9, le th\u00e9, les friandises pour animaux, les snacks, les aliments secs, les poudres, etc. Parfait pour divers secteurs tels que l'alimentation, la sant\u00e9 et la vente au d\u00e9tail de produits de style de vie.<\/p>\n\n\n\n<p><strong><strong><strong>Disponibilit\u00e9 en vrac, pr\u00eat \u00e0 \u00eatre exp\u00e9di\u00e9<\/strong><\/strong><\/strong><br>Propos\u00e9 en diff\u00e9rentes tailles pour les commandes en gros, avec une exp\u00e9dition rapide - pas de d\u00e9lai d'ex\u00e9cution pour les commandes personnalis\u00e9es.<\/p>\n<\/div>\n\n\n\n<div class=\"wp-block-column is-layout-flow wp-block-column-is-layout-flow\">\n<div class=\"wp-block-columns is-layout-flex wp-container-core-columns-is-layout-9d6595d7 wp-block-columns-is-layout-flex\">\n<div class=\"wp-block-column is-layout-flow wp-block-column-is-layout-flow\">\n<figure class=\"wp-block-image size-full\"><img decoding=\"async\" width=\"640\" height=\"640\" src=\"https:\/\/www.lebeipackaging.com\/wp-content\/uploads\/2025\/09\/Wholesale-Gold-Laser-Flat-Bottom-Pouch-with-Zipper-9.webp\" alt=\"Grossiste-Gold-Laser-Flat-Bottom-Pouch-with-Zipper-9\" class=\"wp-image-2273\" srcset=\"https:\/\/www.lebeipackaging.com\/wp-content\/uploads\/2025\/09\/Wholesale-Gold-Laser-Flat-Bottom-Pouch-with-Zipper-9.webp 640w, https:\/\/www.lebeipackaging.com\/wp-content\/uploads\/2025\/09\/Wholesale-Gold-Laser-Flat-Bottom-Pouch-with-Zipper-9-300x300.webp 300w, https:\/\/www.lebeipackaging.com\/wp-content\/uploads\/2025\/09\/Wholesale-Gold-Laser-Flat-Bottom-Pouch-with-Zipper-9-150x150.webp 150w, https:\/\/www.lebeipackaging.com\/wp-content\/uploads\/2025\/09\/Wholesale-Gold-Laser-Flat-Bottom-Pouch-with-Zipper-9-12x12.webp 12w, https:\/\/www.lebeipackaging.com\/wp-content\/uploads\/2025\/09\/Wholesale-Gold-Laser-Flat-Bottom-Pouch-with-Zipper-9-600x600.webp 600w, https:\/\/www.lebeipackaging.com\/wp-content\/uploads\/2025\/09\/Wholesale-Gold-Laser-Flat-Bottom-Pouch-with-Zipper-9-100x100.webp 100w\" sizes=\"(max-width: 640px) 100vw, 640px\" \/><\/figure>\n<\/div>\n<\/div>\n<\/div>\n<\/div>\n\n\n\n<div class=\"wp-block-columns is-layout-flex wp-container-core-columns-is-layout-9d6595d7 wp-block-columns-is-layout-flex\">\n<div class=\"wp-block-column is-layout-flow wp-block-column-is-layout-flow\">\n<h2 class=\"wp-block-heading\">Taille du produit<\/h2>\n\n\n\n<figure class=\"wp-block-table\"><table class=\"has-fixed-layout\"><tbody><tr><td>Taille<br>(cm)<\/td><td>Emballage (pcs\/fardeau)<\/td><td>Emballage (pcs\/ctn)<\/td><td>Poids<br>(kg\/ctn)<\/td><td>Taille du lot<br>(cm)<\/td><\/tr><tr><td>14*20+3cm*2<\/td><td>50<\/td><td>2500<\/td><td>\/<\/td><td>\/<\/td><\/tr><tr><td>16*26+4cm*2<\/td><td>50<\/td><td>2000<\/td><td>\/<\/td><td>\/<\/td><\/tr><tr><td>18*28+4cm*2<\/td><td>50<\/td><td>2000<\/td><td>\/<\/td><td>\/<\/td><\/tr><tr><td>20*30+4cm*2<\/td><td>50<\/td><td>2000<\/td><td>\/<\/td><td>\/<\/td><\/tr><\/tbody><\/table><\/figure>\n<\/div>\n<\/div>\n\n\n\n<p><\/p>","protected":false},"excerpt":{"rendered":"<article class=\"text-token-text-primary w-full\" dir=\"auto\" data-testid=\"conversation-turn-2\" data-scroll-anchor=\"true\">\n<div class=\"text-base my-auto mx-auto py-5 [--thread-content-margin:--spacing(4)] @[37rem]:[--thread-content-margin:--spacing(6)] @[72rem]:[--thread-content-margin:--spacing(16)] px-(--thread-content-margin)\">\n<div class=\"[--thread-content-max-width:32rem] @[34rem]:[--thread-content-max-width:40rem] @[64rem]:[--thread-content-max-width:48rem] mx-auto flex max-w-(--thread-content-max-width) flex-1 text-base gap-4 md:gap-5 lg:gap-6 group\/turn-messages focus-visible:outline-hidden\">\n<div class=\"group\/conversation-turn relative flex w-full min-w-0 flex-col agent-turn\">\n<div class=\"relative flex-col gap-1 md:gap-3\">\n<div class=\"flex max-w-full flex-col grow\">\n<div class=\"min-h-8 text-message relative flex w-full flex-col items-end gap-2 text-start break-words whitespace-normal [.text-message+&amp;]:mt-5\" dir=\"auto\" data-message-author-role=\"assistant\" data-message-id=\"601dc105-1a20-4d41-b026-a096271ed355\" data-message-model-slug=\"gpt-4-1-mini\">\n<div class=\"flex w-full flex-col gap-1 empty:hidden first:pt-[3px]\">\n<div class=\"markdown prose dark:prose-invert w-full break-words light\">\n<article class=\"text-token-text-primary w-full\" dir=\"auto\" data-testid=\"conversation-turn-26\" data-scroll-anchor=\"true\">\n<div class=\"text-base my-auto mx-auto py-5 [--thread-content-margin:--spacing(4)] @[37rem]:[--thread-content-margin:--spacing(6)] @[72rem]:[--thread-content-margin:--spacing(16)] px-(--thread-content-margin)\">\n<div class=\"[--thread-content-max-width:32rem] @[34rem]:[--thread-content-max-width:40rem] @[64rem]:[--thread-content-max-width:48rem] mx-auto flex max-w-(--thread-content-max-width) flex-1 text-base gap-4 md:gap-5 lg:gap-6 group\/turn-messages focus-visible:outline-hidden\">\n<div class=\"group\/conversation-turn relative flex w-full min-w-0 flex-col agent-turn\">\n<div class=\"relative flex-col gap-1 md:gap-3\">\n<div class=\"flex max-w-full flex-col grow\">\n<div class=\"min-h-8 text-message relative flex w-full flex-col items-end gap-2 text-start break-words whitespace-normal [.text-message+&amp;]:mt-5\" dir=\"auto\" data-message-author-role=\"assistant\" data-message-id=\"d05c8187-775a-4e42-8061-4ac971d5f547\" data-message-model-slug=\"gpt-4-1-mini\">\n<div class=\"flex w-full flex-col gap-1 empty:hidden first:pt-[3px]\">\n<div class=\"markdown prose dark:prose-invert w-full break-words light\">\n<p data-start=\"34\" data-end=\"266\">Wholesale gold laser flat bottom pouch with zipper combines a shiny metallic look with a sturdy flat base and resealable zipper. Ideal for packaging coffee, tea, nuts, or snacks while keeping them fresh and visually appealing. Welcome to inquire and purchase\uff01<\/p>\n<\/div>\n<\/div>\n<\/div>\n<\/div>\n<\/div>\n<\/div>\n<\/div>\n<\/div>\n<\/article>\n<\/div>\n<\/div>\n<\/div>\n<\/div>\n<\/div>\n<\/div>\n<\/div>\n<\/div>\n<\/article>\n<table style=\"border-collapse: collapse; width: 518px; height: 318px;\" border=\"0\" width=\"293\" cellspacing=\"0\" cellpadding=\"0\">\n<tbody>\n<tr style=\"height: 17.00pt;\">\n<td class=\"et2\" style=\"height: 17.00pt; width: 102.45pt;\" width=\"102\" height=\"17\">Manufacturer<\/td>\n<td class=\"et2\" style=\"width: 190.80pt;\" width=\"190\">Lebei<\/td>\n<\/tr>\n<tr style=\"height: 17.00pt;\">\n<td class=\"et2\" style=\"height: 17.00pt; width: 102.45pt;\" width=\"102\" height=\"17\">Pouch Types<\/td>\n<td class=\"et3\" style=\"width: 190.80pt;\" width=\"190\">Flat Bottom Pouch(Transparent\u00a0&amp; Matte Finish)<\/td>\n<\/tr>\n<tr style=\"height: 17.00pt;\">\n<td class=\"et2\" style=\"height: 17.00pt; width: 102.45pt;\" width=\"102\" height=\"17\">Material<\/td>\n<td class=\"et3\" style=\"width: 190.80pt;\" width=\"190\">PET\/PE<\/td>\n<\/tr>\n<tr style=\"height: 17.00pt;\">\n<td class=\"et2\" style=\"height: 17.00pt; width: 102.45pt;\" width=\"102\" height=\"17\">Sealing &amp; Handle<\/td>\n<td class=\"et3\" style=\"width: 190.80pt;\" width=\"190\">Zipper Top<\/td>\n<\/tr>\n<tr style=\"height: 17.00pt;\">\n<td class=\"et2\" style=\"height: 17.00pt; width: 102.45pt;\" width=\"102\" height=\"17\">Surface Handling<\/td>\n<td class=\"et3\" style=\"width: 190.80pt;\" width=\"190\">Gravure Printing<\/td>\n<\/tr>\n<tr style=\"height: 17.00pt;\">\n<td class=\"et2\" style=\"height: 17.00pt; width: 102.45pt;\" width=\"102\" height=\"17\">Advantage<\/td>\n<td class=\"et3\" style=\"width: 190.80pt;\" width=\"190\">Moisture Proof<\/td>\n<\/tr>\n<tr style=\"height: 17.00pt;\">\n<td class=\"et2\" style=\"height: 17.00pt; width: 102.45pt;\" width=\"102\" height=\"17\">Usage<\/td>\n<td class=\"et3\" style=\"width: 190.80pt;\" width=\"190\">Food or Snack Packaging<\/td>\n<\/tr>\n<tr style=\"height: 34.00pt;\">\n<td class=\"et2\" style=\"height: 34.00pt; width: 102.45pt;\" width=\"102\" height=\"34\">MOQ<\/td>\n<td class=\"et3\" style=\"width: 190.80pt;\" width=\"190\">Mix Items, Total 5000 Pieces<\/td>\n<\/tr>\n<tr style=\"height: 34.00pt;\">\n<td class=\"et2\" style=\"height: 34.00pt; width: 102.45pt;\" width=\"102\" height=\"34\">Sample<\/td>\n<td class=\"et3\" style=\"width: 190.80pt;\" width=\"190\">1-2 Days (Free)<\/td>\n<\/tr>\n<\/tbody>\n<\/table>\n","protected":false},"featured_media":2265,"comment_status":"closed","ping_status":"closed","template":"","meta":{"_acf_changed":false},"application":[],"product_brand":[],"product_cat":[50,40],"product_tag":[47],"class_list":{"0":"post-2264","1":"product","2":"type-product","3":"status-publish","4":"has-post-thumbnail","6":"product_cat-ready-to-ship-pouches","7":"product_cat-custom-flat-bottom-pouch","8":"product_tag-colored-stand-up-pouches","10":"first","11":"instock","12":"shipping-taxable","13":"product-type-simple"},"acf":[],"_links":{"self":[{"href":"https:\/\/www.lebeipackaging.com\/fr\/wp-json\/wp\/v2\/product\/2264","targetHints":{"allow":["GET"]}}],"collection":[{"href":"https:\/\/www.lebeipackaging.com\/fr\/wp-json\/wp\/v2\/product"}],"about":[{"href":"https:\/\/www.lebeipackaging.com\/fr\/wp-json\/wp\/v2\/types\/product"}],"replies":[{"embeddable":true,"href":"https:\/\/www.lebeipackaging.com\/fr\/wp-json\/wp\/v2\/comments?post=2264"}],"wp:featuredmedia":[{"embeddable":true,"href":"https:\/\/www.lebeipackaging.com\/fr\/wp-json\/wp\/v2\/media\/2265"}],"wp:attachment":[{"href":"https:\/\/www.lebeipackaging.com\/fr\/wp-json\/wp\/v2\/media?parent=2264"}],"wp:term":[{"taxonomy":"application","embeddable":true,"href":"https:\/\/www.lebeipackaging.com\/fr\/wp-json\/wp\/v2\/application?post=2264"},{"taxonomy":"product_brand","embeddable":true,"href":"https:\/\/www.lebeipackaging.com\/fr\/wp-json\/wp\/v2\/product_brand?post=2264"},{"taxonomy":"product_cat","embeddable":true,"href":"https:\/\/www.lebeipackaging.com\/fr\/wp-json\/wp\/v2\/product_cat?post=2264"},{"taxonomy":"product_tag","embeddable":true,"href":"https:\/\/www.lebeipackaging.com\/fr\/wp-json\/wp\/v2\/product_tag?post=2264"}],"curies":[{"name":"wp","href":"https:\/\/api.w.org\/{rel}","templated":true}]}}