{"id":2386,"date":"2025-10-08T01:18:51","date_gmt":"2025-10-08T01:18:51","guid":{"rendered":"https:\/\/www.lebeipackaging.com\/?post_type=product&#038;p=2386"},"modified":"2025-10-08T01:18:56","modified_gmt":"2025-10-08T01:18:56","slug":"custom-printed-stand-up-pouches-with-glossy-window","status":"publish","type":"product","link":"https:\/\/www.lebeipackaging.com\/fr\/product\/custom-printed-stand-up-pouches-with-glossy-window\/","title":{"rendered":"Pochettes imprim\u00e9es sur mesure avec fen\u00eatre brillante"},"content":{"rendered":"<h2 class=\"wp-block-heading\">Caract\u00e9ristiques des pochettes imprim\u00e9es sur mesure<\/h2>\n\n\n\n<div class=\"wp-block-columns is-layout-flex wp-container-core-columns-is-layout-9d6595d7 wp-block-columns-is-layout-flex\">\n<div class=\"wp-block-column is-layout-flow wp-block-column-is-layout-flow\">\n<p><strong>Qualit\u00e9 alimentaire : <\/strong>Fabriqu\u00e9 \u00e0 partir de mat\u00e9riaux de premi\u00e8re qualit\u00e9, de type alimentaire, pour pr\u00e9server la fra\u00eecheur et la s\u00e9curit\u00e9 de vos produits.<\/p>\n\n\n\n<p><strong>Impression personnalis\u00e9e : <\/strong>Options de conception enti\u00e8rement personnalis\u00e9es pour les logos, les marques et les graphiques sp\u00e9ciaux afin de faire ressortir votre emballage.<\/p>\n\n\n\n<p><strong>Solide et \u00e9tanche : <\/strong>Fabriqu\u00e9es dans un mat\u00e9riau multicouche de qualit\u00e9 sup\u00e9rieure, ces pochettes sont incroyablement r\u00e9sistantes et \u00e9tanches, parfaites pour les liquides, les en-cas ou les aliments secs.<\/p>\n\n\n\n<p><strong>Conception pratique pour se tenir debout\uff1a<\/strong> Se tient debout pour faciliter le stockage, la pr\u00e9sentation et l'utilisation, ce qui permet d'\u00e9conomiser de l'espace sur les \u00e9tag\u00e8res.<\/p>\n\n\n\n<p><strong>L\u00e9ger et \u00e9conomique \uff1a<\/strong> L\u00e9ger mais extr\u00eamement durable, il r\u00e9duit les frais d'exp\u00e9dition et offre une solution abordable mais de qualit\u00e9 et de protection sans aucun compromis.<\/p>\n\n\n\n<p><strong>Utilisation polyvalente\uff1a<\/strong> Pratique \u00e0 utiliser avec de nombreux produits tels que les snacks, le caf\u00e9, les \u00e9pices et bien d'autres, avec une fermeture s\u00e9curis\u00e9e pour maintenir la fra\u00eecheur.<br><\/p>\n<\/div>\n\n\n\n<div class=\"wp-block-column is-layout-flow wp-block-column-is-layout-flow\">\n<figure class=\"wp-block-image size-full\"><img decoding=\"async\" width=\"640\" height=\"640\" src=\"https:\/\/www.lebeipackaging.com\/wp-content\/uploads\/2025\/10\/Custom-Printed-Stand-Up-Pouches-With-Glossy-Window-6.webp\" alt=\"Imprim\u00e9es sur mesure-avec fen\u00eatre brillante-6\" class=\"wp-image-2399\" srcset=\"https:\/\/www.lebeipackaging.com\/wp-content\/uploads\/2025\/10\/Custom-Printed-Stand-Up-Pouches-With-Glossy-Window-6.webp 640w, https:\/\/www.lebeipackaging.com\/wp-content\/uploads\/2025\/10\/Custom-Printed-Stand-Up-Pouches-With-Glossy-Window-6-300x300.webp 300w, https:\/\/www.lebeipackaging.com\/wp-content\/uploads\/2025\/10\/Custom-Printed-Stand-Up-Pouches-With-Glossy-Window-6-150x150.webp 150w, https:\/\/www.lebeipackaging.com\/wp-content\/uploads\/2025\/10\/Custom-Printed-Stand-Up-Pouches-With-Glossy-Window-6-12x12.webp 12w, https:\/\/www.lebeipackaging.com\/wp-content\/uploads\/2025\/10\/Custom-Printed-Stand-Up-Pouches-With-Glossy-Window-6-600x600.webp 600w, https:\/\/www.lebeipackaging.com\/wp-content\/uploads\/2025\/10\/Custom-Printed-Stand-Up-Pouches-With-Glossy-Window-6-100x100.webp 100w\" sizes=\"(max-width: 640px) 100vw, 640px\" \/><\/figure>\n<\/div>\n<\/div>","protected":false},"excerpt":{"rendered":"<p>Les sachets imprim\u00e9s personnalis\u00e9s avec fen\u00eatre brillante sont con\u00e7us pour mettre en valeur votre marque et votre produit avec style. La fen\u00eatre transparente et brillante met en valeur le contenu \u00e0 l'int\u00e9rieur, tandis que le mat\u00e9riau durable de qualit\u00e9 alimentaire garantit la fra\u00eecheur et l'attrait en rayon. Parfaites pour le caf\u00e9, les snacks, le th\u00e9 ou les produits secs.<\/p>\n<table style=\"border-collapse: collapse; width: 534px; height: 439px;\" border=\"0\" width=\"293\" cellspacing=\"0\" cellpadding=\"0\">\n<tbody>\n<tr style=\"height: 17.00pt;\">\n<td class=\"et2\" style=\"height: 17.00pt; width: 102.45pt;\" width=\"102\" height=\"17\">Fabricant<\/td>\n<td class=\"et2\" style=\"width: 190.80pt;\" width=\"190\">Lebei<\/td>\n<\/tr>\n<tr style=\"height: 35.00pt;\">\n<td class=\"et2\" style=\"height: 35.00pt; width: 102.45pt;\" width=\"102\" height=\"35\">Types de pochettes<\/td>\n<td class=\"et3\" style=\"width: 190.80pt;\" width=\"190\">Stand Up Pouch<\/td>\n<\/tr>\n<tr style=\"height: 35.00pt;\">\n<td class=\"et2\" style=\"height: 35.00pt; width: 102.45pt;\" width=\"102\" height=\"35\">Mat\u00e9riau<\/td>\n<td class=\"et3\" style=\"width: 190.80pt;\" width=\"190\">Bopp mat\/ papier kraft\/PET\/PE ou personnalis\u00e9<\/td>\n<\/tr>\n<tr style=\"height: 35.00pt;\">\n<td class=\"et2\" style=\"height: 35.00pt; width: 102.45pt;\" width=\"102\" height=\"35\">Dossier sp\u00e9cial<\/td>\n<td class=\"et3\" style=\"width: 190.80pt;\" width=\"190\">Imperm\u00e9able \u00e0 l'humidit\u00e9, fermeture \u00e0 glissi\u00e8re sur le dessus, encoche de d\u00e9chirure, fond debout<\/td>\n<\/tr>\n<tr style=\"height: 35.00pt;\">\n<td class=\"et2\" style=\"height: 35.00pt; width: 102.45pt;\" width=\"102\" height=\"35\">Manipulation de surface<\/td>\n<td class=\"et3\" style=\"width: 190.80pt;\" width=\"190\">Impression en h\u00e9liogravure<\/td>\n<\/tr>\n<tr style=\"height: 35.00pt;\">\n<td class=\"et2\" style=\"height: 35.00pt; width: 102.45pt;\" width=\"102\" height=\"35\">Couleur<\/td>\n<td class=\"et3\" style=\"width: 190.80pt;\" width=\"190\">Bleu (personnalisable)<\/td>\n<\/tr>\n<tr style=\"height: 35.00pt;\">\n<td class=\"et2\" style=\"height: 35.00pt; width: 102.45pt;\" width=\"102\" height=\"35\">Utilisation<\/td>\n<td class=\"et3\" style=\"width: 190.80pt;\" width=\"190\">\u00a0des en-cas, des noix, etc.<\/td>\n<\/tr>\n<tr style=\"height: 35.00pt;\">\n<td class=\"et2\" style=\"height: 35.00pt; width: 102.45pt;\" width=\"102\" height=\"35\">MOQ<\/td>\n<td class=\"et3\" style=\"width: 190.80pt;\" width=\"190\">Pochette personnalis\u00e9e : 10 000 pi\u00e8ces (recommander 30 000+ pour un meilleur prix)<\/td>\n<\/tr>\n<tr style=\"height: 35.00pt;\">\n<td class=\"et2\" style=\"height: 35.00pt; width: 102.45pt;\" width=\"102\" height=\"35\">Commande personnalis\u00e9e<\/td>\n<td class=\"et3\" style=\"width: 190.80pt;\" width=\"190\">Acceptation de l'OEM et de l'ODM, prise en charge de l'\u00e9chantillonnage gratuit<\/td>\n<\/tr>\n<\/tbody>\n<\/table>","protected":false},"featured_media":2400,"comment_status":"closed","ping_status":"closed","template":"","meta":{"_acf_changed":false},"application":[],"product_brand":[],"product_cat":[41],"product_tag":[],"class_list":{"0":"post-2386","1":"product","2":"type-product","3":"status-publish","4":"has-post-thumbnail","6":"product_cat-stand-up-pouch-manufacturer","8":"first","9":"instock","10":"shipping-taxable","11":"product-type-simple"},"acf":[],"_links":{"self":[{"href":"https:\/\/www.lebeipackaging.com\/fr\/wp-json\/wp\/v2\/product\/2386","targetHints":{"allow":["GET"]}}],"collection":[{"href":"https:\/\/www.lebeipackaging.com\/fr\/wp-json\/wp\/v2\/product"}],"about":[{"href":"https:\/\/www.lebeipackaging.com\/fr\/wp-json\/wp\/v2\/types\/product"}],"replies":[{"embeddable":true,"href":"https:\/\/www.lebeipackaging.com\/fr\/wp-json\/wp\/v2\/comments?post=2386"}],"wp:featuredmedia":[{"embeddable":true,"href":"https:\/\/www.lebeipackaging.com\/fr\/wp-json\/wp\/v2\/media\/2400"}],"wp:attachment":[{"href":"https:\/\/www.lebeipackaging.com\/fr\/wp-json\/wp\/v2\/media?parent=2386"}],"wp:term":[{"taxonomy":"application","embeddable":true,"href":"https:\/\/www.lebeipackaging.com\/fr\/wp-json\/wp\/v2\/application?post=2386"},{"taxonomy":"product_brand","embeddable":true,"href":"https:\/\/www.lebeipackaging.com\/fr\/wp-json\/wp\/v2\/product_brand?post=2386"},{"taxonomy":"product_cat","embeddable":true,"href":"https:\/\/www.lebeipackaging.com\/fr\/wp-json\/wp\/v2\/product_cat?post=2386"},{"taxonomy":"product_tag","embeddable":true,"href":"https:\/\/www.lebeipackaging.com\/fr\/wp-json\/wp\/v2\/product_tag?post=2386"}],"curies":[{"name":"wp","href":"https:\/\/api.w.org\/{rel}","templated":true}]}}