{"id":2436,"date":"2025-10-08T02:26:02","date_gmt":"2025-10-08T02:26:02","guid":{"rendered":"https:\/\/www.lebeipackaging.com\/?post_type=product&#038;p=2436"},"modified":"2025-10-08T02:26:07","modified_gmt":"2025-10-08T02:26:07","slug":"custom-flat-bottom-pouch-with-zipper-for-beans","status":"publish","type":"product","link":"https:\/\/www.lebeipackaging.com\/fr\/product\/custom-flat-bottom-pouch-with-zipper-for-beans\/","title":{"rendered":"Pochette \u00e0 fond plat avec fermeture \u00e0 glissi\u00e8re pour haricots"},"content":{"rendered":"<h2 class=\"wp-block-heading\">Caract\u00e9ristiques de la pochette \u00e0 fond plat avec fermeture \u00e9clair pour les haricots<\/h2>\n\n\n\n<p><strong>Conception stable \u00e0 fond plat<\/strong><br>La conception \u00e0 fond plat scell\u00e9 sur huit c\u00f4t\u00e9s permet une excellente stabilit\u00e9 et une apparence nette. Facile \u00e0 tenir debout sur les \u00e9tag\u00e8res, il am\u00e9liore la pr\u00e9sentation des produits et attire instantan\u00e9ment l'attention des clients.<\/p>\n\n\n\n<p><strong>S\u00fbr et fiable pour l'emballage alimentaire<\/strong><br>Fabriqu\u00e9 avec des mat\u00e9riaux de haute qualit\u00e9, s\u00fbrs pour les aliments et sans danger pour le toucher. Convient aux \u00e9quipements de thermoscellage pour garantir la fra\u00eecheur. Id\u00e9al pour le caf\u00e9, les snacks, les c\u00e9r\u00e9ales et les aliments pour animaux.<\/p>\n\n\n\n<p><strong>Fermeture \u00e0 glissi\u00e8re refermable pour une fra\u00eecheur durable<\/strong><br>\u00c9quip\u00e9 d'une fermeture \u00e0 glissi\u00e8re lisse et r\u00e9utilisable qui permet des ouvertures multiples sans perte de fra\u00eecheur. Parfait pour conserver la fra\u00eecheur de produits tels que l'avoine, les \u00e9pices et les aliments secs.<\/p>\n\n\n\n<p><strong>Adaptable \u00e0 votre marque<\/strong><br>Enti\u00e8rement personnalisable - choisissez la taille, la couleur, le motif et le logo de votre choix. Con\u00e7us pour r\u00e9pondre \u00e0 divers besoins d'emballage dans le domaine de la vente au d\u00e9tail et du commerce \u00e9lectronique.<\/p>\n\n\n\n<p><strong>Poign\u00e9e facile \u00e0 transporter<\/strong><br>Poign\u00e9e de transport int\u00e9gr\u00e9e pour une prise en main confortable et un transport ais\u00e9, m\u00eame pour les contenus lourds ou volumineux, ce qui le rend pratique et convivial.<\/p>\n\n\n\n<p><strong>Attractivit\u00e9 visuelle<\/strong><br>La conception innovante de la fen\u00eatre et l'impression de surface \u00e0 la mode rendent la pochette visuellement attrayante et permettent au client de voir le produit tout en renfor\u00e7ant la reconnaissance de la marque.<\/p>\n\n\n\n<div class=\"wp-block-columns is-layout-flex wp-container-core-columns-is-layout-9d6595d7 wp-block-columns-is-layout-flex\">\n<div class=\"wp-block-column is-layout-flow wp-block-column-is-layout-flow\">\n<figure class=\"wp-block-image size-full\"><img decoding=\"async\" width=\"640\" height=\"640\" src=\"https:\/\/www.lebeipackaging.com\/wp-content\/uploads\/2025\/10\/Custom-Flat-Bottom-Pouch-with-Zipper-for-Beans-3.webp\" alt=\"Pochette \u00e0 fond plat personnalis\u00e9e avec fermeture \u00e9clair pour haricots-3\" class=\"wp-image-2441\" srcset=\"https:\/\/www.lebeipackaging.com\/wp-content\/uploads\/2025\/10\/Custom-Flat-Bottom-Pouch-with-Zipper-for-Beans-3.webp 640w, https:\/\/www.lebeipackaging.com\/wp-content\/uploads\/2025\/10\/Custom-Flat-Bottom-Pouch-with-Zipper-for-Beans-3-300x300.webp 300w, https:\/\/www.lebeipackaging.com\/wp-content\/uploads\/2025\/10\/Custom-Flat-Bottom-Pouch-with-Zipper-for-Beans-3-150x150.webp 150w, https:\/\/www.lebeipackaging.com\/wp-content\/uploads\/2025\/10\/Custom-Flat-Bottom-Pouch-with-Zipper-for-Beans-3-12x12.webp 12w, https:\/\/www.lebeipackaging.com\/wp-content\/uploads\/2025\/10\/Custom-Flat-Bottom-Pouch-with-Zipper-for-Beans-3-600x600.webp 600w, https:\/\/www.lebeipackaging.com\/wp-content\/uploads\/2025\/10\/Custom-Flat-Bottom-Pouch-with-Zipper-for-Beans-3-100x100.webp 100w\" sizes=\"(max-width: 640px) 100vw, 640px\" \/><\/figure>\n\n\n\n<h2 class=\"wp-block-heading has-text-align-center\"><strong>Poign\u00e9e et encoche de d\u00e9chirure<\/strong><\/h2>\n\n\n\n<p class=\"has-text-align-center\">Facile \u00e0 prendre et \u00e0 ouvrir.<\/p>\n<\/div>\n\n\n\n<div class=\"wp-block-column is-layout-flow wp-block-column-is-layout-flow\">\n<figure class=\"wp-block-image size-full\"><img decoding=\"async\" width=\"640\" height=\"640\" src=\"https:\/\/www.lebeipackaging.com\/wp-content\/uploads\/2025\/10\/Custom-Flat-Bottom-Pouch-with-Zipper-for-Beans-1.webp\" alt=\"Pochette \u00e0 fond plat personnalis\u00e9e avec fermeture \u00e9clair pour haricots-1\" class=\"wp-image-2439\" srcset=\"https:\/\/www.lebeipackaging.com\/wp-content\/uploads\/2025\/10\/Custom-Flat-Bottom-Pouch-with-Zipper-for-Beans-1.webp 640w, https:\/\/www.lebeipackaging.com\/wp-content\/uploads\/2025\/10\/Custom-Flat-Bottom-Pouch-with-Zipper-for-Beans-1-300x300.webp 300w, https:\/\/www.lebeipackaging.com\/wp-content\/uploads\/2025\/10\/Custom-Flat-Bottom-Pouch-with-Zipper-for-Beans-1-150x150.webp 150w, https:\/\/www.lebeipackaging.com\/wp-content\/uploads\/2025\/10\/Custom-Flat-Bottom-Pouch-with-Zipper-for-Beans-1-12x12.webp 12w, https:\/\/www.lebeipackaging.com\/wp-content\/uploads\/2025\/10\/Custom-Flat-Bottom-Pouch-with-Zipper-for-Beans-1-600x600.webp 600w, https:\/\/www.lebeipackaging.com\/wp-content\/uploads\/2025\/10\/Custom-Flat-Bottom-Pouch-with-Zipper-for-Beans-1-100x100.webp 100w\" sizes=\"(max-width: 640px) 100vw, 640px\" \/><\/figure>\n\n\n\n<h2 class=\"wp-block-heading\"><strong>Fond carr\u00e9 <\/strong><\/h2>\n\n\n\n<p class=\"has-text-align-center\">Le sac peut se tenir debout de mani\u00e8re stable, ce qui lui conf\u00e8re un aspect impressionnant sur l'\u00e9tag\u00e8re de pr\u00e9sentation.<\/p>\n<\/div>\n<\/div>","protected":false},"excerpt":{"rendered":"<p>La pochette \u00e0 fond plat avec fermeture \u00e0 glissi\u00e8re est id\u00e9ale pour emballer les haricots. Fabriqu\u00e9e \u00e0 partir de mat\u00e9riaux durables MOPP\/PET\/PE, elle offre une r\u00e9sistance sup\u00e9rieure \u00e0 l'humidit\u00e9, une structure robuste \u00e0 fond plat et une fermeture \u00e0 glissi\u00e8re refermable pour garder le contenu frais et facile d'acc\u00e8s.<\/p>\n<table style=\"border-collapse: collapse; width: 518px; height: 318px;\" border=\"0\" width=\"293\" cellspacing=\"0\" cellpadding=\"0\">\n<tbody>\n<tr style=\"height: 17.00pt;\">\n<td class=\"et2\" style=\"height: 17.00pt; width: 102.45pt;\" width=\"102\" height=\"17\">Fabricant<\/td>\n<td class=\"et2\" style=\"width: 190.80pt;\" width=\"190\">Lebei<\/td>\n<\/tr>\n<tr style=\"height: 17.00pt;\">\n<td class=\"et2\" style=\"height: 17.00pt; width: 102.45pt;\" width=\"102\" height=\"17\">Types de pochettes<\/td>\n<td class=\"et3\" style=\"width: 190.80pt;\" width=\"190\">Pochette \u00e0 fond plat \u00e0 8 soudures lat\u00e9rales<\/td>\n<\/tr>\n<tr style=\"height: 17.00pt;\">\n<td class=\"et2\" style=\"height: 17.00pt; width: 102.45pt;\" width=\"102\" height=\"17\">Mat\u00e9riau<\/td>\n<td class=\"et3\" style=\"width: 190.80pt;\" width=\"190\">MOPP\/PET\/PE ou sur mesure<\/td>\n<\/tr>\n<tr style=\"height: 17.00pt;\">\n<td class=\"et2\" style=\"height: 17.00pt; width: 102.45pt;\" width=\"102\" height=\"17\">Dossier sp\u00e9cial<\/td>\n<td class=\"et3\" style=\"width: 190.80pt;\" width=\"190\">Haut avec fermeture \u00e0 glissi\u00e8re<\/td>\n<\/tr>\n<tr style=\"height: 17.00pt;\">\n<td class=\"et2\" style=\"height: 17.00pt; width: 102.45pt;\" width=\"102\" height=\"17\">Manipulation de surface<\/td>\n<td class=\"et3\" style=\"width: 190.80pt;\" width=\"190\">Impression en h\u00e9liogravure<\/td>\n<\/tr>\n<tr style=\"height: 17.00pt;\">\n<td class=\"et2\" style=\"height: 17.00pt; width: 102.45pt;\" width=\"102\" height=\"17\">Couleur<\/td>\n<td class=\"et3\" style=\"width: 190.80pt;\" width=\"190\">Orange et blanc (personnalisable)<\/td>\n<\/tr>\n<tr style=\"height: 17.00pt;\">\n<td class=\"et2\" style=\"height: 17.00pt; width: 102.45pt;\" width=\"102\" height=\"17\">Utilisation<\/td>\n<td class=\"et3\" style=\"width: 190.80pt;\" width=\"190\">Sacs d'emballage alimentaire (\u00e9pices, c\u00e9r\u00e9ales, etc.)<\/td>\n<\/tr>\n<tr style=\"height: 34.00pt;\">\n<td class=\"et2\" style=\"height: 34.00pt; width: 102.45pt;\" width=\"102\" height=\"34\">MOQ<\/td>\n<td class=\"et3\" style=\"width: 190.80pt;\" width=\"190\">Pochette personnalis\u00e9e : 10 000 pi\u00e8ces (recommander 30 000+ pour un meilleur prix)<\/td>\n<\/tr>\n<tr style=\"height: 34.00pt;\">\n<td class=\"et2\" style=\"height: 34.00pt; width: 102.45pt;\" width=\"102\" height=\"34\">Commande personnalis\u00e9e<\/td>\n<td class=\"et3\" style=\"width: 190.80pt;\" width=\"190\">Acceptation de l'OEM et de l'ODM, prise en charge de l'\u00e9chantillonnage gratuit<\/td>\n<\/tr>\n<\/tbody>\n<\/table>","protected":false},"featured_media":2443,"comment_status":"closed","ping_status":"closed","template":"","meta":{"_acf_changed":false},"application":[],"product_brand":[],"product_cat":[40],"product_tag":[],"class_list":{"0":"post-2436","1":"product","2":"type-product","3":"status-publish","4":"has-post-thumbnail","6":"product_cat-custom-flat-bottom-pouch","8":"first","9":"instock","10":"shipping-taxable","11":"product-type-simple"},"acf":[],"_links":{"self":[{"href":"https:\/\/www.lebeipackaging.com\/fr\/wp-json\/wp\/v2\/product\/2436","targetHints":{"allow":["GET"]}}],"collection":[{"href":"https:\/\/www.lebeipackaging.com\/fr\/wp-json\/wp\/v2\/product"}],"about":[{"href":"https:\/\/www.lebeipackaging.com\/fr\/wp-json\/wp\/v2\/types\/product"}],"replies":[{"embeddable":true,"href":"https:\/\/www.lebeipackaging.com\/fr\/wp-json\/wp\/v2\/comments?post=2436"}],"wp:featuredmedia":[{"embeddable":true,"href":"https:\/\/www.lebeipackaging.com\/fr\/wp-json\/wp\/v2\/media\/2443"}],"wp:attachment":[{"href":"https:\/\/www.lebeipackaging.com\/fr\/wp-json\/wp\/v2\/media?parent=2436"}],"wp:term":[{"taxonomy":"application","embeddable":true,"href":"https:\/\/www.lebeipackaging.com\/fr\/wp-json\/wp\/v2\/application?post=2436"},{"taxonomy":"product_brand","embeddable":true,"href":"https:\/\/www.lebeipackaging.com\/fr\/wp-json\/wp\/v2\/product_brand?post=2436"},{"taxonomy":"product_cat","embeddable":true,"href":"https:\/\/www.lebeipackaging.com\/fr\/wp-json\/wp\/v2\/product_cat?post=2436"},{"taxonomy":"product_tag","embeddable":true,"href":"https:\/\/www.lebeipackaging.com\/fr\/wp-json\/wp\/v2\/product_tag?post=2436"}],"curies":[{"name":"wp","href":"https:\/\/api.w.org\/{rel}","templated":true}]}}