{"id":2456,"date":"2025-10-14T09:02:01","date_gmt":"2025-10-14T09:02:01","guid":{"rendered":"https:\/\/www.lebeipackaging.com\/?post_type=product&#038;p=2456"},"modified":"2025-10-14T09:02:07","modified_gmt":"2025-10-14T09:02:07","slug":"custom-white-kraft-paper-pouch-with-window-for-melon-seeds","status":"publish","type":"product","link":"https:\/\/www.lebeipackaging.com\/fr\/product\/custom-white-kraft-paper-pouch-with-window-for-melon-seeds\/","title":{"rendered":"Pochette en papier kraft blanc avec fen\u00eatre pour graines de melon"},"content":{"rendered":"<h2 class=\"wp-block-heading\">Caract\u00e9ristiques de la pochette en papier kraft blanc avec fen\u00eatre<\/h2>\n\n\n\n<p><strong><strong>Respectueux de l'environnement et r\u00e9utilisable<\/strong><\/strong> - Utilisant du papier kraft recyclable et respectueux de l'environnement, il favorise la r\u00e9utilisation, r\u00e9duit les d\u00e9chets d'emballage et est conforme au concept de d\u00e9veloppement durable.<\/p>\n\n\n\n<p><strong><strong>Fen\u00eatre transparente pour une meilleure visibilit\u00e9<\/strong><\/strong> - La fen\u00eatre transparente permet aux clients de voir le contenu, ce qui renforce l'attrait du produit et la confiance.<\/p>\n\n\n\n<p><strong>S\u00e9curit\u00e9 alimentaire et durabilit\u00e9<\/strong> - Fabriqu\u00e9 \u00e0 partir de mat\u00e9riaux de qualit\u00e9 alimentaire, il garantit la s\u00e9curit\u00e9 et la fra\u00eecheur des fruits \u00e0 coque, des snacks et autres produits alimentaires.<\/p>\n\n\n\n<p><strong><strong><strong>Prise en charge de la personnalisation<\/strong><\/strong><\/strong> - La taille, le motif d'impression et le logo de la marque peuvent \u00eatre personnalis\u00e9s en fonction des besoins du client afin de cr\u00e9er un emballage exclusif et d'am\u00e9liorer la reconnaissance de la marque.<\/p>\n\n\n\n<p><strong>Fermeture herm\u00e9tique<\/strong> - Dot\u00e9 d'un couvercle refermable, ce produit est pratique pour les clients et permet de conserver la fra\u00eecheur du contenu plus longtemps.<\/p>\n\n\n\n<p><strong>Polyvalent et pratique<\/strong> - Id\u00e9al pour une vari\u00e9t\u00e9 d'aliments, y compris les noix, les fruits secs et les snacks, avec un design compact et convivial.<\/p>\n\n\n\n<div class=\"wp-block-columns is-layout-flex wp-container-core-columns-is-layout-9d6595d7 wp-block-columns-is-layout-flex\">\n<div class=\"wp-block-column is-layout-flow wp-block-column-is-layout-flow\">\n<figure class=\"wp-block-image size-full\"><img decoding=\"async\" width=\"640\" height=\"640\" src=\"https:\/\/www.lebeipackaging.com\/wp-content\/uploads\/2025\/10\/Custom-White-Kraft-Paper-Pouch-with-Window-for-Melon-Seeds-3.webp\" alt=\"Pochette en papier kraft blanc personnalis\u00e9e avec fen\u00eatre pour graines de melon-3\" class=\"wp-image-2460\" srcset=\"https:\/\/www.lebeipackaging.com\/wp-content\/uploads\/2025\/10\/Custom-White-Kraft-Paper-Pouch-with-Window-for-Melon-Seeds-3.webp 640w, https:\/\/www.lebeipackaging.com\/wp-content\/uploads\/2025\/10\/Custom-White-Kraft-Paper-Pouch-with-Window-for-Melon-Seeds-3-300x300.webp 300w, https:\/\/www.lebeipackaging.com\/wp-content\/uploads\/2025\/10\/Custom-White-Kraft-Paper-Pouch-with-Window-for-Melon-Seeds-3-150x150.webp 150w, https:\/\/www.lebeipackaging.com\/wp-content\/uploads\/2025\/10\/Custom-White-Kraft-Paper-Pouch-with-Window-for-Melon-Seeds-3-12x12.webp 12w, https:\/\/www.lebeipackaging.com\/wp-content\/uploads\/2025\/10\/Custom-White-Kraft-Paper-Pouch-with-Window-for-Melon-Seeds-3-600x600.webp 600w, https:\/\/www.lebeipackaging.com\/wp-content\/uploads\/2025\/10\/Custom-White-Kraft-Paper-Pouch-with-Window-for-Melon-Seeds-3-100x100.webp 100w\" sizes=\"(max-width: 640px) 100vw, 640px\" \/><\/figure>\n\n\n\n<h2 class=\"wp-block-heading alignwide has-text-align-center\"><strong>Fermeture \u00e0 glissi\u00e8re<\/strong><\/h2>\n\n\n\n<p>Facile \u00e0 ouvrir, la d\u00e9coupe permet \u00e0 l'utilisateur d'ouvrir facilement le sac.<\/p>\n<\/div>\n\n\n\n<div class=\"wp-block-column is-layout-flow wp-block-column-is-layout-flow\">\n<figure class=\"wp-block-image size-full\"><img decoding=\"async\" width=\"640\" height=\"640\" src=\"https:\/\/www.lebeipackaging.com\/wp-content\/uploads\/2025\/10\/Custom-White-Kraft-Paper-Pouch-with-Window-for-Melon-Seeds-5.webp\" alt=\"Pochette en papier kraft blanc personnalis\u00e9e avec fen\u00eatre pour graines de melon-5\" class=\"wp-image-2462\" srcset=\"https:\/\/www.lebeipackaging.com\/wp-content\/uploads\/2025\/10\/Custom-White-Kraft-Paper-Pouch-with-Window-for-Melon-Seeds-5.webp 640w, https:\/\/www.lebeipackaging.com\/wp-content\/uploads\/2025\/10\/Custom-White-Kraft-Paper-Pouch-with-Window-for-Melon-Seeds-5-300x300.webp 300w, https:\/\/www.lebeipackaging.com\/wp-content\/uploads\/2025\/10\/Custom-White-Kraft-Paper-Pouch-with-Window-for-Melon-Seeds-5-150x150.webp 150w, https:\/\/www.lebeipackaging.com\/wp-content\/uploads\/2025\/10\/Custom-White-Kraft-Paper-Pouch-with-Window-for-Melon-Seeds-5-12x12.webp 12w, https:\/\/www.lebeipackaging.com\/wp-content\/uploads\/2025\/10\/Custom-White-Kraft-Paper-Pouch-with-Window-for-Melon-Seeds-5-600x600.webp 600w, https:\/\/www.lebeipackaging.com\/wp-content\/uploads\/2025\/10\/Custom-White-Kraft-Paper-Pouch-with-Window-for-Melon-Seeds-5-100x100.webp 100w\" sizes=\"(max-width: 640px) 100vw, 640px\" \/><\/figure>\n\n\n\n<h2 class=\"wp-block-heading has-text-align-center\"><strong>Forme de sac \u00e0 dos<\/strong><\/h2>\n\n\n\n<p>Le sac peut se tenir debout de mani\u00e8re stable, ce qui le place de mani\u00e8re impressionnante sur l'\u00e9tag\u00e8re de pr\u00e9sentation.<\/p>\n<\/div>\n<\/div>\n\n\n\n<p><\/p>","protected":false},"excerpt":{"rendered":"<article class=\"text-token-text-primary w-full focus:outline-none scroll-mt-[calc(var(--header-height)+min(200px,max(70px,20svh)))]\" dir=\"auto\" data-testid=\"conversation-turn-20\" data-scroll-anchor=\"true\" data-turn=\"assistant\">\n<div class=\"text-base my-auto mx-auto pb-10 [--thread-content-margin:--spacing(4)] @[37rem]:[--thread-content-margin:--spacing(6)] @[72rem]:[--thread-content-margin:--spacing(16)] px-(--thread-content-margin)\">\n<div class=\"[--thread-content-max-width:32rem] @[34rem]:[--thread-content-max-width:40rem] @[64rem]:[--thread-content-max-width:48rem] mx-auto max-w-(--thread-content-max-width) flex-1 group\/turn-messages focus-visible:outline-hidden relative flex w-full min-w-0 flex-col agent-turn\">\n<div class=\"flex max-w-full flex-col grow\">\n<div class=\"min-h-8 text-message relative flex w-full flex-col items-end gap-2 text-start break-words whitespace-normal [.text-message+&amp;]:mt-5\" dir=\"auto\" data-message-author-role=\"assistant\" data-message-id=\"d6132127-bac2-4651-92fe-707ec6ecbca1\" data-message-model-slug=\"gpt-4o\">\n<div class=\"flex w-full flex-col gap-1 empty:hidden first:pt-[3px]\">\n<div class=\"markdown prose dark:prose-invert w-full break-words light\">\n<p data-start=\"0\" data-end=\"266\" data-is-last-node=\"\" data-is-only-node=\"\">Custom white kraft paper pouch with window for food nuts offers an eco-friendly and practical packaging solution. The clear window shows product freshness, while the kraft paper ensures durability and food safety \u2014 perfect for nuts, snacks, and dry foods.<\/p>\n<\/div>\n<\/div>\n<\/div>\n<\/div>\n<\/div>\n<\/div>\n<\/article>\n<table style=\"border-collapse: collapse; width: 518px; height: 318px;\" border=\"0\" width=\"293\" cellspacing=\"0\" cellpadding=\"0\">\n<tbody>\n<tr style=\"height: 17.00pt;\">\n<td class=\"et2\" style=\"height: 17.00pt; width: 102.45pt;\" width=\"102\" height=\"17\">Manufacturer<\/td>\n<td class=\"et2\" style=\"width: 190.80pt;\" width=\"190\">Lebei<\/td>\n<\/tr>\n<tr style=\"height: 17.00pt;\">\n<td class=\"et2\" style=\"height: 17.00pt; width: 102.45pt;\" width=\"102\" height=\"17\">Pouch Types<\/td>\n<td class=\"et3\" style=\"width: 190.80pt;\" width=\"190\">Stand Up Pouch<\/td>\n<\/tr>\n<tr style=\"height: 17.00pt;\">\n<td class=\"et2\" style=\"height: 17.00pt; width: 102.45pt;\" width=\"102\" height=\"17\">Material<\/td>\n<td class=\"et3\" style=\"width: 190.80pt;\" width=\"190\">PET\/Kraft\/PET\/PE or customized<\/td>\n<\/tr>\n<tr style=\"height: 17.00pt;\">\n<td class=\"et2\" style=\"height: 17.00pt; width: 102.45pt;\" width=\"102\" height=\"17\">Special Feature<\/td>\n<td class=\"et3\" style=\"width: 190.80pt;\" width=\"190\">Moisture Proof, Zipper Top<\/td>\n<\/tr>\n<tr style=\"height: 17.00pt;\">\n<td class=\"et2\" style=\"height: 17.00pt; width: 102.45pt;\" width=\"102\" height=\"17\">Surface Handling<\/td>\n<td class=\"et3\" style=\"width: 190.80pt;\" width=\"190\">Gravure printing<\/td>\n<\/tr>\n<tr style=\"height: 17.00pt;\">\n<td class=\"et2\" style=\"height: 17.00pt; width: 102.45pt;\" width=\"102\" height=\"17\">Color<\/td>\n<td class=\"et3\" style=\"width: 190.80pt;\" width=\"190\">GreenCustomizable)<\/td>\n<\/tr>\n<tr style=\"height: 17.00pt;\">\n<td class=\"et2\" style=\"height: 17.00pt; width: 102.45pt;\" width=\"102\" height=\"17\">Usage<\/td>\n<td class=\"et3\" style=\"width: 190.80pt;\" width=\"190\">Food Packaging Bags (Nuts, Snacks, etc.)<\/td>\n<\/tr>\n<tr style=\"height: 34.00pt;\">\n<td class=\"et2\" style=\"height: 34.00pt; width: 102.45pt;\" width=\"102\" height=\"34\">MOQ<\/td>\n<td class=\"et3\" style=\"width: 190.80pt;\" width=\"190\">Customized Pouch: 10,000 pcs (Recommend 30,000+ for better price)<\/td>\n<\/tr>\n<tr style=\"height: 34.00pt;\">\n<td class=\"et2\" style=\"height: 34.00pt; width: 102.45pt;\" width=\"102\" height=\"34\">Custom Order<\/td>\n<td class=\"et3\" style=\"width: 190.80pt;\" width=\"190\">Accept OEM &amp; ODM, Support Free Sample<\/td>\n<\/tr>\n<\/tbody>\n<\/table>\n","protected":false},"featured_media":2463,"comment_status":"closed","ping_status":"closed","template":"","meta":{"_acf_changed":false},"application":[26],"product_brand":[],"product_cat":[41],"product_tag":[],"class_list":{"0":"post-2456","1":"product","2":"type-product","3":"status-publish","4":"has-post-thumbnail","6":"application-custom-nuts-packaging","7":"product_cat-stand-up-pouch-manufacturer","9":"first","10":"instock","11":"shipping-taxable","12":"product-type-simple"},"acf":[],"_links":{"self":[{"href":"https:\/\/www.lebeipackaging.com\/fr\/wp-json\/wp\/v2\/product\/2456","targetHints":{"allow":["GET"]}}],"collection":[{"href":"https:\/\/www.lebeipackaging.com\/fr\/wp-json\/wp\/v2\/product"}],"about":[{"href":"https:\/\/www.lebeipackaging.com\/fr\/wp-json\/wp\/v2\/types\/product"}],"replies":[{"embeddable":true,"href":"https:\/\/www.lebeipackaging.com\/fr\/wp-json\/wp\/v2\/comments?post=2456"}],"wp:featuredmedia":[{"embeddable":true,"href":"https:\/\/www.lebeipackaging.com\/fr\/wp-json\/wp\/v2\/media\/2463"}],"wp:attachment":[{"href":"https:\/\/www.lebeipackaging.com\/fr\/wp-json\/wp\/v2\/media?parent=2456"}],"wp:term":[{"taxonomy":"application","embeddable":true,"href":"https:\/\/www.lebeipackaging.com\/fr\/wp-json\/wp\/v2\/application?post=2456"},{"taxonomy":"product_brand","embeddable":true,"href":"https:\/\/www.lebeipackaging.com\/fr\/wp-json\/wp\/v2\/product_brand?post=2456"},{"taxonomy":"product_cat","embeddable":true,"href":"https:\/\/www.lebeipackaging.com\/fr\/wp-json\/wp\/v2\/product_cat?post=2456"},{"taxonomy":"product_tag","embeddable":true,"href":"https:\/\/www.lebeipackaging.com\/fr\/wp-json\/wp\/v2\/product_tag?post=2456"}],"curies":[{"name":"wp","href":"https:\/\/api.w.org\/{rel}","templated":true}]}}