{"id":2465,"date":"2025-10-14T09:06:40","date_gmt":"2025-10-14T09:06:40","guid":{"rendered":"https:\/\/www.lebeipackaging.com\/?post_type=product&#038;p=2465"},"modified":"2025-10-14T09:19:00","modified_gmt":"2025-10-14T09:19:00","slug":"custom-high-quality-stand-up-pouch-for-food-packaging-with-zipper","status":"publish","type":"product","link":"https:\/\/www.lebeipackaging.com\/fr\/product\/custom-high-quality-stand-up-pouch-for-food-packaging-with-zipper\/","title":{"rendered":"Pochette de haute qualit\u00e9 pour l'emballage alimentaire avec fermeture \u00e0 glissi\u00e8re"},"content":{"rendered":"<h2 class=\"wp-block-heading\">Caract\u00e9ristiques de la pochette de rangement personnalis\u00e9e de haute qualit\u00e9<\/h2>\n\n\n\n<div class=\"wp-block-columns is-layout-flex wp-container-core-columns-is-layout-9d6595d7 wp-block-columns-is-layout-flex\">\n<div class=\"wp-block-column is-layout-flow wp-block-column-is-layout-flow\">\n<p><strong>Fermeture \u00e0 glissi\u00e8re pratique<\/strong>: La fermeture \u00e0 glissi\u00e8re int\u00e9gr\u00e9e permet de refermer facilement l'emballage, ce qui garantit que vos aliments restent frais et prot\u00e9g\u00e9s de l'air, de l'humidit\u00e9 et des contaminants apr\u00e8s l'ouverture de l'emballage.<\/p>\n\n\n\n<p><strong><strong>Prise en charge de la personnalisation<\/strong><\/strong>: La taille, le motif d'impression et le logo de la marque peuvent \u00eatre personnalis\u00e9s en fonction des besoins du client afin de cr\u00e9er un emballage exclusif et d'am\u00e9liorer la reconnaissance de la marque.<\/p>\n\n\n\n<p><strong>Durable et \u00e9tanche<\/strong>: Fabriqu\u00e9es \u00e0 partir de mat\u00e9riaux multicouches de haute qualit\u00e9, ces pochettes offrent une excellente r\u00e9sistance et sont \u00e9tanches, ce qui les rend parfaites pour les liquides, les en-cas ou les aliments secs.<\/p>\n\n\n\n<p><strong>Une conception peu encombrante<\/strong>: Ces sachets sont id\u00e9aux pour maximiser l'espace en rayon, car ils tiennent debout sans n\u00e9cessiter d'emballage ou de conteneur suppl\u00e9mentaire.<\/p>\n\n\n\n<p><strong><strong>Garantie de s\u00e9curit\u00e9 alimentaire<\/strong><\/strong>: Le sac d'emballage r\u00e9pond aux normes de s\u00e9curit\u00e9 en mati\u00e8re de contact alimentaire afin de garantir que le contenu n'est pas contamin\u00e9 pendant le stockage et le transport, et de prot\u00e9ger la sant\u00e9 des consommateurs.<\/p>\n\n\n\n<p><strong>L\u00e9ger et \u00e9conomique<\/strong>: La conception de la pochette est l\u00e9g\u00e8re mais robuste, ce qui permet de r\u00e9duire les frais d'exp\u00e9dition et d'offrir une solution \u00e9conomique sans compromis sur la qualit\u00e9 ou la protection.<br><\/p>\n<\/div>\n\n\n\n<div class=\"wp-block-column is-layout-flow wp-block-column-is-layout-flow\">\n<figure class=\"wp-block-image size-full\"><img decoding=\"async\" width=\"640\" height=\"640\" src=\"https:\/\/www.lebeipackaging.com\/wp-content\/uploads\/2025\/10\/Custom-High-Quality-Stand-Up-Pouch-for-Food-Packaging-With-Zipper-2.webp\" alt=\"Pochette d&#039;emballage alimentaire sur mesure de haute qualit\u00e9 avec fermeture \u00e0 glissi\u00e8re-2\" class=\"wp-image-2467\" srcset=\"https:\/\/www.lebeipackaging.com\/wp-content\/uploads\/2025\/10\/Custom-High-Quality-Stand-Up-Pouch-for-Food-Packaging-With-Zipper-2.webp 640w, https:\/\/www.lebeipackaging.com\/wp-content\/uploads\/2025\/10\/Custom-High-Quality-Stand-Up-Pouch-for-Food-Packaging-With-Zipper-2-300x300.webp 300w, https:\/\/www.lebeipackaging.com\/wp-content\/uploads\/2025\/10\/Custom-High-Quality-Stand-Up-Pouch-for-Food-Packaging-With-Zipper-2-150x150.webp 150w, https:\/\/www.lebeipackaging.com\/wp-content\/uploads\/2025\/10\/Custom-High-Quality-Stand-Up-Pouch-for-Food-Packaging-With-Zipper-2-12x12.webp 12w, https:\/\/www.lebeipackaging.com\/wp-content\/uploads\/2025\/10\/Custom-High-Quality-Stand-Up-Pouch-for-Food-Packaging-With-Zipper-2-600x600.webp 600w, https:\/\/www.lebeipackaging.com\/wp-content\/uploads\/2025\/10\/Custom-High-Quality-Stand-Up-Pouch-for-Food-Packaging-With-Zipper-2-100x100.webp 100w\" sizes=\"(max-width: 640px) 100vw, 640px\" \/><\/figure>\n<\/div>\n<\/div>","protected":false},"excerpt":{"rendered":"<p>Les sachets \u00e0 fermeture \u00e9clair personnalis\u00e9s de haute qualit\u00e9 offrent des fermetures \u00e9clair s\u00fbres et des designs personnalisables, parfaits pour conserver la fra\u00eecheur des aliments et mettre en valeur votre marque. Id\u00e9ales pour les snacks et les liquides, ces pochettes respectueuses de l'environnement offrent un \u00e9quilibre entre commodit\u00e9 et durabilit\u00e9.<\/p>\n<table style=\"border-collapse: collapse; width: 534px; height: 439px;\" border=\"0\" width=\"293\" cellspacing=\"0\" cellpadding=\"0\">\n<tbody>\n<tr style=\"height: 17.00pt;\">\n<td class=\"et2\" style=\"height: 17.00pt; width: 102.45pt;\" width=\"102\" height=\"17\">Fabricant<\/td>\n<td class=\"et2\" style=\"width: 190.80pt;\" width=\"190\">Lebei<\/td>\n<\/tr>\n<tr style=\"height: 35.00pt;\">\n<td class=\"et2\" style=\"height: 35.00pt; width: 102.45pt;\" width=\"102\" height=\"35\">Types de pochettes<\/td>\n<td class=\"et3\" style=\"width: 190.80pt;\" width=\"190\">Stand Up Pouch<\/td>\n<\/tr>\n<tr style=\"height: 35.00pt;\">\n<td class=\"et2\" style=\"height: 35.00pt; width: 102.45pt;\" width=\"102\" height=\"35\">Mat\u00e9riau<\/td>\n<td class=\"et3\" style=\"width: 190.80pt;\" width=\"190\">PET\/PE ou sur mesure<\/td>\n<\/tr>\n<tr style=\"height: 35.00pt;\">\n<td class=\"et2\" style=\"height: 35.00pt; width: 102.45pt;\" width=\"102\" height=\"35\">Dossier sp\u00e9cial<\/td>\n<td class=\"et3\" style=\"width: 190.80pt;\" width=\"190\">Imperm\u00e9able \u00e0 l'humidit\u00e9, fermeture \u00e0 glissi\u00e8re sur le dessus, encoche de d\u00e9chirure, fond debout<\/td>\n<\/tr>\n<tr style=\"height: 35.00pt;\">\n<td class=\"et2\" style=\"height: 35.00pt; width: 102.45pt;\" width=\"102\" height=\"35\">Manipulation de surface<\/td>\n<td class=\"et3\" style=\"width: 190.80pt;\" width=\"190\">Impression en h\u00e9liogravure<\/td>\n<\/tr>\n<tr style=\"height: 35.00pt;\">\n<td class=\"et2\" style=\"height: 35.00pt; width: 102.45pt;\" width=\"102\" height=\"35\">Couleur<\/td>\n<td class=\"et3\" style=\"width: 190.80pt;\" width=\"190\">Rouge\/Noir (personnalisable)<\/td>\n<\/tr>\n<tr style=\"height: 35.00pt;\">\n<td class=\"et2\" style=\"height: 35.00pt; width: 102.45pt;\" width=\"102\" height=\"35\">Utilisation<\/td>\n<td class=\"et3\" style=\"width: 190.80pt;\" width=\"190\">\u00a0des en-cas, des noix, etc.<\/td>\n<\/tr>\n<tr style=\"height: 35.00pt;\">\n<td class=\"et2\" style=\"height: 35.00pt; width: 102.45pt;\" width=\"102\" height=\"35\">MOQ<\/td>\n<td class=\"et3\" style=\"width: 190.80pt;\" width=\"190\">Pochette personnalis\u00e9e : 10 000 pi\u00e8ces (recommander 30 000+ pour un meilleur prix)<\/td>\n<\/tr>\n<tr style=\"height: 35.00pt;\">\n<td class=\"et2\" style=\"height: 35.00pt; width: 102.45pt;\" width=\"102\" height=\"35\">Commande personnalis\u00e9e<\/td>\n<td class=\"et3\" style=\"width: 190.80pt;\" width=\"190\">Acceptation de l'OEM et de l'ODM, prise en charge de l'\u00e9chantillonnage gratuit<\/td>\n<\/tr>\n<\/tbody>\n<\/table>","protected":false},"featured_media":2466,"comment_status":"closed","ping_status":"closed","template":"","meta":{"_acf_changed":false},"application":[],"product_brand":[],"product_cat":[41],"product_tag":[],"class_list":{"0":"post-2465","1":"product","2":"type-product","3":"status-publish","4":"has-post-thumbnail","6":"product_cat-stand-up-pouch-manufacturer","8":"first","9":"instock","10":"shipping-taxable","11":"product-type-simple"},"acf":[],"_links":{"self":[{"href":"https:\/\/www.lebeipackaging.com\/fr\/wp-json\/wp\/v2\/product\/2465","targetHints":{"allow":["GET"]}}],"collection":[{"href":"https:\/\/www.lebeipackaging.com\/fr\/wp-json\/wp\/v2\/product"}],"about":[{"href":"https:\/\/www.lebeipackaging.com\/fr\/wp-json\/wp\/v2\/types\/product"}],"replies":[{"embeddable":true,"href":"https:\/\/www.lebeipackaging.com\/fr\/wp-json\/wp\/v2\/comments?post=2465"}],"wp:featuredmedia":[{"embeddable":true,"href":"https:\/\/www.lebeipackaging.com\/fr\/wp-json\/wp\/v2\/media\/2466"}],"wp:attachment":[{"href":"https:\/\/www.lebeipackaging.com\/fr\/wp-json\/wp\/v2\/media?parent=2465"}],"wp:term":[{"taxonomy":"application","embeddable":true,"href":"https:\/\/www.lebeipackaging.com\/fr\/wp-json\/wp\/v2\/application?post=2465"},{"taxonomy":"product_brand","embeddable":true,"href":"https:\/\/www.lebeipackaging.com\/fr\/wp-json\/wp\/v2\/product_brand?post=2465"},{"taxonomy":"product_cat","embeddable":true,"href":"https:\/\/www.lebeipackaging.com\/fr\/wp-json\/wp\/v2\/product_cat?post=2465"},{"taxonomy":"product_tag","embeddable":true,"href":"https:\/\/www.lebeipackaging.com\/fr\/wp-json\/wp\/v2\/product_tag?post=2465"}],"curies":[{"name":"wp","href":"https:\/\/api.w.org\/{rel}","templated":true}]}}