{"id":2481,"date":"2025-10-14T09:18:26","date_gmt":"2025-10-14T09:18:26","guid":{"rendered":"https:\/\/www.lebeipackaging.com\/?post_type=product&#038;p=2481"},"modified":"2025-10-14T09:18:31","modified_gmt":"2025-10-14T09:18:31","slug":"custom-food-grade-flat-bottom-pouch-for-baby-food","status":"publish","type":"product","link":"https:\/\/www.lebeipackaging.com\/fr\/product\/custom-food-grade-flat-bottom-pouch-for-baby-food\/","title":{"rendered":"Pochette \u00e0 fond plat de qualit\u00e9 alimentaire sur mesure pour aliments pour b\u00e9b\u00e9s"},"content":{"rendered":"<h2 class=\"wp-block-heading\">Caract\u00e9ristiques de la pochette \u00e0 fond plat de qualit\u00e9 alimentaire personnalis\u00e9e<\/h2>\n\n\n\n<div class=\"wp-block-columns is-layout-flex wp-container-core-columns-is-layout-9d6595d7 wp-block-columns-is-layout-flex\">\n<div class=\"wp-block-column is-layout-flow wp-block-column-is-layout-flow\">\n<p><strong>Structure autoportante \u00e0 fond plat<\/strong><br>Huit c\u00f4t\u00e9s scell\u00e9s + fond plat, le corps du sac est net et peut se tenir fermement, am\u00e9liorer l'effet de pr\u00e9sentation en rayon et attirer l'attention des consommateurs.<\/p>\n\n\n\n<p><strong>Construction en plastique multicouche durable<\/strong><br>Fournit une solide barri\u00e8re de protection contre l'humidit\u00e9, l'oxyg\u00e8ne et la lumi\u00e8re pour pr\u00e9server la fra\u00eecheur.<\/p>\n\n\n\n<p><strong>Fermeture \u00e0 glissi\u00e8re pratique et refermable<\/strong><br>Permet des ouvertures et fermetures r\u00e9p\u00e9t\u00e9es tout en pr\u00e9servant l'int\u00e9grit\u00e9 du produit.<\/p>\n\n\n\n<p><strong>S\u00e9curit\u00e9 alimentaire<\/strong> <br>Fabriqu\u00e9 \u00e0 partir de mat\u00e9riaux de haute qualit\u00e9, de qualit\u00e9 alimentaire, pour garder vos produits frais et s\u00fbrs.<\/p>\n\n\n\n<p><strong>Large \u00e9ventail d'applications et stockage flexible<\/strong><br>Convient au conditionnement des \u00e9pices, du riz, des c\u00e9r\u00e9ales, de l'avoine pour le petit-d\u00e9jeuner, des fruits secs et d'autres produits secs, avec des capacit\u00e9s vari\u00e9es pour r\u00e9pondre aux diff\u00e9rents besoins familiaux et commerciaux.<\/p>\n<\/div>\n\n\n\n<div class=\"wp-block-column is-layout-flow wp-block-column-is-layout-flow\">\n<div class=\"wp-block-columns is-layout-flex wp-container-core-columns-is-layout-9d6595d7 wp-block-columns-is-layout-flex\">\n<div class=\"wp-block-column is-layout-flow wp-block-column-is-layout-flow\">\n<figure class=\"wp-block-image size-full\"><img decoding=\"async\" width=\"640\" height=\"640\" src=\"https:\/\/www.lebeipackaging.com\/wp-content\/uploads\/2025\/10\/Custom-Food-Grade-Flat-Bottom-Pouch-For-Baby-Food-1.webp\" alt=\"Pochette \u00e0 fond plat pour aliments pour b\u00e9b\u00e9s-1\" class=\"wp-image-2482\" srcset=\"https:\/\/www.lebeipackaging.com\/wp-content\/uploads\/2025\/10\/Custom-Food-Grade-Flat-Bottom-Pouch-For-Baby-Food-1.webp 640w, https:\/\/www.lebeipackaging.com\/wp-content\/uploads\/2025\/10\/Custom-Food-Grade-Flat-Bottom-Pouch-For-Baby-Food-1-300x300.webp 300w, https:\/\/www.lebeipackaging.com\/wp-content\/uploads\/2025\/10\/Custom-Food-Grade-Flat-Bottom-Pouch-For-Baby-Food-1-150x150.webp 150w, https:\/\/www.lebeipackaging.com\/wp-content\/uploads\/2025\/10\/Custom-Food-Grade-Flat-Bottom-Pouch-For-Baby-Food-1-12x12.webp 12w, https:\/\/www.lebeipackaging.com\/wp-content\/uploads\/2025\/10\/Custom-Food-Grade-Flat-Bottom-Pouch-For-Baby-Food-1-600x600.webp 600w, https:\/\/www.lebeipackaging.com\/wp-content\/uploads\/2025\/10\/Custom-Food-Grade-Flat-Bottom-Pouch-For-Baby-Food-1-100x100.webp 100w\" sizes=\"(max-width: 640px) 100vw, 640px\" \/><\/figure>\n<\/div>\n<\/div>\n<\/div>\n<\/div>\n\n\n\n<div class=\"wp-block-columns is-layout-flex wp-container-core-columns-is-layout-9d6595d7 wp-block-columns-is-layout-flex\"><\/div>\n\n\n\n<p><\/p>","protected":false},"excerpt":{"rendered":"<article class=\"text-token-text-primary w-full\" dir=\"auto\" data-testid=\"conversation-turn-2\" data-scroll-anchor=\"true\">\n<div class=\"text-base my-auto mx-auto py-5 [--thread-content-margin:--spacing(4)] @[37rem]:[--thread-content-margin:--spacing(6)] @[72rem]:[--thread-content-margin:--spacing(16)] px-(--thread-content-margin)\">\n<div class=\"[--thread-content-max-width:32rem] @[34rem]:[--thread-content-max-width:40rem] @[64rem]:[--thread-content-max-width:48rem] mx-auto flex max-w-(--thread-content-max-width) flex-1 text-base gap-4 md:gap-5 lg:gap-6 group\/turn-messages focus-visible:outline-hidden\">\n<div class=\"group\/conversation-turn relative flex w-full min-w-0 flex-col agent-turn\">\n<div class=\"relative flex-col gap-1 md:gap-3\">\n<div class=\"flex max-w-full flex-col grow\">\n<div class=\"min-h-8 text-message relative flex w-full flex-col items-end gap-2 text-start break-words whitespace-normal [.text-message+&amp;]:mt-5\" dir=\"auto\" data-message-author-role=\"assistant\" data-message-id=\"601dc105-1a20-4d41-b026-a096271ed355\" data-message-model-slug=\"gpt-4-1-mini\">\n<div class=\"flex w-full flex-col gap-1 empty:hidden first:pt-[3px]\">\n<div class=\"markdown prose dark:prose-invert w-full break-words light\">\n<article class=\"text-token-text-primary w-full\" dir=\"auto\" data-testid=\"conversation-turn-26\" data-scroll-anchor=\"true\">\n<div class=\"text-base my-auto mx-auto py-5 [--thread-content-margin:--spacing(4)] @[37rem]:[--thread-content-margin:--spacing(6)] @[72rem]:[--thread-content-margin:--spacing(16)] px-(--thread-content-margin)\">\n<div class=\"[--thread-content-max-width:32rem] @[34rem]:[--thread-content-max-width:40rem] @[64rem]:[--thread-content-max-width:48rem] mx-auto flex max-w-(--thread-content-max-width) flex-1 text-base gap-4 md:gap-5 lg:gap-6 group\/turn-messages focus-visible:outline-hidden\">\n<div class=\"group\/conversation-turn relative flex w-full min-w-0 flex-col agent-turn\">\n<div class=\"relative flex-col gap-1 md:gap-3\">\n<div class=\"flex max-w-full flex-col grow\">\n<div class=\"min-h-8 text-message relative flex w-full flex-col items-end gap-2 text-start break-words whitespace-normal [.text-message+&amp;]:mt-5\" dir=\"auto\" data-message-author-role=\"assistant\" data-message-id=\"d05c8187-775a-4e42-8061-4ac971d5f547\" data-message-model-slug=\"gpt-4-1-mini\">\n<div class=\"flex w-full flex-col gap-1 empty:hidden first:pt-[3px]\">\n<div class=\"markdown prose dark:prose-invert w-full break-words light\">\n<p data-start=\"0\" data-end=\"257\" data-is-last-node=\"\" data-is-only-node=\"\">Custom food grade flat bottom pouch for baby food ensures safe, hygienic storage with a stable base for easy standing and display. Made from durable, non-toxic materials, it keeps baby food fresh, secure, and convenient for parents, while offering a resealable design for everyday use.<\/p>\n<\/div>\n<\/div>\n<\/div>\n<\/div>\n<\/div>\n<\/div>\n<\/div>\n<\/div>\n<\/article>\n<\/div>\n<\/div>\n<\/div>\n<\/div>\n<\/div>\n<\/div>\n<\/div>\n<\/div>\n<\/article>\n<table style=\"border-collapse: collapse; width: 518px; height: 318px;\" border=\"0\" width=\"293\" cellspacing=\"0\" cellpadding=\"0\">\n<tbody>\n<tr style=\"height: 17.00pt;\">\n<td class=\"et2\" style=\"height: 17.00pt; width: 102.45pt;\" width=\"102\" height=\"17\">Manufacturer<\/td>\n<td class=\"et2\" style=\"width: 190.80pt;\" width=\"190\">Lebei<\/td>\n<\/tr>\n<tr style=\"height: 17.00pt;\">\n<td class=\"et2\" style=\"height: 17.00pt; width: 102.45pt;\" width=\"102\" height=\"17\">Pouch Types<\/td>\n<td class=\"et3\" style=\"width: 190.80pt;\" width=\"190\">8 Side Seal Pouch<\/td>\n<\/tr>\n<tr style=\"height: 17.00pt;\">\n<td class=\"et2\" style=\"height: 17.00pt; width: 102.45pt;\" width=\"102\" height=\"17\">Material<\/td>\n<td class=\"et3\" style=\"width: 190.80pt;\" width=\"190\">Mopp\/Vmpet\/Pe<\/td>\n<\/tr>\n<tr style=\"height: 17.00pt;\">\n<td class=\"et2\" style=\"height: 17.00pt; width: 102.45pt;\" width=\"102\" height=\"17\">Sealing\u00a0<\/td>\n<td class=\"et3\" style=\"width: 190.80pt;\" width=\"190\">Zipper Top and Valve<\/td>\n<\/tr>\n<tr style=\"height: 17.00pt;\">\n<td class=\"et2\" style=\"height: 17.00pt; width: 102.45pt;\" width=\"102\" height=\"17\">Surface Handling<\/td>\n<td class=\"et3\" style=\"width: 190.80pt;\" width=\"190\">Gravure Printing<\/td>\n<\/tr>\n<tr style=\"height: 17.00pt;\">\n<td class=\"et2\" style=\"height: 17.00pt; width: 102.45pt;\" width=\"102\" height=\"17\">Advantage<\/td>\n<td class=\"et3\" style=\"width: 190.80pt;\" width=\"190\">Moisture Proof<\/td>\n<\/tr>\n<tr style=\"height: 17.00pt;\">\n<td class=\"et2\" style=\"height: 17.00pt; width: 102.45pt;\" width=\"102\" height=\"17\">Usage<\/td>\n<td class=\"et3\" style=\"width: 190.80pt;\" width=\"190\">Coffee Packaging<\/td>\n<\/tr>\n<tr style=\"height: 34.00pt;\">\n<td class=\"et2\" style=\"height: 34.00pt; width: 102.45pt;\" width=\"102\" height=\"34\">MOQ<\/td>\n<td class=\"et3\" style=\"width: 190.80pt;\" width=\"190\">Mix Items, Total 5000 Pieces<\/td>\n<\/tr>\n<tr style=\"height: 34.00pt;\">\n<td class=\"et2\" style=\"height: 34.00pt; width: 102.45pt;\" width=\"102\" height=\"34\">Sample<\/td>\n<td class=\"et3\" style=\"width: 190.80pt;\" width=\"190\">1-2 Days (Free)<\/td>\n<\/tr>\n<\/tbody>\n<\/table>\n","protected":false},"featured_media":2483,"comment_status":"closed","ping_status":"closed","template":"","meta":{"_acf_changed":false},"application":[],"product_brand":[],"product_cat":[40],"product_tag":[],"class_list":{"0":"post-2481","1":"product","2":"type-product","3":"status-publish","4":"has-post-thumbnail","6":"product_cat-custom-flat-bottom-pouch","8":"first","9":"instock","10":"shipping-taxable","11":"product-type-simple"},"acf":[],"_links":{"self":[{"href":"https:\/\/www.lebeipackaging.com\/fr\/wp-json\/wp\/v2\/product\/2481","targetHints":{"allow":["GET"]}}],"collection":[{"href":"https:\/\/www.lebeipackaging.com\/fr\/wp-json\/wp\/v2\/product"}],"about":[{"href":"https:\/\/www.lebeipackaging.com\/fr\/wp-json\/wp\/v2\/types\/product"}],"replies":[{"embeddable":true,"href":"https:\/\/www.lebeipackaging.com\/fr\/wp-json\/wp\/v2\/comments?post=2481"}],"wp:featuredmedia":[{"embeddable":true,"href":"https:\/\/www.lebeipackaging.com\/fr\/wp-json\/wp\/v2\/media\/2483"}],"wp:attachment":[{"href":"https:\/\/www.lebeipackaging.com\/fr\/wp-json\/wp\/v2\/media?parent=2481"}],"wp:term":[{"taxonomy":"application","embeddable":true,"href":"https:\/\/www.lebeipackaging.com\/fr\/wp-json\/wp\/v2\/application?post=2481"},{"taxonomy":"product_brand","embeddable":true,"href":"https:\/\/www.lebeipackaging.com\/fr\/wp-json\/wp\/v2\/product_brand?post=2481"},{"taxonomy":"product_cat","embeddable":true,"href":"https:\/\/www.lebeipackaging.com\/fr\/wp-json\/wp\/v2\/product_cat?post=2481"},{"taxonomy":"product_tag","embeddable":true,"href":"https:\/\/www.lebeipackaging.com\/fr\/wp-json\/wp\/v2\/product_tag?post=2481"}],"curies":[{"name":"wp","href":"https:\/\/api.w.org\/{rel}","templated":true}]}}