{"id":2567,"date":"2025-10-23T09:07:55","date_gmt":"2025-10-23T09:07:55","guid":{"rendered":"https:\/\/www.lebeipackaging.com\/?post_type=product&#038;p=2567"},"modified":"2025-10-23T09:08:00","modified_gmt":"2025-10-23T09:08:00","slug":"custom-stand-up-pouches-for-pet-food","status":"publish","type":"product","link":"https:\/\/www.lebeipackaging.com\/fr\/product\/custom-stand-up-pouches-for-pet-food\/","title":{"rendered":"Pochettes personnalis\u00e9es pour aliments pour animaux de compagnie"},"content":{"rendered":"<h2 class=\"wp-block-heading\">Caract\u00e9ristiques des \u00e9tuis sur mesure<\/h2>\n\n\n\n<p><strong>La certification de s\u00e9curit\u00e9 alimentaire garantit<\/strong><br>Le produit a re\u00e7u plusieurs certifications internationales, telles que BRC, ISO, QS et HACCP, afin de garantir que l'emballage est conforme aux normes de s\u00e9curit\u00e9 alimentaire et qu'il peut \u00eatre emball\u00e9 en toute s\u00e9curit\u00e9.<\/p>\n\n\n\n<p><strong>Mat\u00e9riaux de haute qualit\u00e9 r\u00e9sistants \u00e0 l'humidit\u00e9<\/strong><br>L'utilisation de mat\u00e9riaux composites multicouches PET\/PE permet d'\u00e9viter efficacement l'humidit\u00e9 et l'oxyg\u00e8ne, de conserver la fra\u00eecheur et la saveur des fruits \u00e0 coque et des snacks, et de prolonger la dur\u00e9e de conservation.<\/p>\n\n\n\n<p><strong>Conception d'un sac autoportant<\/strong><br>La structure de support inf\u00e9rieure permet au sac d'emballage de se tenir fermement, ce qui est pratique pour l'exposition, am\u00e9liore l'effet d'exposition sur le rayon et rend le produit plus beau.<\/p>\n\n\n\n<p><strong><strong><strong><strong>Prise en charge de la personnalisation<\/strong><\/strong><\/strong><\/strong><br>La taille, le motif d'impression et le logo de la marque peuvent \u00eatre personnalis\u00e9s en fonction des besoins du client afin de cr\u00e9er un emballage exclusif et d'am\u00e9liorer la reconnaissance de la marque.<\/p>\n\n\n\n<p><strong><strong><strong>Fen\u00eatre transparente pour une meilleure visibilit\u00e9<\/strong><\/strong><\/strong><br>La fen\u00eatre transparente permet aux clients de voir le contenu, ce qui renforce l'attrait du produit et la confiance.<\/p>\n\n\n\n<div class=\"wp-block-columns is-layout-flex wp-container-core-columns-is-layout-9d6595d7 wp-block-columns-is-layout-flex\">\n<div class=\"wp-block-column is-layout-flow wp-block-column-is-layout-flow\"><div class=\"wp-block-image\">\n<figure class=\"aligncenter size-full\"><img decoding=\"async\" width=\"640\" height=\"640\" src=\"https:\/\/www.lebeipackaging.com\/wp-content\/uploads\/2025\/10\/Custom-Stand-Up-Pouches-For-Pet-Food-2.webp\" alt=\"Goutti\u00e8res personnalis\u00e9es pour animaux de compagnie-2\" class=\"wp-image-2570\" srcset=\"https:\/\/www.lebeipackaging.com\/wp-content\/uploads\/2025\/10\/Custom-Stand-Up-Pouches-For-Pet-Food-2.webp 640w, https:\/\/www.lebeipackaging.com\/wp-content\/uploads\/2025\/10\/Custom-Stand-Up-Pouches-For-Pet-Food-2-300x300.webp 300w, https:\/\/www.lebeipackaging.com\/wp-content\/uploads\/2025\/10\/Custom-Stand-Up-Pouches-For-Pet-Food-2-150x150.webp 150w, https:\/\/www.lebeipackaging.com\/wp-content\/uploads\/2025\/10\/Custom-Stand-Up-Pouches-For-Pet-Food-2-12x12.webp 12w, https:\/\/www.lebeipackaging.com\/wp-content\/uploads\/2025\/10\/Custom-Stand-Up-Pouches-For-Pet-Food-2-600x600.webp 600w, https:\/\/www.lebeipackaging.com\/wp-content\/uploads\/2025\/10\/Custom-Stand-Up-Pouches-For-Pet-Food-2-100x100.webp 100w\" sizes=\"(max-width: 640px) 100vw, 640px\" \/><\/figure>\n<\/div><\/div>\n<\/div>\n\n\n\n<p><\/p>","protected":false},"excerpt":{"rendered":"<p>Les sachets \u00e0 fond plat personnalis\u00e9s sont con\u00e7us pour les aliments pour animaux de compagnie. Ils sont fabriqu\u00e9s \u00e0 partir de mat\u00e9riaux PET\/PE durables qui offrent une excellente protection contre l'humidit\u00e9. Dot\u00e9s d'un fond stable, ces sachets garantissent la fra\u00eecheur et un stockage facile. Enti\u00e8rement personnalisables en termes de taille, de couleur et d'impression, ils sont id\u00e9aux pour la strat\u00e9gie de marque et l'emballage de d\u00e9tail.<\/p>\n<table style=\"border-collapse: collapse; width: 518px; height: 318px;\" border=\"0\" width=\"293\" cellspacing=\"0\" cellpadding=\"0\">\n<tbody>\n<tr style=\"height: 17.00pt;\">\n<td class=\"et2\" style=\"height: 17.00pt; width: 102.45pt;\" width=\"102\" height=\"17\">Fabricant<\/td>\n<td class=\"et2\" style=\"width: 190.80pt;\" width=\"190\">Lebei<\/td>\n<\/tr>\n<tr style=\"height: 17.00pt;\">\n<td class=\"et2\" style=\"height: 17.00pt; width: 102.45pt;\" width=\"102\" height=\"17\">Types de pochettes<\/td>\n<td class=\"et3\" style=\"width: 190.80pt;\" width=\"190\">Stand Up Pouch<\/td>\n<\/tr>\n<tr style=\"height: 17.00pt;\">\n<td class=\"et2\" style=\"height: 17.00pt; width: 102.45pt;\" width=\"102\" height=\"17\">Mat\u00e9riau<\/td>\n<td class=\"et3\" style=\"width: 190.80pt;\" width=\"190\">PET\/PE ou sur mesure<\/td>\n<\/tr>\n<tr style=\"height: 17.00pt;\">\n<td class=\"et2\" style=\"height: 17.00pt; width: 102.45pt;\" width=\"102\" height=\"17\">Dossier sp\u00e9cial<\/td>\n<td class=\"et3\" style=\"width: 190.80pt;\" width=\"190\">Imperm\u00e9able \u00e0 l'humidit\u00e9, fermeture \u00e0 glissi\u00e8re<\/td>\n<\/tr>\n<tr style=\"height: 17.00pt;\">\n<td class=\"et2\" style=\"height: 17.00pt; width: 102.45pt;\" width=\"102\" height=\"17\">Manipulation de surface<\/td>\n<td class=\"et3\" style=\"width: 190.80pt;\" width=\"190\">Impression en h\u00e9liogravure<\/td>\n<\/tr>\n<tr style=\"height: 17.00pt;\">\n<td class=\"et2\" style=\"height: 17.00pt; width: 102.45pt;\" width=\"102\" height=\"17\">Couleur<\/td>\n<td class=\"et3\" style=\"width: 190.80pt;\" width=\"190\">Vert et blanc (personnalisable)<\/td>\n<\/tr>\n<tr style=\"height: 17.00pt;\">\n<td class=\"et2\" style=\"height: 17.00pt; width: 102.45pt;\" width=\"102\" height=\"17\">Utilisation<\/td>\n<td class=\"et3\" style=\"width: 190.80pt;\" width=\"190\">Sacs d'emballage alimentaire (noix, snacks, etc.)<\/td>\n<\/tr>\n<tr style=\"height: 34.00pt;\">\n<td class=\"et2\" style=\"height: 34.00pt; width: 102.45pt;\" width=\"102\" height=\"34\">MOQ<\/td>\n<td class=\"et3\" style=\"width: 190.80pt;\" width=\"190\">Pochette personnalis\u00e9e : 10 000 pi\u00e8ces (recommander 30 000+ pour un meilleur prix)<\/td>\n<\/tr>\n<tr style=\"height: 34.00pt;\">\n<td class=\"et2\" style=\"height: 34.00pt; width: 102.45pt;\" width=\"102\" height=\"34\">Commande personnalis\u00e9e<\/td>\n<td class=\"et3\" style=\"width: 190.80pt;\" width=\"190\">Acceptation de l'OEM et de l'ODM, prise en charge de l'\u00e9chantillonnage gratuit<\/td>\n<\/tr>\n<\/tbody>\n<\/table>","protected":false},"featured_media":2569,"comment_status":"closed","ping_status":"closed","template":"","meta":{"_acf_changed":false},"application":[24],"product_brand":[],"product_cat":[41],"product_tag":[],"class_list":{"0":"post-2567","1":"product","2":"type-product","3":"status-publish","4":"has-post-thumbnail","6":"application-custom-pet-food-packaging","7":"product_cat-stand-up-pouch-manufacturer","9":"first","10":"instock","11":"shipping-taxable","12":"product-type-simple"},"acf":[],"_links":{"self":[{"href":"https:\/\/www.lebeipackaging.com\/fr\/wp-json\/wp\/v2\/product\/2567","targetHints":{"allow":["GET"]}}],"collection":[{"href":"https:\/\/www.lebeipackaging.com\/fr\/wp-json\/wp\/v2\/product"}],"about":[{"href":"https:\/\/www.lebeipackaging.com\/fr\/wp-json\/wp\/v2\/types\/product"}],"replies":[{"embeddable":true,"href":"https:\/\/www.lebeipackaging.com\/fr\/wp-json\/wp\/v2\/comments?post=2567"}],"wp:featuredmedia":[{"embeddable":true,"href":"https:\/\/www.lebeipackaging.com\/fr\/wp-json\/wp\/v2\/media\/2569"}],"wp:attachment":[{"href":"https:\/\/www.lebeipackaging.com\/fr\/wp-json\/wp\/v2\/media?parent=2567"}],"wp:term":[{"taxonomy":"application","embeddable":true,"href":"https:\/\/www.lebeipackaging.com\/fr\/wp-json\/wp\/v2\/application?post=2567"},{"taxonomy":"product_brand","embeddable":true,"href":"https:\/\/www.lebeipackaging.com\/fr\/wp-json\/wp\/v2\/product_brand?post=2567"},{"taxonomy":"product_cat","embeddable":true,"href":"https:\/\/www.lebeipackaging.com\/fr\/wp-json\/wp\/v2\/product_cat?post=2567"},{"taxonomy":"product_tag","embeddable":true,"href":"https:\/\/www.lebeipackaging.com\/fr\/wp-json\/wp\/v2\/product_tag?post=2567"}],"curies":[{"name":"wp","href":"https:\/\/api.w.org\/{rel}","templated":true}]}}