{"id":2616,"date":"2025-11-07T07:08:08","date_gmt":"2025-11-07T07:08:08","guid":{"rendered":"https:\/\/www.lebeipackaging.com\/?post_type=product&#038;p=2616"},"modified":"2025-11-07T08:57:29","modified_gmt":"2025-11-07T08:57:29","slug":"wholesale-special-shaped-bags-christmas-series-for-snack-or-candy","status":"publish","type":"product","link":"https:\/\/www.lebeipackaging.com\/fr\/product\/wholesale-special-shaped-bags-christmas-series-for-snack-or-candy\/","title":{"rendered":"Grossiste Sacs en forme sp\u00e9ciale S\u00e9rie No\u00ebl pour Snack ou Bonbons"},"content":{"rendered":"<h2 class=\"wp-block-heading\">Caract\u00e9ristiques de la pochette de forme sp\u00e9ciale en gros<\/h2>\n\n\n\n<div class=\"wp-block-columns is-layout-flex wp-container-core-columns-is-layout-9d6595d7 wp-block-columns-is-layout-flex\">\n<div class=\"wp-block-column is-layout-flow wp-block-column-is-layout-flow\">\n<p><strong>Adorables dessins d'animaux<\/strong><br>La forme du sac peut \u00eatre con\u00e7ue selon des motifs sp\u00e9ciaux tels que les arbres de No\u00ebl, le P\u00e8re No\u00ebl et les pommes de la paix. Il convient aux collations pour enfants et \u00e0 l'emballage de cadeaux, et a plus d'impact visuel dans les rayons.<\/p>\n\n\n\n<p><strong>Personnalisable pour votre marque<\/strong><br>Fournir des services OEM\/ODM et d\u00e9velopper des formes de sacs exclusives bas\u00e9es sur la propri\u00e9t\u00e9 intellectuelle de la marque, les personnages de dessins anim\u00e9s ou le positionnement du march\u00e9 afin d'am\u00e9liorer la reconnaissance et l'affinit\u00e9 de la marque.<\/p>\n\n\n\n<p><strong>R\u00e9utilisable et pratique<\/strong><br>Adopter un film composite multicouche non toxique et inodore qui poss\u00e8de de bonnes propri\u00e9t\u00e9s de barri\u00e8re \u00e0 l'oxyg\u00e8ne, d'imperm\u00e9abilit\u00e9 \u00e0 l'humidit\u00e9 et d'imperm\u00e9abilit\u00e9 aux odeurs afin de conserver la fra\u00eecheur et le go\u00fbt du contenu.<\/p>\n\n\n\n<p><strong><strong>Mat\u00e9riaux de qualit\u00e9 alimentaire<\/strong><\/strong><br>Adopte un film composite multicouche non toxique et inodore, qui poss\u00e8de de bonnes propri\u00e9t\u00e9s de barri\u00e8re \u00e0 l'oxyg\u00e8ne, d'imperm\u00e9abilit\u00e9 \u00e0 l'humidit\u00e9 et d'imperm\u00e9abilit\u00e9 aux odeurs, afin de pr\u00e9server la fra\u00eecheur et le go\u00fbt du contenu.<\/p>\n\n\n\n<p><strong>Se tenir debout pour une pr\u00e9sentation facile<\/strong><br>Le <strong>conception autoportante<\/strong> garantit que les sachets tiennent fermement sur les \u00e9tag\u00e8res, am\u00e9liorant la visibilit\u00e9 des produits et facilitant le stockage \u00e0 la maison.<\/p>\n\n\n\n<p><strong><strong><strong>Fermeture \u00e0 glissi\u00e8re pratique<\/strong><\/strong><\/strong><br>La fermeture \u00e0 glissi\u00e8re int\u00e9gr\u00e9e permet de refermer facilement l'emballage, ce qui garantit que vos aliments restent frais et prot\u00e9g\u00e9s de l'air, de l'humidit\u00e9 et des contaminants apr\u00e8s l'ouverture de l'emballage.<\/p>\n<\/div>\n\n\n\n<div class=\"wp-block-column is-layout-flow wp-block-column-is-layout-flow\">\n<div class=\"wp-block-columns is-layout-flex wp-container-core-columns-is-layout-9d6595d7 wp-block-columns-is-layout-flex\">\n<div class=\"wp-block-column is-layout-flow wp-block-column-is-layout-flow\">\n<figure class=\"wp-block-image size-full\"><img decoding=\"async\" width=\"800\" height=\"800\" src=\"https:\/\/www.lebeipackaging.com\/wp-content\/uploads\/2025\/10\/Wholesale-Christmas-Series-Special-Shaped-Bags-For-Snack-Or-Candy-22.webp\" alt=\"Grossiste-sacs-en-forme-sp\u00e9ciale-s\u00e9rie-No\u00ebl Pour-Snack-Or-Candy-22\" class=\"wp-image-2662\" srcset=\"https:\/\/www.lebeipackaging.com\/wp-content\/uploads\/2025\/10\/Wholesale-Christmas-Series-Special-Shaped-Bags-For-Snack-Or-Candy-22.webp 800w, https:\/\/www.lebeipackaging.com\/wp-content\/uploads\/2025\/10\/Wholesale-Christmas-Series-Special-Shaped-Bags-For-Snack-Or-Candy-22-300x300.webp 300w, https:\/\/www.lebeipackaging.com\/wp-content\/uploads\/2025\/10\/Wholesale-Christmas-Series-Special-Shaped-Bags-For-Snack-Or-Candy-22-150x150.webp 150w, https:\/\/www.lebeipackaging.com\/wp-content\/uploads\/2025\/10\/Wholesale-Christmas-Series-Special-Shaped-Bags-For-Snack-Or-Candy-22-768x768.webp 768w, https:\/\/www.lebeipackaging.com\/wp-content\/uploads\/2025\/10\/Wholesale-Christmas-Series-Special-Shaped-Bags-For-Snack-Or-Candy-22-12x12.webp 12w, https:\/\/www.lebeipackaging.com\/wp-content\/uploads\/2025\/10\/Wholesale-Christmas-Series-Special-Shaped-Bags-For-Snack-Or-Candy-22-600x600.webp 600w, https:\/\/www.lebeipackaging.com\/wp-content\/uploads\/2025\/10\/Wholesale-Christmas-Series-Special-Shaped-Bags-For-Snack-Or-Candy-22-100x100.webp 100w\" sizes=\"(max-width: 800px) 100vw, 800px\" \/><\/figure>\n<\/div>\n<\/div>\n<\/div>\n<\/div>\n\n\n\n<div class=\"wp-block-columns is-layout-flex wp-container-core-columns-is-layout-9d6595d7 wp-block-columns-is-layout-flex\">\n<div class=\"wp-block-column is-layout-flow wp-block-column-is-layout-flow\">\n<figure class=\"wp-block-image size-full\"><img decoding=\"async\" width=\"800\" height=\"800\" src=\"https:\/\/www.lebeipackaging.com\/wp-content\/uploads\/2025\/10\/Wholesale-Christmas-Series-Special-Shaped-Bags-For-Snack-Or-Candy-18.webp\" alt=\"Commerce de gros - S\u00e9rie No\u00ebl - Sachets en forme sp\u00e9ciale pour bonbons - 18\" class=\"wp-image-2660\" srcset=\"https:\/\/www.lebeipackaging.com\/wp-content\/uploads\/2025\/10\/Wholesale-Christmas-Series-Special-Shaped-Bags-For-Snack-Or-Candy-18.webp 800w, https:\/\/www.lebeipackaging.com\/wp-content\/uploads\/2025\/10\/Wholesale-Christmas-Series-Special-Shaped-Bags-For-Snack-Or-Candy-18-300x300.webp 300w, https:\/\/www.lebeipackaging.com\/wp-content\/uploads\/2025\/10\/Wholesale-Christmas-Series-Special-Shaped-Bags-For-Snack-Or-Candy-18-150x150.webp 150w, https:\/\/www.lebeipackaging.com\/wp-content\/uploads\/2025\/10\/Wholesale-Christmas-Series-Special-Shaped-Bags-For-Snack-Or-Candy-18-768x768.webp 768w, https:\/\/www.lebeipackaging.com\/wp-content\/uploads\/2025\/10\/Wholesale-Christmas-Series-Special-Shaped-Bags-For-Snack-Or-Candy-18-12x12.webp 12w, https:\/\/www.lebeipackaging.com\/wp-content\/uploads\/2025\/10\/Wholesale-Christmas-Series-Special-Shaped-Bags-For-Snack-Or-Candy-18-600x600.webp 600w, https:\/\/www.lebeipackaging.com\/wp-content\/uploads\/2025\/10\/Wholesale-Christmas-Series-Special-Shaped-Bags-For-Snack-Or-Candy-18-100x100.webp 100w\" sizes=\"(max-width: 800px) 100vw, 800px\" \/><\/figure>\n<\/div>\n\n\n\n<div class=\"wp-block-column is-layout-flow wp-block-column-is-layout-flow\">\n<figure class=\"wp-block-image size-full\"><img decoding=\"async\" width=\"800\" height=\"800\" src=\"https:\/\/www.lebeipackaging.com\/wp-content\/uploads\/2025\/10\/Wholesale-Christmas-Series-Special-Shaped-Bags-For-Snack-Or-Candy-17.webp\" alt=\"Commerce de gros - S\u00e9rie No\u00ebl - Sachets en forme sp\u00e9ciale - pour bonbons - 17\" class=\"wp-image-2659\" srcset=\"https:\/\/www.lebeipackaging.com\/wp-content\/uploads\/2025\/10\/Wholesale-Christmas-Series-Special-Shaped-Bags-For-Snack-Or-Candy-17.webp 800w, https:\/\/www.lebeipackaging.com\/wp-content\/uploads\/2025\/10\/Wholesale-Christmas-Series-Special-Shaped-Bags-For-Snack-Or-Candy-17-300x300.webp 300w, https:\/\/www.lebeipackaging.com\/wp-content\/uploads\/2025\/10\/Wholesale-Christmas-Series-Special-Shaped-Bags-For-Snack-Or-Candy-17-150x150.webp 150w, https:\/\/www.lebeipackaging.com\/wp-content\/uploads\/2025\/10\/Wholesale-Christmas-Series-Special-Shaped-Bags-For-Snack-Or-Candy-17-768x768.webp 768w, https:\/\/www.lebeipackaging.com\/wp-content\/uploads\/2025\/10\/Wholesale-Christmas-Series-Special-Shaped-Bags-For-Snack-Or-Candy-17-12x12.webp 12w, https:\/\/www.lebeipackaging.com\/wp-content\/uploads\/2025\/10\/Wholesale-Christmas-Series-Special-Shaped-Bags-For-Snack-Or-Candy-17-600x600.webp 600w, https:\/\/www.lebeipackaging.com\/wp-content\/uploads\/2025\/10\/Wholesale-Christmas-Series-Special-Shaped-Bags-For-Snack-Or-Candy-17-100x100.webp 100w\" sizes=\"(max-width: 800px) 100vw, 800px\" \/><\/figure>\n<\/div>\n<\/div>\n\n\n\n<div class=\"wp-block-columns is-layout-flex wp-container-core-columns-is-layout-9d6595d7 wp-block-columns-is-layout-flex\">\n<div class=\"wp-block-column is-layout-flow wp-block-column-is-layout-flow\">\n<h2 class=\"wp-block-heading\">Taille du produit<br><\/h2>\n\n\n\n<figure class=\"wp-block-table\"><table class=\"has-fixed-layout\"><tbody><tr><td>Taille<br>(cm)<\/td><td>Emballage (pcs\/fardeau)<\/td><td>Emballage (pcs\/ctn)<\/td><td>Poids<br>(kg\/ctn)<\/td><td>Taille du lot<br>(cm)<\/td><\/tr><tr><td>19*24,5+3cm*2<\/td><td>100<\/td><td>\/<\/td><td>\/<\/td><td>\/<\/td><\/tr><tr><td>20*22+3,5cm*2<\/td><td>100<\/td><td>\/<\/td><td>\/<\/td><td>\/<\/td><\/tr><tr><td>14,5*15+2cm*2<\/td><td>100<\/td><td>\/<\/td><td>\/<\/td><td>\/<\/td><\/tr><tr><td>22*23+3cm*2<\/td><td>100<\/td><td>\/<\/td><td>\/<\/td><td>\/<\/td><\/tr><tr><td>22*23+3cm*2<\/td><td>100<\/td><td>\/<\/td><td>\/<\/td><td>\/<\/td><\/tr><\/tbody><\/table><\/figure>\n\n\n\n<p><br><\/p>\n<\/div>\n<\/div>\n\n\n\n<p><\/p>","protected":false},"excerpt":{"rendered":"<article class=\"text-token-text-primary w-full\" dir=\"auto\" data-testid=\"conversation-turn-2\" data-scroll-anchor=\"true\">\n<div class=\"text-base my-auto mx-auto py-5 [--thread-content-margin:--spacing(4)] @[37rem]:[--thread-content-margin:--spacing(6)] @[72rem]:[--thread-content-margin:--spacing(16)] px-(--thread-content-margin)\">\n<div class=\"[--thread-content-max-width:32rem] @[34rem]:[--thread-content-max-width:40rem] @[64rem]:[--thread-content-max-width:48rem] mx-auto flex max-w-(--thread-content-max-width) flex-1 text-base gap-4 md:gap-5 lg:gap-6 group\/turn-messages focus-visible:outline-hidden\">\n<div class=\"group\/conversation-turn relative flex w-full min-w-0 flex-col agent-turn\">\n<div class=\"relative flex-col gap-1 md:gap-3\">\n<div class=\"flex max-w-full flex-col grow\">\n<div class=\"min-h-8 text-message relative flex w-full flex-col items-end gap-2 text-start break-words whitespace-normal [.text-message+&amp;]:mt-5\" dir=\"auto\" data-message-author-role=\"assistant\" data-message-id=\"601dc105-1a20-4d41-b026-a096271ed355\" data-message-model-slug=\"gpt-4-1-mini\">\n<div class=\"flex w-full flex-col gap-1 empty:hidden first:pt-[3px]\">\n<div class=\"markdown prose dark:prose-invert w-full break-words light\">\n<article class=\"text-token-text-primary w-full\" dir=\"auto\" data-testid=\"conversation-turn-26\" data-scroll-anchor=\"true\">\n<div class=\"text-base my-auto mx-auto py-5 [--thread-content-margin:--spacing(4)] @[37rem]:[--thread-content-margin:--spacing(6)] @[72rem]:[--thread-content-margin:--spacing(16)] px-(--thread-content-margin)\">\n<div class=\"[--thread-content-max-width:32rem] @[34rem]:[--thread-content-max-width:40rem] @[64rem]:[--thread-content-max-width:48rem] mx-auto flex max-w-(--thread-content-max-width) flex-1 text-base gap-4 md:gap-5 lg:gap-6 group\/turn-messages focus-visible:outline-hidden\">\n<div class=\"group\/conversation-turn relative flex w-full min-w-0 flex-col agent-turn\">\n<div class=\"relative flex-col gap-1 md:gap-3\">\n<div class=\"flex max-w-full flex-col grow\">\n<div class=\"min-h-8 text-message relative flex w-full flex-col items-end gap-2 text-start break-words whitespace-normal [.text-message+&amp;]:mt-5\" dir=\"auto\" data-message-author-role=\"assistant\" data-message-id=\"d05c8187-775a-4e42-8061-4ac971d5f547\" data-message-model-slug=\"gpt-4-1-mini\">\n<div class=\"flex w-full flex-col gap-1 empty:hidden first:pt-[3px]\">\n<div class=\"markdown prose dark:prose-invert w-full break-words light\">\n<p data-start=\"27\" data-end=\"277\">Wholesale special shaped bags christmas series made from safe food-grade materials, with cute designs, reusable zipper &amp; window display \u2014 perfect for kids\u2019 snacks and boosting shelf appeal.<\/p>\n<\/div>\n<\/div>\n<\/div>\n<\/div>\n<\/div>\n<\/div>\n<\/div>\n<\/div>\n<\/article>\n<\/div>\n<\/div>\n<\/div>\n<\/div>\n<\/div>\n<\/div>\n<\/div>\n<\/div>\n<\/article>\n<table style=\"border-collapse: collapse; width: 518px; height: 318px;\" border=\"0\" width=\"293\" cellspacing=\"0\" cellpadding=\"0\">\n<tbody>\n<tr style=\"height: 17.00pt;\">\n<td class=\"et2\" style=\"height: 17.00pt; width: 102.45pt;\" width=\"102\" height=\"17\">Manufacturer<\/td>\n<td class=\"et2\" style=\"width: 190.80pt;\" width=\"190\">Lebei<\/td>\n<\/tr>\n<tr style=\"height: 17.00pt;\">\n<td class=\"et2\" style=\"height: 17.00pt; width: 102.45pt;\" width=\"102\" height=\"17\">Pouch Types<\/td>\n<td class=\"et3\" style=\"width: 190.80pt;\" width=\"190\">Shaped Pouches(Stand Up Pouch)<\/td>\n<\/tr>\n<tr style=\"height: 17.00pt;\">\n<td class=\"et2\" style=\"height: 17.00pt; width: 102.45pt;\" width=\"102\" height=\"17\">Material<\/td>\n<td class=\"et3\" style=\"width: 190.80pt;\" width=\"190\">MOPP\/PET\/CPP &amp; BOPP\/PET\/PE<\/td>\n<\/tr>\n<tr style=\"height: 17.00pt;\">\n<td class=\"et2\" style=\"height: 17.00pt; width: 102.45pt;\" width=\"102\" height=\"17\">Sealing &amp; Handle<\/td>\n<td class=\"et3\" style=\"width: 190.80pt;\" width=\"190\">Zipper Top<\/td>\n<\/tr>\n<tr style=\"height: 17.00pt;\">\n<td class=\"et2\" style=\"height: 17.00pt; width: 102.45pt;\" width=\"102\" height=\"17\">Feature<\/td>\n<td class=\"et3\" style=\"width: 190.80pt;\" width=\"190\">Moisture Proof<\/td>\n<\/tr>\n<tr style=\"height: 17.00pt;\">\n<td class=\"et2\" style=\"height: 17.00pt; width: 102.45pt;\" width=\"102\" height=\"17\">Thickness(one side)<\/td>\n<td class=\"et3\" style=\"width: 190.80pt;\" width=\"190\">100mic<\/td>\n<\/tr>\n<tr style=\"height: 17.00pt;\">\n<td class=\"et2\" style=\"height: 17.00pt; width: 102.45pt;\" width=\"102\" height=\"17\">Usage<\/td>\n<td class=\"et3\" style=\"width: 190.80pt;\" width=\"190\">Candy and Snack Packaging<\/td>\n<\/tr>\n<tr style=\"height: 34.00pt;\">\n<td class=\"et2\" style=\"height: 34.00pt; width: 102.45pt;\" width=\"102\" height=\"34\">MOQ<\/td>\n<td class=\"et3\" style=\"width: 190.80pt;\" width=\"190\">Mix Items, Total 5000 Pieces<\/td>\n<\/tr>\n<tr style=\"height: 34.00pt;\">\n<td class=\"et2\" style=\"height: 34.00pt; width: 102.45pt;\" width=\"102\" height=\"34\">Sample<\/td>\n<td class=\"et3\" style=\"width: 190.80pt;\" width=\"190\">1-2 Days (Free)<\/td>\n<\/tr>\n<\/tbody>\n<\/table>\n","protected":false},"featured_media":2661,"comment_status":"closed","ping_status":"closed","template":"","meta":{"_acf_changed":false},"application":[],"product_brand":[],"product_cat":[50],"product_tag":[43],"class_list":{"0":"post-2616","1":"product","2":"type-product","3":"status-publish","4":"has-post-thumbnail","6":"product_cat-ready-to-ship-pouches","7":"product_tag-shape-pouch","9":"first","10":"instock","11":"shipping-taxable","12":"product-type-simple"},"acf":[],"_links":{"self":[{"href":"https:\/\/www.lebeipackaging.com\/fr\/wp-json\/wp\/v2\/product\/2616","targetHints":{"allow":["GET"]}}],"collection":[{"href":"https:\/\/www.lebeipackaging.com\/fr\/wp-json\/wp\/v2\/product"}],"about":[{"href":"https:\/\/www.lebeipackaging.com\/fr\/wp-json\/wp\/v2\/types\/product"}],"replies":[{"embeddable":true,"href":"https:\/\/www.lebeipackaging.com\/fr\/wp-json\/wp\/v2\/comments?post=2616"}],"wp:featuredmedia":[{"embeddable":true,"href":"https:\/\/www.lebeipackaging.com\/fr\/wp-json\/wp\/v2\/media\/2661"}],"wp:attachment":[{"href":"https:\/\/www.lebeipackaging.com\/fr\/wp-json\/wp\/v2\/media?parent=2616"}],"wp:term":[{"taxonomy":"application","embeddable":true,"href":"https:\/\/www.lebeipackaging.com\/fr\/wp-json\/wp\/v2\/application?post=2616"},{"taxonomy":"product_brand","embeddable":true,"href":"https:\/\/www.lebeipackaging.com\/fr\/wp-json\/wp\/v2\/product_brand?post=2616"},{"taxonomy":"product_cat","embeddable":true,"href":"https:\/\/www.lebeipackaging.com\/fr\/wp-json\/wp\/v2\/product_cat?post=2616"},{"taxonomy":"product_tag","embeddable":true,"href":"https:\/\/www.lebeipackaging.com\/fr\/wp-json\/wp\/v2\/product_tag?post=2616"}],"curies":[{"name":"wp","href":"https:\/\/api.w.org\/{rel}","templated":true}]}}