{"id":2744,"date":"2025-12-05T06:21:10","date_gmt":"2025-12-05T06:21:10","guid":{"rendered":"https:\/\/www.lebeipackaging.com\/?post_type=product&#038;p=2744"},"modified":"2025-12-05T06:21:58","modified_gmt":"2025-12-05T06:21:58","slug":"custom-stand-up-pouch-bag-for-dried-fruit-with-zipper","status":"publish","type":"product","link":"https:\/\/www.lebeipackaging.com\/fr\/product\/custom-stand-up-pouch-bag-for-dried-fruit-with-zipper\/","title":{"rendered":"Sac \u00e0 fermeture \u00e9clair pour fruits s\u00e9ch\u00e9s"},"content":{"rendered":"<h2 class=\"wp-block-heading\">Caract\u00e9ristiques de la pochette Custom Stand Up<\/h2>\n\n\n\n<div class=\"wp-block-columns is-layout-flex wp-container-core-columns-is-layout-9d6595d7 wp-block-columns-is-layout-flex\">\n<div class=\"wp-block-column is-layout-flow wp-block-column-is-layout-flow\">\n<p><strong>Fermeture \u00e0 glissi\u00e8re pratique<\/strong>: La fermeture \u00e0 glissi\u00e8re int\u00e9gr\u00e9e permet de refermer facilement l'emballage, ce qui garantit que vos aliments restent frais et prot\u00e9g\u00e9s de l'air, de l'humidit\u00e9 et des contaminants apr\u00e8s l'ouverture de l'emballage.<\/p>\n\n\n\n<p><strong><strong>Prise en charge de la personnalisation<\/strong><\/strong>: La taille, le motif d'impression et le logo de la marque peuvent \u00eatre personnalis\u00e9s en fonction des besoins du client afin de cr\u00e9er un emballage exclusif et d'am\u00e9liorer la reconnaissance de la marque.<\/p>\n\n\n\n<p><strong>Vernis UV<\/strong>: L'h\u00e9liogravure am\u00e9lior\u00e9e par les UV donne des r\u00e9sultats visuellement frappants, avec des couleurs plus riches et plus opaques et une finition profonde et brillante qui augmente consid\u00e9rablement l'impact visuel et la qualit\u00e9 per\u00e7ue.<\/p>\n\n\n\n<p><strong><strong><strong>Garantie de s\u00e9curit\u00e9 alimentaire<\/strong><\/strong><\/strong>: Le sac d'emballage r\u00e9pond aux normes de s\u00e9curit\u00e9 en mati\u00e8re de contact alimentaire afin de garantir que le contenu n'est pas contamin\u00e9 pendant le stockage et le transport, et de prot\u00e9ger la sant\u00e9 des consommateurs.<\/p>\n\n\n\n<p><strong>Fen\u00eatre visuelle<\/strong>: Une fen\u00eatre visuelle sur l'emballage permet aux consommateurs de voir le produit r\u00e9el, ce qui renforce la confiance et l'attrait. Elle donne un aper\u00e7u clair du produit, r\u00e9duit l'incertitude et peut influencer de mani\u00e8re significative la d\u00e9cision d'achat.<\/p>\n\n\n\n<p><strong>L\u00e9ger et \u00e9conomique<\/strong>: La conception de la pochette est l\u00e9g\u00e8re mais robuste, ce qui permet de r\u00e9duire les frais d'exp\u00e9dition et d'offrir une solution \u00e9conomique sans compromis sur la qualit\u00e9 ou la protection.<br><\/p>\n<\/div>\n\n\n\n<div class=\"wp-block-column is-layout-flow wp-block-column-is-layout-flow\">\n<figure class=\"wp-block-image size-full\"><img decoding=\"async\" width=\"640\" height=\"640\" src=\"https:\/\/www.lebeipackaging.com\/wp-content\/uploads\/2025\/11\/Custom-Stand-Up-Pouch-Bags-for-Dried-Fruit-With-Zipper-3.webp\" alt=\"Sac personnalis\u00e9 pour fruits secs avec fermeture \u00e0 glissi\u00e8re-3\" class=\"wp-image-2772\" srcset=\"https:\/\/www.lebeipackaging.com\/wp-content\/uploads\/2025\/11\/Custom-Stand-Up-Pouch-Bags-for-Dried-Fruit-With-Zipper-3.webp 640w, https:\/\/www.lebeipackaging.com\/wp-content\/uploads\/2025\/11\/Custom-Stand-Up-Pouch-Bags-for-Dried-Fruit-With-Zipper-3-300x300.webp 300w, https:\/\/www.lebeipackaging.com\/wp-content\/uploads\/2025\/11\/Custom-Stand-Up-Pouch-Bags-for-Dried-Fruit-With-Zipper-3-150x150.webp 150w, https:\/\/www.lebeipackaging.com\/wp-content\/uploads\/2025\/11\/Custom-Stand-Up-Pouch-Bags-for-Dried-Fruit-With-Zipper-3-12x12.webp 12w, https:\/\/www.lebeipackaging.com\/wp-content\/uploads\/2025\/11\/Custom-Stand-Up-Pouch-Bags-for-Dried-Fruit-With-Zipper-3-600x600.webp 600w, https:\/\/www.lebeipackaging.com\/wp-content\/uploads\/2025\/11\/Custom-Stand-Up-Pouch-Bags-for-Dried-Fruit-With-Zipper-3-100x100.webp 100w\" sizes=\"(max-width: 640px) 100vw, 640px\" \/><\/figure>\n<\/div>\n<\/div>","protected":false},"excerpt":{"rendered":"<p>Sachet personnalis\u00e9 pour fruits secs avec fermeture \u00e9clair, compos\u00e9 d'un mat\u00e9riau durable de qualit\u00e9 alimentaire, d'une protection contre l'humidit\u00e9 et d'un design refermable pour un stockage frais et pratique.<\/p>\n<table style=\"border-collapse: collapse; width: 534px; height: 439px;\" border=\"0\" width=\"293\" cellspacing=\"0\" cellpadding=\"0\">\n<tbody>\n<tr style=\"height: 17.00pt;\">\n<td class=\"et2\" style=\"height: 17.00pt; width: 102.45pt;\" width=\"102\" height=\"17\">Fabricant<\/td>\n<td class=\"et2\" style=\"width: 190.80pt;\" width=\"190\">Lebei<\/td>\n<\/tr>\n<tr style=\"height: 35.00pt;\">\n<td class=\"et2\" style=\"height: 35.00pt; width: 102.45pt;\" width=\"102\" height=\"35\">Types de pochettes<\/td>\n<td class=\"et3\" style=\"width: 190.80pt;\" width=\"190\">Stand Up Pouch<\/td>\n<\/tr>\n<tr style=\"height: 35.00pt;\">\n<td class=\"et2\" style=\"height: 35.00pt; width: 102.45pt;\" width=\"102\" height=\"35\">Mat\u00e9riau<\/td>\n<td class=\"et3\" style=\"width: 190.80pt;\" width=\"190\">PET\/PE ou sur mesure<\/td>\n<\/tr>\n<tr style=\"height: 35.00pt;\">\n<td class=\"et2\" style=\"height: 35.00pt; width: 102.45pt;\" width=\"102\" height=\"35\">Dossier sp\u00e9cial<\/td>\n<td class=\"et3\" style=\"width: 190.80pt;\" width=\"190\">Imperm\u00e9able \u00e0 l'humidit\u00e9, fermeture \u00e0 glissi\u00e8re sur le dessus, encoche de d\u00e9chirure, fond debout<\/td>\n<\/tr>\n<tr style=\"height: 35.00pt;\">\n<td class=\"et2\" style=\"height: 35.00pt; width: 102.45pt;\" width=\"102\" height=\"35\">Manipulation de surface<\/td>\n<td class=\"et3\" style=\"width: 190.80pt;\" width=\"190\">Impression en h\u00e9liogravure<\/td>\n<\/tr>\n<tr style=\"height: 35.00pt;\">\n<td class=\"et2\" style=\"height: 35.00pt; width: 102.45pt;\" width=\"102\" height=\"35\">Couleur<\/td>\n<td class=\"et3\" style=\"width: 190.80pt;\" width=\"190\">Rouge \/Violet (personnalisable)<\/td>\n<\/tr>\n<tr style=\"height: 35.00pt;\">\n<td class=\"et2\" style=\"height: 35.00pt; width: 102.45pt;\" width=\"102\" height=\"35\">Utilisation<\/td>\n<td class=\"et3\" style=\"width: 190.80pt;\" width=\"190\">\u00a0des en-cas, des noix, etc.<\/td>\n<\/tr>\n<tr style=\"height: 35.00pt;\">\n<td class=\"et2\" style=\"height: 35.00pt; width: 102.45pt;\" width=\"102\" height=\"35\">MOQ<\/td>\n<td class=\"et3\" style=\"width: 190.80pt;\" width=\"190\">Pochette personnalis\u00e9e : 10 000 pi\u00e8ces (recommander 30 000+ pour un meilleur prix)<\/td>\n<\/tr>\n<tr style=\"height: 35.00pt;\">\n<td class=\"et2\" style=\"height: 35.00pt; width: 102.45pt;\" width=\"102\" height=\"35\">Commande personnalis\u00e9e<\/td>\n<td class=\"et3\" style=\"width: 190.80pt;\" width=\"190\">Acceptation de l'OEM et de l'ODM, prise en charge de l'\u00e9chantillonnage gratuit<\/td>\n<\/tr>\n<\/tbody>\n<\/table>","protected":false},"featured_media":2773,"comment_status":"closed","ping_status":"closed","template":"","meta":{"_acf_changed":false},"application":[26],"product_brand":[],"product_cat":[41],"product_tag":[],"class_list":{"0":"post-2744","1":"product","2":"type-product","3":"status-publish","4":"has-post-thumbnail","6":"application-custom-nuts-packaging","7":"product_cat-stand-up-pouch-manufacturer","9":"first","10":"instock","11":"shipping-taxable","12":"product-type-simple"},"acf":[],"_links":{"self":[{"href":"https:\/\/www.lebeipackaging.com\/fr\/wp-json\/wp\/v2\/product\/2744","targetHints":{"allow":["GET"]}}],"collection":[{"href":"https:\/\/www.lebeipackaging.com\/fr\/wp-json\/wp\/v2\/product"}],"about":[{"href":"https:\/\/www.lebeipackaging.com\/fr\/wp-json\/wp\/v2\/types\/product"}],"replies":[{"embeddable":true,"href":"https:\/\/www.lebeipackaging.com\/fr\/wp-json\/wp\/v2\/comments?post=2744"}],"wp:featuredmedia":[{"embeddable":true,"href":"https:\/\/www.lebeipackaging.com\/fr\/wp-json\/wp\/v2\/media\/2773"}],"wp:attachment":[{"href":"https:\/\/www.lebeipackaging.com\/fr\/wp-json\/wp\/v2\/media?parent=2744"}],"wp:term":[{"taxonomy":"application","embeddable":true,"href":"https:\/\/www.lebeipackaging.com\/fr\/wp-json\/wp\/v2\/application?post=2744"},{"taxonomy":"product_brand","embeddable":true,"href":"https:\/\/www.lebeipackaging.com\/fr\/wp-json\/wp\/v2\/product_brand?post=2744"},{"taxonomy":"product_cat","embeddable":true,"href":"https:\/\/www.lebeipackaging.com\/fr\/wp-json\/wp\/v2\/product_cat?post=2744"},{"taxonomy":"product_tag","embeddable":true,"href":"https:\/\/www.lebeipackaging.com\/fr\/wp-json\/wp\/v2\/product_tag?post=2744"}],"curies":[{"name":"wp","href":"https:\/\/api.w.org\/{rel}","templated":true}]}}