{"id":2780,"date":"2025-12-05T06:29:42","date_gmt":"2025-12-05T06:29:42","guid":{"rendered":"https:\/\/www.lebeipackaging.com\/?post_type=product&#038;p=2780"},"modified":"2025-12-05T06:30:19","modified_gmt":"2025-12-05T06:30:19","slug":"custom-eight-sided-sealed-coffee-bag-with-zipper-and-valve","status":"publish","type":"product","link":"https:\/\/www.lebeipackaging.com\/fr\/product\/custom-eight-sided-sealed-coffee-bag-with-zipper-and-valve\/","title":{"rendered":"Sac \u00e0 caf\u00e9 scell\u00e9 \u00e0 huit c\u00f4t\u00e9s avec fermeture \u00e0 glissi\u00e8re et valve"},"content":{"rendered":"<h2 class=\"wp-block-heading\">Caract\u00e9ristiques du sac \u00e0 caf\u00e9 scell\u00e9 Custom Eight sided<\/h2>\n\n\n\n<p>Notre <strong>sacs \u00e0 caf\u00e9 personnalis\u00e9s \u00e0 huit soudures<\/strong> sont con\u00e7us pour les marques qui appr\u00e9cient la fra\u00eecheur, la fonctionnalit\u00e9 et l'attrait professionnel en rayon. Dot\u00e9s d'une structure robuste \u00e0 fond plat et de mat\u00e9riaux barri\u00e8res avanc\u00e9s, ces sachets offrent une combinaison parfaite de durabilit\u00e9 et de puissance de marque.<\/p>\n\n\n\n<p><strong>\u25ce<\/strong> <strong>Structure \u00e0 fond plat de premi\u00e8re qualit\u00e9 pour une forte pr\u00e9sence en rayon<\/strong><\/p>\n\n\n\n<p>Le <strong>Joint d'\u00e9tanch\u00e9it\u00e9 \u00e0 8 c\u00f4t\u00e9s, conception \u00e0 fond plat<\/strong> permet au sac de se tenir fermement et proprement sur les \u00e9tag\u00e8res, cr\u00e9ant un aspect propre, semblable \u00e0 celui d'une bo\u00eete, qui rehausse instantan\u00e9ment votre produit.<br>Parfait pour les environnements de vente au d\u00e9tail o\u00f9 la pr\u00e9sentation est importante.<\/p>\n\n\n\n<p><strong>\u25ce Mat\u00e9riau multicouche \u00e0 haute barri\u00e8re pour une fra\u00eecheur maximale<\/strong><\/p>\n\n\n\n<p>Fabriqu\u00e9 avec <strong>MOPP\/VMPET\/PE<\/strong> ou d'autres stratifi\u00e9s personnalisables, cette structure \u00e0 trois couches fournit :<\/p>\n\n\n\n<ul class=\"wp-block-list\">\n<li>Protection sup\u00e9rieure contre la lumi\u00e8re<\/li>\n\n\n\n<li>Forte barri\u00e8re \u00e0 l'oxyg\u00e8ne<\/li>\n\n\n\n<li>Excellente r\u00e9sistance \u00e0 l'humidit\u00e9<\/li>\n<\/ul>\n\n\n\n<p>Les films \u00e0 haute barri\u00e8re permettent de pr\u00e9server les <strong>ar\u00f4me, saveur et fra\u00eecheur<\/strong> de grains de caf\u00e9 torr\u00e9fi\u00e9s pendant des p\u00e9riodes plus longues.<\/p>\n\n\n\n<p><strong>\u25ce Fonctionnalit\u00e9 con\u00e7ue pour les produits \u00e0 base de caf\u00e9<\/strong><\/p>\n\n\n\n<p>Pour r\u00e9pondre aux normes professionnelles d'emballage du caf\u00e9, le sachet supporte :<\/p>\n\n\n\n<ul class=\"wp-block-list\">\n<li><strong>Fermeture \u00e9clair lat\u00e9rale<\/strong> pour une refermeture facile<\/li>\n\n\n\n<li><strong>Vanne de d\u00e9gazage unidirectionnelle<\/strong> pour lib\u00e9rer le CO\u2082 tout en emp\u00eachant l'oxyg\u00e8ne de p\u00e9n\u00e9trer.<\/li>\n<\/ul>\n\n\n\n<p>Ces caract\u00e9ristiques garantissent la fra\u00eecheur de votre caf\u00e9, du moment o\u00f9 il est emball\u00e9 jusqu'\u00e0 la derni\u00e8re tasse.<\/p>\n\n\n\n<p><strong>\u25ce Enti\u00e8rement personnalisable en fonction de votre marque<\/strong><\/p>\n\n\n\n<p>Cr\u00e9ez un emballage qui repr\u00e9sente v\u00e9ritablement votre marque.<br>La personnalisation comprend :<\/p>\n\n\n\n<ul class=\"wp-block-list\">\n<li>Taille et \u00e9paisseur<\/li>\n\n\n\n<li>Mat\u00e9riaux et options de barri\u00e8re<\/li>\n\n\n\n<li>Conception de l'impression (jusqu'\u00e0 12 couleurs en h\u00e9liogravure)<\/li>\n\n\n\n<li>Logo et identit\u00e9 visuelle<\/li>\n\n\n\n<li>Finitions mates, brillantes ou soft-touch<\/li>\n\n\n\n<li>Fen\u00eatres et fermetures \u00e0 glissi\u00e8re<\/li>\n<\/ul>\n\n\n\n<p>Notre impression en h\u00e9liogravure de haute pr\u00e9cision garantit des couleurs \u00e9clatantes et des graphismes de qualit\u00e9 professionnelle pour aider votre produit \u00e0 se d\u00e9marquer.<\/p>\n\n\n\n<h3 class=\"wp-block-heading\"><strong>Pourquoi choisir nos sacs \u00e0 caf\u00e9 personnalis\u00e9s ?<\/strong><\/h3>\n\n\n\n<p>Exp\u00e9dition mondiale possible<\/p>\n\n\n\n<p>29+ ann\u00e9es d'exp\u00e9rience dans le secteur de la fabrication<\/p>\n\n\n\n<p>Mat\u00e9riaux certifi\u00e9s de qualit\u00e9 alimentaire<\/p>\n\n\n\n<p>Structure \u00e0 haute barri\u00e8re pour une dur\u00e9e de conservation prolong\u00e9e<\/p>\n\n\n\n<p>D\u00e9lai d'ex\u00e9cution rapide &amp; MOQ flexible<\/p>\n\n\n\n<div class=\"wp-block-columns is-layout-flex wp-container-core-columns-is-layout-9d6595d7 wp-block-columns-is-layout-flex\">\n<div class=\"wp-block-column is-layout-flow wp-block-column-is-layout-flow\">\n<figure class=\"wp-block-image size-full\"><img decoding=\"async\" width=\"640\" height=\"640\" src=\"https:\/\/www.lebeipackaging.com\/wp-content\/uploads\/2025\/12\/Custom-Eight-sided-sealed-coffee-bag.jpg\" alt=\"Sac \u00e0 caf\u00e9 personnalis\u00e9 \u00e0 huit faces scell\u00e9es\" class=\"wp-image-2808\" srcset=\"https:\/\/www.lebeipackaging.com\/wp-content\/uploads\/2025\/12\/Custom-Eight-sided-sealed-coffee-bag.jpg 640w, https:\/\/www.lebeipackaging.com\/wp-content\/uploads\/2025\/12\/Custom-Eight-sided-sealed-coffee-bag-300x300.jpg 300w, https:\/\/www.lebeipackaging.com\/wp-content\/uploads\/2025\/12\/Custom-Eight-sided-sealed-coffee-bag-150x150.jpg 150w, https:\/\/www.lebeipackaging.com\/wp-content\/uploads\/2025\/12\/Custom-Eight-sided-sealed-coffee-bag-12x12.jpg 12w, https:\/\/www.lebeipackaging.com\/wp-content\/uploads\/2025\/12\/Custom-Eight-sided-sealed-coffee-bag-600x600.jpg 600w, https:\/\/www.lebeipackaging.com\/wp-content\/uploads\/2025\/12\/Custom-Eight-sided-sealed-coffee-bag-100x100.jpg 100w\" sizes=\"(max-width: 640px) 100vw, 640px\" \/><\/figure>\n\n\n\n<h2 class=\"wp-block-heading has-text-align-center\"><strong>Impression sur mesure<\/strong><\/h2>\n\n\n\n<p class=\"has-text-align-center\">Donnez \u00e0 votre caf\u00e9 l'emballage qu'il m\u00e9rite - <strong>une protection de premier ordre avec un marquage de premier ordre<\/strong>.<br><strong>Contactez-nous d\u00e8s aujourd'hui pour obtenir un devis gratuit et des \u00e9chantillons personnalis\u00e9s !<\/strong><\/p>\n<\/div>\n<\/div>\n\n\n\n<p><\/p>","protected":false},"excerpt":{"rendered":"<p>Sachet de caf\u00e9 scell\u00e9 sur 8 c\u00f4t\u00e9s avec fermeture \u00e0 glissi\u00e8re et valve - con\u00e7u pour la fra\u00eecheur, con\u00e7u pour l'image de marque. Un choix parfait pour l'emballage du caf\u00e9 de qualit\u00e9 sup\u00e9rieure.<\/p>\n<table style=\"border-collapse: collapse; width: 518px; height: 318px;\" border=\"0\" width=\"293\" cellspacing=\"0\" cellpadding=\"0\">\n<tbody>\n<tr style=\"height: 17.00pt;\">\n<td class=\"et2\" style=\"height: 17.00pt; width: 102.45pt;\" width=\"102\" height=\"17\">Fabricant<\/td>\n<td class=\"et2\" style=\"width: 190.80pt;\" width=\"190\">Lebei<\/td>\n<\/tr>\n<tr style=\"height: 17.00pt;\">\n<td class=\"et2\" style=\"height: 17.00pt; width: 102.45pt;\" width=\"102\" height=\"17\">Types de pochettes<\/td>\n<td class=\"et3\" style=\"width: 190.80pt;\" width=\"190\">Pochette \u00e0 fond plat \u00e0 8 soudures lat\u00e9rales<\/td>\n<\/tr>\n<tr style=\"height: 17.00pt;\">\n<td class=\"et2\" style=\"height: 17.00pt; width: 102.45pt;\" width=\"102\" height=\"17\">Mat\u00e9riau<\/td>\n<td class=\"et3\" style=\"width: 190.80pt;\" width=\"190\">MOPP\/VMPET\/PE ou sur mesure<\/td>\n<\/tr>\n<tr style=\"height: 17.00pt;\">\n<td class=\"et2\" style=\"height: 17.00pt; width: 102.45pt;\" width=\"102\" height=\"17\">Dossier sp\u00e9cial<\/td>\n<td class=\"et3\" style=\"width: 190.80pt;\" width=\"190\">Fermeture \u00e0 glissi\u00e8re, valve \u00e0 sens unique<\/td>\n<\/tr>\n<tr style=\"height: 17.00pt;\">\n<td class=\"et2\" style=\"height: 17.00pt; width: 102.45pt;\" width=\"102\" height=\"17\">Manipulation de surface<\/td>\n<td class=\"et3\" style=\"width: 190.80pt;\" width=\"190\">Impression en h\u00e9liogravure<\/td>\n<\/tr>\n<tr style=\"height: 17.00pt;\">\n<td class=\"et2\" style=\"height: 17.00pt; width: 102.45pt;\" width=\"102\" height=\"17\">Couleur<\/td>\n<td class=\"et3\" style=\"width: 190.80pt;\" width=\"190\">Personnalisable<\/td>\n<\/tr>\n<tr style=\"height: 17.00pt;\">\n<td class=\"et2\" style=\"height: 17.00pt; width: 102.45pt;\" width=\"102\" height=\"17\">Utilisation<\/td>\n<td class=\"et3\" style=\"width: 190.80pt;\" width=\"190\">Sacs d'emballage alimentaire (\u00e9pices, c\u00e9r\u00e9ales, etc.)<\/td>\n<\/tr>\n<tr style=\"height: 34.00pt;\">\n<td class=\"et2\" style=\"height: 34.00pt; width: 102.45pt;\" width=\"102\" height=\"34\">MOQ<\/td>\n<td class=\"et3\" style=\"width: 190.80pt;\" width=\"190\">Pochette personnalis\u00e9e : 10 000 pi\u00e8ces (recommander 30 000+ pour un meilleur prix)<\/td>\n<\/tr>\n<tr style=\"height: 34.00pt;\">\n<td class=\"et2\" style=\"height: 34.00pt; width: 102.45pt;\" width=\"102\" height=\"34\">Commande personnalis\u00e9e<\/td>\n<td class=\"et3\" style=\"width: 190.80pt;\" width=\"190\">Acceptation de l'OEM et de l'ODM, prise en charge de l'\u00e9chantillonnage gratuit<\/td>\n<\/tr>\n<\/tbody>\n<\/table>","protected":false},"featured_media":2782,"comment_status":"closed","ping_status":"closed","template":"","meta":{"_acf_changed":false},"application":[20],"product_brand":[],"product_cat":[40],"product_tag":[],"class_list":{"0":"post-2780","1":"product","2":"type-product","3":"status-publish","4":"has-post-thumbnail","6":"application-custom-coffee-packaging-bag","7":"product_cat-custom-flat-bottom-pouch","9":"first","10":"instock","11":"shipping-taxable","12":"product-type-simple"},"acf":[],"_links":{"self":[{"href":"https:\/\/www.lebeipackaging.com\/fr\/wp-json\/wp\/v2\/product\/2780","targetHints":{"allow":["GET"]}}],"collection":[{"href":"https:\/\/www.lebeipackaging.com\/fr\/wp-json\/wp\/v2\/product"}],"about":[{"href":"https:\/\/www.lebeipackaging.com\/fr\/wp-json\/wp\/v2\/types\/product"}],"replies":[{"embeddable":true,"href":"https:\/\/www.lebeipackaging.com\/fr\/wp-json\/wp\/v2\/comments?post=2780"}],"wp:featuredmedia":[{"embeddable":true,"href":"https:\/\/www.lebeipackaging.com\/fr\/wp-json\/wp\/v2\/media\/2782"}],"wp:attachment":[{"href":"https:\/\/www.lebeipackaging.com\/fr\/wp-json\/wp\/v2\/media?parent=2780"}],"wp:term":[{"taxonomy":"application","embeddable":true,"href":"https:\/\/www.lebeipackaging.com\/fr\/wp-json\/wp\/v2\/application?post=2780"},{"taxonomy":"product_brand","embeddable":true,"href":"https:\/\/www.lebeipackaging.com\/fr\/wp-json\/wp\/v2\/product_brand?post=2780"},{"taxonomy":"product_cat","embeddable":true,"href":"https:\/\/www.lebeipackaging.com\/fr\/wp-json\/wp\/v2\/product_cat?post=2780"},{"taxonomy":"product_tag","embeddable":true,"href":"https:\/\/www.lebeipackaging.com\/fr\/wp-json\/wp\/v2\/product_tag?post=2780"}],"curies":[{"name":"wp","href":"https:\/\/api.w.org\/{rel}","templated":true}]}}