{"id":2789,"date":"2025-12-05T06:25:20","date_gmt":"2025-12-05T06:25:20","guid":{"rendered":"https:\/\/www.lebeipackaging.com\/?post_type=product&#038;p=2789"},"modified":"2025-12-05T06:25:25","modified_gmt":"2025-12-05T06:25:25","slug":"wholesale-microwave-shaped-stand-up-pouch","status":"publish","type":"product","link":"https:\/\/www.lebeipackaging.com\/fr\/product\/wholesale-microwave-shaped-stand-up-pouch\/","title":{"rendered":"Wholesale Microwave-Shaped Stand Up Pouch Food Storage Bags Transparent Window (pochette de rangement pour aliments en forme de micro-ondes avec fen\u00eatre transparente)"},"content":{"rendered":"<h2 class=\"wp-block-heading\">Caract\u00e9ristiques de la pochette de rangement en forme de micro-ondes<\/h2>\n\n\n\n<div class=\"wp-block-columns is-layout-flex wp-container-core-columns-is-layout-9d6595d7 wp-block-columns-is-layout-flex\">\n<div class=\"wp-block-column is-layout-flow wp-block-column-is-layout-flow\">\n<p><strong>Conception unique en forme de four \u00e0 micro-ondes<\/strong><br>Sa structure stable et autoportante lui permet de rester debout sur les comptoirs, les armoires ou les tables de pique-nique : fini les sacs qui basculent ! Son aspect ludique d'appareil de cuisine se double d'une jolie pi\u00e8ce d\u00e9corative, ajoutant une touche fantaisiste \u00e0 votre garde-manger ou \u00e0 votre salle \u00e0 manger.<\/p>\n\n\n\n<p><strong>Fen\u00eatre frontale transparente&nbsp;<\/strong><br>La fen\u00eatre transparente (en PET alimentaire) vous permet d'identifier instantan\u00e9ment le contenu int\u00e9rieur (snacks, bonbons, noix, fruits secs, etc.) sans avoir \u00e0 ouvrir le sceau, ce qui permet de gagner du temps et de r\u00e9duire l'exposition inutile \u00e0 l'air.<\/p>\n\n\n\n<p><strong>R\u00e9utilisable et \u00e9tanche \u00e0 l'air<\/strong><br>\u00c9quip\u00e9 d'une fermeture \u00e0 glissi\u00e8re robuste qui conserve la fra\u00eecheur, bloque l'humidit\u00e9 et emp\u00eache les fuites (id\u00e9al pour conserver des aliments semi-humides comme le jerky ou les noix enrob\u00e9es). <\/p>\n\n\n\n<p><strong><strong>Mat\u00e9riau MOPP\/PET\/CPP de premi\u00e8re qualit\u00e9<\/strong><\/strong><br>Fabriqu\u00e9e \u00e0 partir d'un composite de qualit\u00e9 alimentaire \u00e0 trois couches (ext\u00e9rieur MOPP pour une impression vive et r\u00e9sistante aux rayures ; milieu PET pour la clart\u00e9 ; int\u00e9rieur CPP pour la r\u00e9sistance \u00e0 la chaleur et la s\u00e9curit\u00e9), cette pochette est sans BPA, inodore, r\u00e9sistante \u00e0 la d\u00e9chirure et constitue une barri\u00e8re fiable contre la poussi\u00e8re et l'humidit\u00e9.<\/p>\n\n\n\n<p><strong>Taille et capacit\u00e9 polyvalentes<\/strong><br>&nbsp;Con\u00e7ue pour contenir une quantit\u00e9 g\u00e9n\u00e9reuse d'en-cas quotidiens tout en restant suffisamment compacte pour \u00eatre gliss\u00e9e dans une bo\u00eete \u00e0 lunch, un sac de voyage ou un panier de pique-nique - parfait pour une utilisation nomade.<\/p>\n\n\n\n<p>.<\/p>\n<\/div>\n\n\n\n<div class=\"wp-block-column is-layout-flow wp-block-column-is-layout-flow\">\n<div class=\"wp-block-columns is-layout-flex wp-container-core-columns-is-layout-9d6595d7 wp-block-columns-is-layout-flex\">\n<div class=\"wp-block-column is-layout-flow wp-block-column-is-layout-flow\">\n<figure class=\"wp-block-image size-full\"><img decoding=\"async\" width=\"800\" height=\"800\" src=\"https:\/\/www.lebeipackaging.com\/wp-content\/uploads\/2025\/11\/Wholesale-Microwave-Shaped-Stand-Up-Pouch-1.webp\" alt=\"Wholesale Microwave-Shaped Stand Up Pouch-1 (pochette \u00e0 main en forme de micro-ondes)\" class=\"wp-image-2791\" srcset=\"https:\/\/www.lebeipackaging.com\/wp-content\/uploads\/2025\/11\/Wholesale-Microwave-Shaped-Stand-Up-Pouch-1.webp 800w, https:\/\/www.lebeipackaging.com\/wp-content\/uploads\/2025\/11\/Wholesale-Microwave-Shaped-Stand-Up-Pouch-1-300x300.webp 300w, https:\/\/www.lebeipackaging.com\/wp-content\/uploads\/2025\/11\/Wholesale-Microwave-Shaped-Stand-Up-Pouch-1-150x150.webp 150w, https:\/\/www.lebeipackaging.com\/wp-content\/uploads\/2025\/11\/Wholesale-Microwave-Shaped-Stand-Up-Pouch-1-768x768.webp 768w, https:\/\/www.lebeipackaging.com\/wp-content\/uploads\/2025\/11\/Wholesale-Microwave-Shaped-Stand-Up-Pouch-1-12x12.webp 12w, https:\/\/www.lebeipackaging.com\/wp-content\/uploads\/2025\/11\/Wholesale-Microwave-Shaped-Stand-Up-Pouch-1-600x600.webp 600w, https:\/\/www.lebeipackaging.com\/wp-content\/uploads\/2025\/11\/Wholesale-Microwave-Shaped-Stand-Up-Pouch-1-100x100.webp 100w\" sizes=\"(max-width: 800px) 100vw, 800px\" \/><\/figure>\n<\/div>\n<\/div>\n<\/div>\n<\/div>\n\n\n\n<div class=\"wp-block-columns is-layout-flex wp-container-core-columns-is-layout-9d6595d7 wp-block-columns-is-layout-flex\">\n<div class=\"wp-block-column is-layout-flow wp-block-column-is-layout-flow\">\n<figure class=\"wp-block-image size-full\"><img decoding=\"async\" width=\"800\" height=\"800\" src=\"https:\/\/www.lebeipackaging.com\/wp-content\/uploads\/2025\/11\/Wholesale-Microwave-Shaped-Stand-Up-Pouch-7.webp\" alt=\"\" class=\"wp-image-2797\" srcset=\"https:\/\/www.lebeipackaging.com\/wp-content\/uploads\/2025\/11\/Wholesale-Microwave-Shaped-Stand-Up-Pouch-7.webp 800w, https:\/\/www.lebeipackaging.com\/wp-content\/uploads\/2025\/11\/Wholesale-Microwave-Shaped-Stand-Up-Pouch-7-300x300.webp 300w, https:\/\/www.lebeipackaging.com\/wp-content\/uploads\/2025\/11\/Wholesale-Microwave-Shaped-Stand-Up-Pouch-7-150x150.webp 150w, https:\/\/www.lebeipackaging.com\/wp-content\/uploads\/2025\/11\/Wholesale-Microwave-Shaped-Stand-Up-Pouch-7-768x768.webp 768w, https:\/\/www.lebeipackaging.com\/wp-content\/uploads\/2025\/11\/Wholesale-Microwave-Shaped-Stand-Up-Pouch-7-12x12.webp 12w, https:\/\/www.lebeipackaging.com\/wp-content\/uploads\/2025\/11\/Wholesale-Microwave-Shaped-Stand-Up-Pouch-7-600x600.webp 600w, https:\/\/www.lebeipackaging.com\/wp-content\/uploads\/2025\/11\/Wholesale-Microwave-Shaped-Stand-Up-Pouch-7-100x100.webp 100w\" sizes=\"(max-width: 800px) 100vw, 800px\" \/><\/figure>\n<\/div>\n\n\n\n<div class=\"wp-block-column is-layout-flow wp-block-column-is-layout-flow\">\n<figure class=\"wp-block-image size-full\"><img decoding=\"async\" width=\"800\" height=\"800\" src=\"https:\/\/www.lebeipackaging.com\/wp-content\/uploads\/2025\/11\/Wholesale-Microwave-Shaped-Stand-Up-Pouch-5.webp\" alt=\"\" class=\"wp-image-2795\" srcset=\"https:\/\/www.lebeipackaging.com\/wp-content\/uploads\/2025\/11\/Wholesale-Microwave-Shaped-Stand-Up-Pouch-5.webp 800w, https:\/\/www.lebeipackaging.com\/wp-content\/uploads\/2025\/11\/Wholesale-Microwave-Shaped-Stand-Up-Pouch-5-300x300.webp 300w, https:\/\/www.lebeipackaging.com\/wp-content\/uploads\/2025\/11\/Wholesale-Microwave-Shaped-Stand-Up-Pouch-5-150x150.webp 150w, https:\/\/www.lebeipackaging.com\/wp-content\/uploads\/2025\/11\/Wholesale-Microwave-Shaped-Stand-Up-Pouch-5-768x768.webp 768w, https:\/\/www.lebeipackaging.com\/wp-content\/uploads\/2025\/11\/Wholesale-Microwave-Shaped-Stand-Up-Pouch-5-12x12.webp 12w, https:\/\/www.lebeipackaging.com\/wp-content\/uploads\/2025\/11\/Wholesale-Microwave-Shaped-Stand-Up-Pouch-5-600x600.webp 600w, https:\/\/www.lebeipackaging.com\/wp-content\/uploads\/2025\/11\/Wholesale-Microwave-Shaped-Stand-Up-Pouch-5-100x100.webp 100w\" sizes=\"(max-width: 800px) 100vw, 800px\" \/><\/figure>\n<\/div>\n<\/div>\n\n\n\n<div class=\"wp-block-columns is-layout-flex wp-container-core-columns-is-layout-9d6595d7 wp-block-columns-is-layout-flex\">\n<div class=\"wp-block-column is-layout-flow wp-block-column-is-layout-flow\">\n<h2 class=\"wp-block-heading\">Taille du produit<br><\/h2>\n\n\n\n<figure class=\"wp-block-table\"><table class=\"has-fixed-layout\"><tbody><tr><td>Taille<br>(cm)<\/td><td>Emballage (pcs\/fardeau)<\/td><td>Emballage (pcs\/ctn)<\/td><td>Poids<br>(kg\/ctn)<\/td><td>Taille du lot<br>(cm)<\/td><\/tr><tr><td>18*21+3cm*2<\/td><td>50<\/td><td>2000<\/td><td>\/<\/td><td>\/<\/td><\/tr><tr><td>24*28+4cm*2<\/td><td>50<\/td><td>2400<\/td><td>\/<\/td><td>\/<\/td><\/tr><\/tbody><\/table><\/figure>\n\n\n\n<p><br><\/p>\n<\/div>\n<\/div>\n\n\n\n<p><\/p>","protected":false},"excerpt":{"rendered":"<article class=\"text-token-text-primary w-full\" dir=\"auto\" data-testid=\"conversation-turn-2\" data-scroll-anchor=\"true\">\n<div class=\"text-base my-auto mx-auto py-5 [--thread-content-margin:--spacing(4)] @[37rem]:[--thread-content-margin:--spacing(6)] @[72rem]:[--thread-content-margin:--spacing(16)] px-(--thread-content-margin)\">\n<div class=\"[--thread-content-max-width:32rem] @[34rem]:[--thread-content-max-width:40rem] @[64rem]:[--thread-content-max-width:48rem] mx-auto flex max-w-(--thread-content-max-width) flex-1 text-base gap-4 md:gap-5 lg:gap-6 group\/turn-messages focus-visible:outline-hidden\">\n<div class=\"group\/conversation-turn relative flex w-full min-w-0 flex-col agent-turn\">\n<div class=\"relative flex-col gap-1 md:gap-3\">\n<div class=\"flex max-w-full flex-col grow\">\n<div class=\"min-h-8 text-message relative flex w-full flex-col items-end gap-2 text-start break-words whitespace-normal [.text-message+&amp;]:mt-5\" dir=\"auto\" data-message-author-role=\"assistant\" data-message-id=\"601dc105-1a20-4d41-b026-a096271ed355\" data-message-model-slug=\"gpt-4-1-mini\">\n<div class=\"flex w-full flex-col gap-1 empty:hidden first:pt-[3px]\">\n<div class=\"markdown prose dark:prose-invert w-full break-words light\">\n<article class=\"text-token-text-primary w-full\" dir=\"auto\" data-testid=\"conversation-turn-26\" data-scroll-anchor=\"true\">\n<div class=\"text-base my-auto mx-auto py-5 [--thread-content-margin:--spacing(4)] @[37rem]:[--thread-content-margin:--spacing(6)] @[72rem]:[--thread-content-margin:--spacing(16)] px-(--thread-content-margin)\">\n<div class=\"[--thread-content-max-width:32rem] @[34rem]:[--thread-content-max-width:40rem] @[64rem]:[--thread-content-max-width:48rem] mx-auto flex max-w-(--thread-content-max-width) flex-1 text-base gap-4 md:gap-5 lg:gap-6 group\/turn-messages focus-visible:outline-hidden\">\n<div class=\"group\/conversation-turn relative flex w-full min-w-0 flex-col agent-turn\">\n<div class=\"relative flex-col gap-1 md:gap-3\">\n<div class=\"flex max-w-full flex-col grow\">\n<div class=\"min-h-8 text-message relative flex w-full flex-col items-end gap-2 text-start break-words whitespace-normal [.text-message+&amp;]:mt-5\" dir=\"auto\" data-message-author-role=\"assistant\" data-message-id=\"d05c8187-775a-4e42-8061-4ac971d5f547\" data-message-model-slug=\"gpt-4-1-mini\">\n<div class=\"flex w-full flex-col gap-1 empty:hidden first:pt-[3px]\">\n<div class=\"markdown prose dark:prose-invert w-full break-words light\">\n<p data-start=\"27\" data-end=\"277\">Wholesale microwave-shaped stand up pouch with a transparent window. Perfect for storing snacks, candies, nuts, dried fruits, cookies, spices, etc. Ideal for home kitchen organization, picnic, travel, or as a cute gift for food lovers.<\/p>\n<\/div>\n<\/div>\n<\/div>\n<\/div>\n<\/div>\n<\/div>\n<\/div>\n<\/div>\n<\/article>\n<\/div>\n<\/div>\n<\/div>\n<\/div>\n<\/div>\n<\/div>\n<\/div>\n<\/div>\n<\/article>\n<table style=\"border-collapse: collapse; width: 518px; height: 318px;\" border=\"0\" width=\"293\" cellspacing=\"0\" cellpadding=\"0\">\n<tbody>\n<tr style=\"height: 17.00pt;\">\n<td class=\"et2\" style=\"height: 17.00pt; width: 102.45pt;\" width=\"102\" height=\"17\">Manufacturer<\/td>\n<td class=\"et2\" style=\"width: 190.80pt;\" width=\"190\">Lebei<\/td>\n<\/tr>\n<tr style=\"height: 17.00pt;\">\n<td class=\"et2\" style=\"height: 17.00pt; width: 102.45pt;\" width=\"102\" height=\"17\">Pouch Types<\/td>\n<td class=\"et3\" style=\"width: 190.80pt;\" width=\"190\">Shaped Pouches(Stand Up Pouch)<\/td>\n<\/tr>\n<tr style=\"height: 17.00pt;\">\n<td class=\"et2\" style=\"height: 17.00pt; width: 102.45pt;\" width=\"102\" height=\"17\">Material<\/td>\n<td class=\"et3\" style=\"width: 190.80pt;\" width=\"190\">MOPP\/PET\/CPP\u00a0<\/td>\n<\/tr>\n<tr style=\"height: 17.00pt;\">\n<td class=\"et2\" style=\"height: 17.00pt; width: 102.45pt;\" width=\"102\" height=\"17\">Sealing &amp; Handle<\/td>\n<td class=\"et3\" style=\"width: 190.80pt;\" width=\"190\">Zipper Top<\/td>\n<\/tr>\n<tr style=\"height: 17.00pt;\">\n<td class=\"et2\" style=\"height: 17.00pt; width: 102.45pt;\" width=\"102\" height=\"17\">Feature<\/td>\n<td class=\"et3\" style=\"width: 190.80pt;\" width=\"190\">Moisture Proof<\/td>\n<\/tr>\n<tr style=\"height: 17.00pt;\">\n<td class=\"et2\" style=\"height: 17.00pt; width: 102.45pt;\" width=\"102\" height=\"17\">Thickness(one side)<\/td>\n<td class=\"et3\" style=\"width: 190.80pt;\" width=\"190\">100mic<\/td>\n<\/tr>\n<tr style=\"height: 17.00pt;\">\n<td class=\"et2\" style=\"height: 17.00pt; width: 102.45pt;\" width=\"102\" height=\"17\">Usage<\/td>\n<td class=\"et3\" style=\"width: 190.80pt;\" width=\"190\">Candy and Snack Packaging<\/td>\n<\/tr>\n<tr style=\"height: 34.00pt;\">\n<td class=\"et2\" style=\"height: 34.00pt; width: 102.45pt;\" width=\"102\" height=\"34\">MOQ<\/td>\n<td class=\"et3\" style=\"width: 190.80pt;\" width=\"190\">Mix Items, Total 5000 Pieces<\/td>\n<\/tr>\n<tr style=\"height: 34.00pt;\">\n<td class=\"et2\" style=\"height: 34.00pt; width: 102.45pt;\" width=\"102\" height=\"34\">Sample<\/td>\n<td class=\"et3\" style=\"width: 190.80pt;\" width=\"190\">1-2 Days (Free)<\/td>\n<\/tr>\n<\/tbody>\n<\/table>\n","protected":false},"featured_media":2792,"comment_status":"closed","ping_status":"closed","template":"","meta":{"_acf_changed":false},"application":[],"product_brand":[],"product_cat":[50,41,35],"product_tag":[43],"class_list":{"0":"post-2789","1":"product","2":"type-product","3":"status-publish","4":"has-post-thumbnail","6":"product_cat-ready-to-ship-pouches","7":"product_cat-stand-up-pouch-manufacturer","8":"product_cat-shaped-pouches-factory","9":"product_tag-shape-pouch","11":"first","12":"instock","13":"shipping-taxable","14":"product-type-simple"},"acf":[],"_links":{"self":[{"href":"https:\/\/www.lebeipackaging.com\/fr\/wp-json\/wp\/v2\/product\/2789","targetHints":{"allow":["GET"]}}],"collection":[{"href":"https:\/\/www.lebeipackaging.com\/fr\/wp-json\/wp\/v2\/product"}],"about":[{"href":"https:\/\/www.lebeipackaging.com\/fr\/wp-json\/wp\/v2\/types\/product"}],"replies":[{"embeddable":true,"href":"https:\/\/www.lebeipackaging.com\/fr\/wp-json\/wp\/v2\/comments?post=2789"}],"wp:featuredmedia":[{"embeddable":true,"href":"https:\/\/www.lebeipackaging.com\/fr\/wp-json\/wp\/v2\/media\/2792"}],"wp:attachment":[{"href":"https:\/\/www.lebeipackaging.com\/fr\/wp-json\/wp\/v2\/media?parent=2789"}],"wp:term":[{"taxonomy":"application","embeddable":true,"href":"https:\/\/www.lebeipackaging.com\/fr\/wp-json\/wp\/v2\/application?post=2789"},{"taxonomy":"product_brand","embeddable":true,"href":"https:\/\/www.lebeipackaging.com\/fr\/wp-json\/wp\/v2\/product_brand?post=2789"},{"taxonomy":"product_cat","embeddable":true,"href":"https:\/\/www.lebeipackaging.com\/fr\/wp-json\/wp\/v2\/product_cat?post=2789"},{"taxonomy":"product_tag","embeddable":true,"href":"https:\/\/www.lebeipackaging.com\/fr\/wp-json\/wp\/v2\/product_tag?post=2789"}],"curies":[{"name":"wp","href":"https:\/\/api.w.org\/{rel}","templated":true}]}}