{"id":336,"date":"2025-05-27T06:14:34","date_gmt":"2025-05-27T06:14:34","guid":{"rendered":"https:\/\/www.lebeipackaging.com\/?post_type=product&#038;p=336"},"modified":"2025-05-28T01:57:02","modified_gmt":"2025-05-28T01:57:02","slug":"custom-flat-bottom-coffee-pouch-with-valve","status":"publish","type":"product","link":"https:\/\/www.lebeipackaging.com\/fr\/product\/custom-flat-bottom-coffee-pouch-with-valve\/","title":{"rendered":"Pochette \u00e0 caf\u00e9 \u00e0 fond plat personnalis\u00e9e avec valve pour la fra\u00eecheur"},"content":{"rendered":"<h2 class=\"wp-block-heading\">Caract\u00e9ristiques de la pochette \u00e0 caf\u00e9 \u00e0 fond plat<\/h2>\n\n\n\n<p><strong>Conception de la soupape d'\u00e9chappement unidirectionnelle<\/strong><br>Le corps du sac est \u00e9quip\u00e9 d'une valve d'\u00e9chappement sp\u00e9cifique au caf\u00e9 qui permet d'\u00e9vacuer le gaz lib\u00e9r\u00e9 par les grains de caf\u00e9, d'emp\u00eacher le sac de se gonfler, de garder l'int\u00e9rieur sec et de conserver l'ar\u00f4me original.<\/p>\n\n\n\n<p><strong>Structure \u00e0 trois couches \u00e0 haute barri\u00e8re<\/strong><br>Adopte des mat\u00e9riaux composites multicouches PET\/VMPET\/PE pour bloquer efficacement l'air, l'humidit\u00e9 et la lumi\u00e8re, et prolonger la dur\u00e9e de conservation des grains de caf\u00e9 ou de la poudre.<\/p>\n\n\n\n<p><strong>Conception autoportante \u00e0 fond plat<\/strong><br>Le fond du sac est plat et peut se tenir fermement sur l'\u00e9tag\u00e8re ou dans la zone de stockage, ce qui convient \u00e0 la pr\u00e9sentation au d\u00e9tail, renfor\u00e7ant le professionnalisme de la marque et l'attrait visuel.<\/p>\n\n\n\n<p><strong>Fermeture \u00e0 glissi\u00e8re refermable<\/strong><br>La partie sup\u00e9rieure est \u00e9quip\u00e9e d'une fermeture \u00e0 glissi\u00e8re solide, ce qui permet aux consommateurs de l'ouvrir et de l'utiliser plusieurs fois, tout en \u00e9vitant la pollution secondaire et en maintenant le produit propre et hygi\u00e9nique.<\/p>\n\n\n\n<p><strong>Prise en charge d'un logo personnalis\u00e9<\/strong><br>Le logo peut \u00eatre personnalis\u00e9 pour correspondre \u00e0 votre marque de caf\u00e9, am\u00e9liorant ainsi la fra\u00eecheur et l'identit\u00e9 visuelle.<\/p>\n\n\n\n<p><strong>Convient \u00e0 une vari\u00e9t\u00e9 de produits \u00e0 base de caf\u00e9<\/strong><br>Convient \u00e0 l'emballage des grains de caf\u00e9, du caf\u00e9 moulu en poudre et d'autres produits secs, avec \u00e0 la fois une valeur pratique et une valeur de communication de la marque.<\/p>\n\n\n\n<div class=\"wp-block-columns is-layout-flex wp-container-core-columns-is-layout-9d6595d7 wp-block-columns-is-layout-flex\">\n<div class=\"wp-block-column is-layout-flow wp-block-column-is-layout-flow\">\n<figure class=\"wp-block-image size-full\"><img decoding=\"async\" width=\"640\" height=\"640\" src=\"https:\/\/www.lebeipackaging.com\/wp-content\/uploads\/2025\/05\/Custom-Flat-Coffee-Pouch-with-Valve-for-Freshness4.webp\" alt=\"Pochette \u00e0 caf\u00e9 plate personnalis\u00e9e avec valve pour la fra\u00eecheur4\" class=\"wp-image-340\" srcset=\"https:\/\/www.lebeipackaging.com\/wp-content\/uploads\/2025\/05\/Custom-Flat-Coffee-Pouch-with-Valve-for-Freshness4.webp 640w, https:\/\/www.lebeipackaging.com\/wp-content\/uploads\/2025\/05\/Custom-Flat-Coffee-Pouch-with-Valve-for-Freshness4-300x300.webp 300w, https:\/\/www.lebeipackaging.com\/wp-content\/uploads\/2025\/05\/Custom-Flat-Coffee-Pouch-with-Valve-for-Freshness4-150x150.webp 150w, https:\/\/www.lebeipackaging.com\/wp-content\/uploads\/2025\/05\/Custom-Flat-Coffee-Pouch-with-Valve-for-Freshness4-600x600.webp 600w, https:\/\/www.lebeipackaging.com\/wp-content\/uploads\/2025\/05\/Custom-Flat-Coffee-Pouch-with-Valve-for-Freshness4-100x100.webp 100w\" sizes=\"(max-width: 640px) 100vw, 640px\" \/><\/figure>\n\n\n\n<h2 class=\"wp-block-heading\">Fermeture \u00e0 glissi\u00e8re facile \u00e0 d\u00e9chirer<\/h2>\n\n\n\n<p>Facile \u00e0 ouvrir, les utilisateurs peuvent facilement ouvrir le sac en le d\u00e9chirant.<\/p>\n<\/div>\n\n\n\n<div class=\"wp-block-column is-layout-flow wp-block-column-is-layout-flow\">\n<figure class=\"wp-block-image size-full\"><img decoding=\"async\" width=\"640\" height=\"640\" src=\"https:\/\/www.lebeipackaging.com\/wp-content\/uploads\/2025\/05\/Custom-Flat-Coffee-Pouch-with-Valve-for-Freshness2.webp\" alt=\"Pochette \u00e0 caf\u00e9 plate personnalis\u00e9e avec valve pour la fra\u00eecheur2\" class=\"wp-image-338\" srcset=\"https:\/\/www.lebeipackaging.com\/wp-content\/uploads\/2025\/05\/Custom-Flat-Coffee-Pouch-with-Valve-for-Freshness2.webp 640w, https:\/\/www.lebeipackaging.com\/wp-content\/uploads\/2025\/05\/Custom-Flat-Coffee-Pouch-with-Valve-for-Freshness2-300x300.webp 300w, https:\/\/www.lebeipackaging.com\/wp-content\/uploads\/2025\/05\/Custom-Flat-Coffee-Pouch-with-Valve-for-Freshness2-150x150.webp 150w, https:\/\/www.lebeipackaging.com\/wp-content\/uploads\/2025\/05\/Custom-Flat-Coffee-Pouch-with-Valve-for-Freshness2-600x600.webp 600w, https:\/\/www.lebeipackaging.com\/wp-content\/uploads\/2025\/05\/Custom-Flat-Coffee-Pouch-with-Valve-for-Freshness2-100x100.webp 100w\" sizes=\"(max-width: 640px) 100vw, 640px\" \/><\/figure>\n\n\n\n<h2 class=\"wp-block-heading\"><strong>Fond plat<\/strong><\/h2>\n\n\n\n<p>Le sac peut se tenir debout de mani\u00e8re stable, ce qui lui conf\u00e8re un aspect impressionnant sur l'\u00e9tag\u00e8re d'exposition.<strong><br><\/strong><\/p>\n<\/div>\n<\/div>","protected":false},"excerpt":{"rendered":"<p>Le sachet de caf\u00e9 \u00e0 fond plat avec valve est con\u00e7u pour pr\u00e9server la fra\u00eecheur et l'ar\u00f4me. Il est dot\u00e9 d'une structure PET\/VMPET\/PE \u00e0 haute barri\u00e8re et d'une valve de d\u00e9gazage unidirectionnelle. Parfait pour l'emballage du caf\u00e9 de qualit\u00e9 sup\u00e9rieure, personnalisez-le d\u00e8s aujourd'hui !<\/p>\n<table style=\"border-collapse: collapse; width: 518px; height: 318px;\" border=\"0\" width=\"293\" cellspacing=\"0\" cellpadding=\"0\">\n<tbody>\n<tr style=\"height: 17.00pt;\">\n<td class=\"et2\" style=\"height: 17.00pt; width: 102.45pt;\" width=\"102\" height=\"17\">Fabricant<\/td>\n<td class=\"et2\" style=\"width: 190.80pt;\" width=\"190\">Lebei<\/td>\n<\/tr>\n<tr style=\"height: 17.00pt;\">\n<td class=\"et2\" style=\"height: 17.00pt; width: 102.45pt;\" width=\"102\" height=\"17\">Types de pochettes<\/td>\n<td class=\"et3\" style=\"width: 190.80pt;\" width=\"190\">Pochette \u00e0 fond plat \u00e0 8 soudures lat\u00e9rales<\/td>\n<\/tr>\n<tr style=\"height: 17.00pt;\">\n<td class=\"et2\" style=\"height: 17.00pt; width: 102.45pt;\" width=\"102\" height=\"17\">Mat\u00e9riau<\/td>\n<td class=\"et3\" style=\"width: 190.80pt;\" width=\"190\">PET\/VMPET\/PE ou sur mesure<\/td>\n<\/tr>\n<tr style=\"height: 17.00pt;\">\n<td class=\"et2\" style=\"height: 17.00pt; width: 102.45pt;\" width=\"102\" height=\"17\">Dossier sp\u00e9cial<\/td>\n<td class=\"et3\" style=\"width: 190.80pt;\" width=\"190\">Haut avec fermeture \u00e0 glissi\u00e8re<\/td>\n<\/tr>\n<tr style=\"height: 17.00pt;\">\n<td class=\"et2\" style=\"height: 17.00pt; width: 102.45pt;\" width=\"102\" height=\"17\">Manipulation de surface<\/td>\n<td class=\"et3\" style=\"width: 190.80pt;\" width=\"190\">Impression en h\u00e9liogravure<\/td>\n<\/tr>\n<tr style=\"height: 17.00pt;\">\n<td class=\"et2\" style=\"height: 17.00pt; width: 102.45pt;\" width=\"102\" height=\"17\">Couleur<\/td>\n<td class=\"et3\" style=\"width: 190.80pt;\" width=\"190\">Bule(personnalisable)<\/td>\n<\/tr>\n<tr style=\"height: 17.00pt;\">\n<td class=\"et2\" style=\"height: 17.00pt; width: 102.45pt;\" width=\"102\" height=\"17\">Utilisation<\/td>\n<td class=\"et3\" style=\"width: 190.80pt;\" width=\"190\">Sacs d'emballage pour le caf\u00e9\u00a0<\/td>\n<\/tr>\n<tr style=\"height: 34.00pt;\">\n<td class=\"et2\" style=\"height: 34.00pt; width: 102.45pt;\" width=\"102\" height=\"34\">MOQ<\/td>\n<td class=\"et3\" style=\"width: 190.80pt;\" width=\"190\">Pochette personnalis\u00e9e : 10 000 pi\u00e8ces (recommander 30 000+ pour un meilleur prix)<\/td>\n<\/tr>\n<tr style=\"height: 34.00pt;\">\n<td class=\"et2\" style=\"height: 34.00pt; width: 102.45pt;\" width=\"102\" height=\"34\">Commande personnalis\u00e9e<\/td>\n<td class=\"et3\" style=\"width: 190.80pt;\" width=\"190\">Acceptation de l'OEM et de l'ODM, prise en charge de l'\u00e9chantillonnage gratuit<\/td>\n<\/tr>\n<\/tbody>\n<\/table>","protected":false},"featured_media":337,"comment_status":"closed","ping_status":"closed","template":"","meta":{"_acf_changed":false},"application":[20],"product_brand":[],"product_cat":[40],"product_tag":[],"class_list":{"0":"post-336","1":"product","2":"type-product","3":"status-publish","4":"has-post-thumbnail","6":"application-custom-coffee-packaging-bag","7":"product_cat-custom-flat-bottom-pouch","9":"first","10":"instock","11":"shipping-taxable","12":"product-type-simple"},"acf":[],"_links":{"self":[{"href":"https:\/\/www.lebeipackaging.com\/fr\/wp-json\/wp\/v2\/product\/336","targetHints":{"allow":["GET"]}}],"collection":[{"href":"https:\/\/www.lebeipackaging.com\/fr\/wp-json\/wp\/v2\/product"}],"about":[{"href":"https:\/\/www.lebeipackaging.com\/fr\/wp-json\/wp\/v2\/types\/product"}],"replies":[{"embeddable":true,"href":"https:\/\/www.lebeipackaging.com\/fr\/wp-json\/wp\/v2\/comments?post=336"}],"wp:featuredmedia":[{"embeddable":true,"href":"https:\/\/www.lebeipackaging.com\/fr\/wp-json\/wp\/v2\/media\/337"}],"wp:attachment":[{"href":"https:\/\/www.lebeipackaging.com\/fr\/wp-json\/wp\/v2\/media?parent=336"}],"wp:term":[{"taxonomy":"application","embeddable":true,"href":"https:\/\/www.lebeipackaging.com\/fr\/wp-json\/wp\/v2\/application?post=336"},{"taxonomy":"product_brand","embeddable":true,"href":"https:\/\/www.lebeipackaging.com\/fr\/wp-json\/wp\/v2\/product_brand?post=336"},{"taxonomy":"product_cat","embeddable":true,"href":"https:\/\/www.lebeipackaging.com\/fr\/wp-json\/wp\/v2\/product_cat?post=336"},{"taxonomy":"product_tag","embeddable":true,"href":"https:\/\/www.lebeipackaging.com\/fr\/wp-json\/wp\/v2\/product_tag?post=336"}],"curies":[{"name":"wp","href":"https:\/\/api.w.org\/{rel}","templated":true}]}}