{"id":343,"date":"2025-05-27T06:47:04","date_gmt":"2025-05-27T06:47:04","guid":{"rendered":"https:\/\/www.lebeipackaging.com\/?post_type=product&#038;p=343"},"modified":"2025-05-28T01:54:18","modified_gmt":"2025-05-28T01:54:18","slug":"custom-plastic-roll-film","status":"publish","type":"product","link":"https:\/\/www.lebeipackaging.com\/fr\/product\/custom-plastic-roll-film\/","title":{"rendered":"Film plastique en rouleau personnalis\u00e9 avec impression de haute qualit\u00e9"},"content":{"rendered":"<h2 class=\"wp-block-heading\">Caract\u00e9ristiques du film plastique en rouleau personnalis\u00e9<\/h2>\n\n\n\n<div class=\"wp-block-columns is-layout-flex wp-container-core-columns-is-layout-9d6595d7 wp-block-columns-is-layout-flex\">\n<div class=\"wp-block-column is-layout-flow wp-block-column-is-layout-flow\">\n<p><strong>Personnalisation flexible des mat\u00e9riaux multicouches<\/strong><br>Prend en charge les mat\u00e9riaux PET\/VMPET\/PE antistatique \u00e0 structure composite \u00e0 2, 3 et 4 couches. Les clients peuvent choisir la combinaison de mat\u00e9riaux appropri\u00e9e en fonction des besoins du produit d'emballage afin de r\u00e9pondre aux diff\u00e9rentes exigences en mati\u00e8re de barri\u00e8re et de protection.<\/p>\n\n\n\n<p><strong>Mat\u00e9riaux de s\u00e9curit\u00e9 de qualit\u00e9 alimentaire<\/strong><br>Utiliser des mat\u00e9riaux de haute qualit\u00e9 r\u00e9pondant aux normes de s\u00e9curit\u00e9 alimentaire afin de garantir l'innocuit\u00e9 de l'emballage pour les aliments tels que le caf\u00e9, le th\u00e9, les bonbons et les snacks, et de prot\u00e9ger la sant\u00e9 des consommateurs.<\/p>\n\n\n\n<p><strong>L'\u00e9paisseur peut \u00eatre personnalis\u00e9e <\/strong><br>L'\u00e9paisseur standard est de 80 microns, ce qui permet aux clients d'ajuster l'\u00e9paisseur du film en fonction des caract\u00e9ristiques du produit et de l'\u00e9quipement de la machine d'emballage afin d'obtenir une meilleure protection et de meilleurs effets d'emballage.<\/p>\n\n\n\n<p><strong>Excellente performance de scellage \u00e0 chaud<\/strong><br>Le film thermoscellant est con\u00e7u pour sceller de mani\u00e8re \u00e9tanche et fiable, emp\u00eachant l'air et l'humidit\u00e9 de p\u00e9n\u00e9trer, ce qui prolonge efficacement la fra\u00eecheur et la dur\u00e9e de conservation des aliments contenus dans l'emballage.<\/p>\n\n\n\n<p><strong>Doux et durable<\/strong><br>Le mat\u00e9riau est souple et pr\u00e9sente une bonne r\u00e9sistance m\u00e9canique. Il convient \u00e0 la production \u00e0 grande vitesse d'une vari\u00e9t\u00e9 de machines d'emballage automatis\u00e9es, garantissant un transport fluide du film et l'efficacit\u00e9 de l'emballage.<\/p>\n\n\n\n<p><strong>Certification faisant autorit\u00e9<\/strong><br>Le produit a obtenu de nombreuses certifications internationales telles que BRC, ISO, QS, HACCP, etc., afin de garantir une qualit\u00e9 stable et de r\u00e9pondre aux besoins des march\u00e9s d'exportation et des march\u00e9s \u00e0 normes \u00e9lev\u00e9es.<\/p>\n<\/div>\n\n\n\n<div class=\"wp-block-column is-layout-flow wp-block-column-is-layout-flow\"><div class=\"wp-block-image\">\n<figure class=\"aligncenter size-full\"><img decoding=\"async\" width=\"640\" height=\"640\" src=\"https:\/\/www.lebeipackaging.com\/wp-content\/uploads\/2025\/05\/Custom-Plastic-Roll-Film-with-High-Quality-Printing4.webp\" alt=\"Film plastique en rouleau personnalis\u00e9 avec impression de haute qualit\u00e94\" class=\"wp-image-347\" srcset=\"https:\/\/www.lebeipackaging.com\/wp-content\/uploads\/2025\/05\/Custom-Plastic-Roll-Film-with-High-Quality-Printing4.webp 640w, https:\/\/www.lebeipackaging.com\/wp-content\/uploads\/2025\/05\/Custom-Plastic-Roll-Film-with-High-Quality-Printing4-300x300.webp 300w, https:\/\/www.lebeipackaging.com\/wp-content\/uploads\/2025\/05\/Custom-Plastic-Roll-Film-with-High-Quality-Printing4-150x150.webp 150w, https:\/\/www.lebeipackaging.com\/wp-content\/uploads\/2025\/05\/Custom-Plastic-Roll-Film-with-High-Quality-Printing4-600x600.webp 600w, https:\/\/www.lebeipackaging.com\/wp-content\/uploads\/2025\/05\/Custom-Plastic-Roll-Film-with-High-Quality-Printing4-100x100.webp 100w\" sizes=\"(max-width: 640px) 100vw, 640px\" \/><\/figure>\n<\/div><\/div>\n<\/div>","protected":false},"excerpt":{"rendered":"<p>Le film plastique en rouleau personnalis\u00e9 offre une impression de haute qualit\u00e9 avec des couleurs vives et des dessins clairs. Fabriqu\u00e9 \u00e0 partir de mat\u00e9riaux durables de qualit\u00e9 alimentaire tels que le PET\/VMPET\/PE, il assure une excellente protection et peut \u00eatre personnalis\u00e9 pour r\u00e9pondre \u00e0 divers besoins d'emballage. Parfait pour l'emballage du caf\u00e9 de qualit\u00e9 sup\u00e9rieure. Personnalisez le v\u00f4tre d\u00e8s aujourd'hui !<\/p>\n<table style=\"border-collapse: collapse; width: 518px; height: 318px;\" border=\"0\" width=\"293\" cellspacing=\"0\" cellpadding=\"0\">\n<tbody>\n<tr style=\"height: 17.00pt;\">\n<td class=\"et2\" style=\"height: 17.00pt; width: 102.45pt;\" width=\"102\" height=\"17\">Fabricant<\/td>\n<td class=\"et2\" style=\"width: 190.80pt;\" width=\"190\">Lebei<\/td>\n<\/tr>\n<tr style=\"height: 17.00pt;\">\n<td class=\"et2\" style=\"height: 17.00pt; width: 102.45pt;\" width=\"102\" height=\"17\">\u00a0Les types<\/td>\n<td class=\"et3\" style=\"width: 190.80pt;\" width=\"190\">PET\/VMPET\/PE ou sur mesure<\/td>\n<\/tr>\n<tr style=\"height: 17.00pt;\">\n<td class=\"et2\" style=\"height: 17.00pt; width: 102.45pt;\" width=\"102\" height=\"17\">Mat\u00e9riau<\/td>\n<td class=\"et3\" style=\"width: 190.80pt;\" width=\"190\">Mat\u00e9riau stratifi\u00e9<\/td>\n<\/tr>\n<tr style=\"height: 17.00pt;\">\n<td class=\"et2\" style=\"height: 17.00pt; width: 102.45pt;\" width=\"102\" height=\"17\">Dossier sp\u00e9cial<\/td>\n<td class=\"et3\" style=\"width: 190.80pt;\" width=\"190\">\u00c0 l'\u00e9preuve de l'humidit\u00e9<\/td>\n<\/tr>\n<tr style=\"height: 17.00pt;\">\n<td class=\"et2\" style=\"height: 17.00pt; width: 102.45pt;\" width=\"102\" height=\"17\">Manipulation de surface<\/td>\n<td class=\"et3\" style=\"width: 190.80pt;\" width=\"190\">Impression en h\u00e9liogravure<\/td>\n<\/tr>\n<tr style=\"height: 17.00pt;\">\n<td class=\"et2\" style=\"height: 17.00pt; width: 102.45pt;\" width=\"102\" height=\"17\">Couleur<\/td>\n<td class=\"et3\" style=\"width: 190.80pt;\" width=\"190\">Rouge (personnalisable)<\/td>\n<\/tr>\n<tr style=\"height: 17.00pt;\">\n<td class=\"et2\" style=\"height: 17.00pt; width: 102.45pt;\" width=\"102\" height=\"17\">Utilisation<\/td>\n<td class=\"et3\" style=\"width: 190.80pt;\" width=\"190\">Le Caf\u00e9 D&#039;Emballage\u00a0<\/td>\n<\/tr>\n<tr style=\"height: 34.00pt;\">\n<td class=\"et2\" style=\"height: 34.00pt; width: 102.45pt;\" width=\"102\" height=\"34\">D\u00e9lai de livraison<\/td>\n<td class=\"et3\" style=\"width: 190.80pt;\" width=\"190\">7-12 jours<\/td>\n<\/tr>\n<tr style=\"height: 34.00pt;\">\n<td class=\"et2\" style=\"height: 34.00pt; width: 102.45pt;\" width=\"102\" height=\"34\">Commande personnalis\u00e9e<\/td>\n<td class=\"et3\" style=\"width: 190.80pt;\" width=\"190\">Acceptation de l'OEM et de l'ODM, prise en charge de l'\u00e9chantillonnage gratuit<\/td>\n<\/tr>\n<\/tbody>\n<\/table>","protected":false},"featured_media":348,"comment_status":"closed","ping_status":"closed","template":"","meta":{"_acf_changed":false},"application":[],"product_brand":[],"product_cat":[39],"product_tag":[],"class_list":{"0":"post-343","1":"product","2":"type-product","3":"status-publish","4":"has-post-thumbnail","6":"product_cat-custom-roll-film","8":"first","9":"instock","10":"shipping-taxable","11":"product-type-simple"},"acf":[],"_links":{"self":[{"href":"https:\/\/www.lebeipackaging.com\/fr\/wp-json\/wp\/v2\/product\/343","targetHints":{"allow":["GET"]}}],"collection":[{"href":"https:\/\/www.lebeipackaging.com\/fr\/wp-json\/wp\/v2\/product"}],"about":[{"href":"https:\/\/www.lebeipackaging.com\/fr\/wp-json\/wp\/v2\/types\/product"}],"replies":[{"embeddable":true,"href":"https:\/\/www.lebeipackaging.com\/fr\/wp-json\/wp\/v2\/comments?post=343"}],"wp:featuredmedia":[{"embeddable":true,"href":"https:\/\/www.lebeipackaging.com\/fr\/wp-json\/wp\/v2\/media\/348"}],"wp:attachment":[{"href":"https:\/\/www.lebeipackaging.com\/fr\/wp-json\/wp\/v2\/media?parent=343"}],"wp:term":[{"taxonomy":"application","embeddable":true,"href":"https:\/\/www.lebeipackaging.com\/fr\/wp-json\/wp\/v2\/application?post=343"},{"taxonomy":"product_brand","embeddable":true,"href":"https:\/\/www.lebeipackaging.com\/fr\/wp-json\/wp\/v2\/product_brand?post=343"},{"taxonomy":"product_cat","embeddable":true,"href":"https:\/\/www.lebeipackaging.com\/fr\/wp-json\/wp\/v2\/product_cat?post=343"},{"taxonomy":"product_tag","embeddable":true,"href":"https:\/\/www.lebeipackaging.com\/fr\/wp-json\/wp\/v2\/product_tag?post=343"}],"curies":[{"name":"wp","href":"https:\/\/api.w.org\/{rel}","templated":true}]}}