{"id":391,"date":"2025-05-27T10:23:23","date_gmt":"2025-05-27T10:23:23","guid":{"rendered":"https:\/\/www.lebeipackaging.com\/?post_type=product&#038;p=391"},"modified":"2025-05-28T01:51:20","modified_gmt":"2025-05-28T01:51:20","slug":"custom-3-side-seal-pouch-for-food","status":"publish","type":"product","link":"https:\/\/www.lebeipackaging.com\/fr\/product\/custom-3-side-seal-pouch-for-food\/","title":{"rendered":"Petit sachet transparent \u00e0 fermeture sur 3 c\u00f4t\u00e9s pour aliments"},"content":{"rendered":"<h2 class=\"wp-block-heading\">Caract\u00e9ristiques de la pochette \u00e0 sceller personnalis\u00e9e \u00e0 3 c\u00f4t\u00e9s<\/h2>\n\n\n\n<div class=\"wp-block-columns is-layout-flex wp-container-core-columns-is-layout-9d6595d7 wp-block-columns-is-layout-flex\">\n<div class=\"wp-block-column is-layout-flow wp-block-column-is-layout-flow\">\n<p><strong>Taille et design personnalis\u00e9s<\/strong><br>Il prend en charge de multiples sp\u00e9cifications et une impression personnalis\u00e9e pour r\u00e9pondre aux diff\u00e9rents besoins en mati\u00e8re d'emballage alimentaire et contribuer \u00e0 am\u00e9liorer l'image de marque.<\/p>\n\n\n\n<p><strong>Fermeture sur trois c\u00f4t\u00e9s, bonne performance d'\u00e9tanch\u00e9it\u00e9<\/strong><br>Gr\u00e2ce \u00e0 la technologie de thermoscellage sur trois c\u00f4t\u00e9s, le joint est \u00e9tanche et ferme, isolant efficacement l'air et l'humidit\u00e9, et conservant les aliments frais pendant longtemps.<\/p>\n\n\n\n<p><strong>Mat\u00e9riau tr\u00e8s transparent, affichage clair<\/strong><br>Mati\u00e8re plastique transparente de haute qualit\u00e9, pr\u00e9sentant parfaitement l'aspect du produit et renfor\u00e7ant le d\u00e9sir d'achat des consommateurs.<\/p>\n\n\n\n<p><strong>Fermeture \u00e0 glissi\u00e8re r\u00e9utilisable<\/strong><br>Fermeture \u00e0 glissi\u00e8re pratique, ouverture et fermeture multiples, garantissant que les aliments sont secs et frais, et r\u00e9duisant les d\u00e9chets.<\/p>\n\n\n\n<p><strong>Mat\u00e9riaux de s\u00e9curit\u00e9 de qualit\u00e9 alimentaire<br><\/strong>S\u00e9lectionner des mat\u00e9riaux respectueux de l'environnement qui r\u00e9pondent aux normes de s\u00e9curit\u00e9 alimentaire, sans odeur ni pollution, afin de garantir la sant\u00e9 et la s\u00e9curit\u00e9 des aliments.<\/p>\n\n\n\n<p><strong>R\u00e9sistant \u00e0 l'humidit\u00e9 et \u00e0 la poussi\u00e8re, dur\u00e9e de conservation prolong\u00e9e<\/strong><br>Excellente performance de barri\u00e8re, protection efficace contre l'humidit\u00e9 et la poussi\u00e8re, prolongeant de mani\u00e8re significative la dur\u00e9e de conservation et le go\u00fbt des aliments.<\/p>\n<\/div>\n\n\n\n<div class=\"wp-block-column is-layout-flow wp-block-column-is-layout-flow\">\n<figure class=\"wp-block-image size-full\"><img decoding=\"async\" width=\"640\" height=\"640\" src=\"https:\/\/www.lebeipackaging.com\/wp-content\/uploads\/2025\/05\/Custom-3-side-Seal-Pouch1-1.webp\" alt=\"Pochette \u00e0 sceller personnalis\u00e9e sur 3 c\u00f4t\u00e9s1\" class=\"wp-image-392\" srcset=\"https:\/\/www.lebeipackaging.com\/wp-content\/uploads\/2025\/05\/Custom-3-side-Seal-Pouch1-1.webp 640w, https:\/\/www.lebeipackaging.com\/wp-content\/uploads\/2025\/05\/Custom-3-side-Seal-Pouch1-1-300x300.webp 300w, https:\/\/www.lebeipackaging.com\/wp-content\/uploads\/2025\/05\/Custom-3-side-Seal-Pouch1-1-150x150.webp 150w, https:\/\/www.lebeipackaging.com\/wp-content\/uploads\/2025\/05\/Custom-3-side-Seal-Pouch1-1-600x600.webp 600w, https:\/\/www.lebeipackaging.com\/wp-content\/uploads\/2025\/05\/Custom-3-side-Seal-Pouch1-1-100x100.webp 100w\" sizes=\"(max-width: 640px) 100vw, 640px\" \/><\/figure>\n<\/div>\n<\/div>","protected":false},"excerpt":{"rendered":"<article class=\"text-token-text-primary w-full\" dir=\"auto\" data-testid=\"conversation-turn-2\" data-scroll-anchor=\"true\">\n<div class=\"text-base my-auto mx-auto py-5 [--thread-content-margin:--spacing(4)] @[37rem]:[--thread-content-margin:--spacing(6)] @[72rem]:[--thread-content-margin:--spacing(16)] px-(--thread-content-margin)\">\n<div class=\"[--thread-content-max-width:32rem] @[34rem]:[--thread-content-max-width:40rem] @[64rem]:[--thread-content-max-width:48rem] mx-auto flex max-w-(--thread-content-max-width) flex-1 text-base gap-4 md:gap-5 lg:gap-6 group\/turn-messages focus-visible:outline-hidden\" tabindex=\"-1\">\n<div class=\"group\/conversation-turn relative flex w-full min-w-0 flex-col agent-turn\">\n<div class=\"relative flex-col gap-1 md:gap-3\">\n<div class=\"flex max-w-full flex-col grow\">\n<div class=\"min-h-8 text-message relative flex w-full flex-col items-end gap-2 text-start break-words whitespace-normal [.text-message+&amp;]:mt-5\" dir=\"auto\" data-message-author-role=\"assistant\" data-message-id=\"601dc105-1a20-4d41-b026-a096271ed355\" data-message-model-slug=\"gpt-4-1-mini\">\n<div class=\"flex w-full flex-col gap-1 empty:hidden first:pt-[3px]\">\n<div class=\"markdown prose dark:prose-invert w-full break-words light\">\n<article class=\"text-token-text-primary w-full\" dir=\"auto\" data-testid=\"conversation-turn-26\" data-scroll-anchor=\"true\">\n<div class=\"text-base my-auto mx-auto py-5 [--thread-content-margin:--spacing(4)] @[37rem]:[--thread-content-margin:--spacing(6)] @[72rem]:[--thread-content-margin:--spacing(16)] px-(--thread-content-margin)\">\n<div class=\"[--thread-content-max-width:32rem] @[34rem]:[--thread-content-max-width:40rem] @[64rem]:[--thread-content-max-width:48rem] mx-auto flex max-w-(--thread-content-max-width) flex-1 text-base gap-4 md:gap-5 lg:gap-6 group\/turn-messages focus-visible:outline-hidden\" tabindex=\"-1\">\n<div class=\"group\/conversation-turn relative flex w-full min-w-0 flex-col agent-turn\">\n<div class=\"relative flex-col gap-1 md:gap-3\">\n<div class=\"flex max-w-full flex-col grow\">\n<div class=\"min-h-8 text-message relative flex w-full flex-col items-end gap-2 text-start break-words whitespace-normal [.text-message+&amp;]:mt-5\" dir=\"auto\" data-message-author-role=\"assistant\" data-message-id=\"d05c8187-775a-4e42-8061-4ac971d5f547\" data-message-model-slug=\"gpt-4-1-mini\">\n<div class=\"flex w-full flex-col gap-1 empty:hidden first:pt-[3px]\">\n<div class=\"markdown prose dark:prose-invert w-full break-words light\">\n<p data-start=\"0\" data-end=\"257\" data-is-last-node=\"\" data-is-only-node=\"\">Custom 3-side seal pouch small clear ziplock bag for food, made from food-grade transparent plastic with a strong three-side seal and easy-to-use reclosable zipper. Perfect for keeping snacks, candy, and small food items fresh, secure, and visible.<\/p>\n<\/div>\n<\/div>\n<\/div>\n<\/div>\n<\/div>\n<\/div>\n<\/div>\n<\/div>\n<\/article>\n<\/div>\n<\/div>\n<\/div>\n<\/div>\n<\/div>\n<\/div>\n<\/div>\n<\/div>\n<\/article>\n<table style=\"border-collapse: collapse; width: 518px; height: 318px;\" border=\"0\" width=\"293\" cellspacing=\"0\" cellpadding=\"0\">\n<tbody>\n<tr style=\"height: 17.00pt;\">\n<td class=\"et2\" style=\"height: 17.00pt; width: 102.45pt;\" width=\"102\" height=\"17\">Manufacturer<\/td>\n<td class=\"et2\" style=\"width: 190.80pt;\" width=\"190\">Lebei<\/td>\n<\/tr>\n<tr style=\"height: 17.00pt;\">\n<td class=\"et2\" style=\"height: 17.00pt; width: 102.45pt;\" width=\"102\" height=\"17\">Pouch Types<\/td>\n<td class=\"et3\" style=\"width: 190.80pt;\" width=\"190\">Three Side Seal Pouch<\/td>\n<\/tr>\n<tr style=\"height: 17.00pt;\">\n<td class=\"et2\" style=\"height: 17.00pt; width: 102.45pt;\" width=\"102\" height=\"17\">Material<\/td>\n<td class=\"et3\" style=\"width: 190.80pt;\" width=\"190\">PET\/PE or customized<\/td>\n<\/tr>\n<tr style=\"height: 17.00pt;\">\n<td class=\"et2\" style=\"height: 17.00pt; width: 102.45pt;\" width=\"102\" height=\"17\">Thickness<\/td>\n<td class=\"et3\" style=\"width: 190.80pt;\" width=\"190\">100mic<\/td>\n<\/tr>\n<tr style=\"height: 17.00pt;\">\n<td class=\"et2\" style=\"height: 17.00pt; width: 102.45pt;\" width=\"102\" height=\"17\">Surface Handling<\/td>\n<td class=\"et3\" style=\"width: 190.80pt;\" width=\"190\">Gravure printing<\/td>\n<\/tr>\n<tr style=\"height: 17.00pt;\">\n<td class=\"et2\" style=\"height: 17.00pt; width: 102.45pt;\" width=\"102\" height=\"17\">Color<\/td>\n<td class=\"et3\" style=\"width: 190.80pt;\" width=\"190\">Colorful(Customizable)<\/td>\n<\/tr>\n<tr style=\"height: 17.00pt;\">\n<td class=\"et2\" style=\"height: 17.00pt; width: 102.45pt;\" width=\"102\" height=\"17\">Usage<\/td>\n<td class=\"et3\" style=\"width: 190.80pt;\" width=\"190\">Food Candy Packaging<\/td>\n<\/tr>\n<tr style=\"height: 34.00pt;\">\n<td class=\"et2\" style=\"height: 34.00pt; width: 102.45pt;\" width=\"102\" height=\"34\">MOQ<\/td>\n<td class=\"et3\" style=\"width: 190.80pt;\" width=\"190\">Customized Pouch: 10,000 pcs (Recommend 30,000+ for better price)<\/td>\n<\/tr>\n<tr style=\"height: 34.00pt;\">\n<td class=\"et2\" style=\"height: 34.00pt; width: 102.45pt;\" width=\"102\" height=\"34\">Custom Order<\/td>\n<td class=\"et3\" style=\"width: 190.80pt;\" width=\"190\">Accept OEM &amp; ODM, Support Free Sample<\/td>\n<\/tr>\n<\/tbody>\n<\/table>\n","protected":false},"featured_media":397,"comment_status":"closed","ping_status":"closed","template":"","meta":{"_acf_changed":false},"application":[],"product_brand":[],"product_cat":[36],"product_tag":[],"class_list":{"0":"post-391","1":"product","2":"type-product","3":"status-publish","4":"has-post-thumbnail","6":"product_cat-three-side-seal-pouch-manufacturer","8":"first","9":"instock","10":"shipping-taxable","11":"product-type-simple"},"acf":[],"_links":{"self":[{"href":"https:\/\/www.lebeipackaging.com\/fr\/wp-json\/wp\/v2\/product\/391","targetHints":{"allow":["GET"]}}],"collection":[{"href":"https:\/\/www.lebeipackaging.com\/fr\/wp-json\/wp\/v2\/product"}],"about":[{"href":"https:\/\/www.lebeipackaging.com\/fr\/wp-json\/wp\/v2\/types\/product"}],"replies":[{"embeddable":true,"href":"https:\/\/www.lebeipackaging.com\/fr\/wp-json\/wp\/v2\/comments?post=391"}],"wp:featuredmedia":[{"embeddable":true,"href":"https:\/\/www.lebeipackaging.com\/fr\/wp-json\/wp\/v2\/media\/397"}],"wp:attachment":[{"href":"https:\/\/www.lebeipackaging.com\/fr\/wp-json\/wp\/v2\/media?parent=391"}],"wp:term":[{"taxonomy":"application","embeddable":true,"href":"https:\/\/www.lebeipackaging.com\/fr\/wp-json\/wp\/v2\/application?post=391"},{"taxonomy":"product_brand","embeddable":true,"href":"https:\/\/www.lebeipackaging.com\/fr\/wp-json\/wp\/v2\/product_brand?post=391"},{"taxonomy":"product_cat","embeddable":true,"href":"https:\/\/www.lebeipackaging.com\/fr\/wp-json\/wp\/v2\/product_cat?post=391"},{"taxonomy":"product_tag","embeddable":true,"href":"https:\/\/www.lebeipackaging.com\/fr\/wp-json\/wp\/v2\/product_tag?post=391"}],"curies":[{"name":"wp","href":"https:\/\/api.w.org\/{rel}","templated":true}]}}