{"id":509,"date":"2025-05-28T07:37:57","date_gmt":"2025-05-28T07:37:57","guid":{"rendered":"https:\/\/www.lebeipackaging.com\/?post_type=product&#038;p=509"},"modified":"2025-05-28T08:00:16","modified_gmt":"2025-05-28T08:00:16","slug":"kraft-stand-up-pouches-wholesale","status":"publish","type":"product","link":"https:\/\/www.lebeipackaging.com\/fr\/product\/kraft-stand-up-pouches-wholesale\/","title":{"rendered":"Pochettes en kraft blanc de haute qualit\u00e9 Wholesale"},"content":{"rendered":"<h2 class=\"wp-block-heading\">Caract\u00e9ristiques des Stand Up Pouches Kraft Wholesale<\/h2>\n\n\n\n<div class=\"wp-block-columns is-layout-flex wp-container-core-columns-is-layout-9d6595d7 wp-block-columns-is-layout-flex\">\n<div class=\"wp-block-column is-layout-flow wp-block-column-is-layout-flow\">\n<p><strong>Respectueux de l'environnement et r\u00e9utilisable<\/strong><br>Utilisant du papier kraft recyclable et respectueux de l'environnement, il favorise la r\u00e9utilisation, r\u00e9duit les d\u00e9chets d'emballage et est conforme au concept de d\u00e9veloppement durable.<\/p>\n\n\n\n<p><strong>Prise en charge de la personnalisation<\/strong><br>La taille, le motif d'impression et le logo de la marque peuvent \u00eatre personnalis\u00e9s en fonction des besoins du client afin de cr\u00e9er un emballage exclusif et d'am\u00e9liorer la reconnaissance de la marque.<\/p>\n\n\n\n<p><strong>Plusieurs certifications faisant autorit\u00e9<\/strong><br>Le produit a pass\u00e9 plusieurs certifications d'emballage de qualit\u00e9 alimentaire telles que BRC, ISO, QS, HACCP, etc., garantissant une qualit\u00e9, une s\u00e9curit\u00e9 et une fiabilit\u00e9 stables, et convenant \u00e0 l'exportation.<\/p>\n\n\n\n<p><strong>Application multi-sc\u00e9narios<\/strong><br>La structure est durable et \u00e9quip\u00e9e d'une fermeture \u00e0 glissi\u00e8re \u00e9tanche, ce qui convient \u00e0 une vari\u00e9t\u00e9 d'emballages alimentaires tels que les noix, les snacks, les aliments pour b\u00e9b\u00e9s, les aliments pour animaux de compagnie, etc.<\/p>\n\n\n\n<p><strong>Livraison rapide, MOQ flexible<\/strong><br>Le d\u00e9lai de livraison est de 7 \u00e0 15 jours. La flexibilit\u00e9 de la MOQ permet de r\u00e9pondre aux besoins d'approvisionnement des clients de diff\u00e9rentes tailles et convient aux commandes en vrac.<\/p>\n\n\n\n<p><strong>Garantie de s\u00e9curit\u00e9 alimentaire<\/strong><br>Le sac d'emballage r\u00e9pond aux normes de s\u00e9curit\u00e9 en mati\u00e8re de contact alimentaire afin de garantir que le contenu n'est pas contamin\u00e9 pendant le stockage et le transport, et de prot\u00e9ger la sant\u00e9 des consommateurs.<\/p>\n<\/div>\n\n\n\n<div class=\"wp-block-column is-layout-flow wp-block-column-is-layout-flow\">\n<figure class=\"wp-block-image size-full\"><img decoding=\"async\" width=\"640\" height=\"640\" src=\"https:\/\/www.lebeipackaging.com\/wp-content\/uploads\/2025\/05\/White-Kraft-Stand-Up-Pouches-Wholesale1.webp\" alt=\"Pochettes kraft blanches pour stand-up Wholesale1\" class=\"wp-image-510\" srcset=\"https:\/\/www.lebeipackaging.com\/wp-content\/uploads\/2025\/05\/White-Kraft-Stand-Up-Pouches-Wholesale1.webp 640w, https:\/\/www.lebeipackaging.com\/wp-content\/uploads\/2025\/05\/White-Kraft-Stand-Up-Pouches-Wholesale1-300x300.webp 300w, https:\/\/www.lebeipackaging.com\/wp-content\/uploads\/2025\/05\/White-Kraft-Stand-Up-Pouches-Wholesale1-150x150.webp 150w, https:\/\/www.lebeipackaging.com\/wp-content\/uploads\/2025\/05\/White-Kraft-Stand-Up-Pouches-Wholesale1-600x600.webp 600w, https:\/\/www.lebeipackaging.com\/wp-content\/uploads\/2025\/05\/White-Kraft-Stand-Up-Pouches-Wholesale1-100x100.webp 100w\" sizes=\"(max-width: 640px) 100vw, 640px\" \/><\/figure>\n<\/div>\n<\/div>","protected":false},"excerpt":{"rendered":"<p>Les sachets Kraft stand up wholesale offrent une solution d'emballage propre et \u00e9cologique en papier kraft blanc de premi\u00e8re qualit\u00e9, id\u00e9ale pour les produits alimentaires, les snacks et les produits de vente au d\u00e9tail. Contactez-nous d\u00e8s maintenant pour obtenir un devis personnalis\u00e9 et des \u00e9chantillons gratuits !<\/p>\n<table style=\"border-collapse: collapse; width: 534px; height: 439px;\" border=\"0\" width=\"293\" cellspacing=\"0\" cellpadding=\"0\">\n<tbody>\n<tr style=\"height: 17.00pt;\">\n<td class=\"et2\" style=\"height: 17.00pt; width: 102.45pt;\" width=\"102\" height=\"17\">Fabricant<\/td>\n<td class=\"et2\" style=\"width: 190.80pt;\" width=\"190\">Lebei<\/td>\n<\/tr>\n<tr style=\"height: 35.00pt;\">\n<td class=\"et2\" style=\"height: 35.00pt; width: 102.45pt;\" width=\"102\" height=\"35\">Types de pochettes<\/td>\n<td class=\"et3\" style=\"width: 190.80pt;\" width=\"190\">Papier kraft\/Pochette \u00e0 poser\/Pochette \u00e0 fermeture \u00e0 glissi\u00e8re<\/td>\n<\/tr>\n<tr style=\"height: 35.00pt;\">\n<td class=\"et2\" style=\"height: 35.00pt; width: 102.45pt;\" width=\"102\" height=\"35\">Mat\u00e9riau<\/td>\n<td class=\"et3\" style=\"width: 190.80pt;\" width=\"190\">Papier kraft\/PLA ou personnalis\u00e9<\/td>\n<\/tr>\n<tr style=\"height: 35.00pt;\">\n<td class=\"et2\" style=\"height: 35.00pt; width: 102.45pt;\" width=\"102\" height=\"35\">Dossier sp\u00e9cial<\/td>\n<td class=\"et3\" style=\"width: 190.80pt;\" width=\"190\">Imperm\u00e9able \u00e0 l'humidit\u00e9, fermeture \u00e0 glissi\u00e8re sur le dessus, encoche de d\u00e9chirure, fond debout<\/td>\n<\/tr>\n<tr style=\"height: 35.00pt;\">\n<td class=\"et2\" style=\"height: 35.00pt; width: 102.45pt;\" width=\"102\" height=\"35\">Manipulation de surface<\/td>\n<td class=\"et3\" style=\"width: 190.80pt;\" width=\"190\">Impression en h\u00e9liogravure<\/td>\n<\/tr>\n<tr style=\"height: 35.00pt;\">\n<td class=\"et2\" style=\"height: 35.00pt; width: 102.45pt;\" width=\"102\" height=\"35\">Couleur<\/td>\n<td class=\"et3\" style=\"width: 190.80pt;\" width=\"190\">Blanc (personnalisable)<\/td>\n<\/tr>\n<tr style=\"height: 35.00pt;\">\n<td class=\"et2\" style=\"height: 35.00pt; width: 102.45pt;\" width=\"102\" height=\"35\">Utilisation<\/td>\n<td class=\"et3\" style=\"width: 190.80pt;\" width=\"190\">Emballages de produits alimentaires, de noix, etc.<\/td>\n<\/tr>\n<tr style=\"height: 35.00pt;\">\n<td class=\"et2\" style=\"height: 35.00pt; width: 102.45pt;\" width=\"102\" height=\"35\">MOQ<\/td>\n<td class=\"et3\" style=\"width: 190.80pt;\" width=\"190\">Pochette personnalis\u00e9e : 10 000 pi\u00e8ces (recommander 30 000+ pour un meilleur prix)<\/td>\n<\/tr>\n<tr style=\"height: 35.00pt;\">\n<td class=\"et2\" style=\"height: 35.00pt; width: 102.45pt;\" width=\"102\" height=\"35\">Commande personnalis\u00e9e<\/td>\n<td class=\"et3\" style=\"width: 190.80pt;\" width=\"190\">Acceptation de l'OEM et de l'ODM, prise en charge de l'\u00e9chantillonnage gratuit<\/td>\n<\/tr>\n<\/tbody>\n<\/table>","protected":false},"featured_media":510,"comment_status":"closed","ping_status":"closed","template":"","meta":{"_acf_changed":false},"application":[26],"product_brand":[],"product_cat":[41],"product_tag":[],"class_list":{"0":"post-509","1":"product","2":"type-product","3":"status-publish","4":"has-post-thumbnail","6":"application-custom-nuts-packaging","7":"product_cat-stand-up-pouch-manufacturer","9":"first","10":"instock","11":"shipping-taxable","12":"product-type-simple"},"acf":[],"_links":{"self":[{"href":"https:\/\/www.lebeipackaging.com\/fr\/wp-json\/wp\/v2\/product\/509","targetHints":{"allow":["GET"]}}],"collection":[{"href":"https:\/\/www.lebeipackaging.com\/fr\/wp-json\/wp\/v2\/product"}],"about":[{"href":"https:\/\/www.lebeipackaging.com\/fr\/wp-json\/wp\/v2\/types\/product"}],"replies":[{"embeddable":true,"href":"https:\/\/www.lebeipackaging.com\/fr\/wp-json\/wp\/v2\/comments?post=509"}],"wp:featuredmedia":[{"embeddable":true,"href":"https:\/\/www.lebeipackaging.com\/fr\/wp-json\/wp\/v2\/media\/510"}],"wp:attachment":[{"href":"https:\/\/www.lebeipackaging.com\/fr\/wp-json\/wp\/v2\/media?parent=509"}],"wp:term":[{"taxonomy":"application","embeddable":true,"href":"https:\/\/www.lebeipackaging.com\/fr\/wp-json\/wp\/v2\/application?post=509"},{"taxonomy":"product_brand","embeddable":true,"href":"https:\/\/www.lebeipackaging.com\/fr\/wp-json\/wp\/v2\/product_brand?post=509"},{"taxonomy":"product_cat","embeddable":true,"href":"https:\/\/www.lebeipackaging.com\/fr\/wp-json\/wp\/v2\/product_cat?post=509"},{"taxonomy":"product_tag","embeddable":true,"href":"https:\/\/www.lebeipackaging.com\/fr\/wp-json\/wp\/v2\/product_tag?post=509"}],"curies":[{"name":"wp","href":"https:\/\/api.w.org\/{rel}","templated":true}]}}