{"id":627,"date":"2025-05-29T08:14:30","date_gmt":"2025-05-29T08:14:30","guid":{"rendered":"https:\/\/www.lebeipackaging.com\/?post_type=product&#038;p=627"},"modified":"2025-05-29T08:50:31","modified_gmt":"2025-05-29T08:50:31","slug":"wholesale-white-kraft-paper-stand-up-pouch-in-stock-with-window","status":"publish","type":"product","link":"https:\/\/www.lebeipackaging.com\/fr\/product\/wholesale-white-kraft-paper-stand-up-pouch-in-stock-with-window\/","title":{"rendered":"Vente en gros de pochettes \u00e0 rabat en papier kraft blanc avec fen\u00eatre"},"content":{"rendered":"<h2 class=\"wp-block-heading\">Caract\u00e9ristiques de la pochette \u00e0 rabat en papier kraft blanc en gros<\/h2>\n\n\n\n<div class=\"wp-block-columns is-layout-flex wp-container-core-columns-is-layout-9d6595d7 wp-block-columns-is-layout-flex\">\n<div class=\"wp-block-column is-layout-flow wp-block-column-is-layout-flow\">\n<p><strong>En stock - exp\u00e9di\u00e9 en 1-2 jours<\/strong><br>Pas besoin d'attendre : ces pochettes sont pr\u00eates \u00e0 \u00eatre exp\u00e9di\u00e9es sous 1 \u00e0 2 jours ouvrables pour une livraison rapide et fiable.<\/p>\n\n\n\n<p><strong>Fen\u00eatre transparente pour la pr\u00e9sentation des produits<\/strong><br>Une fen\u00eatre transparente int\u00e9gr\u00e9e permet aux clients de voir le produit \u00e0 l'int\u00e9rieur, ce qui renforce la confiance et l'impact en rayon.<\/p>\n\n\n\n<p><strong>Mat\u00e9riau \u00e9cologique<\/strong><br>Fabriqu\u00e9 en papier kraft blanc recyclable avec une doublure int\u00e9rieure alimentaire - id\u00e9al pour les marques soucieuses du d\u00e9veloppement durable.<\/p>\n\n\n\n<p><strong>Plusieurs tailles disponibles<\/strong><br>Une large gamme d'options de taille convient \u00e0 l'emballage de snacks, de th\u00e9, de caf\u00e9, de fruits secs et d'autres produits secs.<\/p>\n\n\n\n<p><strong>Pochette avec fermeture \u00e0 glissi\u00e8re<\/strong><br>La fermeture \u00e0 glissi\u00e8re refermable permet de conserver le contenu frais et s\u00e9curis\u00e9, tandis que le fond debout assure la stabilit\u00e9 sur les \u00e9tag\u00e8res.<\/p>\n\n\n\n<p><strong>Un look \u00e9pur\u00e9 et minimaliste<\/strong><br>Le papier kraft blanc uni donne un aspect naturel et de qualit\u00e9 sup\u00e9rieure, id\u00e9al pour l'application d'\u00e9tiquettes ou une pr\u00e9sentation simple et \u00e9l\u00e9gante.<\/p>\n<\/div>\n\n\n\n<div class=\"wp-block-column is-layout-flow wp-block-column-is-layout-flow\">\n<div class=\"wp-block-columns is-layout-flex wp-container-core-columns-is-layout-9d6595d7 wp-block-columns-is-layout-flex\">\n<div class=\"wp-block-column is-layout-flow wp-block-column-is-layout-flow\">\n<figure class=\"wp-block-image size-full\"><img decoding=\"async\" width=\"964\" height=\"964\" src=\"https:\/\/www.lebeipackaging.com\/wp-content\/uploads\/2025\/05\/Wholesale-White-Kraft-Paper-Stand-Up-Pouch1.webp\" alt=\"Grossiste pochette \u00e0 rabat en papier kraft blanc1\" class=\"wp-image-628\" srcset=\"https:\/\/www.lebeipackaging.com\/wp-content\/uploads\/2025\/05\/Wholesale-White-Kraft-Paper-Stand-Up-Pouch1.webp 964w, https:\/\/www.lebeipackaging.com\/wp-content\/uploads\/2025\/05\/Wholesale-White-Kraft-Paper-Stand-Up-Pouch1-300x300.webp 300w, https:\/\/www.lebeipackaging.com\/wp-content\/uploads\/2025\/05\/Wholesale-White-Kraft-Paper-Stand-Up-Pouch1-150x150.webp 150w, https:\/\/www.lebeipackaging.com\/wp-content\/uploads\/2025\/05\/Wholesale-White-Kraft-Paper-Stand-Up-Pouch1-768x768.webp 768w, https:\/\/www.lebeipackaging.com\/wp-content\/uploads\/2025\/05\/Wholesale-White-Kraft-Paper-Stand-Up-Pouch1-600x600.webp 600w, https:\/\/www.lebeipackaging.com\/wp-content\/uploads\/2025\/05\/Wholesale-White-Kraft-Paper-Stand-Up-Pouch1-100x100.webp 100w\" sizes=\"(max-width: 964px) 100vw, 964px\" \/><\/figure>\n<\/div>\n<\/div>\n<\/div>\n<\/div>\n\n\n\n<div class=\"wp-block-columns is-layout-flex wp-container-core-columns-is-layout-9d6595d7 wp-block-columns-is-layout-flex\">\n<div class=\"wp-block-column is-layout-flow wp-block-column-is-layout-flow\">\n<h2 class=\"wp-block-heading\">Taille du produit<\/h2>\n\n\n\n<figure class=\"wp-block-table\"><table class=\"has-fixed-layout\"><tbody><tr><td>Taille<br>(cm)<\/td><td>Emballage (pcs\/fardeau)<\/td><td>Emballage (pcs\/ctn)<\/td><td>Poids<br>(kg\/ctn)<\/td><td>Taille du lot<br>(cm)<\/td><\/tr><tr><td>9*14+3cm*2<\/td><td>100<\/td><td>6500<\/td><td>25.86<\/td><td>48*40*34<\/td><\/tr><tr><td>10*16+3cm*2<\/td><td>100<\/td><td>6500<\/td><td>31.87<\/td><td>48*40*34<\/td><\/tr><tr><td>12*20+4cm*2<\/td><td>100<\/td><td>4800<\/td><td>39.09<\/td><td>48*40*34<\/td><\/tr><tr><td>14*20+4cm*2<\/td><td>100<\/td><td>4400<\/td><td>34.6<\/td><td>48*40*34<\/td><\/tr><tr><td>14*22+4cm*2<\/td><td>100<\/td><td>4000<\/td><td>35.00&nbsp;<\/td><td>48*40*34<\/td><\/tr><tr><td>15*22+4cm*2<\/td><td>100<\/td><td>3000<\/td><td>30.90&nbsp;<\/td><td>46*36*38<\/td><\/tr><tr><td>16*24+4cm*2<\/td><td>100<\/td><td>3000<\/td><td>31.44&nbsp;<\/td><td>48*40*34<\/td><\/tr><tr><td>17*24+4cm*2<\/td><td>100<\/td><td>2800<\/td><td>30.90&nbsp;<\/td><td>48*40*34<\/td><\/tr><tr><td>18*26+4cm*2<\/td><td>100<\/td><td>2500<\/td><td>31.55&nbsp;<\/td><td>55*45*26<\/td><\/tr><tr><td>20*30+5cm*2<\/td><td>100<\/td><td>2000<\/td><td>35.33&nbsp;<\/td><td>43*41*27<\/td><\/tr><tr><td>22*32+4cm*2<\/td><td>100<\/td><td>1800<\/td><td>34.30&nbsp;<\/td><td>45*45*33<\/td><\/tr><tr><td>23*33+5cm*2<\/td><td>100<\/td><td>2000<\/td><td>42.76&nbsp;<\/td><td>48*40*34<\/td><\/tr><tr><td>24*34+5cm*2<\/td><td>100<\/td><td>1800<\/td><td>42.50&nbsp;<\/td><td>48*40*34<\/td><\/tr><\/tbody><\/table><\/figure>\n<\/div>\n<\/div>","protected":false},"excerpt":{"rendered":"<article class=\"text-token-text-primary w-full\" dir=\"auto\" data-testid=\"conversation-turn-2\" data-scroll-anchor=\"true\">\n<div class=\"text-base my-auto mx-auto py-5 [--thread-content-margin:--spacing(4)] @[37rem]:[--thread-content-margin:--spacing(6)] @[72rem]:[--thread-content-margin:--spacing(16)] px-(--thread-content-margin)\">\n<div class=\"[--thread-content-max-width:32rem] @[34rem]:[--thread-content-max-width:40rem] @[64rem]:[--thread-content-max-width:48rem] mx-auto flex max-w-(--thread-content-max-width) flex-1 text-base gap-4 md:gap-5 lg:gap-6 group\/turn-messages focus-visible:outline-hidden\" tabindex=\"-1\">\n<div class=\"group\/conversation-turn relative flex w-full min-w-0 flex-col agent-turn\">\n<div class=\"relative flex-col gap-1 md:gap-3\">\n<div class=\"flex max-w-full flex-col grow\">\n<div class=\"min-h-8 text-message relative flex w-full flex-col items-end gap-2 text-start break-words whitespace-normal [.text-message+&amp;]:mt-5\" dir=\"auto\" data-message-author-role=\"assistant\" data-message-id=\"601dc105-1a20-4d41-b026-a096271ed355\" data-message-model-slug=\"gpt-4-1-mini\">\n<div class=\"flex w-full flex-col gap-1 empty:hidden first:pt-[3px]\">\n<div class=\"markdown prose dark:prose-invert w-full break-words light\">\n<article class=\"text-token-text-primary w-full\" dir=\"auto\" data-testid=\"conversation-turn-26\" data-scroll-anchor=\"true\">\n<div class=\"text-base my-auto mx-auto py-5 [--thread-content-margin:--spacing(4)] @[37rem]:[--thread-content-margin:--spacing(6)] @[72rem]:[--thread-content-margin:--spacing(16)] px-(--thread-content-margin)\">\n<div class=\"[--thread-content-max-width:32rem] @[34rem]:[--thread-content-max-width:40rem] @[64rem]:[--thread-content-max-width:48rem] mx-auto flex max-w-(--thread-content-max-width) flex-1 text-base gap-4 md:gap-5 lg:gap-6 group\/turn-messages focus-visible:outline-hidden\" tabindex=\"-1\">\n<div class=\"group\/conversation-turn relative flex w-full min-w-0 flex-col agent-turn\">\n<div class=\"relative flex-col gap-1 md:gap-3\">\n<div class=\"flex max-w-full flex-col grow\">\n<div class=\"min-h-8 text-message relative flex w-full flex-col items-end gap-2 text-start break-words whitespace-normal [.text-message+&amp;]:mt-5\" dir=\"auto\" data-message-author-role=\"assistant\" data-message-id=\"d05c8187-775a-4e42-8061-4ac971d5f547\" data-message-model-slug=\"gpt-4-1-mini\">\n<div class=\"flex w-full flex-col gap-1 empty:hidden first:pt-[3px]\">\n<div class=\"markdown prose dark:prose-invert w-full break-words light\">\n<p data-start=\"0\" data-end=\"257\" data-is-last-node=\"\" data-is-only-node=\"\">Wholesale white kraft paper stand up pouch \u2013 in stock with clear window, available in multiple sizes, made from eco-friendly materials, and ready to ship within 1\u20132 days. Ideal for food, tea, coffee, and more. Welcome to inquire and purchase\uff01<\/p>\n<\/div>\n<\/div>\n<\/div>\n<\/div>\n<\/div>\n<\/div>\n<\/div>\n<\/div>\n<\/article>\n<\/div>\n<\/div>\n<\/div>\n<\/div>\n<\/div>\n<\/div>\n<\/div>\n<\/div>\n<\/article>\n<table style=\"border-collapse: collapse; width: 518px; height: 318px;\" border=\"0\" width=\"293\" cellspacing=\"0\" cellpadding=\"0\">\n<tbody>\n<tr style=\"height: 17.00pt;\">\n<td class=\"et2\" style=\"height: 17.00pt; width: 102.45pt;\" width=\"102\" height=\"17\">Manufacturer<\/td>\n<td class=\"et2\" style=\"width: 190.80pt;\" width=\"190\">Lebei<\/td>\n<\/tr>\n<tr style=\"height: 17.00pt;\">\n<td class=\"et2\" style=\"height: 17.00pt; width: 102.45pt;\" width=\"102\" height=\"17\">Pouch Types<\/td>\n<td class=\"et3\" style=\"width: 190.80pt;\" width=\"190\">Kraft Paper Stand Up Pouch<\/td>\n<\/tr>\n<tr style=\"height: 17.00pt;\">\n<td class=\"et2\" style=\"height: 17.00pt; width: 102.45pt;\" width=\"102\" height=\"17\">Material<\/td>\n<td class=\"et3\" style=\"width: 190.80pt;\" width=\"190\">Matt Bopp\/White kraft paper\/PET\/CPP<\/td>\n<\/tr>\n<tr style=\"height: 17.00pt;\">\n<td class=\"et2\" style=\"height: 17.00pt; width: 102.45pt;\" width=\"102\" height=\"17\">Sealing &amp; Handle<\/td>\n<td class=\"et3\" style=\"width: 190.80pt;\" width=\"190\">Zipper Top<\/td>\n<\/tr>\n<tr style=\"height: 17.00pt;\">\n<td class=\"et2\" style=\"height: 17.00pt; width: 102.45pt;\" width=\"102\" height=\"17\">Surface Handling<\/td>\n<td class=\"et3\" style=\"width: 190.80pt;\" width=\"190\">Gravure Printing<\/td>\n<\/tr>\n<tr style=\"height: 17.00pt;\">\n<td class=\"et2\" style=\"height: 17.00pt; width: 102.45pt;\" width=\"102\" height=\"17\">Advantage<\/td>\n<td class=\"et3\" style=\"width: 190.80pt;\" width=\"190\">Moisture Proof<\/td>\n<\/tr>\n<tr style=\"height: 17.00pt;\">\n<td class=\"et2\" style=\"height: 17.00pt; width: 102.45pt;\" width=\"102\" height=\"17\">Usage<\/td>\n<td class=\"et3\" style=\"width: 190.80pt;\" width=\"190\">Food or Snack Packaging<\/td>\n<\/tr>\n<tr style=\"height: 34.00pt;\">\n<td class=\"et2\" style=\"height: 34.00pt; width: 102.45pt;\" width=\"102\" height=\"34\">MOQ<\/td>\n<td class=\"et3\" style=\"width: 190.80pt;\" width=\"190\">Mix Items Together, Total 5000 Pieces<\/td>\n<\/tr>\n<tr style=\"height: 34.00pt;\">\n<td class=\"et2\" style=\"height: 34.00pt; width: 102.45pt;\" width=\"102\" height=\"34\">Sample<\/td>\n<td class=\"et3\" style=\"width: 190.80pt;\" width=\"190\">1-2 Days (Free)<\/td>\n<\/tr>\n<\/tbody>\n<\/table>\n","protected":false},"featured_media":629,"comment_status":"closed","ping_status":"closed","template":"","meta":{"_acf_changed":false},"application":[],"product_brand":[],"product_cat":[50],"product_tag":[42],"class_list":{"0":"post-627","1":"product","2":"type-product","3":"status-publish","4":"has-post-thumbnail","6":"product_cat-ready-to-ship-pouches","7":"product_tag-kraft-paper-pouch","9":"first","10":"instock","11":"shipping-taxable","12":"product-type-simple"},"acf":[],"_links":{"self":[{"href":"https:\/\/www.lebeipackaging.com\/fr\/wp-json\/wp\/v2\/product\/627","targetHints":{"allow":["GET"]}}],"collection":[{"href":"https:\/\/www.lebeipackaging.com\/fr\/wp-json\/wp\/v2\/product"}],"about":[{"href":"https:\/\/www.lebeipackaging.com\/fr\/wp-json\/wp\/v2\/types\/product"}],"replies":[{"embeddable":true,"href":"https:\/\/www.lebeipackaging.com\/fr\/wp-json\/wp\/v2\/comments?post=627"}],"wp:featuredmedia":[{"embeddable":true,"href":"https:\/\/www.lebeipackaging.com\/fr\/wp-json\/wp\/v2\/media\/629"}],"wp:attachment":[{"href":"https:\/\/www.lebeipackaging.com\/fr\/wp-json\/wp\/v2\/media?parent=627"}],"wp:term":[{"taxonomy":"application","embeddable":true,"href":"https:\/\/www.lebeipackaging.com\/fr\/wp-json\/wp\/v2\/application?post=627"},{"taxonomy":"product_brand","embeddable":true,"href":"https:\/\/www.lebeipackaging.com\/fr\/wp-json\/wp\/v2\/product_brand?post=627"},{"taxonomy":"product_cat","embeddable":true,"href":"https:\/\/www.lebeipackaging.com\/fr\/wp-json\/wp\/v2\/product_cat?post=627"},{"taxonomy":"product_tag","embeddable":true,"href":"https:\/\/www.lebeipackaging.com\/fr\/wp-json\/wp\/v2\/product_tag?post=627"}],"curies":[{"name":"wp","href":"https:\/\/api.w.org\/{rel}","templated":true}]}}